{"id":229389,"date":"2022-11-04T11:26:58","date_gmt":"2022-11-04T10:26:58","guid":{"rendered":"https:\/\/www.moskito.cz\/?post_type=product&#038;p=229389"},"modified":"2025-05-07T10:43:17","modified_gmt":"2025-05-07T09:43:17","slug":"zaviraci-nuz-magnum-black-carbon","status":"publish","type":"product","link":"https:\/\/www.moskito.cz\/it\/produkt\/zaviraci-nuz-magnum-black-carbon\/","title":{"rendered":"Zav\u00edrac\u00ed N\u016f\u017e Magnum Black Carbon 01RY703"},"content":{"rendered":"<p>Zav\u00edrac\u00ed N\u016f\u017e Magnum Black Carbon 01RY703.<\/p>\n<p>Zdr\u017eenlivost a podce\u0148ov\u00e1n\u00ed jsou zde na denn\u00edm po\u0159\u00e1dku. \u010cern\u011bn\u00e1 \u010depel z oceli 440A se otev\u00edr\u00e1 pomoc\u00ed flipperu a zaji\u0161\u0165uje se z\u00e1mkem liner. Tmav\u00e9 \u0161upiny rukojeti z prav\u00fdch uhl\u00edkov\u00fdch vl\u00e1ken vylep\u0161uj\u00ed n\u016f\u017e a udr\u017euj\u00ed n\u00edzkou hmotnost. S otvorem na \u0161\u0148\u016frku a klipem.<\/p>\n<p>Zna\u010dka: Magnum<br \/>\nCelkov\u00e1 d\u00e9lka: 20,50 cm<br \/>\nD\u00e9lka \u010depele: 9,00 cm<br \/>\nTlou\u0161\u0165ka \u010depele: 2,80 mm<br \/>\nHmotnost: 95,00 g<br \/>\nMateri\u00e1l \u010depele: 440A<br \/>\nMateri\u00e1l rukojeti: Uhl\u00edkov\u00e9 vl\u00e1kno<br \/>\nPom\u016fcka pro otev\u00edr\u00e1n\u00ed: Pinball<br \/>\nOtev\u00edrac\u00ed: Ru\u010dn\u011b<br \/>\n\u010c\u00edslo polo\u017eky: 01RY703<\/p>\n<p>&nbsp;<\/p>\n","protected":false},"excerpt":{"rendered":"<p><strong>Zav\u00edrac\u00ed n\u016f\u017e s pojistkou a klipem.<\/strong><\/p>\n","protected":false},"featured_media":229390,"comment_status":"open","ping_status":"closed","template":"","meta":[],"pwb-brand":[140],"product_brand":[],"product_cat":[22,17],"product_tag":[3667],"class_list":{"0":"post-229389","1":"product","2":"type-product","3":"status-publish","4":"has-post-thumbnail","6":"pwb-brand-boker","7":"product_cat-zaviraci-noze","8":"product_cat-noze","9":"product_tag-b2b","11":"first","12":"instock","13":"taxable","14":"shipping-taxable","15":"purchasable","16":"product-type-simple"},"brands":[{"id":140,"name":"Boker","slug":"boker"}],"_links":{"self":[{"href":"https:\/\/www.moskito.cz\/it\/wp-json\/wp\/v2\/product\/229389","targetHints":{"allow":["GET"]}}],"collection":[{"href":"https:\/\/www.moskito.cz\/it\/wp-json\/wp\/v2\/product"}],"about":[{"href":"https:\/\/www.moskito.cz\/it\/wp-json\/wp\/v2\/types\/product"}],"replies":[{"embeddable":true,"href":"https:\/\/www.moskito.cz\/it\/wp-json\/wp\/v2\/comments?post=229389"}],"wp:featuredmedia":[{"embeddable":true,"href":"https:\/\/www.moskito.cz\/it\/wp-json\/wp\/v2\/media\/229390"}],"wp:attachment":[{"href":"https:\/\/www.moskito.cz\/it\/wp-json\/wp\/v2\/media?parent=229389"}],"wp:term":[{"taxonomy":"pwb-brand","embeddable":true,"href":"https:\/\/www.moskito.cz\/it\/wp-json\/wp\/v2\/pwb-brand?post=229389"},{"taxonomy":"product_brand","embeddable":true,"href":"https:\/\/www.moskito.cz\/it\/wp-json\/wp\/v2\/product_brand?post=229389"},{"taxonomy":"product_cat","embeddable":true,"href":"https:\/\/www.moskito.cz\/it\/wp-json\/wp\/v2\/product_cat?post=229389"},{"taxonomy":"product_tag","embeddable":true,"href":"https:\/\/www.moskito.cz\/it\/wp-json\/wp\/v2\/product_tag?post=229389"}],"curies":[{"name":"wp","href":"https:\/\/api.w.org\/{rel}","templated":true}]}}