{"id":229460,"date":"2022-11-04T22:41:38","date_gmt":"2022-11-04T21:41:38","guid":{"rendered":"https:\/\/www.moskito.cz\/?post_type=product&#038;p=229460"},"modified":"2025-05-07T10:43:19","modified_gmt":"2025-05-07T09:43:19","slug":"pevny-nuz-cold-steel-medium-warcraft-tanto-2","status":"publish","type":"product","link":"https:\/\/www.moskito.cz\/it\/produkt\/pevny-nuz-cold-steel-medium-warcraft-tanto-2\/","title":{"rendered":"Pevn\u00fd N\u016f\u017e Cold Steel MEDIUM WARCRAFT TANTO"},"content":{"rendered":"<p>Pevn\u00fd N\u016f\u017e <strong>Cold Steel<\/strong> MEDIUM WARCRAFT TANTO.<\/p>\n<p>Produktov\u00e1 \u0159ada Warcraft Tanto je zam\u00fd\u0161lena jako modern\u00ed proveden\u00ed vojensk\u00e9ho no\u017ee do v\u00fdzbroje ozbrojen\u00fdch slo\u017eek. 5 mm siln\u00e1 \u010depel s robustn\u00ed full tang konstrukc\u00ed, kter\u00e1 proch\u00e1z\u00e1 celou tvarovanou rukojet\u00ed, d\u00e1vaj\u00ed no\u017ei vyj\u00edme\u010dn\u00e9 vlastnosti. N\u016f\u017e v\u00fdborn\u011b padne do ruky a jeho vy\u0161\u0161\u00ed v\u00e1ha d\u00e1vaj\u00ed d\u016fraz na techniku p\u0159i prov\u00e1d\u011bn\u00ed sek\u016f. Ka\u017ed\u00fd z t\u011bchto Warcraft Tanto no\u017e\u016f je vyroben z vyrobenou z japonsk\u00e9 oceli s ozna\u010den\u00edm 4034 Stainless Steel. Tato nerezov\u00e1 ocel je vlastnostmi srovnateln\u00e1 s AUS8A neb 440C. Povrchov\u00e1 \u00faprava Stonewashing zabra\u0148uje snadn\u00e9mu po\u0161kr\u00e1b\u00e1n\u00ed a \u010din\u00ed n\u016f\u017e odoln\u00fdm proti korozi. Jak prim\u00e1rn\u00ed, hlavn\u00ed ost\u0159\u00ed, tak sekund\u00e1rn\u00ed ost\u0159\u00ed na hrotu Tanto \u010depele, jsou ru\u010dn\u011b dobru\u0161ovan\u00e9. Pr\u016fse\u010d\u00edk t\u011bchto dvou \u010depel\u00ed (zn\u00e1m\u00fdch jako Yakote) vytv\u00e1\u0159\u00ed velmi \u00fa\u010dinn\u00fd sekund\u00e1rn\u00ed hrot, kter\u00fd umo\u017e\u0148uje ni\u010div\u00fd efekt p\u0159i sek\u00e1n\u00ed. GNF matri\u00e1l rukojeti je nylon, laminovan\u00fd se sklen\u011bn\u00fdm vl\u00e1knem. N\u016f\u017e je k dispozici ve t\u0159ech velikostech. Warcraft Tanto se dod\u00e1v\u00e1 s pevn\u00fdm pouzdren z materi\u00e1lu Secure-Ex\u00ae Sheath.<\/p>\n<p>PARAMETRY PRODUKTU<br \/>\nBarva: St\u0159\u00edbrn\u00e1<br \/>\nOcel: 4034SS Steel<br \/>\nTlou\u0161\u0165ka \u010depele: 5 mm<br \/>\nHmotnost: 269,32 g<br \/>\nD\u00e9lka \u010depele: 139,7 mm<br \/>\nCelkov\u00e1 velikost: 254 mm<br \/>\nMateri\u00e1l pouzdra: Secure-Ex\u00ae Sheath<br \/>\nD\u00e9lka rukojeti: 114 mm<br \/>\nMateri\u00e1l rukojeti: GFN<\/p>\n","protected":false},"excerpt":{"rendered":"<p>N\u016f\u017e s pevnou \u010depel\u00ed Warcraft Tanto je d\u00edky tvaru \u010depele a tvarovan\u00e9 rukojeti p\u0159edur\u010den k technik\u00e1m seku.<\/p>\n","protected":false},"featured_media":229461,"comment_status":"open","ping_status":"closed","template":"","meta":[],"pwb-brand":[211],"product_brand":[],"product_cat":[23,17],"product_tag":[3667],"class_list":{"0":"post-229460","1":"product","2":"type-product","3":"status-publish","4":"has-post-thumbnail","6":"pwb-brand-cold-steel","7":"product_cat-pevne-noze","8":"product_cat-noze","9":"product_tag-b2b","11":"first","12":"instock","13":"taxable","14":"shipping-taxable","15":"purchasable","16":"product-type-simple"},"brands":[{"id":211,"name":"Cold Steel","slug":"cold-steel"}],"_links":{"self":[{"href":"https:\/\/www.moskito.cz\/it\/wp-json\/wp\/v2\/product\/229460","targetHints":{"allow":["GET"]}}],"collection":[{"href":"https:\/\/www.moskito.cz\/it\/wp-json\/wp\/v2\/product"}],"about":[{"href":"https:\/\/www.moskito.cz\/it\/wp-json\/wp\/v2\/types\/product"}],"replies":[{"embeddable":true,"href":"https:\/\/www.moskito.cz\/it\/wp-json\/wp\/v2\/comments?post=229460"}],"wp:featuredmedia":[{"embeddable":true,"href":"https:\/\/www.moskito.cz\/it\/wp-json\/wp\/v2\/media\/229461"}],"wp:attachment":[{"href":"https:\/\/www.moskito.cz\/it\/wp-json\/wp\/v2\/media?parent=229460"}],"wp:term":[{"taxonomy":"pwb-brand","embeddable":true,"href":"https:\/\/www.moskito.cz\/it\/wp-json\/wp\/v2\/pwb-brand?post=229460"},{"taxonomy":"product_brand","embeddable":true,"href":"https:\/\/www.moskito.cz\/it\/wp-json\/wp\/v2\/product_brand?post=229460"},{"taxonomy":"product_cat","embeddable":true,"href":"https:\/\/www.moskito.cz\/it\/wp-json\/wp\/v2\/product_cat?post=229460"},{"taxonomy":"product_tag","embeddable":true,"href":"https:\/\/www.moskito.cz\/it\/wp-json\/wp\/v2\/product_tag?post=229460"}],"curies":[{"name":"wp","href":"https:\/\/api.w.org\/{rel}","templated":true}]}}