{"id":229680,"date":"2022-11-07T22:31:14","date_gmt":"2022-11-07T21:31:14","guid":{"rendered":"https:\/\/www.moskito.cz\/?post_type=product&#038;p=229680"},"modified":"2025-05-07T10:43:30","modified_gmt":"2025-05-07T09:43:30","slug":"zaviraci-nuz-cold-steel-mini-trapper-jigged-bone","status":"publish","type":"product","link":"https:\/\/www.moskito.cz\/it\/produkt\/zaviraci-nuz-cold-steel-mini-trapper-jigged-bone\/","title":{"rendered":"Zav\u00edrac\u00ed N\u016f\u017e Cold Steel MINI TRAPPER JIGGED BONE"},"content":{"rendered":"<p>Zav\u00edrac\u00ed N\u016f\u017e <strong>Cold Steel<\/strong> MINI TRAPPER JIGGED BONE.<\/p>\n<p>Cold Steel Mini Trapper Folding Knife je variac\u00ed Cold Steel na klasick\u00fd Trapper n\u016f\u017e s posuvn\u00fdm kloubem. M\u00e1 rukojeti s autentickou kost\u00ed a jsou zv\u00fdrazn\u011bny le\u0161t\u011bn\u00fdmi kovov\u00fdmi podp\u011brami. Robustn\u00ed rukojeti jsou podstatn\u011b dimenzov\u00e1ny pro t\u011b\u017ekou pr\u00e1ci, dokonce i s rukama v rukavic\u00edch. Je zkonstruov\u00e1n v tradi\u010dn\u00edm vzoru Jack Knife se dv\u011bma le\u0161t\u011bn\u00fdmi \u010depelemi: \u010depel s klipsov\u00fdm hrotem pro propichov\u00e1n\u00ed a \u0159ez\u00e1n\u00ed a \u010depel spey pro stahov\u00e1n\u00ed k\u016f\u017ee a vykuch\u00e1n\u00ed, ob\u011b se vykl\u00e1p\u011bj\u00ed z jednoho konce rukojeti no\u017ee. Popularfolklore za\u0159adil Trapper jako preferovanou volbu pro drsn\u00e9 outdoorsmany a hrani\u010dn\u00ed lovce, ale jeho neodmysliteln\u00e1 prakti\u010dnost je \u010din\u00ed u\u017eite\u010dn\u00fdmi pro v\u0161echny druhy dom\u00e1c\u00edch prac\u00ed a dob\u0159e se hod\u00ed t\u00e9m\u011b\u0159 do jak\u00e9hokoli prost\u0159ed\u00ed od m\u011bsta po venkov. Je to skv\u011bl\u00fd kapesn\u00ed n\u016f\u017e a je ide\u00e1ln\u00ed pro dom\u00e1c\u00ed projekty, venkovn\u00ed pou\u017eit\u00ed nebo jako loveck\u00fd n\u016f\u017e.<\/p>\n<p>PARAMETRY PRODUKTU<br \/>\nCelkov\u00e1 velikost: 155 mm<br \/>\nHmotnost: 72 g<br \/>\nD\u00e9lka \u010depele: 72 mm<br \/>\nBarva: imitace kost<br \/>\nD\u00e9lka rukojeti: 90 mm<br \/>\nOcel: 8Cr13MoV<br \/>\nTlou\u0161\u0165ka \u010depele: 2,8 mm<\/p>\n<p>&nbsp;<\/p>\n","protected":false},"excerpt":{"rendered":"<p>Mini Trapper je mal\u00fd zav\u00edrac\u00ed n\u016f\u017e se dv\u011bma \u010depelemi a nehtov\u00fdm otev\u00edr\u00e1n\u00edm.<\/p>\n","protected":false},"featured_media":229681,"comment_status":"open","ping_status":"closed","template":"","meta":[],"pwb-brand":[211],"product_brand":[],"product_cat":[22,17],"product_tag":[3667],"class_list":{"0":"post-229680","1":"product","2":"type-product","3":"status-publish","4":"has-post-thumbnail","6":"pwb-brand-cold-steel","7":"product_cat-zaviraci-noze","8":"product_cat-noze","9":"product_tag-b2b","11":"first","12":"instock","13":"taxable","14":"shipping-taxable","15":"purchasable","16":"product-type-simple"},"brands":[{"id":211,"name":"Cold Steel","slug":"cold-steel"}],"_links":{"self":[{"href":"https:\/\/www.moskito.cz\/it\/wp-json\/wp\/v2\/product\/229680","targetHints":{"allow":["GET"]}}],"collection":[{"href":"https:\/\/www.moskito.cz\/it\/wp-json\/wp\/v2\/product"}],"about":[{"href":"https:\/\/www.moskito.cz\/it\/wp-json\/wp\/v2\/types\/product"}],"replies":[{"embeddable":true,"href":"https:\/\/www.moskito.cz\/it\/wp-json\/wp\/v2\/comments?post=229680"}],"wp:featuredmedia":[{"embeddable":true,"href":"https:\/\/www.moskito.cz\/it\/wp-json\/wp\/v2\/media\/229681"}],"wp:attachment":[{"href":"https:\/\/www.moskito.cz\/it\/wp-json\/wp\/v2\/media?parent=229680"}],"wp:term":[{"taxonomy":"pwb-brand","embeddable":true,"href":"https:\/\/www.moskito.cz\/it\/wp-json\/wp\/v2\/pwb-brand?post=229680"},{"taxonomy":"product_brand","embeddable":true,"href":"https:\/\/www.moskito.cz\/it\/wp-json\/wp\/v2\/product_brand?post=229680"},{"taxonomy":"product_cat","embeddable":true,"href":"https:\/\/www.moskito.cz\/it\/wp-json\/wp\/v2\/product_cat?post=229680"},{"taxonomy":"product_tag","embeddable":true,"href":"https:\/\/www.moskito.cz\/it\/wp-json\/wp\/v2\/product_tag?post=229680"}],"curies":[{"name":"wp","href":"https:\/\/api.w.org\/{rel}","templated":true}]}}