{"id":230062,"date":"2022-11-14T21:55:14","date_gmt":"2022-11-14T20:55:14","guid":{"rendered":"https:\/\/www.moskito.cz\/?post_type=product&#038;p=230062"},"modified":"2025-05-07T10:43:41","modified_gmt":"2025-05-07T09:43:41","slug":"pevny-nuz-extrema-ratio-sethlans-expeditions","status":"publish","type":"product","link":"https:\/\/www.moskito.cz\/it\/produkt\/pevny-nuz-extrema-ratio-sethlans-expeditions\/","title":{"rendered":"Pevn\u00fd N\u016f\u017e Extrema Ratio SETHLANS EXPEDITIONS"},"content":{"rendered":"<p>Pevn\u00fd N\u016f\u017e <strong>Extrema Ratio<\/strong> SETHLANS EXPEDITIONS.<\/p>\n<p>S\u00e9rie Expedition je nov\u00e1 \u0159ada n\u00e1stroj\u016f v\u011bnovan\u00e1 profesion\u00e1l\u016fm v pr\u016fzkumu.<\/p>\n<p>No\u017ee \u0159ady Expedition nab\u00edzej\u00ed stejn\u00fd v\u00fdkon, spolehlivost a vysokou kvalitu v\u0161ech taktick\u00fdch n\u00e1stroj\u016f, kter\u00e9 Extrema Ratio dod\u00e1v\u00e1 vojensk\u00fdm a donucovac\u00edm speci\u00e1ln\u00edm jednotk\u00e1m.<\/p>\n<p>Sethlans Expeditions , stejn\u011b jako model Sethlans, ze kter\u00e9ho vych\u00e1z\u00ed, je pracovn\u00ed n\u016f\u017e s pevnou \u010depel\u00ed zrozen\u00fd pro \u0159e\u0161en\u00ed \u0161irok\u00e9 \u0161k\u00e1ly situac\u00ed, ale tak\u00e9 jako z\u00e1lo\u017en\u00ed \u010depel. Sethlans Expeditions byly navr\u017eeny ve spolupr\u00e1ci s Daniele Dal Canto, instruktorem Master Advanced. Sethlansovy expedicem\u00e1 \u010depel z oceli B\u00f6hler N690 tepeln\u011b zpracovanou p\u0159i 58 HRC s mod\u0159en\u00edm MIL-C-13924 a povrchovou \u00fapravou om\u00fdvanou kamenem (fini\u0161 Dark Stone).<\/p>\n<p>N\u016f\u017e je dod\u00e1v\u00e1n s rukojet\u00ed G10 v pou\u0161tn\u00ed barv\u011b, kter\u00e1 se vyzna\u010duje charakteristick\u00fdm ergonomick\u00fdm designem rukojet\u00ed Extrema Ratio. Lze je odstranit uvoln\u011bn\u00edm skeletonizovan\u00e9 struktury no\u017ee, co\u017e umo\u017e\u0148uje maxim\u00e1ln\u00ed lehkost p\u0159i minim\u00e1ln\u00ed tlou\u0161\u0165ce. Pro milovn\u00edky extr\u00e9mn\u00edho p\u0159izp\u016fsoben\u00ed umo\u017e\u0148uje full-tang struktura pota\u017een\u00ed rukojeti paracordem. Pochva je slo\u017eena z velmi lehk\u00e9 a minimalistick\u00e9 \u010d\u00e1sti Kydex. Lze jej rozebrat a p\u0159izp\u016fsobit jej lev\u00e1k\u016fm i prav\u00e1k\u016fm. P\u0159id\u00e1n\u00ed voliteln\u00e9 spony na opasek umo\u017e\u0148uje um\u00edst\u011bn\u00ed no\u017ee jak svisle, tak vodorovn\u011b, a d\u00edky tomu je pouzdro mnohem univerz\u00e1ln\u011bj\u0161\u00ed ne\u017e textiln\u00ed verze. Je vybavena mini vakem se syst\u00e9mem MOLLE<\/p>\n<p>V\u00c1HA: 207<br \/>\nHMOTNOST OZ.: 7,30<br \/>\nD\u00c9LKA \u010cEPELE (MM): 107<br \/>\nD\u00c9LKA \u010cEPELE (IN): 4,21<br \/>\nCELKOV\u00c1 D\u00c9LKA (MM): 224<br \/>\nCELKOV\u00c1 D\u00c9LKA (V): 8,82<br \/>\nTLOU\u0160\u0164KA \u010cEPELE (MM): \u010cEPEL ZTEN\u010cEN\u00c1 Z 6,3 MM NA 4 MM PRO ZLEP\u0160EN\u00cd \u0158EZN\u00ddCH SCHOPNOST\u00cd<br \/>\nTLOU\u0160\u0164KA B\u0158ITU (IN): \u010cEPEL ZTEN\u010cEN\u00c1 Z 0,25&#8243; NA 0,15&#8243; PRO ZLEP\u0160EN\u00cd \u0158EZN\u00ddCH SCHOPNOST\u00cd<br \/>\nMATERI\u00c1L \u010cEPELE: B\u00d6HLER STEEL N690 (58HRC)<br \/>\nPOVRCHOV\u00c1 \u00daPRAVA \u010cEPELE: TMAV\u00dd K\u00c1MEN<br \/>\nBROU\u0160EN\u00cd NO\u017dE: PLOCH\u00c1 HRANA<br \/>\nMATERI\u00c1L RUKOJETI: G10<\/p>\n<p><iframe title=\"Extrema Ratio Expeditions Series\" width=\"800\" height=\"450\" src=\"https:\/\/www.youtube.com\/embed\/zzT5fOpMNQU?feature=oembed\" frameborder=\"0\" allow=\"accelerometer; autoplay; clipboard-write; encrypted-media; gyroscope; picture-in-picture\" allowfullscreen><\/iframe><\/p>\n<p>&nbsp;<\/p>\n<p>&nbsp;<\/p>\n","protected":false},"excerpt":{"rendered":"<p>Spole\u010dnost Extrema Ratio se s\u00eddlem v italsk\u00e9m Pratu navrhuje a vyr\u00e1b\u00ed vysoce v\u00fdkonn\u00e9 bojov\u00e9, vojensk\u00e9, kuchy\u0148sk\u00e9, loveck\u00e9 a taktick\u00e9 no\u017ee od roku 1997 a m\u00e1 pov\u011bst vynikaj\u00edc\u00ed kvality, kter\u00e1 je v oboru vojensk\u00fdch a taktick\u00fdch no\u017e\u016f nep\u0159ekonateln\u00e1. <strong>Doprava zdarma.<\/strong><\/p>\n","protected":false},"featured_media":230064,"comment_status":"open","ping_status":"closed","template":"","meta":[],"pwb-brand":[267],"product_brand":[],"product_cat":[23,17],"product_tag":[3667],"class_list":{"0":"post-230062","1":"product","2":"type-product","3":"status-publish","4":"has-post-thumbnail","6":"pwb-brand-extrema-ratio","7":"product_cat-pevne-noze","8":"product_cat-noze","9":"product_tag-b2b","11":"first","12":"instock","13":"taxable","14":"shipping-taxable","15":"purchasable","16":"product-type-simple"},"brands":[{"id":267,"name":"Extrema Ratio","slug":"extrema-ratio"}],"_links":{"self":[{"href":"https:\/\/www.moskito.cz\/it\/wp-json\/wp\/v2\/product\/230062","targetHints":{"allow":["GET"]}}],"collection":[{"href":"https:\/\/www.moskito.cz\/it\/wp-json\/wp\/v2\/product"}],"about":[{"href":"https:\/\/www.moskito.cz\/it\/wp-json\/wp\/v2\/types\/product"}],"replies":[{"embeddable":true,"href":"https:\/\/www.moskito.cz\/it\/wp-json\/wp\/v2\/comments?post=230062"}],"wp:featuredmedia":[{"embeddable":true,"href":"https:\/\/www.moskito.cz\/it\/wp-json\/wp\/v2\/media\/230064"}],"wp:attachment":[{"href":"https:\/\/www.moskito.cz\/it\/wp-json\/wp\/v2\/media?parent=230062"}],"wp:term":[{"taxonomy":"pwb-brand","embeddable":true,"href":"https:\/\/www.moskito.cz\/it\/wp-json\/wp\/v2\/pwb-brand?post=230062"},{"taxonomy":"product_brand","embeddable":true,"href":"https:\/\/www.moskito.cz\/it\/wp-json\/wp\/v2\/product_brand?post=230062"},{"taxonomy":"product_cat","embeddable":true,"href":"https:\/\/www.moskito.cz\/it\/wp-json\/wp\/v2\/product_cat?post=230062"},{"taxonomy":"product_tag","embeddable":true,"href":"https:\/\/www.moskito.cz\/it\/wp-json\/wp\/v2\/product_tag?post=230062"}],"curies":[{"name":"wp","href":"https:\/\/api.w.org\/{rel}","templated":true}]}}