{"id":230726,"date":"2022-11-19T13:43:53","date_gmt":"2022-11-19T12:43:53","guid":{"rendered":"https:\/\/www.moskito.cz\/?post_type=product&#038;p=230726"},"modified":"2025-05-23T10:39:45","modified_gmt":"2025-05-23T09:39:45","slug":"zaviraci-nuz-crkt-avant","status":"publish","type":"product","link":"https:\/\/www.moskito.cz\/it\/produkt\/zaviraci-nuz-crkt-avant\/","title":{"rendered":"Zav\u00edrac\u00ed N\u016f\u017e CRKT AVANT"},"content":{"rendered":"<div class=\"flex-1 overflow-hidden @container\/thread\">\n<div class=\"h-full\">\n<div class=\"react-scroll-to-bottom--css-vxybp-79elbk h-full\">\n<div class=\"react-scroll-to-bottom--css-vxybp-1n7m0yu\">\n<div class=\"flex flex-col text-sm md:pb-9\">\n<article class=\"w-full scroll-mb-[var(--thread-trailing-height,150px)] text-token-text-primary focus-visible:outline-2 focus-visible:outline-offset-[-4px]\" dir=\"auto\" data-testid=\"conversation-turn-95\" data-scroll-anchor=\"true\">\n<div class=\"m-auto text-base py-[18px] px-3 md:px-4 w-full md:px-5 lg:px-4 xl:px-5\">\n<div class=\"mx-auto flex flex-1 gap-4 text-base md:gap-5 lg:gap-6 md:max-w-3xl\">\n<div class=\"group\/conversation-turn relative flex w-full min-w-0 flex-col agent-turn\">\n<div class=\"flex-col gap-1 md:gap-3\">\n<div class=\"flex max-w-full flex-col flex-grow\">\n<div class=\"min-h-8 text-message flex w-full flex-col items-end gap-2 whitespace-normal break-words text-start [.text-message+&amp;]:mt-5\" dir=\"auto\" data-message-author-role=\"assistant\" data-message-id=\"e3cb4181-8d9f-4df2-a5e1-7bd79fe3dd79\" data-message-model-slug=\"gpt-4o-mini\">\n<div class=\"flex w-full flex-col gap-1 empty:hidden first:pt-[3px]\">\n<div class=\"markdown prose w-full break-words dark:prose-invert light\">\n<p><strong>Zav\u00edrac\u00ed N\u016f\u017e CRKT Avant\u2122<\/strong><\/p>\n<p><strong>Popis<\/strong>: CRKT Avant\u2122 je elegantn\u00ed a <strong>vysok\u00fd v\u00fdkon<\/strong> n\u016f\u017e navr\u017een\u00fd pro ka\u017edodenn\u00ed no\u0161en\u00ed. Tento model v sob\u011b spojuje <strong>klasickou jednoduchost<\/strong> a <strong>technologickou vysp\u011blost<\/strong>, co\u017e ho \u010din\u00ed nejen esteticky p\u0159ita\u017eliv\u00fdm, ale i praktick\u00fdm n\u00e1strojem pro ka\u017edodenn\u00ed \u00fakoly. <strong>Ergonomick\u00e1 konstrukce<\/strong> a <strong>precizn\u00ed proveden\u00ed<\/strong> z n\u011bj d\u011blaj\u00ed vynikaj\u00edc\u00ed volbu pro ty, kte\u0159\u00ed hledaj\u00ed kvalitn\u00ed n\u016f\u017e pro ka\u017edodenn\u00ed no\u0161en\u00ed, ani\u017e by se vzdali vysoce funk\u010dn\u00edho designu.<\/p>\n<p>N\u016f\u017e Avant\u2122 se py\u0161n\u00ed <strong>hladk\u00fdm otev\u00edr\u00e1n\u00edm<\/strong> d\u00edky syst\u00e9mu <strong>IKBS\u2122 kuli\u010dkov\u00fdch lo\u017eisek<\/strong>, co\u017e zaji\u0161\u0165uje rychl\u00e9 a plynul\u00e9 rozvinut\u00ed \u010depele. <strong>Rukoje\u0165<\/strong> je kombinac\u00ed <strong>G10<\/strong> a <strong>uhl\u00edkov\u00fdch vl\u00e1ken<\/strong>, co\u017e poskytuje pevnost, lehkost a v\u00fdborn\u00fd \u00fachop i za n\u00e1ro\u010dn\u011bj\u0161\u00edch podm\u00ednek.<\/p>\n<p><strong>Speci\u00e1ln\u00ed vlastnosti<\/strong>:<\/p>\n<ul>\n<li><strong>Hladk\u00e9 otev\u00edr\u00e1n\u00ed<\/strong> pomoc\u00ed syst\u00e9mu <strong>IKBS\u2122 kuli\u010dkov\u00fdch lo\u017eisek<\/strong>.<\/li>\n<li><strong>Rukoje\u0165 z G10 s uhl\u00edkov\u00fdmi vl\u00e1kny<\/strong> pro pevnost, lehkost a ergonomii.<\/li>\n<li><strong>Snadn\u00e9 zav\u00edr\u00e1n\u00ed<\/strong> s pou\u017eit\u00edm z\u00e1mku <strong>Liner Lock<\/strong>, kter\u00fd umo\u017e\u0148uje uzav\u0159en\u00ed no\u017ee jednou rukou.<\/li>\n<li><strong>Sat\u00e9nov\u00e1 povrchov\u00e1 \u00faprava \u010depele<\/strong> pro odolnost a stylov\u00fd vzhled.<\/li>\n<\/ul>\n<p><strong>SPECIFIKACE<\/strong>:<\/p>\n<ul>\n<li><strong>D\u00e9lka \u010depele<\/strong>: 3,18&#8243; (80,65 mm)<\/li>\n<li><strong>Ost\u0159\u00ed \u010depele<\/strong>: Prost\u00fd<\/li>\n<li><strong>Materi\u00e1l \u010depele<\/strong>: Ocel 8Cr14MoV<\/li>\n<li><strong>Povrchov\u00e1 \u00faprava \u010depele<\/strong>: Sat\u00e9n<\/li>\n<li><strong>Tlou\u0161\u0165ka \u010depele<\/strong>: 0,14&#8243; (3,63 mm)<\/li>\n<li><strong>Celkov\u00e1 d\u00e9lka<\/strong>: 7,50&#8243; (190,50 mm)<\/li>\n<li><strong>D\u00e9lka v zav\u0159en\u00e9m stavu<\/strong>: 4,31&#8243; (109,52 mm)<\/li>\n<li><strong>Hmotnost<\/strong>: 5,40 oz (153,09 g)<\/li>\n<li><strong>Rukoje\u0165<\/strong>: Karbonov\u00e1 vl\u00e1kna s z\u00e1kladnou z G10<\/li>\n<li><strong>Styl<\/strong>: Skl\u00e1dac\u00ed n\u016f\u017e se z\u00e1mkem <strong>Liner Lock<\/strong><\/li>\n<\/ul>\n<p>CRKT Avant\u2122 je <strong>skv\u011bl\u00fdm n\u00e1strojem<\/strong> pro ka\u017edodenn\u00ed no\u0161en\u00ed, kter\u00fd vynik\u00e1 svou <strong>jemnou eleganc\u00ed<\/strong>, <strong>ergonomick\u00fdm designem<\/strong> a <strong>\u0161pi\u010dkov\u00fdmi materi\u00e1ly<\/strong>, co\u017e jej \u010din\u00ed ide\u00e1ln\u00ed volbou pro ty, kte\u0159\u00ed hledaj\u00ed <strong>kombinaci estetiky a funk\u010dnosti<\/strong>.<\/p>\n<\/div>\n<\/div>\n<\/div>\n<\/div>\n<div class=\"mb-2 flex gap-3 empty:hidden -ml-2\">\n<div class=\"items-center justify-start rounded-xl p-1 flex\">\n<div class=\"flex items-center\"><\/div>\n<\/div>\n<\/div>\n<div class=\"pr-2 lg:pr-0\"><\/div>\n<div class=\"mt-3 w-full empty:hidden\">\n<div class=\"text-center\"><\/div>\n<\/div>\n<\/div>\n<div class=\"absolute\">\n<div class=\"flex items-center justify-center\"><\/div>\n<\/div>\n<\/div>\n<\/div>\n<\/div>\n<\/article>\n<\/div>\n<\/div>\n<\/div>\n<\/div>\n<\/div>\n<div class=\"md:pt-0 dark:border-white\/20 md:border-transparent md:dark:border-transparent w-full\">\n<div>\n<div class=\"m-auto text-base px-3 md:px-4 w-full md:px-5 lg:px-4 xl:px-5\">\n<div class=\"mx-auto flex flex-1 gap-4 text-base md:gap-5 lg:gap-6 md:max-w-3xl\">\n<div class=\"flex justify-center\"><\/div>\n<\/div>\n<\/div>\n<\/div>\n<\/div>\n<p>&nbsp;<\/p>\n","protected":false},"excerpt":{"rendered":"<p><strong>CRKT Avant\u2122 je skv\u011bl\u00fdm n\u00e1strojem pro ka\u017edodenn\u00ed no\u0161en\u00ed, kter\u00fd vynik\u00e1 svou jemnou eleganc\u00ed, ergonomick\u00fdm designem a \u0161pi\u010dkov\u00fdmi materi\u00e1ly, co\u017e jej \u010din\u00ed ide\u00e1ln\u00ed volbou pro ty, kte\u0159\u00ed hledaj\u00ed kombinaci estetiky a funk\u010dnosti.<\/strong><\/p>\n","protected":false},"featured_media":230727,"comment_status":"open","ping_status":"closed","template":"","meta":[],"pwb-brand":[209],"product_brand":[],"product_cat":[22,17],"product_tag":[3667],"class_list":{"0":"post-230726","1":"product","2":"type-product","3":"status-publish","4":"has-post-thumbnail","6":"pwb-brand-crkt","7":"product_cat-zaviraci-noze","8":"product_cat-noze","9":"product_tag-b2b","11":"first","12":"outofstock","13":"taxable","14":"shipping-taxable","15":"purchasable","16":"product-type-simple"},"brands":[{"id":209,"name":"CRKT","slug":"crkt"}],"_links":{"self":[{"href":"https:\/\/www.moskito.cz\/it\/wp-json\/wp\/v2\/product\/230726","targetHints":{"allow":["GET"]}}],"collection":[{"href":"https:\/\/www.moskito.cz\/it\/wp-json\/wp\/v2\/product"}],"about":[{"href":"https:\/\/www.moskito.cz\/it\/wp-json\/wp\/v2\/types\/product"}],"replies":[{"embeddable":true,"href":"https:\/\/www.moskito.cz\/it\/wp-json\/wp\/v2\/comments?post=230726"}],"wp:featuredmedia":[{"embeddable":true,"href":"https:\/\/www.moskito.cz\/it\/wp-json\/wp\/v2\/media\/230727"}],"wp:attachment":[{"href":"https:\/\/www.moskito.cz\/it\/wp-json\/wp\/v2\/media?parent=230726"}],"wp:term":[{"taxonomy":"pwb-brand","embeddable":true,"href":"https:\/\/www.moskito.cz\/it\/wp-json\/wp\/v2\/pwb-brand?post=230726"},{"taxonomy":"product_brand","embeddable":true,"href":"https:\/\/www.moskito.cz\/it\/wp-json\/wp\/v2\/product_brand?post=230726"},{"taxonomy":"product_cat","embeddable":true,"href":"https:\/\/www.moskito.cz\/it\/wp-json\/wp\/v2\/product_cat?post=230726"},{"taxonomy":"product_tag","embeddable":true,"href":"https:\/\/www.moskito.cz\/it\/wp-json\/wp\/v2\/product_tag?post=230726"}],"curies":[{"name":"wp","href":"https:\/\/api.w.org\/{rel}","templated":true}]}}