{"id":231186,"date":"2022-11-20T20:48:28","date_gmt":"2022-11-20T19:48:28","guid":{"rendered":"https:\/\/www.moskito.cz\/?post_type=product&#038;p=231186"},"modified":"2025-05-07T10:44:07","modified_gmt":"2025-05-07T09:44:07","slug":"vystrelovaci-nuz-microtech-signature-series-black-hellhound-utx-70-419-1ts","status":"publish","type":"product","link":"https:\/\/www.moskito.cz\/it\/produkt\/vystrelovaci-nuz-microtech-signature-series-black-hellhound-utx-70-419-1ts\/","title":{"rendered":"Vyst\u0159elovac\u00ed N\u016f\u017e Microtech Signature Series Black Hellhound UTX-70 419-1TS"},"content":{"rendered":"<p>Vyst\u0159elovac\u00ed N\u016f\u017e <strong>Microtech<\/strong> Signature Series Black Hellhound UTX-70 419-1TS.<\/p>\n<p>UTX-70 je perfektn\u00ed kombinac\u00ed kompaktn\u00ed velikosti a velk\u00e9ho v\u00fdkonu. UTX-70 se 70% velikost\u00ed Ultratech je vyroben ze stejn\u00e9ho materi\u00e1lu, na stejn\u00fdch stroj\u00edch a se stejnou vynal\u00e9zavost\u00ed jako jeho p\u0159edch\u016fdce. UTX-70 je perfektn\u00ed n\u016f\u017e pro v\u0161echny situace, bez ohledu na to, jak\u00fd \u00fakol st\u0159\u00edh\u00e1te, bude se hladce propojovat s va\u0161\u00edm \u017eivotn\u00edm stylem. D\u00edky rychl\u00e9mu otev\u00edr\u00e1n\u00ed a zav\u00edr\u00e1n\u00ed jednou rukou zvl\u00e1dne pr\u00e1ci b\u011bhem n\u011bkolika sekund. UTX-70 m\u00e1 mnoho dostupn\u00fdch mo\u017enost\u00ed, jako jsou: jednoduch\u00fd, dvojit\u00fd nebo tanto \u010depel. K dispozici je tak\u00e9 hlin\u00edkov\u00e1 horn\u00ed deska, \u010dern\u00e1 deska z uhl\u00edkov\u00fdch vl\u00e1ken nebo horn\u00ed deska z platinov\u00fdch uhl\u00edkov\u00fdch vl\u00e1ken. Vybaven\u00fd oboustrann\u00fdm kapesn\u00edm klipem a kompaktn\u00ed velikost\u00ed, je to perfektn\u00ed volba pro ka\u017edodenn\u00ed pou\u017eit\u00ed a no\u0161en\u00ed.<\/p>\n<p>Specifikace:<br \/>\nAkce: Dvojit\u00e1 akce &#8211; Automatick\u00fd v\u00fdst\u0159el\/Automatick\u00e9 zata\u017een\u00ed<br \/>\n\u010cepel: Tlou\u0161\u0165ka 0.2 cm RC 59-60<br \/>\nD\u00e9lka \u010depele: 6 cm<br \/>\nStyl \u010depele: Hellhound Tanto<br \/>\nPodvozek: 6061-T6 AL Alloy Mil-Spec Hard Coat eloxovan\u00fd, \u010dern\u00fd<br \/>\nTlou\u0161\u0165ka rukojeti: 0,8 cm<br \/>\nCelkov\u00e1 d\u00e9lka: 14 cm<br \/>\nKapesn\u00ed klip: 301 celotvrd\u00e1 nerezov\u00e1 ocel<br \/>\nStandardn\u00ed horn\u00ed: 6061-T6 AL slitina<br \/>\nSpou\u0161\u0165: 303 Nerezov\u00e1 ocel<br \/>\nHmotnost: 1,2 oz.<br \/>\nVyrobeno v USA<\/p>\n","protected":false},"excerpt":{"rendered":"<p>V pr\u016fb\u011bhu let\u00a0<strong>Microtech\u00ae Knives<\/strong>\u00a0naplnil v\u00e1\u0161n\u00ed a dovednost\u00ed v\u00fdrobu no\u017e\u016f, a\u017e z nich vytvo\u0159il t\u00e9m\u011b\u0159 um\u011bleck\u00e1 d\u00edla,kter\u00e9 jsou vrcholem funk\u010dnosti.V\u0161echny d\u00edly jsou vyrobeny v USA.<br \/>\n<strong>Na v\u0161echny no\u017ee Microtech je do\u017eivotn\u00ed z\u00e1ruka.<\/strong><\/p>\n","protected":false},"featured_media":231187,"comment_status":"open","ping_status":"closed","template":"","meta":[],"pwb-brand":[431],"product_brand":[],"product_cat":[2019,17],"product_tag":[3667],"class_list":{"0":"post-231186","1":"product","2":"type-product","3":"status-publish","4":"has-post-thumbnail","6":"pwb-brand-microtech","7":"product_cat-vystrelovaci-noze","8":"product_cat-noze","9":"product_tag-b2b","11":"first","12":"outofstock","13":"taxable","14":"shipping-taxable","15":"purchasable","16":"product-type-simple"},"brands":[{"id":431,"name":"Microtech","slug":"microtech"}],"_links":{"self":[{"href":"https:\/\/www.moskito.cz\/it\/wp-json\/wp\/v2\/product\/231186","targetHints":{"allow":["GET"]}}],"collection":[{"href":"https:\/\/www.moskito.cz\/it\/wp-json\/wp\/v2\/product"}],"about":[{"href":"https:\/\/www.moskito.cz\/it\/wp-json\/wp\/v2\/types\/product"}],"replies":[{"embeddable":true,"href":"https:\/\/www.moskito.cz\/it\/wp-json\/wp\/v2\/comments?post=231186"}],"wp:featuredmedia":[{"embeddable":true,"href":"https:\/\/www.moskito.cz\/it\/wp-json\/wp\/v2\/media\/231187"}],"wp:attachment":[{"href":"https:\/\/www.moskito.cz\/it\/wp-json\/wp\/v2\/media?parent=231186"}],"wp:term":[{"taxonomy":"pwb-brand","embeddable":true,"href":"https:\/\/www.moskito.cz\/it\/wp-json\/wp\/v2\/pwb-brand?post=231186"},{"taxonomy":"product_brand","embeddable":true,"href":"https:\/\/www.moskito.cz\/it\/wp-json\/wp\/v2\/product_brand?post=231186"},{"taxonomy":"product_cat","embeddable":true,"href":"https:\/\/www.moskito.cz\/it\/wp-json\/wp\/v2\/product_cat?post=231186"},{"taxonomy":"product_tag","embeddable":true,"href":"https:\/\/www.moskito.cz\/it\/wp-json\/wp\/v2\/product_tag?post=231186"}],"curies":[{"name":"wp","href":"https:\/\/api.w.org\/{rel}","templated":true}]}}