{"id":231257,"date":"2022-11-21T21:08:43","date_gmt":"2022-11-21T20:08:43","guid":{"rendered":"https:\/\/www.moskito.cz\/?post_type=product&#038;p=231257"},"modified":"2025-05-07T10:44:09","modified_gmt":"2025-05-07T09:44:09","slug":"zaviraci-nuz-sog-aegis-at-tanto-black-moss","status":"publish","type":"product","link":"https:\/\/www.moskito.cz\/it\/produkt\/zaviraci-nuz-sog-aegis-at-tanto-black-moss\/","title":{"rendered":"Zav\u00edrac\u00ed N\u016f\u017e SOG AEGIS AT TANTO BLACK &#038; MOSS"},"content":{"rendered":"<p>Zav\u00edrac\u00ed N\u016f\u017e <strong>SOG<\/strong> AEGIS AT TANTO BLACK &amp; MOSS.<\/p>\n<p>N\u016f\u017e SOG Aegis AT je navr\u017een pro outdoorov\u00e9 u\u017eivatele a vyzna\u010duje se oboustrann\u00fdm rychl\u00fdm otev\u00edr\u00e1n\u00edm \u010depele, ergonomickou rukojet\u00ed a vzorem na \u00fachopu pro pohodln\u00e9 pou\u017e\u00edv\u00e1n\u00ed. N\u016f\u017e Aegis AT se snadno nos\u00ed a m\u00e1 vysoce funk\u010dn\u00ed 93.98 mm kryogenn\u011b tepeln\u011b zpracovanou \u010depel z nerezov\u00e9 oceli. Jeho v\u00fdkonn\u00fd uzamykac\u00ed mechanismus XR je nav\u00edc vybaven pevnou vestav\u011bnou pojistkou \u010depele. Vid\u00edme zde dal\u0161\u00ed evoluci legend\u00e1rn\u00edho no\u017ee Aegis.<\/p>\n<p>KLIDN\u011a A\u017d NA KONEC SV\u011aTA<\/p>\n<p>SOG Aegis AT je precizn\u011b navr\u017een jako skv\u011bl\u00e9 \u0159e\u0161en\u00ed pro outdoorov\u00e9 dobrodruhy. Aegis AT je p\u0159ipraven pro jakoukoli \u00farove\u0148 intenzity, vyva\u017euje u n\u011bj c\u00edlen\u00fd design s v\u00fdkonem a spolehlivost\u00ed. D\u00edky oboustrann\u00e9mu rychlootev\u00edrac\u00edmu z\u00e1mku AT-XR Lock, \u010depeli z oceli CRYO D2, ergonomick\u00e9mu designu rukojeti a vzoru \u00fachopu pro v\u011bt\u0161\u00ed pohodl\u00ed se legend\u00e1rn\u00ed zdatnost no\u017ee Aegis AT vyrovn\u00e1 pouze jeho schopnosti zv\u00fd\u0161it schopnosti sv\u00e9ho u\u017eivatele v jak\u00fdchkoli outdoorov\u00fdch podm\u00ednk\u00e1ch.<\/p>\n<p>OKAM\u017dET\u011a P\u0158IPRAVEN<\/p>\n<p>Asistovan\u00e9 obouru\u010dn\u00ed otev\u00edr\u00e1n\u00ed &#8211; snadn\u00e9 a rychl\u00e9 otev\u00edr\u00e1n\u00ed jednou rukou, a to i v rukavic\u00edch, p\u0159i slab\u00e9m osv\u011btlen\u00ed nebo v situac\u00edch pod vysok\u00fdm tlakem.<\/p>\n<p>POJISTKA AT XR<\/p>\n<p>Z\u00e1mek je spolehliv\u00fd a v\u00fdkonn\u00fd, vydr\u017e\u00ed s\u00edlu 680 kilogram\u016f, poskytuje maxim\u00e1ln\u00ed vestav\u011bnou bezpe\u010dnost p\u0159i otev\u0159en\u00ed \u010depele a zaji\u0161\u0165uje, \u017ee se otev\u0159e pouze tehdy, kdy\u017e je to zam\u00fd\u0161leno.<\/p>\n<p>CRYO D2<\/p>\n<p>V\u0161estrann\u00e1 n\u00e1strojov\u00e1 ocel s vysok\u00fdm obsahem uhl\u00edku, kter\u00e1 je kryogenicky tepeln\u011b zpracov\u00e1na podle jedine\u010dn\u00fdch specifikac\u00ed SOG. D2 poskytuje ide\u00e1ln\u00ed kombinaci zachov\u00e1n\u00ed ost\u0159\u00ed a odolnosti pro dlouhodob\u00e9 pou\u017e\u00edv\u00e1n\u00ed se snadnou \u00fadr\u017ebou.<\/p>\n<p>P\u0158IROSTL\u00dd K DLANI<\/p>\n<p>Ergonomick\u00e1 rukoje\u0165, odoln\u00e1 texturovan\u00e1 z GRN navr\u017een\u00e1 pro optim\u00e1ln\u00ed pohodl\u00ed a spolehliv\u00fd \u00fachop v jak\u00fdchkoli venkovn\u00edch podm\u00ednk\u00e1ch.<\/p>\n<p>ASISTENCE OTEV\u00cdR\u00c1N\u00cd<\/p>\n<p>M\u00e1 rychl\u00e9 otev\u00edr\u00e1n\u00ed \u010depele s oboustrann\u00fdm asistovan\u00fdm otev\u00edr\u00e1n\u00edm AT-XR Lock, ergonomickou rukoje\u0165 a vzor \u00fachopu pro v\u011bt\u0161\u00ed pohodl\u00ed a kryogenn\u011b tepeln\u011b zpracovanou \u010depel z nerezov\u00e9 oceli D2.<\/p>\n<p>D\u00c9LKA RUKOJETI: 127 mm<br \/>\nCELKOV\u00c1 VELIKOST: 206 mm<br \/>\nTLOU\u0160\u0164KA \u010cEPELE: 3 mm<br \/>\nHMOTNOST: 129 g<br \/>\nMATERI\u00c1L RUKOJETI: GRN<br \/>\nBARVA: Black<br \/>\nOCEL: CYRO D2<br \/>\nMATERI\u00c1L POUZDRA: N\/A<br \/>\nDRUH POJISTKY: XR Lock<br \/>\nD\u00c9LKA \u010cEPELE: 79 mm<\/p>\n<p><iframe title=\"SOG Aegis AT\" width=\"800\" height=\"450\" src=\"https:\/\/www.youtube.com\/embed\/Kj2gi5WCUXQ?feature=oembed\" frameborder=\"0\" allow=\"accelerometer; autoplay; clipboard-write; encrypted-media; gyroscope; picture-in-picture\" allowfullscreen><\/iframe><\/p>\n<p>&nbsp;<\/p>\n","protected":false},"excerpt":{"rendered":"<p><strong>SOG Aegis<\/strong> AT s oboustrannou rychloup\u00ednac\u00ed pojistkou AT-XR Lock, \u010depel\u00ed z oceli CRYO D2, ergonomickou rukojet\u00ed a vzorem na rukojeti pro v\u011bt\u0161\u00ed pohodl\u00ed.<\/p>\n","protected":false},"featured_media":231258,"comment_status":"open","ping_status":"closed","template":"","meta":[],"pwb-brand":[591],"product_brand":[],"product_cat":[22,17],"product_tag":[3667],"class_list":{"0":"post-231257","1":"product","2":"type-product","3":"status-publish","4":"has-post-thumbnail","6":"pwb-brand-sog","7":"product_cat-zaviraci-noze","8":"product_cat-noze","9":"product_tag-b2b","11":"first","12":"instock","13":"taxable","14":"shipping-taxable","15":"purchasable","16":"product-type-simple"},"brands":[{"id":591,"name":"SOG","slug":"sog"}],"_links":{"self":[{"href":"https:\/\/www.moskito.cz\/it\/wp-json\/wp\/v2\/product\/231257","targetHints":{"allow":["GET"]}}],"collection":[{"href":"https:\/\/www.moskito.cz\/it\/wp-json\/wp\/v2\/product"}],"about":[{"href":"https:\/\/www.moskito.cz\/it\/wp-json\/wp\/v2\/types\/product"}],"replies":[{"embeddable":true,"href":"https:\/\/www.moskito.cz\/it\/wp-json\/wp\/v2\/comments?post=231257"}],"wp:featuredmedia":[{"embeddable":true,"href":"https:\/\/www.moskito.cz\/it\/wp-json\/wp\/v2\/media\/231258"}],"wp:attachment":[{"href":"https:\/\/www.moskito.cz\/it\/wp-json\/wp\/v2\/media?parent=231257"}],"wp:term":[{"taxonomy":"pwb-brand","embeddable":true,"href":"https:\/\/www.moskito.cz\/it\/wp-json\/wp\/v2\/pwb-brand?post=231257"},{"taxonomy":"product_brand","embeddable":true,"href":"https:\/\/www.moskito.cz\/it\/wp-json\/wp\/v2\/product_brand?post=231257"},{"taxonomy":"product_cat","embeddable":true,"href":"https:\/\/www.moskito.cz\/it\/wp-json\/wp\/v2\/product_cat?post=231257"},{"taxonomy":"product_tag","embeddable":true,"href":"https:\/\/www.moskito.cz\/it\/wp-json\/wp\/v2\/product_tag?post=231257"}],"curies":[{"name":"wp","href":"https:\/\/api.w.org\/{rel}","templated":true}]}}