{"id":231749,"date":"2022-11-26T21:35:51","date_gmt":"2022-11-26T20:35:51","guid":{"rendered":"https:\/\/www.moskito.cz\/?post_type=product&#038;p=231749"},"modified":"2025-05-07T10:44:18","modified_gmt":"2025-05-07T09:44:18","slug":"zaviraci-nuz-sog-aegis-at-tanto-forest-moss","status":"publish","type":"product","link":"https:\/\/www.moskito.cz\/it\/produkt\/zaviraci-nuz-sog-aegis-at-tanto-forest-moss\/","title":{"rendered":"Zav\u00edrac\u00ed N\u016f\u017e SOG AEGIS AT TANTO FOREST &#038; MOSS"},"content":{"rendered":"<p>Zav\u00edrac\u00ed N\u016f\u017e <strong>SOG<\/strong> AEGIS AT TANTO FOREST &amp; MOSS.<\/p>\n<p>Aegis AT Tanto, navr\u017een\u00fd pro venkovn\u00ed u\u017eivatele, je asistovan\u00fd otv\u00edrac\u00ed n\u016f\u017e, kter\u00fd je vybaven inovativn\u00edm oboustrann\u00fdm z\u00e1mkem SOG AT-XR Lock s ergonomickou rukojet\u00ed a vzorem \u00fachopu pro pohodln\u00e9 pou\u017eit\u00ed. Aegis AT je kapesn\u00ed n\u016f\u017e, kter\u00fd se snadno p\u0159en\u00e1\u0161\u00ed, s vysoce funk\u010dn\u00ed 3,1&#8243; \u010depel\u00ed z kryogenn\u011b tepeln\u011b zpracovan\u00e9 oceli D2. Jeho v\u00fdkonn\u00fd uzamykac\u00ed mechanismus XR m\u00e1 tak\u00e9 pevnou vestav\u011bnou pojistku \u010depele a bezpe\u010dnostn\u00ed syst\u00e9m namontovan\u00fd na h\u0159betu. Dal\u0161\u00ed evoluce legend\u00e1rn\u00edho zav\u00edrac\u00edho no\u017ee Aegis.<\/p>\n<p>A\u0165 u\u017e jste na turistice, kempov\u00e1n\u00ed nebo na lovu, pot\u0159ebujete n\u016f\u017e, kter\u00fd zvl\u00e1dne neo\u010dek\u00e1van\u00e9. S pomoc\u00ed dobrodruh\u016f a pr\u016fzkumn\u00edk\u016f jsme vytvo\u0159ili Aegis jako dokonal\u00e9ho venkovn\u00edho spole\u010dn\u00edka.<\/p>\n<p>UV\u00c1\u017dEN\u00dd DESIGN<br \/>\nHladk\u00e1, p\u0159esto texturovan\u00e1 rukoje\u0165 pro optim\u00e1ln\u00ed uchopen\u00ed je navr\u017eena pro pohodl\u00ed a jistotu ve venkovn\u00edch podm\u00ednk\u00e1ch. V\u010detn\u011b v\u00fdrazn\u00e9 smy\u010dky na lan\u011b, kter\u00e1 tak\u00e9 funguje jako ru\u010dn\u00ed zar\u00e1\u017eka pro zm\u00edrn\u011bn\u00ed prokluzu.<\/p>\n<p>AT-XR Z\u00c1MEK<br \/>\nPatentovan\u00e1 technologie Assisted Technology (AT) spole\u010dnosti SOG XR Lock poskytuje rychl\u00e9 otev\u0159en\u00ed jednou rukou a pevn\u00e9 uzam\u010den\u00ed po otev\u0159en\u00ed. Spolehliv\u00fd a v\u00fdkonn\u00fd, schopn\u00fd odolat s\u00edle 1500 liber, AT-XR Lock poskytuje maxim\u00e1ln\u00ed vestav\u011bn\u00e9 zabezpe\u010den\u00ed \u010depele p\u0159i otev\u0159en\u00ed a zaji\u0161\u0165uje, \u017ee se otev\u0159e pouze tehdy, kdy\u017e je zam\u00fd\u0161leno.<\/p>\n<p>BEZPE\u010cNOST 2.0<br \/>\nSpole\u010dnost SOG spolupracovala s u\u017eivateli na v\u00fdvoji oboustrann\u00e9ho zabezpe\u010den\u00ed, kter\u00e9 je stejn\u011b snadn\u00e9 jako rychl\u00e9 pou\u017eit\u00ed. Navr\u017eeno tak, aby bylo intuitivn\u00ed a vyu\u017e\u00edvalo p\u0159irozen\u00e9 pohyby rukou, znamen\u00e1 to, \u017ee p\u0159i ovl\u00e1d\u00e1n\u00ed nemus\u00edte zlomit sev\u0159en\u00ed. Po otev\u0159en\u00ed se uzamkne na m\u00edst\u011b jako zadn\u00ed zar\u00e1\u017eka palce. V\u0161echno, co by bezpe\u010dnost m\u011bla b\u00fdt.<\/p>\n<p>CRYO D2 OCELOV\u00c1 \u010cEPEL<br \/>\nV\u0161estrann\u00e1 n\u00e1strojov\u00e1 ocel s vysok\u00fdm obsahem uhl\u00edku, kter\u00e1 je kryogenn\u011b tepeln\u011b zpracov\u00e1na podle jedine\u010dn\u00fdch v\u00fdkonnostn\u00edch specifikac\u00ed SOG. D2 poskytuje ide\u00e1ln\u00ed kombinaci zachov\u00e1n\u00ed hran a trvanlivosti pro dlouhodob\u00e9 pou\u017e\u00edv\u00e1n\u00ed se snadnou \u00fadr\u017ebou.<\/p>\n<p>TLOU\u0160\u0164KA \u010cEPELE: 3 mm<br \/>\nMATERI\u00c1L RUKOJETI: GRN<br \/>\nDRUH POJISTKY: XR Lock<br \/>\nOCEL: CYRO D2<br \/>\nBARVA: Black<br \/>\nMATERI\u00c1L POUZDRA: N\/A<br \/>\nD\u00c9LKA \u010cEPELE: 79 mm<br \/>\nHMOTNOST: 129 g<br \/>\nD\u00c9LKA RUKOJETI: 127 mm<br \/>\nCELKOV\u00c1 VELIKOST: 206 mm<\/p>\n<p>&nbsp;<\/p>\n<p>&nbsp;<\/p>\n<p><iframe title=\"SOG Aegis AT\" width=\"800\" height=\"450\" src=\"https:\/\/www.youtube.com\/embed\/Kj2gi5WCUXQ?feature=oembed\" frameborder=\"0\" allow=\"accelerometer; autoplay; clipboard-write; encrypted-media; gyroscope; picture-in-picture\" allowfullscreen><\/iframe><\/p>\n<p>&nbsp;<\/p>\n","protected":false},"excerpt":{"rendered":"<p><strong>SOG Aegis AT<\/strong> s oboustrannou rychloup\u00ednac\u00ed pojistkou AT-XR Lock, \u010depel\u00ed z oceli CRYO D2, ergonomickou rukojet\u00ed a vzorem na rukojeti pro v\u011bt\u0161\u00ed pohodl\u00ed.<\/p>\n","protected":false},"featured_media":231750,"comment_status":"open","ping_status":"closed","template":"","meta":[],"pwb-brand":[591],"product_brand":[],"product_cat":[22,17],"product_tag":[3667],"class_list":{"0":"post-231749","1":"product","2":"type-product","3":"status-publish","4":"has-post-thumbnail","6":"pwb-brand-sog","7":"product_cat-zaviraci-noze","8":"product_cat-noze","9":"product_tag-b2b","11":"first","12":"instock","13":"taxable","14":"shipping-taxable","15":"purchasable","16":"product-type-simple"},"brands":[{"id":591,"name":"SOG","slug":"sog"}],"_links":{"self":[{"href":"https:\/\/www.moskito.cz\/it\/wp-json\/wp\/v2\/product\/231749","targetHints":{"allow":["GET"]}}],"collection":[{"href":"https:\/\/www.moskito.cz\/it\/wp-json\/wp\/v2\/product"}],"about":[{"href":"https:\/\/www.moskito.cz\/it\/wp-json\/wp\/v2\/types\/product"}],"replies":[{"embeddable":true,"href":"https:\/\/www.moskito.cz\/it\/wp-json\/wp\/v2\/comments?post=231749"}],"wp:featuredmedia":[{"embeddable":true,"href":"https:\/\/www.moskito.cz\/it\/wp-json\/wp\/v2\/media\/231750"}],"wp:attachment":[{"href":"https:\/\/www.moskito.cz\/it\/wp-json\/wp\/v2\/media?parent=231749"}],"wp:term":[{"taxonomy":"pwb-brand","embeddable":true,"href":"https:\/\/www.moskito.cz\/it\/wp-json\/wp\/v2\/pwb-brand?post=231749"},{"taxonomy":"product_brand","embeddable":true,"href":"https:\/\/www.moskito.cz\/it\/wp-json\/wp\/v2\/product_brand?post=231749"},{"taxonomy":"product_cat","embeddable":true,"href":"https:\/\/www.moskito.cz\/it\/wp-json\/wp\/v2\/product_cat?post=231749"},{"taxonomy":"product_tag","embeddable":true,"href":"https:\/\/www.moskito.cz\/it\/wp-json\/wp\/v2\/product_tag?post=231749"}],"curies":[{"name":"wp","href":"https:\/\/api.w.org\/{rel}","templated":true}]}}