{"id":231775,"date":"2022-11-27T12:01:13","date_gmt":"2022-11-27T11:01:13","guid":{"rendered":"https:\/\/www.moskito.cz\/?post_type=product&#038;p=231775"},"modified":"2025-05-07T10:44:18","modified_gmt":"2025-05-07T09:44:18","slug":"zaviraci-nuz-sog-vision-xr-lte-black-graphite","status":"publish","type":"product","link":"https:\/\/www.moskito.cz\/it\/produkt\/zaviraci-nuz-sog-vision-xr-lte-black-graphite\/","title":{"rendered":"Zav\u00edrac\u00ed N\u016f\u017e SOG VISION XR LTE BLACK GRAPHITE"},"content":{"rendered":"<p>Zav\u00edrac\u00ed N\u016f\u017e <strong>SOG<\/strong> VISION XR LTE BLACK GRAPHITE.<\/p>\n<p>Vlo\u017eky z uhl\u00edkov\u00fdch vl\u00e1ken sni\u017euj\u00ed hmotnost Vision XR LTE o 30 % ve srovn\u00e1n\u00ed se standardn\u00edm Vision XR. SOG Vision XR LTE je vybaven 3,18palcov\u00fdm kryogenicky tepeln\u011b zpracovan\u00fdm \u010depel\u00ed CTS XHP z nerezov\u00e9 oceli Tanto pro zv\u00fd\u0161enou pevnost a v\u0161eobecn\u00e9 pou\u017eit\u00ed a rukoje\u0165 G10 s ultra p\u0159ilnavost\u00ed. SOG&#8217;s XR Lock\u00ae umo\u017e\u0148uje hladk\u00e9 oboustrann\u00e9 otev\u00edr\u00e1n\u00ed jednou rukou t\u0159emi r\u016fzn\u00fdmi zp\u016fsoby s inovativn\u00edm pevn\u00fdm z\u00e1mkem \u010depele po otev\u0159en\u00ed, kter\u00fd poskytuje pocit a jistotu jako u pevn\u00e9 \u010depele. Kapesn\u00ed n\u016f\u017e SOG Vision XR, nezbytn\u00fd zav\u00edrac\u00ed n\u016f\u017e pro profesion\u00e1ly, je na vrcholu v\u00fdkonu a schopnost\u00ed.<\/p>\n<p>POSTAVENO PRO PROFESION\u00c1LY<br \/>\nDesign MK3 vyu\u017e\u00edv\u00e1 zp\u011btnou vazbu od u\u017eivatel\u016f a jeho c\u00edlem je zlep\u0161it v\u0161echny funkce, na kter\u00e9 se spol\u00e9h\u00e1 v situac\u00edch profesion\u00e1ln\u00edho pou\u017eit\u00ed, se zam\u011b\u0159en\u00edm na univerz\u00e1ln\u00ed u\u017eitek a bojov\u00e9 pou\u017eit\u00ed.<\/p>\n<p>VYROBENO PRO V\u00ddKON<br \/>\nVision XR LTE, nyn\u00ed o 30 % leh\u010d\u00ed, poskytuje dokonal\u00fd obrann\u00fd n\u00e1stroj pro v\u0161eobecn\u00e9 pou\u017eit\u00ed pro profesion\u00e1ln\u00ed u\u017eivatele v ter\u00e9nu.<\/p>\n<p>\u00da\u010cELN\u00dd DESIGN<br \/>\nVision MK3 je navr\u017een pro pevnost a spolehlivost s agresivn\u00ed rukojet\u00ed G10 a zcela oboustrann\u00fdm ovl\u00e1d\u00e1n\u00edm a snadn\u00fdm pou\u017eit\u00edm, s funkc\u00ed XR Lock a odolnou \u010depel\u00ed ve tvaru tanto.<\/p>\n<p>XR Z\u00c1MEK<br \/>\nSOG&#8217;s XR Lock\u00ae umo\u017e\u0148uje hladk\u00e9, kontrolovan\u00e9 otev\u00edr\u00e1n\u00ed jednou rukou, pokud je to zam\u00fd\u0161leno pomoc\u00ed otv\u00edr\u00e1ku, palec nebo zadr\u017eov\u00e1n\u00ed z\u00e1mku a vytahov\u00e1n\u00ed \u010depele. Poskytuje maxim\u00e1ln\u00ed vestav\u011bn\u00e9 zabezpe\u010den\u00ed \u010depele p\u0159i otev\u0159en\u00ed, schopn\u00e9 odolat s\u00edle 1500 liber.<\/p>\n<p>CRYO CTS XHP STEEL<br \/>\nVysoce tvrd\u00e1, korozi odoln\u00e1 ocel, kter\u00e1 je kryogenn\u011b tepeln\u011b zpracov\u00e1na podle jedine\u010dn\u00fdch v\u00fdkonnostn\u00edch specifikac\u00ed SOG. CTS XHP poskytuje ide\u00e1ln\u00ed kombinaci zachov\u00e1n\u00ed hran a odolnosti pro n\u00e1ro\u010dn\u00e9 pou\u017eit\u00ed s \u200b\u200bminim\u00e1ln\u00ed \u00fadr\u017ebou.<\/p>\n<p>AMBIDEXTRN\u00cd DESIGN<br \/>\nNavr\u017eeno pro oboustrann\u00e9 pou\u017eit\u00ed jednou rukou, se v\u0161emi funkcemi dostupn\u00fdmi ob\u011bma rukama, v\u010detn\u011b oto\u010dn\u00e9ho klipu pro no\u0161en\u00ed v lev\u00e9 nebo prav\u00e9 ruce.<\/p>\n<p>CELKOV\u00c1 VELIKOST: 204 g<br \/>\nDRUH POJISTKY: XR Lock<br \/>\nMATERI\u00c1L RUKOJETI: G10<br \/>\nMATERI\u00c1L POUZDRA: N\/A<br \/>\nTLOU\u0160\u0164KA \u010cEPELE: 3 mm<br \/>\nBARVA: Black<br \/>\nD\u00c9LKA RUKOJETI: 118 mm<br \/>\nOCEL: CRYO CTS XHP<br \/>\nHMOTNOST: 98 g<\/p>\n","protected":false},"excerpt":{"rendered":"<p><strong>SOG Vision XR<\/strong> je n\u016f\u017e s oboustrann\u00fdm hladk\u00fdm otev\u00edr\u00e1n\u00edm a pevnou pojistkou XR Lock\u00ae.<\/p>\n","protected":false},"featured_media":231776,"comment_status":"open","ping_status":"closed","template":"","meta":[],"pwb-brand":[591],"product_brand":[],"product_cat":[22,17],"product_tag":[3667],"class_list":{"0":"post-231775","1":"product","2":"type-product","3":"status-publish","4":"has-post-thumbnail","6":"pwb-brand-sog","7":"product_cat-zaviraci-noze","8":"product_cat-noze","9":"product_tag-b2b","11":"first","12":"instock","13":"taxable","14":"shipping-taxable","15":"purchasable","16":"product-type-simple"},"brands":[{"id":591,"name":"SOG","slug":"sog"}],"_links":{"self":[{"href":"https:\/\/www.moskito.cz\/it\/wp-json\/wp\/v2\/product\/231775","targetHints":{"allow":["GET"]}}],"collection":[{"href":"https:\/\/www.moskito.cz\/it\/wp-json\/wp\/v2\/product"}],"about":[{"href":"https:\/\/www.moskito.cz\/it\/wp-json\/wp\/v2\/types\/product"}],"replies":[{"embeddable":true,"href":"https:\/\/www.moskito.cz\/it\/wp-json\/wp\/v2\/comments?post=231775"}],"wp:featuredmedia":[{"embeddable":true,"href":"https:\/\/www.moskito.cz\/it\/wp-json\/wp\/v2\/media\/231776"}],"wp:attachment":[{"href":"https:\/\/www.moskito.cz\/it\/wp-json\/wp\/v2\/media?parent=231775"}],"wp:term":[{"taxonomy":"pwb-brand","embeddable":true,"href":"https:\/\/www.moskito.cz\/it\/wp-json\/wp\/v2\/pwb-brand?post=231775"},{"taxonomy":"product_brand","embeddable":true,"href":"https:\/\/www.moskito.cz\/it\/wp-json\/wp\/v2\/product_brand?post=231775"},{"taxonomy":"product_cat","embeddable":true,"href":"https:\/\/www.moskito.cz\/it\/wp-json\/wp\/v2\/product_cat?post=231775"},{"taxonomy":"product_tag","embeddable":true,"href":"https:\/\/www.moskito.cz\/it\/wp-json\/wp\/v2\/product_tag?post=231775"}],"curies":[{"name":"wp","href":"https:\/\/api.w.org\/{rel}","templated":true}]}}