{"id":232004,"date":"2022-11-28T22:33:38","date_gmt":"2022-11-28T21:33:38","guid":{"rendered":"https:\/\/www.moskito.cz\/?post_type=product&#038;p=232004"},"modified":"2025-05-07T10:44:22","modified_gmt":"2025-05-07T09:44:22","slug":"pevny-nuz-sog-recondo-fx-fde-partially-serrated","status":"publish","type":"product","link":"https:\/\/www.moskito.cz\/it\/produkt\/pevny-nuz-sog-recondo-fx-fde-partially-serrated\/","title":{"rendered":"Pevn\u00fd N\u016f\u017e SOG RECONDO FX FDE PARTIALLY SERRATED"},"content":{"rendered":"<p>Pevn\u00fd N\u016f\u017e <strong>SOG<\/strong> RECONDO FX FDE PARTIALLY SERRATED.<\/p>\n<p>Zcela modern\u00ed n\u016f\u017e s pevnou \u010depel\u00ed Recondo FX m\u016f\u017ee vysledovat svou bojovou linii a\u017e k po\u010d\u00e1tk\u016fm SOG. P\u0159elisovan\u00e1 pogumovan\u00e1 rukoje\u0165 umo\u017e\u0148uje optim\u00e1ln\u00ed dr\u017een\u00ed rukou ve v\u0161ech \u00fahlech prakticky ve v\u0161ech prost\u0159ed\u00edch. Celoplo\u0161n\u00e1 \u010depel CRYO 440C z nerezov\u00e9 oceli m\u00e1 vynikaj\u00edc\u00ed odolnost proti korozi a opot\u0159eben\u00ed. Pochva SOG kompatibiln\u00ed s UMS je oboustrann\u00e1 a poskytuje n\u011bkolik mo\u017enost\u00ed mont\u00e1\u017ee a je vybavena syst\u00e9mem nastavov\u00e1n\u00ed nap\u011bt\u00ed bez pou\u017eit\u00ed n\u00e1\u0159ad\u00ed, kter\u00fd umo\u017e\u0148uje dokonal\u00e9 nata\u017een\u00ed. V\u0161estrann\u00fd a p\u0159izp\u016fsobiv\u00fd, cel\u00fd sv\u011bt slou\u017e\u00ed jako drop z\u00f3na Recondo FX<\/p>\n<p>Navr\u017eeno tak, aby spl\u0148ovalo po\u017eadavky uniformovan\u00fdch profesion\u00e1l\u016f po cel\u00e9m sv\u011bt\u011b, se silou a funkc\u00ed pro ka\u017edou situaci.<\/p>\n<p>CRYO 440C<br \/>\nCeloplo\u0161n\u00e1 \u010depel CRYO 440C z nerezov\u00e9 oceli m\u00e1 vynikaj\u00edc\u00ed odolnost proti korozi a opot\u0159eben\u00ed.<\/p>\n<p>POUZDRO KOMPATIBILN\u00cd S UMS<br \/>\nObojru\u010dn\u00ed a poskytuje v\u00edce mo\u017enost\u00ed mont\u00e1\u017ee a je vybaven syst\u00e9mem nastavov\u00e1n\u00ed nap\u011bt\u00ed bez pou\u017eit\u00ed n\u00e1\u0159ad\u00ed, kter\u00fd umo\u017e\u0148uje dokonal\u00e9 ta\u017een\u00ed.<\/p>\n<p>POGUMOVAN\u00c1 RUKOJE\u0164<br \/>\nP\u0159elisovan\u00e1 pogumovan\u00e1 rukoje\u0165 umo\u017e\u0148uje optim\u00e1ln\u00ed dr\u017een\u00ed rukou ve v\u0161ech \u00fahlech prakticky ve v\u0161ech prost\u0159ed\u00edch.<\/p>\n<p>HMOTNOST: 150 g<br \/>\nTLOU\u0160\u0164KA \u010cEPELE: 4 mm<br \/>\nD\u00c9LKA \u010cEPELE: 117 mm<br \/>\nCELKOV\u00c1 VELIKOST: 244 mm<br \/>\nBARVA: FDE<br \/>\nMATERI\u00c1L POUZDRA: Polypropylene<br \/>\nOCEL: CRYO 440C<br \/>\nMATERI\u00c1L RUKOJETI: 30% GRN \/ TPU<\/p>\n","protected":false},"excerpt":{"rendered":"<p>Recondo FX je modern\u00ed arm\u00e1dn\u00ed n\u016f\u017e s pevnou \u010depel\u00ed.<\/p>\n","protected":false},"featured_media":232005,"comment_status":"open","ping_status":"closed","template":"","meta":[],"pwb-brand":[591],"product_brand":[],"product_cat":[23,17],"product_tag":[3667],"class_list":{"0":"post-232004","1":"product","2":"type-product","3":"status-publish","4":"has-post-thumbnail","6":"pwb-brand-sog","7":"product_cat-pevne-noze","8":"product_cat-noze","9":"product_tag-b2b","11":"first","12":"instock","13":"taxable","14":"shipping-taxable","15":"purchasable","16":"product-type-simple"},"brands":[{"id":591,"name":"SOG","slug":"sog"}],"_links":{"self":[{"href":"https:\/\/www.moskito.cz\/it\/wp-json\/wp\/v2\/product\/232004","targetHints":{"allow":["GET"]}}],"collection":[{"href":"https:\/\/www.moskito.cz\/it\/wp-json\/wp\/v2\/product"}],"about":[{"href":"https:\/\/www.moskito.cz\/it\/wp-json\/wp\/v2\/types\/product"}],"replies":[{"embeddable":true,"href":"https:\/\/www.moskito.cz\/it\/wp-json\/wp\/v2\/comments?post=232004"}],"wp:featuredmedia":[{"embeddable":true,"href":"https:\/\/www.moskito.cz\/it\/wp-json\/wp\/v2\/media\/232005"}],"wp:attachment":[{"href":"https:\/\/www.moskito.cz\/it\/wp-json\/wp\/v2\/media?parent=232004"}],"wp:term":[{"taxonomy":"pwb-brand","embeddable":true,"href":"https:\/\/www.moskito.cz\/it\/wp-json\/wp\/v2\/pwb-brand?post=232004"},{"taxonomy":"product_brand","embeddable":true,"href":"https:\/\/www.moskito.cz\/it\/wp-json\/wp\/v2\/product_brand?post=232004"},{"taxonomy":"product_cat","embeddable":true,"href":"https:\/\/www.moskito.cz\/it\/wp-json\/wp\/v2\/product_cat?post=232004"},{"taxonomy":"product_tag","embeddable":true,"href":"https:\/\/www.moskito.cz\/it\/wp-json\/wp\/v2\/product_tag?post=232004"}],"curies":[{"name":"wp","href":"https:\/\/api.w.org\/{rel}","templated":true}]}}