{"id":232058,"date":"2022-11-30T16:30:40","date_gmt":"2022-11-30T15:30:40","guid":{"rendered":"https:\/\/www.moskito.cz\/?post_type=product&#038;p=232058"},"modified":"2025-05-07T10:44:23","modified_gmt":"2025-05-07T09:44:23","slug":"zaviraci-nuz-magnum-catamaran","status":"publish","type":"product","link":"https:\/\/www.moskito.cz\/it\/produkt\/zaviraci-nuz-magnum-catamaran\/","title":{"rendered":"Zav\u00edrac\u00ed N\u016f\u017e Magnum Catamaran 01SC725"},"content":{"rendered":"<p>Zav\u00edrac\u00ed N\u016f\u017e <strong>Magnum<\/strong> Catamaran 01SC725.<\/p>\n<p>Optim\u00e1ln\u00ed n\u016f\u017e pro v\u0161echny, kte\u0159\u00ed preferuj\u00ed tr\u00e1vit sv\u016fj \u017eivot nebo voln\u00fd \u010das na otev\u0159en\u00e9m mo\u0159i. \u010c\u00e1ste\u010dn\u011b zoubkovan\u00e1 \u010depel vyroben\u00e1 z oceli 440A bez n\u00e1mahy p\u0159e\u0159e\u017ee lana, \u0161\u0148\u016fru nebo s\u00ed\u0165. Uzamykateln\u00fd marl\u00ednov\u00fd bodec v\u00fdrazn\u011b usnad\u0148uje uvol\u0148ov\u00e1n\u00ed pevn\u00fdch uzl\u016f. Na rukojeti n\u00e1mo\u0159nick\u00e9ho no\u017ee je namontov\u00e1n otv\u00edra\u010d pout. Pro ochranu no\u017ee p\u0159ed nedobrovoln\u00fdm ponorem je zde otvor pro \u0161\u0148\u016frku.<\/p>\n<p>Celkov\u00e1 d\u00e9lka: 18,2 cm<br \/>\nD\u00e9lka \u010depele: 7 cm<br \/>\nHmotnost: 155 g<br \/>\nTlou\u0161\u0165ka \u010depele: 2,6 mm<br \/>\nMateri\u00e1l \u010depele: 440A<\/p>\n<p>&nbsp;<\/p>\n<p>&nbsp;<\/p>\n","protected":false},"excerpt":{"rendered":"<p><strong>Optim\u00e1ln\u00ed n\u016f\u017e pro v\u0161echny, kte\u0159\u00ed preferuj\u00ed tr\u00e1vit sv\u016fj \u017eivot nebo voln\u00fd \u010das na otev\u0159en\u00e9m mo\u0159i.<\/strong><\/p>\n","protected":false},"featured_media":232059,"comment_status":"open","ping_status":"closed","template":"","meta":[],"pwb-brand":[140],"product_brand":[],"product_cat":[22,17],"product_tag":[3667],"class_list":{"0":"post-232058","1":"product","2":"type-product","3":"status-publish","4":"has-post-thumbnail","6":"pwb-brand-boker","7":"product_cat-zaviraci-noze","8":"product_cat-noze","9":"product_tag-b2b","11":"first","12":"outofstock","13":"taxable","14":"shipping-taxable","15":"purchasable","16":"product-type-simple"},"brands":[{"id":140,"name":"Boker","slug":"boker"}],"_links":{"self":[{"href":"https:\/\/www.moskito.cz\/it\/wp-json\/wp\/v2\/product\/232058","targetHints":{"allow":["GET"]}}],"collection":[{"href":"https:\/\/www.moskito.cz\/it\/wp-json\/wp\/v2\/product"}],"about":[{"href":"https:\/\/www.moskito.cz\/it\/wp-json\/wp\/v2\/types\/product"}],"replies":[{"embeddable":true,"href":"https:\/\/www.moskito.cz\/it\/wp-json\/wp\/v2\/comments?post=232058"}],"wp:featuredmedia":[{"embeddable":true,"href":"https:\/\/www.moskito.cz\/it\/wp-json\/wp\/v2\/media\/232059"}],"wp:attachment":[{"href":"https:\/\/www.moskito.cz\/it\/wp-json\/wp\/v2\/media?parent=232058"}],"wp:term":[{"taxonomy":"pwb-brand","embeddable":true,"href":"https:\/\/www.moskito.cz\/it\/wp-json\/wp\/v2\/pwb-brand?post=232058"},{"taxonomy":"product_brand","embeddable":true,"href":"https:\/\/www.moskito.cz\/it\/wp-json\/wp\/v2\/product_brand?post=232058"},{"taxonomy":"product_cat","embeddable":true,"href":"https:\/\/www.moskito.cz\/it\/wp-json\/wp\/v2\/product_cat?post=232058"},{"taxonomy":"product_tag","embeddable":true,"href":"https:\/\/www.moskito.cz\/it\/wp-json\/wp\/v2\/product_tag?post=232058"}],"curies":[{"name":"wp","href":"https:\/\/api.w.org\/{rel}","templated":true}]}}