{"id":232291,"date":"2022-12-03T21:57:06","date_gmt":"2022-12-03T20:57:06","guid":{"rendered":"https:\/\/www.moskito.cz\/?post_type=product&#038;p=232291"},"modified":"2025-05-07T10:44:32","modified_gmt":"2025-05-07T09:44:32","slug":"pevny-nuz-giantmouse-gmf3-green-canvas-micarta","status":"publish","type":"product","link":"https:\/\/www.moskito.cz\/it\/produkt\/pevny-nuz-giantmouse-gmf3-green-canvas-micarta\/","title":{"rendered":"Pevn\u00fd N\u016f\u017e GiantMouse GMF3 Green Canvas Micarta"},"content":{"rendered":"<p>Pevn\u00fd N\u016f\u017e <strong>GiantMouse<\/strong> GMF3 Green Canvas Micarta.<\/p>\n<p>\u0158ekli jsme to ji\u017e d\u0159\u00edve a \u0159ekneme to znovu&#8230; V GiantMouse d\u011bl\u00e1me v\u011bci trochu jinak. Proto jsme navrhli modern\u00ed n\u016f\u017e s pevnou \u010depel\u00ed s inspirac\u00ed ze star\u00e9 \u0161koly Khanjali.<\/p>\n<p>Ano, v\u00edme, \u017ee to vypad\u00e1 \u201ejinak\u201c. Ale to je v na\u0161\u00ed knize jen dob\u0159e, proto\u017ee je to design, kter\u00fd jednodu\u0161e funguje dob\u0159e a skv\u011ble se dr\u017e\u00ed v ruce. Abychom maximalizovali \u201en\u00e1strojov\u00fd\u201c potenci\u00e1l GMF3, pou\u017eili jsme \u010depel s rovn\u00fdm h\u0159betem s pln\u00fdm ploch\u00fdm brou\u0161en\u00edm a dr\u00e1\u017ekov\u00e1n\u00edm na spr\u00e1vn\u00e9m m\u00edst\u011b, co\u017e umo\u017e\u0148uje maxim\u00e1ln\u00ed tlak na p\u00e1te\u0159 \u010depele p\u0159i \u0159ez\u00e1n\u00ed. Proto\u017ee jsme z GMF3 cht\u011bli ud\u011blat univerz\u00e1ln\u00ed n\u016f\u017e na n\u00e1\u0159ad\u00ed pro vnit\u0159n\u00ed i venkovn\u00ed pou\u017eit\u00ed , zvolili jsme pro v\u00e1hy pl\u00e1t\u011bn\u00e9 Micarta , kter\u00e9 zajist\u00ed bezpe\u010dn\u00e9 uchopen\u00ed i ve vlhk\u00fdch podm\u00ednk\u00e1ch . A pro ty, kte\u0159\u00ed cht\u011bj\u00ed j\u00edt do Au Naturel, lze \u0161upiny snadno odstranit, co\u017e v\u00e1m poskytne fantastickou kostru no\u017ee . Pochva pro GMF3 je bezesporu ko\u017een\u00e1 pochva na opasek ru\u010dn\u011b vyroben\u00e1 v It\u00e1lii a funguje stejn\u011b dob\u0159e se \u0161upinami na no\u017ei i bez nich.<\/p>\n<p>SPECIFIKACE<\/p>\n<p>Materi\u00e1ly:<br \/>\n\u010cepel Ocel: N690 Kobaltov\u00e1 vysoce v\u00fdkonn\u00e1 ocel. Sat\u00e9nov\u00e9 proveden\u00ed.<br \/>\nRukoje\u0165 V\u00e1hy: Zelen\u00e9 pl\u00e1tno Micarta<br \/>\nPochva: K\u016f\u017ee &#8211; Ru\u010dn\u011b vyrobeno v It\u00e1lii<\/p>\n<p>Rozm\u011bry:<br \/>\nD\u00e9lka \u010depele: 3,25&#8243; (82,55 mm)<br \/>\nTlou\u0161\u0165ka \u010depele: 0,157&#8243; (4 mm)<br \/>\nD\u00e9lka rukojeti &#8211; 3,5&#8243; (88,9 mm)<br \/>\nTlou\u0161\u0165ka rukojeti &#8211; 0,4&#8243; (10,16 mm)<br \/>\nCelkov\u00e1 d\u00e9lka: 6,5&#8243; ( 165,1 mm )<br \/>\nHmotnost: 2,9 unce (82,2 g)<\/p>\n","protected":false},"excerpt":{"rendered":"<p>My\u0161lenka\u00a0<strong>GiantMouse<\/strong>\u00a0vznikla nad drinky jednoho ve\u010dera b\u011bhem americk\u00e9 show no\u017e\u016f v roce 2015. D\u00e1n\u0161t\u00ed design\u00e9\u0159i \/ no\u017e\u00ed\u0159i Jens Ans\u00f8 a Jesper Voxnaes (Vox) se spolu se sv\u00fdm americk\u00fdm podnikatelsk\u00fdm p\u0159\u00edtelem Jimem Wirthem rozhodli, \u017ee by mohli postavit lep\u0161\u00ed past na my\u0161i. mluvit. Zna\u010dka no\u017e\u016f, kter\u00e1 dok\u00e1\u017ee poskytnout \u00fa\u017easn\u00e9 designy no\u017e\u016f, s nejvy\u0161\u0161\u00ed mo\u017enou kvalitou v\u00fdroby, za f\u00e9rovou cenu a p\u0159itom z\u016fst\u00e1v\u00e1 \u00fazce zapojena do komunity sv\u00fdch z\u00e1kazn\u00edk\u016f.<\/p>\n<p><strong>Doprava zdarma.<\/strong><\/p>\n","protected":false},"featured_media":232295,"comment_status":"open","ping_status":"closed","template":"","meta":[],"pwb-brand":[3228],"product_brand":[],"product_cat":[23,17],"product_tag":[],"class_list":{"0":"post-232291","1":"product","2":"type-product","3":"status-publish","4":"has-post-thumbnail","6":"pwb-brand-giantmouse","7":"product_cat-pevne-noze","8":"product_cat-noze","10":"first","11":"instock","12":"taxable","13":"shipping-taxable","14":"purchasable","15":"product-type-simple"},"brands":[{"id":3228,"name":"GiantMouse","slug":"giantmouse"}],"_links":{"self":[{"href":"https:\/\/www.moskito.cz\/it\/wp-json\/wp\/v2\/product\/232291","targetHints":{"allow":["GET"]}}],"collection":[{"href":"https:\/\/www.moskito.cz\/it\/wp-json\/wp\/v2\/product"}],"about":[{"href":"https:\/\/www.moskito.cz\/it\/wp-json\/wp\/v2\/types\/product"}],"replies":[{"embeddable":true,"href":"https:\/\/www.moskito.cz\/it\/wp-json\/wp\/v2\/comments?post=232291"}],"wp:featuredmedia":[{"embeddable":true,"href":"https:\/\/www.moskito.cz\/it\/wp-json\/wp\/v2\/media\/232295"}],"wp:attachment":[{"href":"https:\/\/www.moskito.cz\/it\/wp-json\/wp\/v2\/media?parent=232291"}],"wp:term":[{"taxonomy":"pwb-brand","embeddable":true,"href":"https:\/\/www.moskito.cz\/it\/wp-json\/wp\/v2\/pwb-brand?post=232291"},{"taxonomy":"product_brand","embeddable":true,"href":"https:\/\/www.moskito.cz\/it\/wp-json\/wp\/v2\/product_brand?post=232291"},{"taxonomy":"product_cat","embeddable":true,"href":"https:\/\/www.moskito.cz\/it\/wp-json\/wp\/v2\/product_cat?post=232291"},{"taxonomy":"product_tag","embeddable":true,"href":"https:\/\/www.moskito.cz\/it\/wp-json\/wp\/v2\/product_tag?post=232291"}],"curies":[{"name":"wp","href":"https:\/\/api.w.org\/{rel}","templated":true}]}}