{"id":233817,"date":"2022-12-14T10:52:11","date_gmt":"2022-12-14T09:52:11","guid":{"rendered":"https:\/\/www.moskito.cz\/produkt\/tanto-flowers-z-uhlikove-oceli-aisi-1045-lestena-imitace-hamonu\/"},"modified":"2025-05-07T10:44:45","modified_gmt":"2025-05-07T09:44:45","slug":"tanto-flowers-z-uhlikove-oceli-aisi-1045-lestena-imitace-hamonu","status":"publish","type":"product","link":"https:\/\/www.moskito.cz\/it\/produkt\/tanto-flowers-z-uhlikove-oceli-aisi-1045-lestena-imitace-hamonu\/","title":{"rendered":"Tanto FLOWERS z uhl\u00edkov\u00e9 oceli AISI 1045, le\u0161t\u011bn\u00e1 imitace hamonu"},"content":{"rendered":"<p>Tanto  FLOWERS &#038; uhl\u00edkov\u00e1 ocel  AISI 1045 &#038;  zdoben\u00e1 saya<\/p>\n","protected":false},"excerpt":{"rendered":"<p>Tanto  FLOWERS &#038; uhl\u00edkov\u00e1 ocel  AISI 1045 &#038;  zdoben\u00e1 saya<\/p>\n","protected":false},"featured_media":233818,"comment_status":"closed","ping_status":"open","template":"","meta":[],"pwb-brand":[2081],"product_brand":[],"product_cat":[24,1942],"product_tag":[],"class_list":{"0":"post-233817","1":"product","2":"type-product","3":"status-publish","4":"has-post-thumbnail","6":"pwb-brand-kawashima","7":"product_cat-katany-a-mece","8":"product_cat-mece-dyky-repliky","10":"first","11":"outofstock","12":"purchasable","13":"product-type-simple"},"brands":[{"id":2081,"name":"Kawashima","slug":"kawashima"}],"_links":{"self":[{"href":"https:\/\/www.moskito.cz\/it\/wp-json\/wp\/v2\/product\/233817","targetHints":{"allow":["GET"]}}],"collection":[{"href":"https:\/\/www.moskito.cz\/it\/wp-json\/wp\/v2\/product"}],"about":[{"href":"https:\/\/www.moskito.cz\/it\/wp-json\/wp\/v2\/types\/product"}],"replies":[{"embeddable":true,"href":"https:\/\/www.moskito.cz\/it\/wp-json\/wp\/v2\/comments?post=233817"}],"wp:featuredmedia":[{"embeddable":true,"href":"https:\/\/www.moskito.cz\/it\/wp-json\/wp\/v2\/media\/233818"}],"wp:attachment":[{"href":"https:\/\/www.moskito.cz\/it\/wp-json\/wp\/v2\/media?parent=233817"}],"wp:term":[{"taxonomy":"pwb-brand","embeddable":true,"href":"https:\/\/www.moskito.cz\/it\/wp-json\/wp\/v2\/pwb-brand?post=233817"},{"taxonomy":"product_brand","embeddable":true,"href":"https:\/\/www.moskito.cz\/it\/wp-json\/wp\/v2\/product_brand?post=233817"},{"taxonomy":"product_cat","embeddable":true,"href":"https:\/\/www.moskito.cz\/it\/wp-json\/wp\/v2\/product_cat?post=233817"},{"taxonomy":"product_tag","embeddable":true,"href":"https:\/\/www.moskito.cz\/it\/wp-json\/wp\/v2\/product_tag?post=233817"}],"curies":[{"name":"wp","href":"https:\/\/api.w.org\/{rel}","templated":true}]}}