{"id":235788,"date":"2022-12-16T22:08:47","date_gmt":"2022-12-16T21:08:47","guid":{"rendered":"https:\/\/www.moskito.cz\/?post_type=product&#038;p=235788"},"modified":"2025-05-07T10:44:50","modified_gmt":"2025-05-07T09:44:50","slug":"vystrelovaci-nuz-cobratec-medium-grey-ctk-1-drop","status":"publish","type":"product","link":"https:\/\/www.moskito.cz\/it\/produkt\/vystrelovaci-nuz-cobratec-medium-grey-ctk-1-drop\/","title":{"rendered":"Vyst\u0159elovac\u00ed N\u016f\u017e CobraTec Medium Grey CTK-1 Drop"},"content":{"rendered":"<p>Vyst\u0159elovac\u00ed N\u016f\u017e <strong>CobraTec<\/strong> Medium Grey CTK-1 Drop<\/p>\n<p>CobraTec Grey CTK-1 dvou\u010dinn\u00fd OTF n\u016f\u017e.<\/p>\n<p>CTK-1 je jeden z nejlep\u0161\u00edch p\u0159edn\u00edch no\u017e\u016f (OTF) pro v\u0161eobecn\u00e9 pou\u017eit\u00ed a skv\u011bl\u00e1 volba pro ka\u017edodenn\u00ed no\u0161en\u00ed. Rukoje\u0165 je vyrobena z vysoce kvalitn\u00ed hlin\u00edkov\u00e9 slitiny a m\u00e1 \u010depel z oceli D2.<\/p>\n<p>N\u016f\u017e je oboustrann\u00fd, proto\u017ee kapesn\u00ed klip lze p\u0159epnout na kteroukoli stranu rukojeti, v z\u00e1vislosti na va\u0161ich preferenc\u00edch.<\/p>\n<p>Tento n\u016f\u017e OTF m\u00e1 kapesn\u00ed klip, rozb\u00edje\u010d skla pro p\u0159\u00edpad nouze a obsahuje nylonov\u00e9 pouzdro. Na v\u0161echny no\u017ee CobraTec OTF se vztahuje na\u0161e DO\u017dIVOTN\u00cd Z\u00c1RUKA .<\/p>\n<p>Zna\u010dka: CobraTec<br \/>\nCelkov\u00e1 d\u00e9lka: 20,30 cm<br \/>\nD\u00e9lka \u010depele: 7,00 cm<br \/>\nHmotnost: 141,00 g<br \/>\nMateri\u00e1l \u010depele: D2<br \/>\nMateri\u00e1l rukojeti: Hlin\u00edk<br \/>\nOtv\u00edr\u00e1k: Stiskn\u011bte tla\u010d\u00edtko<br \/>\nOtev\u00edrac\u00ed: Automatick\u00fd<br \/>\nTyp z\u00e1mku: OTF<br \/>\nBarva: \u0160ed\u00e1<br \/>\nBarva \u010depele: Nepota\u017een\u00e9<\/p>\n<p><iframe title=\"CobraTec Medium CTK 1\" width=\"800\" height=\"450\" src=\"https:\/\/www.youtube.com\/embed\/fl-Lz9Hgy7o?feature=oembed\" frameborder=\"0\" allow=\"accelerometer; autoplay; clipboard-write; encrypted-media; gyroscope; picture-in-picture\" allowfullscreen><\/iframe><\/p>\n<p>&nbsp;<\/p>\n","protected":false},"excerpt":{"rendered":"<p>Ka\u017ed\u00fd n\u016f\u017e\u00a0<strong>CobraTec\u00ae<\/strong>\u00a0je dod\u00e1v\u00e1n s\u00a0 do\u017eivotn\u00ed z\u00e1rukou.<\/p>\n<p><strong>Doprava zdarma.<\/strong><\/p>\n","protected":false},"featured_media":235789,"comment_status":"open","ping_status":"closed","template":"","meta":[],"pwb-brand":[3241],"product_brand":[],"product_cat":[2019,17],"product_tag":[],"class_list":{"0":"post-235788","1":"product","2":"type-product","3":"status-publish","4":"has-post-thumbnail","6":"pwb-brand-cobratec-2","7":"product_cat-vystrelovaci-noze","8":"product_cat-noze","10":"first","11":"outofstock","12":"taxable","13":"shipping-taxable","14":"purchasable","15":"product-type-simple"},"brands":[{"id":3241,"name":"CobraTec","slug":"cobratec-2"}],"_links":{"self":[{"href":"https:\/\/www.moskito.cz\/it\/wp-json\/wp\/v2\/product\/235788","targetHints":{"allow":["GET"]}}],"collection":[{"href":"https:\/\/www.moskito.cz\/it\/wp-json\/wp\/v2\/product"}],"about":[{"href":"https:\/\/www.moskito.cz\/it\/wp-json\/wp\/v2\/types\/product"}],"replies":[{"embeddable":true,"href":"https:\/\/www.moskito.cz\/it\/wp-json\/wp\/v2\/comments?post=235788"}],"wp:featuredmedia":[{"embeddable":true,"href":"https:\/\/www.moskito.cz\/it\/wp-json\/wp\/v2\/media\/235789"}],"wp:attachment":[{"href":"https:\/\/www.moskito.cz\/it\/wp-json\/wp\/v2\/media?parent=235788"}],"wp:term":[{"taxonomy":"pwb-brand","embeddable":true,"href":"https:\/\/www.moskito.cz\/it\/wp-json\/wp\/v2\/pwb-brand?post=235788"},{"taxonomy":"product_brand","embeddable":true,"href":"https:\/\/www.moskito.cz\/it\/wp-json\/wp\/v2\/product_brand?post=235788"},{"taxonomy":"product_cat","embeddable":true,"href":"https:\/\/www.moskito.cz\/it\/wp-json\/wp\/v2\/product_cat?post=235788"},{"taxonomy":"product_tag","embeddable":true,"href":"https:\/\/www.moskito.cz\/it\/wp-json\/wp\/v2\/product_tag?post=235788"}],"curies":[{"name":"wp","href":"https:\/\/api.w.org\/{rel}","templated":true}]}}