{"id":236387,"date":"2022-12-22T21:43:33","date_gmt":"2022-12-22T20:43:33","guid":{"rendered":"https:\/\/www.moskito.cz\/?post_type=product&#038;p=236387"},"modified":"2025-05-07T10:45:06","modified_gmt":"2025-05-07T09:45:06","slug":"vystrelovaci-nuz-microtech-troodon-mini-dagger-bronze-238-13","status":"publish","type":"product","link":"https:\/\/www.moskito.cz\/it\/produkt\/vystrelovaci-nuz-microtech-troodon-mini-dagger-bronze-238-13\/","title":{"rendered":"Vyst\u0159elovac\u00ed N\u016f\u017e Microtech Troodon Mini Dagger Bronze 238-13"},"content":{"rendered":"<p>Vyst\u0159elovac\u00ed N\u016f\u017e <strong>Microtech<\/strong> Troodon Mini Dagger Bronze 238-13.<\/p>\n<p>Troodon Mini je na zlomku velikosti dokonce i b\u011b\u017en\u00e9ho Troodonu a m\u00e1 \u0161t\u00edhl\u00fd design, rukoje\u0165 se t\u0159emi prsty a ak\u010dn\u00ed mechanismus snadn\u011bj\u0161\u00edho vyst\u0159elov\u00e1n\u00ed. Design vyhovuje \u0161ir\u0161\u00edmu publiku, kter\u00e9 pot\u0159ebuje ka\u017edodenn\u00ed no\u0161en\u00ed utilit\u00e1rn\u00ed funk\u010dnosti OTF, ani\u017e by se musel pot\u00fdkat s Troodonem v pln\u00e9 velikosti. Je dokonce dost mal\u00fd na to, aby byl klipem na pen\u00edze, ale byl postaven tak, aby v p\u0159\u00edpad\u011b pot\u0159eby fungoval jako Microtech.<\/p>\n<p>No\u017ee Troodon spole\u010dnosti Microtech jsou pojmenov\u00e1ny po dinosaurovi, kter\u00fd mu p\u0159edch\u00e1zel. Troodon Mini je p\u016fsobiv\u00fd n\u016f\u017e CA Legal OTF s vynikaj\u00edc\u00ed akc\u00ed jednou rukou a v\u00fdrazn\u00fdm pocitem v ruce.<\/p>\n<p>Na rukojeti je ocelov\u00fd rozb\u00edje\u010d skla, kapesn\u00ed spona.<\/p>\n<p>Celkov\u00e1 d\u00e9lka: 5,45 \u201c (138,43 mm)<br \/>\nZav\u0159en\u00e1 d\u00e9lka: 3,45 \u201c (87,63 mm)<br \/>\nD\u00e9lka \u010depele: 1,99 \u201c (50,546 mm)<br \/>\nTlou\u0161\u0165ka \u010depele: 0,095 \u201c (2,413 mm)<br \/>\nPovrchov\u00e1 \u00faprava \u010depele: Stonewashed Bronze<br \/>\nMateri\u00e1l rukojeti: \u010dern\u00fd hlin\u00edk<br \/>\nKapesn\u00ed klip: hrot dol\u016f<br \/>\nHmotnost: 2,2 oz (62,37 g)<br \/>\nZem\u011b p\u016fvodu: USA<\/p>\n<p>&nbsp;<\/p>\n","protected":false},"excerpt":{"rendered":"<p>V pr\u016fb\u011bhu let\u00a0<strong>Microtech\u00ae Knives<\/strong>\u00a0naplnil v\u00e1\u0161n\u00ed a dovednost\u00ed v\u00fdrobu no\u017e\u016f, a\u017e z nich vytvo\u0159il t\u00e9m\u011b\u0159 um\u011bleck\u00e1 d\u00edla,kter\u00e9 jsou vrcholem funk\u010dnosti. V\u0161echny d\u00edly jsou vyrobeny v USA.<br \/>\n<strong>Na v\u0161echny no\u017ee Microtech je do\u017eivotn\u00ed z\u00e1ruka.<\/strong><\/p>\n<p><strong>Doprava zdarma.<\/strong><\/p>\n","protected":false},"featured_media":236388,"comment_status":"open","ping_status":"closed","template":"","meta":[],"pwb-brand":[431],"product_brand":[],"product_cat":[2019,17],"product_tag":[3667],"class_list":{"0":"post-236387","1":"product","2":"type-product","3":"status-publish","4":"has-post-thumbnail","6":"pwb-brand-microtech","7":"product_cat-vystrelovaci-noze","8":"product_cat-noze","9":"product_tag-b2b","11":"first","12":"outofstock","13":"taxable","14":"shipping-taxable","15":"purchasable","16":"product-type-simple"},"brands":[{"id":431,"name":"Microtech","slug":"microtech"}],"_links":{"self":[{"href":"https:\/\/www.moskito.cz\/it\/wp-json\/wp\/v2\/product\/236387","targetHints":{"allow":["GET"]}}],"collection":[{"href":"https:\/\/www.moskito.cz\/it\/wp-json\/wp\/v2\/product"}],"about":[{"href":"https:\/\/www.moskito.cz\/it\/wp-json\/wp\/v2\/types\/product"}],"replies":[{"embeddable":true,"href":"https:\/\/www.moskito.cz\/it\/wp-json\/wp\/v2\/comments?post=236387"}],"wp:featuredmedia":[{"embeddable":true,"href":"https:\/\/www.moskito.cz\/it\/wp-json\/wp\/v2\/media\/236388"}],"wp:attachment":[{"href":"https:\/\/www.moskito.cz\/it\/wp-json\/wp\/v2\/media?parent=236387"}],"wp:term":[{"taxonomy":"pwb-brand","embeddable":true,"href":"https:\/\/www.moskito.cz\/it\/wp-json\/wp\/v2\/pwb-brand?post=236387"},{"taxonomy":"product_brand","embeddable":true,"href":"https:\/\/www.moskito.cz\/it\/wp-json\/wp\/v2\/product_brand?post=236387"},{"taxonomy":"product_cat","embeddable":true,"href":"https:\/\/www.moskito.cz\/it\/wp-json\/wp\/v2\/product_cat?post=236387"},{"taxonomy":"product_tag","embeddable":true,"href":"https:\/\/www.moskito.cz\/it\/wp-json\/wp\/v2\/product_tag?post=236387"}],"curies":[{"name":"wp","href":"https:\/\/api.w.org\/{rel}","templated":true}]}}