{"id":237625,"date":"2023-01-18T21:13:21","date_gmt":"2023-01-18T20:13:21","guid":{"rendered":"https:\/\/www.moskito.cz\/?post_type=product&#038;p=237625"},"modified":"2025-05-07T10:45:29","modified_gmt":"2025-05-07T09:45:29","slug":"vystrelovaci-nuz-microtech-signature-ultratech-warhound-bronze-wharncliffe-119w-13s","status":"publish","type":"product","link":"https:\/\/www.moskito.cz\/it\/produkt\/vystrelovaci-nuz-microtech-signature-ultratech-warhound-bronze-wharncliffe-119w-13s\/","title":{"rendered":"Vyst\u0159elovac\u00ed N\u016f\u017e Microtech Signature Ultratech Warhound Bronze Wharncliffe 119W-13S"},"content":{"rendered":"<p>Vyst\u0159elovac\u00ed N\u016f\u017e <strong>Microtech<\/strong> Signature Ultratech Warhound Bronze Wharncliffe 119W-13S<\/p>\n<p>Ultratech nav\u017edy nastav\u00ed standard pro v\u0161echny p\u0159edn\u00ed no\u017ee. Ultratech je origin\u00e1ln\u00ed dvou\u010dinn\u00fd p\u0159edn\u00ed n\u016f\u017e Microtech a byl z\u00e1kladem cel\u00e9 jejich \u0159ady OTF. V pr\u016fb\u011bhu let pro\u0161el n\u011bkolika \u00fapravami, poka\u017ed\u00e9 se stal \u00fa\u010dinn\u011bj\u0161\u00edm a spolehliv\u011bj\u0161\u00edm. Tato verze m\u00e1 vylep\u0161enou texturu tri-grip na palcov\u00e9m skl\u00ed\u010dku pro pozitivn\u011bj\u0161\u00ed n\u00e1kup a zaoblen\u00fd, ale funk\u010dn\u00ed rozb\u00edje\u010d skla. \u010cern\u00e1 barva hlin\u00edkov\u00e9 rukojeti je kr\u00e1sn\u00fd vzhled oproti st\u0159\u00edbrn\u00e9 barv\u011b hardwaru a kapesn\u00ed spony. Pru\u017eina Ultratechu z\u016fst\u00e1v\u00e1 v \u201eklidov\u00e9\u201c poloze po celou dobu, s v\u00fdjimkou rozta\u017een\u00ed. T\u00edm je zaji\u0161t\u011bno, \u017ee se stla\u010den\u00e1 pru\u017eina neunav\u00ed, co\u017e u\u017eivatel\u016fm zaji\u0161\u0165uje, \u017ee bude efektivn\u011b fungovat, kdy\u017e je n\u016f\u017e vyst\u0159elen. Ultratech je lehk\u00fd, jednoru\u010dn\u00ed otev\u00edr\u00e1n\u00ed a zav\u00edr\u00e1n\u00ed, tenk\u00fd tvar a ostr\u00e1 \u010depel Warhound Wharncliffe z n\u011bj d\u011blaj\u00ed jedine\u010dn\u00fd n\u016f\u017e, kter\u00fd je k dispozici pouze prost\u0159ednictv\u00edm Microtech. Tento n\u016f\u017e znovu a znovu prok\u00e1zal, \u017ee odol\u00e1 jak\u00e9koli p\u0159ek\u00e1\u017ece.<\/p>\n<p>Specifikace<br \/>\nAutomatick\u00e9 otev\u00edr\u00e1n\u00ed\/zav\u00edr\u00e1n\u00ed \u2013 p\u0159edn\u00ed otv\u00edr\u00e1k<br \/>\nAkce: Dvoj\u00ed akce \u2013 Automatick\u00fd v\u00fdst\u0159el\/zata\u017een\u00ed<br \/>\nVezm\u011bte pros\u00edm na v\u011bdom\u00ed, \u017ee ocel \u010depele nelze p\u0159edem specifikovat, proto\u017ee se m\u016f\u017ee m\u011bnit v z\u00e1vislosti na dostupnosti (informace od Microtech)<br \/>\nD\u00e9lka \u010depele: 8.65 cm<br \/>\nStyl \u010depele: Warhound, Bronz<br \/>\nTlou\u0161\u0165ka rukojeti: 1.6 cm<br \/>\nMateri\u00e1l rukojeti: Black Mil-Spec Hard Coat Eloxovan\u00fd hlin\u00edk 6061-T6<br \/>\nD\u00e9lka v otev\u0159en\u00e9m stavu: 21 cm<br \/>\nMateri\u00e1l kapesn\u00ed spony: 301 Stainless<br \/>\nStandardn\u00ed horn\u00ed: 6061-T6 AL slitina<br \/>\nSpou\u0161\u0165: 303 Nerez<br \/>\nHmotnost: 3,4 oz.<br \/>\nRozb\u00edje\u010d oken<br \/>\nVyrobeno v USA<\/p>\n","protected":false},"excerpt":{"rendered":"<div class=\"elementor-element elementor-element-8cbcbcd elementor-widget elementor-widget-woocommerce-product-title elementor-page-title elementor-widget-heading\" data-id=\"8cbcbcd\" data-element_type=\"widget\" data-widget_type=\"woocommerce-product-title.default\">\n<div class=\"elementor-widget-container\">\n<h1 class=\"product_title entry-title elementor-heading-title elementor-size-default\"><span style=\"font-size: 16px;\">V pr\u016fb\u011bhu let <\/span><strong style=\"font-size: 16px;\">Microtech\u00ae Knives<\/strong><span style=\"font-size: 16px;\">\u00a0naplnil v\u00e1\u0161n\u00ed a dovednost\u00ed v\u00fdrobu no\u017e\u016f, a\u017e z nich vytvo\u0159il t\u00e9m\u011b\u0159 um\u011bleck\u00e1 d\u00edla,kter\u00e9 jsou vrcholem funk\u010dnosti.V\u0161echny d\u00edly jsou vyrobeny v USA.<\/span><\/h1>\n<\/div>\n<\/div>\n<div class=\"elementor-element elementor-element-bbb542b elementor-widget elementor-widget-woocommerce-product-short-description\" data-id=\"bbb542b\" data-element_type=\"widget\" data-widget_type=\"woocommerce-product-short-description.default\">\n<div class=\"elementor-widget-container\">\n<div class=\"woocommerce-product-details__short-description\">\n<p><strong>Na v\u0161echny no\u017ee Microtech je do\u017eivotn\u00ed z\u00e1ruka.<\/strong><\/p>\n<p><strong>Doprava zdarma.<\/strong><\/p>\n<\/div>\n<\/div>\n<\/div>\n","protected":false},"featured_media":237626,"comment_status":"open","ping_status":"closed","template":"","meta":[],"pwb-brand":[431],"product_brand":[],"product_cat":[2019,17],"product_tag":[3667],"class_list":{"0":"post-237625","1":"product","2":"type-product","3":"status-publish","4":"has-post-thumbnail","6":"pwb-brand-microtech","7":"product_cat-vystrelovaci-noze","8":"product_cat-noze","9":"product_tag-b2b","11":"first","12":"outofstock","13":"taxable","14":"shipping-taxable","15":"purchasable","16":"product-type-simple"},"brands":[{"id":431,"name":"Microtech","slug":"microtech"}],"_links":{"self":[{"href":"https:\/\/www.moskito.cz\/it\/wp-json\/wp\/v2\/product\/237625","targetHints":{"allow":["GET"]}}],"collection":[{"href":"https:\/\/www.moskito.cz\/it\/wp-json\/wp\/v2\/product"}],"about":[{"href":"https:\/\/www.moskito.cz\/it\/wp-json\/wp\/v2\/types\/product"}],"replies":[{"embeddable":true,"href":"https:\/\/www.moskito.cz\/it\/wp-json\/wp\/v2\/comments?post=237625"}],"wp:featuredmedia":[{"embeddable":true,"href":"https:\/\/www.moskito.cz\/it\/wp-json\/wp\/v2\/media\/237626"}],"wp:attachment":[{"href":"https:\/\/www.moskito.cz\/it\/wp-json\/wp\/v2\/media?parent=237625"}],"wp:term":[{"taxonomy":"pwb-brand","embeddable":true,"href":"https:\/\/www.moskito.cz\/it\/wp-json\/wp\/v2\/pwb-brand?post=237625"},{"taxonomy":"product_brand","embeddable":true,"href":"https:\/\/www.moskito.cz\/it\/wp-json\/wp\/v2\/product_brand?post=237625"},{"taxonomy":"product_cat","embeddable":true,"href":"https:\/\/www.moskito.cz\/it\/wp-json\/wp\/v2\/product_cat?post=237625"},{"taxonomy":"product_tag","embeddable":true,"href":"https:\/\/www.moskito.cz\/it\/wp-json\/wp\/v2\/product_tag?post=237625"}],"curies":[{"name":"wp","href":"https:\/\/api.w.org\/{rel}","templated":true}]}}