{"id":238390,"date":"2023-01-25T22:16:10","date_gmt":"2023-01-25T21:16:10","guid":{"rendered":"https:\/\/www.moskito.cz\/?post_type=product&#038;p=238390"},"modified":"2025-05-07T10:45:47","modified_gmt":"2025-05-07T09:45:47","slug":"zaviraci-nuz-rike-knife-1508s-b","status":"publish","type":"product","link":"https:\/\/www.moskito.cz\/it\/produkt\/zaviraci-nuz-rike-knife-1508s-b\/","title":{"rendered":"Zav\u00edrac\u00ed N\u016f\u017e Rike Knife 1508s-B"},"content":{"rendered":"<p>Zav\u00edrac\u00ed N\u016f\u017e <strong>Rike Knife<\/strong> 1508s-B<\/p>\n<p>Rikeknife byl zalo\u017een v roce 2008 v Yangjiang, Guangdong, \u010c\u00edna a je jedn\u00edm z v\u00fdrobc\u016f vysoce kvalitn\u00edch no\u017e\u016f. Inovativn\u00ed design a nejvy\u0161\u0161\u00ed kvalita jsou u Rikeknife velmi d\u016fle\u017eit\u00e9.<\/p>\n<p>Rikeknife 1508S je integr\u00e1ln\u00ed zav\u00edrac\u00ed n\u016f\u017e. N\u016f\u017e m\u00e1 ergonomickou rukoje\u0165 vyfr\u00e9zovanou z jednoho kusu titanu. R\u016fzn\u00e9 drobn\u00e9 detaily dod\u00e1vaj\u00ed no\u017e\u016fm Rikeknife jejich jedine\u010dn\u00fd modern\u00ed vzhled.<\/p>\n<p>\u010cepel z vysoce v\u00fdkonn\u00e9 oceli B\u00f6hler M390 b\u011b\u017e\u00ed na kuli\u010dkov\u00fdch lo\u017eisk\u00e1ch (keramick\u00e1 kuli\u010dkov\u00e1 lo\u017eiska), d\u00edky \u010demu\u017e se n\u016f\u017e pomoc\u00ed flipperu otev\u00edr\u00e1 extr\u00e9mn\u011b rychle.<\/p>\n<p>Rikeknife 1508S je vybaven fr\u00e9zovanou titanovou kapesn\u00ed sponou, kter\u00e1 umo\u017e\u0148uje nosit n\u016f\u017e hluboko v kapse. Rukoje\u0165 je vyrobena z 3D fr\u00e9zovan\u00e9ho titanu<\/p>\n<p>Pevn\u00fd r\u00e1mov\u00fd z\u00e1mek zaji\u0161\u0165uje \u010depel v otev\u0159en\u00e9 poloze. Z\u00e1vora je vybavena ocelovou vlo\u017ekou, co\u017e znamen\u00e1, \u017ee ocel p\u0159i otev\u00edr\u00e1n\u00ed naj\u00ed\u017ed\u00ed na ocel, co\u017e chr\u00e1n\u00ed z\u00e1mek titanov\u00e9ho r\u00e1mu a sni\u017euje tak opot\u0159eben\u00ed. Zamyk\u00e1n\u00ed z\u016fst\u00e1v\u00e1 perfektn\u00ed po cel\u00e1 l\u00e9ta.<\/p>\n<p>Sou\u010d\u00e1st\u00ed je pouzdro na zip a zna\u010dkov\u00fd \u010dist\u00edc\u00ed had\u0159\u00edk.<\/p>\n<p>Technick\u00e1 data:<br \/>\nMateri\u00e1l \u010depele: B\u00f6hler M390, sat\u00e9nov\u00fd povrch a tryskan\u00fd<br \/>\nMateri\u00e1l rukojeti: titan, brou\u0161en\u00fd do kamene a mod\u0159e eloxovan\u00fd<br \/>\nCelkov\u00e1 d\u00e9lka: cca 194 mm<\/p>\n<p>D\u00e9lka \u010depele: cca 82 mm<br \/>\nTlou\u0161\u0165ka \u010depele: cca 4 mm<br \/>\nHmotnost: cca 91 gram\u016f<br \/>\nPom\u016fcka pro otev\u00edr\u00e1n\u00ed: Flipper<br \/>\nZamyk\u00e1n\u00ed: Frame Lock<\/p>\n","protected":false},"excerpt":{"rendered":"<p><strong>Rikeknife<\/strong>\u00a0je origin\u00e1ln\u00ed zna\u010dka navr\u017een\u00e1 na\u0161\u00edm zakladatelem Richardem Wu. Je dlouholet\u00fdm nad\u0161encem do no\u017e\u016f, m\u00e1 zku\u0161enosti s mechanick\u00fdm designem a v\u00fdrobou, neust\u00e1le usiluje o dokonalost a detailn\u00ed dokonalost ve v\u0161ech designech no\u017e\u016f vyr\u00e1b\u011bn\u00fdch\u00a0<strong>Rikeknife<\/strong>.<\/p>\n<p><strong>Doprava zdarma.<\/strong><\/p>\n","protected":false},"featured_media":238391,"comment_status":"open","ping_status":"closed","template":"","meta":[],"pwb-brand":[1318],"product_brand":[],"product_cat":[22,17],"product_tag":[],"class_list":{"0":"post-238390","1":"product","2":"type-product","3":"status-publish","4":"has-post-thumbnail","6":"pwb-brand-rike-knife","7":"product_cat-zaviraci-noze","8":"product_cat-noze","10":"first","11":"instock","12":"taxable","13":"shipping-taxable","14":"purchasable","15":"product-type-simple"},"brands":[{"id":1318,"name":"Rike Knife","slug":"rike-knife"}],"_links":{"self":[{"href":"https:\/\/www.moskito.cz\/it\/wp-json\/wp\/v2\/product\/238390","targetHints":{"allow":["GET"]}}],"collection":[{"href":"https:\/\/www.moskito.cz\/it\/wp-json\/wp\/v2\/product"}],"about":[{"href":"https:\/\/www.moskito.cz\/it\/wp-json\/wp\/v2\/types\/product"}],"replies":[{"embeddable":true,"href":"https:\/\/www.moskito.cz\/it\/wp-json\/wp\/v2\/comments?post=238390"}],"wp:featuredmedia":[{"embeddable":true,"href":"https:\/\/www.moskito.cz\/it\/wp-json\/wp\/v2\/media\/238391"}],"wp:attachment":[{"href":"https:\/\/www.moskito.cz\/it\/wp-json\/wp\/v2\/media?parent=238390"}],"wp:term":[{"taxonomy":"pwb-brand","embeddable":true,"href":"https:\/\/www.moskito.cz\/it\/wp-json\/wp\/v2\/pwb-brand?post=238390"},{"taxonomy":"product_brand","embeddable":true,"href":"https:\/\/www.moskito.cz\/it\/wp-json\/wp\/v2\/product_brand?post=238390"},{"taxonomy":"product_cat","embeddable":true,"href":"https:\/\/www.moskito.cz\/it\/wp-json\/wp\/v2\/product_cat?post=238390"},{"taxonomy":"product_tag","embeddable":true,"href":"https:\/\/www.moskito.cz\/it\/wp-json\/wp\/v2\/product_tag?post=238390"}],"curies":[{"name":"wp","href":"https:\/\/api.w.org\/{rel}","templated":true}]}}