{"id":238509,"date":"2023-01-26T22:40:55","date_gmt":"2023-01-26T21:40:55","guid":{"rendered":"https:\/\/www.moskito.cz\/?post_type=product&#038;p=238509"},"modified":"2025-05-07T10:45:49","modified_gmt":"2025-05-07T09:45:49","slug":"vystrelovaci-nuz-microtech-138-10drd","status":"publish","type":"product","link":"https:\/\/www.moskito.cz\/it\/produkt\/vystrelovaci-nuz-microtech-138-10drd\/","title":{"rendered":"Vyst\u0159elovac\u00ed N\u016f\u017e Microtech Troodon 138-10DRD"},"content":{"rendered":"<p>Vyst\u0159elovac\u00ed N\u016f\u017e <strong>Microtech<\/strong> Troodon 138-10DRD<\/p>\n<p>Troodon je o 25 % men\u0161\u00ed ne\u017e Combat Troodon, vyzna\u010duje se \u0161t\u00edhl\u00fdm designem a sn\u00e1ze vyst\u0159eliteln\u00fdm ak\u010dn\u00edm mechanismem. Design vych\u00e1z\u00ed vst\u0159\u00edc \u0161ir\u0161\u00edmu publiku, kter\u00e9 pot\u0159ebuje utilit\u00e1rn\u00ed funkcionalitu OTF, ale bez t\u00edhy plnohodnotn\u00e9ho Combat Troodon.<\/p>\n<p>N\u016f\u017e Microtech Troodon OTF (vp\u0159edu) je pojmenov\u00e1n po dinosaurovi Troodon (Troh O Don) a m\u00e1 jednob\u0159itou \u010depel. 3\u2033 \u010depel ve stylu sklopn\u00e9ho bodu lze ovl\u00e1dat ru\u010dn\u011b pomoc\u00ed posuvn\u00e9ho palce um\u00edst\u011bn\u00e9ho na rukojeti. Hlin\u00edkov\u00e1 rukoje\u0165 Microtech Troodon T6 6061 m\u011b\u0159\u00ed 4,25\u2033 a m\u00e1 dr\u00e1\u017eky pro prsty pro lep\u0161\u00ed uchopen\u00ed. Je vybavena koncem pro rozb\u00edjen\u00ed skla a obsahuje kapesn\u00ed klip a kapsu se stahovac\u00ed \u0161\u0148\u016frkou. Troodon p\u00e1l\u00ed tvrd\u011b a poskytuje takov\u00fd v\u00fdkon, jak\u00fd byste o\u010dek\u00e1vali od v\u00fdtvoru Microtech Knives. Vynikaj\u00edc\u00ed volba taktick\u00e9ho no\u017ee pro ty, kte\u0159\u00ed cht\u011bj\u00ed spolehlivost a schopnosti v ter\u00e9nu.<\/p>\n<p>Celkov\u00e1 d\u00e9lka: 7,64\u2033 (194 mm)<br \/>\nD\u00e9lka v zav\u0159en\u00e9m stavu: 4,57\u2033 (116 mm)<br \/>\nD\u00e9lka \u010depele: 3,08\u2033 (78 mm)<br \/>\nD\u00e9lka \u0159ezn\u00e9 hrany: 2,96\u2033 (75 mm)<br \/>\nTlou\u0161\u0165ka \u010depele: 0,079\u2033 (2 mm)\u2033<br \/>\n\u010cepel:\u00a0 Apokalyptick\u00e1, D\/E<br \/>\nRukoje\u0165: 4,2\u2033 HLIN\u00cdKOVA<br \/>\nOtv\u00edr\u00e1k: OTF Thumb Slider<br \/>\nHmotnost: 3 oz.<br \/>\nModel: 138-10DRD<\/p>\n<p><iframe title=\"Microtech Combat Troodon Torture Test\" width=\"800\" height=\"450\" src=\"https:\/\/www.youtube.com\/embed\/xE9TeOFYEjg?feature=oembed\" frameborder=\"0\" allow=\"accelerometer; autoplay; clipboard-write; encrypted-media; gyroscope; picture-in-picture; web-share\" allowfullscreen><\/iframe><\/p>\n<p>&nbsp;<\/p>\n","protected":false},"excerpt":{"rendered":"<p>V pr\u016fb\u011bhu let\u00a0<strong>Microtech\u00ae Knives<\/strong>\u00a0naplnil v\u00e1\u0161n\u00ed a dovednost\u00ed v\u00fdrobu no\u017e\u016f, a\u017e z nich vytvo\u0159il t\u00e9m\u011b\u0159 um\u011bleck\u00e1 d\u00edla,kter\u00e9 jsou vrcholem funk\u010dnosti.V\u0161echny d\u00edly jsou vyrobeny v USA.<br \/>\n<strong>Na v\u0161echny no\u017ee Microtech je do\u017eivotn\u00ed z\u00e1ruka.<\/strong><\/p>\n<p><strong>Doprava zdarma.<\/strong><\/p>\n","protected":false},"featured_media":238510,"comment_status":"open","ping_status":"closed","template":"","meta":[],"pwb-brand":[431],"product_brand":[],"product_cat":[2019,17],"product_tag":[3667],"class_list":{"0":"post-238509","1":"product","2":"type-product","3":"status-publish","4":"has-post-thumbnail","6":"pwb-brand-microtech","7":"product_cat-vystrelovaci-noze","8":"product_cat-noze","9":"product_tag-b2b","11":"first","12":"instock","13":"taxable","14":"shipping-taxable","15":"purchasable","16":"product-type-simple"},"brands":[{"id":431,"name":"Microtech","slug":"microtech"}],"_links":{"self":[{"href":"https:\/\/www.moskito.cz\/it\/wp-json\/wp\/v2\/product\/238509","targetHints":{"allow":["GET"]}}],"collection":[{"href":"https:\/\/www.moskito.cz\/it\/wp-json\/wp\/v2\/product"}],"about":[{"href":"https:\/\/www.moskito.cz\/it\/wp-json\/wp\/v2\/types\/product"}],"replies":[{"embeddable":true,"href":"https:\/\/www.moskito.cz\/it\/wp-json\/wp\/v2\/comments?post=238509"}],"wp:featuredmedia":[{"embeddable":true,"href":"https:\/\/www.moskito.cz\/it\/wp-json\/wp\/v2\/media\/238510"}],"wp:attachment":[{"href":"https:\/\/www.moskito.cz\/it\/wp-json\/wp\/v2\/media?parent=238509"}],"wp:term":[{"taxonomy":"pwb-brand","embeddable":true,"href":"https:\/\/www.moskito.cz\/it\/wp-json\/wp\/v2\/pwb-brand?post=238509"},{"taxonomy":"product_brand","embeddable":true,"href":"https:\/\/www.moskito.cz\/it\/wp-json\/wp\/v2\/product_brand?post=238509"},{"taxonomy":"product_cat","embeddable":true,"href":"https:\/\/www.moskito.cz\/it\/wp-json\/wp\/v2\/product_cat?post=238509"},{"taxonomy":"product_tag","embeddable":true,"href":"https:\/\/www.moskito.cz\/it\/wp-json\/wp\/v2\/product_tag?post=238509"}],"curies":[{"name":"wp","href":"https:\/\/api.w.org\/{rel}","templated":true}]}}