{"id":238518,"date":"2023-01-26T22:59:37","date_gmt":"2023-01-26T21:59:37","guid":{"rendered":"https:\/\/www.moskito.cz\/?post_type=product&#038;p=238518"},"modified":"2025-05-07T10:45:49","modified_gmt":"2025-05-07T09:45:49","slug":"vystrelovaci-nuz-microtech-troodon-od-green-apocalyptic-138-10dod","status":"publish","type":"product","link":"https:\/\/www.moskito.cz\/it\/produkt\/vystrelovaci-nuz-microtech-troodon-od-green-apocalyptic-138-10dod\/","title":{"rendered":"Vyst\u0159elovac\u00ed N\u016f\u017e Microtech Troodon OD Green Apocalyptic 138-10DOD"},"content":{"rendered":"<p>Vyst\u0159elovac\u00ed N\u016f\u017e <strong>Microtech<\/strong> Troodon OD Green Apocalyptic 138-10DOD<\/p>\n<p>B\u011b\u017en\u00fd n\u016f\u017e Troodon spole\u010dnosti Microtech je zp\u011bt ve v\u00fdrob\u011b! Tento n\u016f\u017e pojmenovan\u00fd po dinosaurovi Troodonovi byl vlajkovou lod\u00ed Microtechu v roce 2006. Rukojeti Troodon maj\u00ed dr\u00e1\u017eky pro lep\u0161\u00ed uchopen\u00ed. Troodon m\u00e1 podobnou velikost jako UTX-85, ale m\u00e1 \u0161ir\u0161\u00ed a \u0161t\u00edhlej\u0161\u00ed rukoje\u0165, kter\u00e1 p\u016fsob\u00ed robustn\u011bji. Je to obl\u00edben\u00e9 EDC mezi mnoha milovn\u00edky OTF a m\u00e1 to dobr\u00fd d\u016fvod!<\/p>\n<p>Tento model je vybaven v\u00e1hami s rukojet\u00ed OD Green z eloxovan\u00e9ho hlin\u00edku s logem Microtech Claw na p\u0159edn\u00ed stran\u011b. Apokalyptick\u00e1 \u010depel z nerezov\u00e9 oceli M390 s dvojit\u00fdm b\u0159item se standardn\u00edmi \u0159ezn\u00fdmi hranami. Hardware v apokalyptick\u00e9m proveden\u00ed, oboustrann\u00fd kapesn\u00ed klip, otvor na \u0161\u0148\u016frku a rozb\u00edje\u010d skla. \u010cepel m\u00e1 informace o modelu. Na klipu je logo Microtech, s\u00e9riov\u00e9 \u010d\u00edslo a datum v\u00fdroby.<\/p>\n<p>Zem\u011b p\u016fvodu: USA<br \/>\nMateri\u00e1l rukojeti: Hlin\u00edk<br \/>\nMateri\u00e1l \u010depele: M390<br \/>\nStyl \u010depele: D\u00fdka s dvojitou hranou<br \/>\nPovrchov\u00e1 \u00faprava \u010depele: Apokalyptick\u00fd<br \/>\nTyp okraje: Standard<br \/>\nModel\/Vzor: Troodon<br \/>\nTyp no\u017ee: Dvoj\u010dinn\u00e9 automatick\u00e9 OTF<br \/>\nCelkov\u00e1 d\u00e9lka: 7,64\u2033 (194 mm)<br \/>\nD\u00e9lka v zav\u0159en\u00e9m stavu: 4,57\u2033 (116 mm)<br \/>\nD\u00e9lka \u010depele: 3,08\u2033 (78 mm)<br \/>\nD\u00e9lka \u0159ezn\u00e9 hrany: 2,96\u2033 (75 mm)<\/p>\n<p><iframe title=\"Microtech Combat Troodon Torture Test\" width=\"800\" height=\"450\" src=\"https:\/\/www.youtube.com\/embed\/xE9TeOFYEjg?feature=oembed\" frameborder=\"0\" allow=\"accelerometer; autoplay; clipboard-write; encrypted-media; gyroscope; picture-in-picture; web-share\" allowfullscreen><\/iframe><\/p>\n<p>&nbsp;<\/p>\n","protected":false},"excerpt":{"rendered":"<p>V pr\u016fb\u011bhu let\u00a0<strong>Microtech\u00ae Knives<\/strong>\u00a0naplnil v\u00e1\u0161n\u00ed a dovednost\u00ed v\u00fdrobu no\u017e\u016f, a\u017e z nich vytvo\u0159il t\u00e9m\u011b\u0159 um\u011bleck\u00e1 d\u00edla,kter\u00e9 jsou vrcholem funk\u010dnosti.V\u0161echny d\u00edly jsou vyrobeny v USA.<br \/>\n<strong>Na v\u0161echny no\u017ee Microtech je do\u017eivotn\u00ed z\u00e1ruka.<\/strong><\/p>\n<p><strong>Doprava zdarma.<\/strong><\/p>\n","protected":false},"featured_media":238519,"comment_status":"open","ping_status":"closed","template":"","meta":[],"pwb-brand":[431],"product_brand":[],"product_cat":[2019,17],"product_tag":[3667],"class_list":{"0":"post-238518","1":"product","2":"type-product","3":"status-publish","4":"has-post-thumbnail","6":"pwb-brand-microtech","7":"product_cat-vystrelovaci-noze","8":"product_cat-noze","9":"product_tag-b2b","11":"first","12":"instock","13":"taxable","14":"shipping-taxable","15":"purchasable","16":"product-type-simple"},"brands":[{"id":431,"name":"Microtech","slug":"microtech"}],"_links":{"self":[{"href":"https:\/\/www.moskito.cz\/it\/wp-json\/wp\/v2\/product\/238518","targetHints":{"allow":["GET"]}}],"collection":[{"href":"https:\/\/www.moskito.cz\/it\/wp-json\/wp\/v2\/product"}],"about":[{"href":"https:\/\/www.moskito.cz\/it\/wp-json\/wp\/v2\/types\/product"}],"replies":[{"embeddable":true,"href":"https:\/\/www.moskito.cz\/it\/wp-json\/wp\/v2\/comments?post=238518"}],"wp:featuredmedia":[{"embeddable":true,"href":"https:\/\/www.moskito.cz\/it\/wp-json\/wp\/v2\/media\/238519"}],"wp:attachment":[{"href":"https:\/\/www.moskito.cz\/it\/wp-json\/wp\/v2\/media?parent=238518"}],"wp:term":[{"taxonomy":"pwb-brand","embeddable":true,"href":"https:\/\/www.moskito.cz\/it\/wp-json\/wp\/v2\/pwb-brand?post=238518"},{"taxonomy":"product_brand","embeddable":true,"href":"https:\/\/www.moskito.cz\/it\/wp-json\/wp\/v2\/product_brand?post=238518"},{"taxonomy":"product_cat","embeddable":true,"href":"https:\/\/www.moskito.cz\/it\/wp-json\/wp\/v2\/product_cat?post=238518"},{"taxonomy":"product_tag","embeddable":true,"href":"https:\/\/www.moskito.cz\/it\/wp-json\/wp\/v2\/product_tag?post=238518"}],"curies":[{"name":"wp","href":"https:\/\/api.w.org\/{rel}","templated":true}]}}