{"id":238653,"date":"2023-01-27T22:56:49","date_gmt":"2023-01-27T21:56:49","guid":{"rendered":"https:\/\/www.moskito.cz\/?post_type=product&#038;p=238653"},"modified":"2025-05-07T10:45:54","modified_gmt":"2025-05-07T09:45:54","slug":"vystrelovaci-nuz-microtech-hera-double-edge-apocalyptic-702-12ap","status":"publish","type":"product","link":"https:\/\/www.moskito.cz\/it\/produkt\/vystrelovaci-nuz-microtech-hera-double-edge-apocalyptic-702-12ap\/","title":{"rendered":"Vyst\u0159elovac\u00ed N\u016f\u017e Microtech Hera Double Edge Apocalyptic 702-12AP"},"content":{"rendered":"<p>Vyst\u0159elovac\u00ed N\u016f\u017e <strong>Microtech<\/strong> Hera Double Edge Apocalyptic 702-12AP<\/p>\n<p>Microtech Hera je rychl\u00fd, kompaktn\u00ed n\u016f\u017e OTF , kter\u00fd p\u0159eklenuje mezeru mezi EDC a taktikou. Nen\u00ed tak obrovsk\u00fd a t\u011b\u017ek\u00fd, aby byl neuk\u00e1zn\u011bn\u00fd na no\u0161en\u00ed kapesn\u00edho no\u017ee , a nen\u00ed ani tak tenk\u00fd a zdobn\u00fd, abyste o n\u011bj necht\u011bli ml\u00e1tit. Vrcholem je jeho unik\u00e1tn\u00ed kapesn\u00ed klip, kter\u00fd je vyfr\u00e9zov\u00e1n z titanu s hladkou kuli\u010dkou, kter\u00e1 snadno klou\u017ee po \u0161vech a nerozkous\u00e1 va\u0161i kapsu.<\/p>\n<p>Vlastn\u00ed no\u017ee Marfione jsou ru\u010dn\u011b vyr\u00e1b\u011bny \u010dlenem \u2013 nebo n\u011bkolika \u010dleny \u2013 rodiny Marfione, g\u00e9ni\u016f no\u017e\u016f za Microtech. Mnoho zvyk\u016f Marfione je inspirov\u00e1no obl\u00edben\u00fdmi modely Microtech a v\u0161e, co vyrob\u00ed, ukazuje dokonalost v kreativit\u011b a \u0159emesln\u00e9 zru\u010dnosti.<br \/>\nFunkce:<br \/>\n\u010c\u00e1ste\u010dn\u011b zoubkovan\u00e1 \u010depel z prvot\u0159\u00eddn\u00ed oceli.<br \/>\nDvoj\u010dinn\u00e9 automatick\u00e9 otev\u00edr\u00e1n\u00ed\/zav\u00edr\u00e1n\u00ed OTF.<br \/>\nEloxovan\u00e1 hladk\u00e1 hlin\u00edkov\u00e1 rukoje\u0165.<br \/>\nFr\u00e9zovan\u00fd titanov\u00fd kapesn\u00ed klip pro sklopen\u00ed, no\u0161en\u00ed v prav\u00e9 ruce.<\/p>\n<p>Specifikace<br \/>\nCelkov\u00e1 d\u00e9lka: 19 cm<br \/>\nD\u00e9lka \u010depele: 8 cm<br \/>\nMateri\u00e1l \u010depele: Pr\u00e9miov\u00e1 ocel<br \/>\nTyp okraje: \u010c\u00e1ste\u010dn\u011b zoubkovan\u00e9<br \/>\nMateri\u00e1l rukojeti: Hlin\u00edk<br \/>\nHmotnost: 3,10 unce<br \/>\nU\u017eivatel: Prav\u00e1 ruka<br \/>\nKapesn\u00ed klip: Tip-Up<br \/>\nTyp no\u017ee: Dvoj\u010dinn\u00e9 automatick\u00e9 OTF<br \/>\nOtv\u00edr\u00e1n\u00ed: Posunut\u00ed palce<br \/>\nZna\u010dka: Microtech<br \/>\nModel: Hera S\/E<br \/>\nZem\u011b p\u016fvodu: USA<br \/>\nNejlep\u0161\u00ed pou\u017eit\u00ed: Taktick\u00e9, ka\u017edodenn\u00ed no\u0161en\u00ed<\/p>\n<p><iframe title=\"Microtech Combat Troodon Torture Test\" width=\"800\" height=\"450\" src=\"https:\/\/www.youtube.com\/embed\/xE9TeOFYEjg?feature=oembed\" frameborder=\"0\" allow=\"accelerometer; autoplay; clipboard-write; encrypted-media; gyroscope; picture-in-picture; web-share\" allowfullscreen><\/iframe><\/p>\n<p>&nbsp;<\/p>\n","protected":false},"excerpt":{"rendered":"<p>V pr\u016fb\u011bhu let\u00a0<strong>Microtech\u00ae Knives<\/strong>\u00a0naplnil v\u00e1\u0161n\u00ed a dovednost\u00ed v\u00fdrobu no\u017e\u016f, a\u017e z nich vytvo\u0159il t\u00e9m\u011b\u0159 um\u011bleck\u00e1 d\u00edla,kter\u00e9 jsou vrcholem funk\u010dnosti.V\u0161echny d\u00edly jsou vyrobeny v USA.<br \/>\n<strong>Na v\u0161echny no\u017ee Microtech je do\u017eivotn\u00ed z\u00e1ruka.<\/strong><\/p>\n<p><strong>Doprava zdarma.<\/strong><\/p>\n","protected":false},"featured_media":238654,"comment_status":"open","ping_status":"closed","template":"","meta":[],"pwb-brand":[431],"product_brand":[],"product_cat":[2019,17],"product_tag":[3667],"class_list":{"0":"post-238653","1":"product","2":"type-product","3":"status-publish","4":"has-post-thumbnail","6":"pwb-brand-microtech","7":"product_cat-vystrelovaci-noze","8":"product_cat-noze","9":"product_tag-b2b","11":"first","12":"outofstock","13":"taxable","14":"shipping-taxable","15":"purchasable","16":"product-type-simple"},"brands":[{"id":431,"name":"Microtech","slug":"microtech"}],"_links":{"self":[{"href":"https:\/\/www.moskito.cz\/it\/wp-json\/wp\/v2\/product\/238653","targetHints":{"allow":["GET"]}}],"collection":[{"href":"https:\/\/www.moskito.cz\/it\/wp-json\/wp\/v2\/product"}],"about":[{"href":"https:\/\/www.moskito.cz\/it\/wp-json\/wp\/v2\/types\/product"}],"replies":[{"embeddable":true,"href":"https:\/\/www.moskito.cz\/it\/wp-json\/wp\/v2\/comments?post=238653"}],"wp:featuredmedia":[{"embeddable":true,"href":"https:\/\/www.moskito.cz\/it\/wp-json\/wp\/v2\/media\/238654"}],"wp:attachment":[{"href":"https:\/\/www.moskito.cz\/it\/wp-json\/wp\/v2\/media?parent=238653"}],"wp:term":[{"taxonomy":"pwb-brand","embeddable":true,"href":"https:\/\/www.moskito.cz\/it\/wp-json\/wp\/v2\/pwb-brand?post=238653"},{"taxonomy":"product_brand","embeddable":true,"href":"https:\/\/www.moskito.cz\/it\/wp-json\/wp\/v2\/product_brand?post=238653"},{"taxonomy":"product_cat","embeddable":true,"href":"https:\/\/www.moskito.cz\/it\/wp-json\/wp\/v2\/product_cat?post=238653"},{"taxonomy":"product_tag","embeddable":true,"href":"https:\/\/www.moskito.cz\/it\/wp-json\/wp\/v2\/product_tag?post=238653"}],"curies":[{"name":"wp","href":"https:\/\/api.w.org\/{rel}","templated":true}]}}