{"id":239732,"date":"2023-02-15T21:43:35","date_gmt":"2023-02-15T20:43:35","guid":{"rendered":"https:\/\/www.moskito.cz\/?post_type=product&#038;p=239732"},"modified":"2025-05-07T10:46:16","modified_gmt":"2025-05-07T09:46:16","slug":"vystrelovaci-nuz-a-g-a-campolin-akc-f-16-otf-8","status":"publish","type":"product","link":"https:\/\/www.moskito.cz\/it\/produkt\/vystrelovaci-nuz-a-g-a-campolin-akc-f-16-otf-8\/","title":{"rendered":"Vyst\u0159elovac\u00ed N\u016f\u017e A.G.A. CAMPOLIN AKC F-16 OTF"},"content":{"rendered":"<p>Vyst\u0159elovac\u00ed N\u016f\u017e <strong>A.G.A. CAMPOLIN<\/strong> AKC F-16 OTF<\/p>\n<p>AKC OTF &#8220;F16&#8221; je vysoce v\u00fdkonn\u00fd automatick\u00fd n\u016f\u017e navr\u017een\u00fd tak, aby kombinoval odolnost, rychlost a funk\u010dnost. Mechanismus s dvojit\u00fdmi pru\u017einami zaji\u0161\u0165uje rychl\u00e9, spolehliv\u00e9 vysunut\u00ed a zasunut\u00ed \u010depele s minim\u00e1ln\u00edm v\u016fl\u00ed \u010depele.<br \/>\nKl\u00ed\u010dov\u00e9 vlastnosti:<\/p>\n<p>Mechanismus: Dvojit\u00e9 pru\u017einy pro plynulej\u0161\u00ed a rychlej\u0161\u00ed otev\u00edr\u00e1n\u00ed a pevnou, minim\u00e1ln\u00ed v\u016fli \u010depele. \u010cepel vysko\u010d\u00ed stisknut\u00edm tla\u010d\u00edtka a zasune se zata\u017een\u00edm spou\u0161t\u011b.<br \/>\n\u010cepel: Dvoubarv\u00e1 bajonetov\u00e1 \u010depel z nerezov\u00e9 oceli 440A, kter\u00e1 nab\u00edz\u00ed elegantn\u00ed a funk\u010dn\u00ed ost\u0159\u00ed pro ka\u017edodenn\u00ed no\u0161en\u00ed (EDC). D\u00e9lka \u010depele je 8,5 cm\u00a0 a tlou\u0161\u0165ka 3 mm.<br \/>\nRukoje\u0165: Hlin\u00edkov\u00e1 rukoje\u0165 s \u010dern\u00fdm povrchem zaji\u0161\u0165uje lehkou, ale odolnou konstrukci. P\u00edskov\u00e9 vlo\u017eky na rukojeti poskytuj\u00ed bezpe\u010dn\u00fd, protiskluzov\u00fd \u00fachop, kter\u00fd zlep\u0161uje pou\u017eit\u00ed za jak\u00fdchkoli podm\u00ednek.<br \/>\nDesignov\u00e1 inspirace: Design je inspirov\u00e1n italsk\u00fdm stiletto no\u017eem, zejm\u00e9na v proporc\u00edch a \u0161t\u00edhl\u00fdch lini\u00edch, co\u017e poskytuje elegantn\u00ed, ale praktick\u00fd pocit.<br \/>\nRozm\u011bry: Celkov\u00e1 d\u00e9lka 20 cm a hmotnost 88 g , co\u017e jej \u010din\u00ed kompaktn\u00edm a snadno p\u0159enosn\u00fdm v kapse.<br \/>\nKlip: N\u016f\u017e je vybaven \u010dern\u00fdm kapesn\u00edm klipem pro pohodln\u00e9 no\u0161en\u00ed.<\/p>\n<p>Celkov\u011b je F16 pevn\u00fd a ergonomick\u00fd automatick\u00fd n\u016f\u017e, ide\u00e1ln\u00ed pro ka\u017edodenn\u00ed no\u0161en\u00ed, kter\u00fd nab\u00edz\u00ed jak funk\u010dnost, tak styl s rychl\u00fdm vysunut\u00edm \u010depele a bezpe\u010dn\u00fdm \u00fachopem.<\/p>\n<p><iframe title=\"AKC F16 Automatic OTF F16B CF\" width=\"800\" height=\"450\" src=\"https:\/\/www.youtube.com\/embed\/yyAzUKCJ_AQ?feature=oembed\" frameborder=\"0\" allow=\"accelerometer; autoplay; clipboard-write; encrypted-media; gyroscope; picture-in-picture; web-share\" referrerpolicy=\"strict-origin-when-cross-origin\" allowfullscreen><\/iframe><\/p>\n<p>&nbsp;<\/p>\n","protected":false},"excerpt":{"rendered":"<p><strong>Celkov\u011b je F16 pevn\u00fd a ergonomick\u00fd automatick\u00fd n\u016f\u017e, ide\u00e1ln\u00ed pro ka\u017edodenn\u00ed no\u0161en\u00ed, kter\u00fd nab\u00edz\u00ed jak funk\u010dnost, tak styl s rychl\u00fdm vysunut\u00edm \u010depele a bezpe\u010dn\u00fdm \u00fachopem.<\/strong><\/p>\n","protected":false},"featured_media":379307,"comment_status":"open","ping_status":"closed","template":"","meta":[],"pwb-brand":[3245],"product_brand":[],"product_cat":[2019,17],"product_tag":[],"class_list":{"0":"post-239732","1":"product","2":"type-product","3":"status-publish","4":"has-post-thumbnail","6":"pwb-brand-a-g-a-campolin","7":"product_cat-vystrelovaci-noze","8":"product_cat-noze","10":"first","11":"instock","12":"taxable","13":"shipping-taxable","14":"purchasable","15":"product-type-simple"},"brands":[{"id":3245,"name":"A.G.A. CAMPOLIN","slug":"a-g-a-campolin"}],"_links":{"self":[{"href":"https:\/\/www.moskito.cz\/it\/wp-json\/wp\/v2\/product\/239732","targetHints":{"allow":["GET"]}}],"collection":[{"href":"https:\/\/www.moskito.cz\/it\/wp-json\/wp\/v2\/product"}],"about":[{"href":"https:\/\/www.moskito.cz\/it\/wp-json\/wp\/v2\/types\/product"}],"replies":[{"embeddable":true,"href":"https:\/\/www.moskito.cz\/it\/wp-json\/wp\/v2\/comments?post=239732"}],"wp:featuredmedia":[{"embeddable":true,"href":"https:\/\/www.moskito.cz\/it\/wp-json\/wp\/v2\/media\/379307"}],"wp:attachment":[{"href":"https:\/\/www.moskito.cz\/it\/wp-json\/wp\/v2\/media?parent=239732"}],"wp:term":[{"taxonomy":"pwb-brand","embeddable":true,"href":"https:\/\/www.moskito.cz\/it\/wp-json\/wp\/v2\/pwb-brand?post=239732"},{"taxonomy":"product_brand","embeddable":true,"href":"https:\/\/www.moskito.cz\/it\/wp-json\/wp\/v2\/product_brand?post=239732"},{"taxonomy":"product_cat","embeddable":true,"href":"https:\/\/www.moskito.cz\/it\/wp-json\/wp\/v2\/product_cat?post=239732"},{"taxonomy":"product_tag","embeddable":true,"href":"https:\/\/www.moskito.cz\/it\/wp-json\/wp\/v2\/product_tag?post=239732"}],"curies":[{"name":"wp","href":"https:\/\/api.w.org\/{rel}","templated":true}]}}