{"id":240199,"date":"2023-02-20T21:37:57","date_gmt":"2023-02-20T20:37:57","guid":{"rendered":"https:\/\/www.moskito.cz\/?post_type=product&#038;p=240199"},"modified":"2025-05-07T10:46:27","modified_gmt":"2025-05-07T09:46:27","slug":"zaviraci-nuz-cmb-made-knives-darma-folder-cmb-12b","status":"publish","type":"product","link":"https:\/\/www.moskito.cz\/it\/produkt\/zaviraci-nuz-cmb-made-knives-darma-folder-cmb-12b\/","title":{"rendered":"Zav\u00edrac\u00ed N\u016f\u017e CMB Made Knives Darma Folder CMB-12B"},"content":{"rendered":"<p>Zav\u00edrac\u00ed N\u016f\u017e <strong>CMB Made Knives<\/strong> Darma Folder CMB-12B<\/p>\n<p>\u010cern\u00e1 povrchov\u00e1 \u00faprava z oceli Bohler M390. \u010cern\u00e1 rukoje\u0165 z titanu a uhl\u00edkov\u00fdch vl\u00e1ken 6AL4V. Linerlock. D\u00edra na \u0161\u0148\u016frku. Sklopn\u00e1 spona na prav\u00e9 no\u0161en\u00ed. M\u011bd\u011bn\u00e1 keramick\u00e1 kuli\u010dkov\u00e1 lo\u017eiska. Z\u00e1lo\u017eka Flipper. Slot pro palec. Navrhl Sebastian Irawan.<\/p>\n<p>Design\u00e9r: Sebastian Irawan<br \/>\nJm\u00e9no modelu: Darma<\/p>\n<p>Celkov\u00e1 d\u00e9lka: 210 mm (8,26&#8243;)<br \/>\nD\u00e9lka \u010depele: 94,5 mm (3,72&#8243;)<br \/>\n\u0160\u00ed\u0159ka \u010depele: 28,3 mm (1,11&#8243;)<br \/>\nTlou\u0161\u0165ka \u010depele: 3,8 mm<br \/>\nD\u00e9lka rukojeti: 115,5 mm (4,54&#8243;)<\/p>\n<p>Materi\u00e1l \u010depele: M390<br \/>\nPovrch \u010depele: Stone Wash Black<br \/>\nPovrch rukojeti: \u010cern\u00e1<br \/>\nMateri\u00e1l rukojeti: 6AL4V titan + uhl\u00edkov\u00e9 vl\u00e1kno + ocel<br \/>\nKlip: 6AL4V Titanium<\/p>\n<p>Hmotnost: 129 g (4,55 oz)<br \/>\nTvrdost: 59-61HRC<br \/>\nTyp z\u00e1mku: Line Lock<br \/>\nKonstrukce: m\u011bd\u011bn\u00e9 keramick\u00e9 kuli\u010dkov\u00e9 lo\u017eisko<\/p>\n","protected":false},"excerpt":{"rendered":"<p>Tento\u00a0<strong>CMB Made Knives\u00a0<\/strong>Darma Folder m\u00e1 design, kde \u010depel a rukoje\u0165 sm\u011b\u0159uj\u00ed proti sob\u011b a vytv\u00e1\u0159ej\u00ed esteticky p\u0159\u00edjemnou rovnov\u00e1hu.<\/p>\n","protected":false},"featured_media":240200,"comment_status":"open","ping_status":"closed","template":"","meta":[],"pwb-brand":[3246],"product_brand":[],"product_cat":[22,17],"product_tag":[],"class_list":{"0":"post-240199","1":"product","2":"type-product","3":"status-publish","4":"has-post-thumbnail","6":"pwb-brand-cmb-made-knives","7":"product_cat-zaviraci-noze","8":"product_cat-noze","10":"first","11":"instock","12":"taxable","13":"shipping-taxable","14":"purchasable","15":"product-type-simple"},"brands":[{"id":3246,"name":"CMB Made Knives","slug":"cmb-made-knives"}],"_links":{"self":[{"href":"https:\/\/www.moskito.cz\/it\/wp-json\/wp\/v2\/product\/240199","targetHints":{"allow":["GET"]}}],"collection":[{"href":"https:\/\/www.moskito.cz\/it\/wp-json\/wp\/v2\/product"}],"about":[{"href":"https:\/\/www.moskito.cz\/it\/wp-json\/wp\/v2\/types\/product"}],"replies":[{"embeddable":true,"href":"https:\/\/www.moskito.cz\/it\/wp-json\/wp\/v2\/comments?post=240199"}],"wp:featuredmedia":[{"embeddable":true,"href":"https:\/\/www.moskito.cz\/it\/wp-json\/wp\/v2\/media\/240200"}],"wp:attachment":[{"href":"https:\/\/www.moskito.cz\/it\/wp-json\/wp\/v2\/media?parent=240199"}],"wp:term":[{"taxonomy":"pwb-brand","embeddable":true,"href":"https:\/\/www.moskito.cz\/it\/wp-json\/wp\/v2\/pwb-brand?post=240199"},{"taxonomy":"product_brand","embeddable":true,"href":"https:\/\/www.moskito.cz\/it\/wp-json\/wp\/v2\/product_brand?post=240199"},{"taxonomy":"product_cat","embeddable":true,"href":"https:\/\/www.moskito.cz\/it\/wp-json\/wp\/v2\/product_cat?post=240199"},{"taxonomy":"product_tag","embeddable":true,"href":"https:\/\/www.moskito.cz\/it\/wp-json\/wp\/v2\/product_tag?post=240199"}],"curies":[{"name":"wp","href":"https:\/\/api.w.org\/{rel}","templated":true}]}}