{"id":241179,"date":"2023-02-26T22:30:40","date_gmt":"2023-02-26T21:30:40","guid":{"rendered":"https:\/\/www.moskito.cz\/?post_type=product&#038;p=241179"},"modified":"2025-05-07T10:46:51","modified_gmt":"2025-05-07T09:46:51","slug":"zaviraci-nuz-maxace-panzer-mpz02","status":"publish","type":"product","link":"https:\/\/www.moskito.cz\/it\/produkt\/zaviraci-nuz-maxace-panzer-mpz02\/","title":{"rendered":"Zav\u00edrac\u00ed N\u016f\u017e Maxace Panzer MPZ02"},"content":{"rendered":"<p>Zav\u00edrac\u00ed N\u016f\u017e <strong>Maxace<\/strong> Panzer MPZ02<\/p>\n<p>Maxace PANZER, \u010depel je vyrobena z oceli Sandvik 14C28N s kamennou \u00fapravou a \u0161edou \u00fapravou, rukoje\u0165 je vyrobena z titanu TC4 a h\u0159\u00eddel je s kuli\u010dkov\u00fdm lo\u017eiskem KVT (syst\u00e9m keramick\u00fdch kuli\u010dkov\u00fdch lo\u017eisek) \u0158ez\u00e1 velmi hladce. Cel\u00fd n\u016f\u017e sleduje trasu mal\u00e9ho no\u017ee, kter\u00fd se snadno p\u0159en\u00e1\u0161\u00ed. Mechanismus otev\u00edr\u00e1n\u00ed no\u017ee Flipper nav\u00edc umo\u017e\u0148uje u\u017eivateli rychl\u00e9 otev\u0159en\u00ed no\u017ee bez p\u0159ek\u00e1\u017eek.Jedn\u00e1 se o velmi praktick\u00fd p\u0159enosn\u00fd n\u016f\u017e (EDC).<\/p>\n<p>Maxace Panzer \u2013 Sandvik 14C28N \u0161ed\u00e1 \/ Titanium Framelock<\/p>\n<p>Maxace Panzer zaujme i p\u0159es sv\u00e9 mal\u00e9 rozm\u011bry skv\u011blou funk\u010dnost\u00ed, a\u0165 u\u017e jde o otev\u00edr\u00e1n\u00ed (p\u0159ekl\u00e1p\u011bn\u00ed) nebo dokonce \u0159ez\u00e1n\u00ed.<\/p>\n<p>Tento n\u016f\u017e je perfektn\u00ed jako ka\u017edodenn\u00ed spole\u010dn\u00edk jako EDC.<\/p>\n<p>Ocel: Sandvik 14C28N (\u0161ed\u00e9 proveden\u00ed)<br \/>\nRukoje\u0165. Titan (p\u00edskovan\u00fd)<br \/>\nPln\u00e1 d\u00e9lka:\u00a015,5 cm<br \/>\nD\u00e9lka \u010depele: 6,8 cm<br \/>\nTlou\u0161\u0165ka \u010depele:\u00a00,3 cm<br \/>\nHmotnost: 130 gram\u016f<\/p>\n","protected":false},"excerpt":{"rendered":"<p><strong>Tento n\u016f\u017e je perfektn\u00ed jako ka\u017edodenn\u00ed spole\u010dn\u00edk jako EDC.<\/strong><\/p>\n","protected":false},"featured_media":241180,"comment_status":"open","ping_status":"closed","template":"","meta":[],"pwb-brand":[3247],"product_brand":[],"product_cat":[22,17],"product_tag":[],"class_list":{"0":"post-241179","1":"product","2":"type-product","3":"status-publish","4":"has-post-thumbnail","6":"pwb-brand-maxace-2","7":"product_cat-zaviraci-noze","8":"product_cat-noze","10":"first","11":"instock","12":"taxable","13":"shipping-taxable","14":"purchasable","15":"product-type-simple"},"brands":[{"id":3247,"name":"Maxace","slug":"maxace-2"}],"_links":{"self":[{"href":"https:\/\/www.moskito.cz\/it\/wp-json\/wp\/v2\/product\/241179","targetHints":{"allow":["GET"]}}],"collection":[{"href":"https:\/\/www.moskito.cz\/it\/wp-json\/wp\/v2\/product"}],"about":[{"href":"https:\/\/www.moskito.cz\/it\/wp-json\/wp\/v2\/types\/product"}],"replies":[{"embeddable":true,"href":"https:\/\/www.moskito.cz\/it\/wp-json\/wp\/v2\/comments?post=241179"}],"wp:featuredmedia":[{"embeddable":true,"href":"https:\/\/www.moskito.cz\/it\/wp-json\/wp\/v2\/media\/241180"}],"wp:attachment":[{"href":"https:\/\/www.moskito.cz\/it\/wp-json\/wp\/v2\/media?parent=241179"}],"wp:term":[{"taxonomy":"pwb-brand","embeddable":true,"href":"https:\/\/www.moskito.cz\/it\/wp-json\/wp\/v2\/pwb-brand?post=241179"},{"taxonomy":"product_brand","embeddable":true,"href":"https:\/\/www.moskito.cz\/it\/wp-json\/wp\/v2\/product_brand?post=241179"},{"taxonomy":"product_cat","embeddable":true,"href":"https:\/\/www.moskito.cz\/it\/wp-json\/wp\/v2\/product_cat?post=241179"},{"taxonomy":"product_tag","embeddable":true,"href":"https:\/\/www.moskito.cz\/it\/wp-json\/wp\/v2\/product_tag?post=241179"}],"curies":[{"name":"wp","href":"https:\/\/api.w.org\/{rel}","templated":true}]}}