{"id":241574,"date":"2023-03-01T21:09:27","date_gmt":"2023-03-01T20:09:27","guid":{"rendered":"https:\/\/www.moskito.cz\/?post_type=product&#038;p=241574"},"modified":"2025-05-07T10:46:56","modified_gmt":"2025-05-07T09:46:56","slug":"zaviraci-nuz-maxace-tank-mtk01","status":"publish","type":"product","link":"https:\/\/www.moskito.cz\/it\/produkt\/zaviraci-nuz-maxace-tank-mtk01\/","title":{"rendered":"Zav\u00edrac\u00ed N\u016f\u017e Maxace Tank MTK01"},"content":{"rendered":"<p>Zav\u00edrac\u00ed N\u016f\u017e <strong>Maxace<\/strong> Tank MTK01<\/p>\n<p>Robustn\u00ed taktick\u00fd n\u016f\u017e s futuristick\u00fdm designem.<\/p>\n<p><strong>Maxace<\/strong> Tank se vyzna\u010duje zaj\u00edmav\u00fdm designem rukojeti se slo\u017eit\u00fdm fr\u00e9zov\u00e1n\u00edm a mont\u00e1\u017e\u00ed, kter\u00e1 zahrnuje velkou, pln\u011b opracovanou titanovou vlo\u017eku do rukojeti. I p\u0159es slo\u017eitost linie p\u011bkn\u011b plynou a jemn\u00e1\u00a0 titanov\u00e1 vlo\u017eka dod\u00e1v\u00e1 rukojeti p\u011bkn\u00fd kontrast. Fr\u00e9zovan\u00fd backspacer je tak\u00e9 eloxovan\u00fd a m\u00e1 v sob\u011b zabudovan\u00fd otvor pro \u0161\u0148\u016frku, n\u016f\u017e m\u00e1 klip na no\u0161en\u00ed.<\/p>\n<p><strong>\u010cepel<\/strong> je vyrobena z materi\u00e1lu Bohler M390 a vyzna\u010duje se zaj\u00edmav\u00fdm fr\u00e9zovan\u00fdm horn\u00edm kl\u00ednem a tak\u00e9 fr\u00e9zovan\u00fdm plni\u010dem s v\u00fd\u0159ezy. Zadn\u00ed tanto \u010depel je zakon\u010dena obousm\u011brn\u00fdm sat\u00e9nem. P\u0159ekl\u00e1p\u011bc\u00ed akce je na Maxace Tank fantastick\u00e1. \u010cepel se otv\u00edr\u00e1 rychle a bez n\u00e1mahy a vytv\u00e1\u0159\u00ed z\u0159eteln\u00e9 cinknut\u00ed.<\/p>\n<p>Celkov\u00e1 d\u00e9lka: 210mm<br \/>\nD\u00e9lka \u010depele: 90 mm<br \/>\nD\u00e9lka rukojeti: 120 mm<br \/>\nTlou\u0161\u0165ka \u010depele: 4,0 mm<br \/>\nMateri\u00e1l \u010depele: M390<br \/>\nMateri\u00e1l rukojeti: TC4<br \/>\nPovrchov\u00e1 \u00faprava \u010depele: sat\u00e9n<br \/>\nSyst\u00e9m: Dvou\u0159ad\u00e9 keramick\u00e9 lo\u017eisko<br \/>\nTvrdost: 58-60HRC<br \/>\n\u010cist\u00e1 hmotnost: 150 gram\u016f<\/p>\n","protected":false},"excerpt":{"rendered":"<p><strong>Robustn\u00ed taktick\u00fd n\u016f\u017e s futuristick\u00fdm designem.<\/strong><\/p>\n","protected":false},"featured_media":241579,"comment_status":"open","ping_status":"closed","template":"","meta":[],"pwb-brand":[3247],"product_brand":[],"product_cat":[22,17],"product_tag":[],"class_list":{"0":"post-241574","1":"product","2":"type-product","3":"status-publish","4":"has-post-thumbnail","6":"pwb-brand-maxace-2","7":"product_cat-zaviraci-noze","8":"product_cat-noze","10":"first","11":"outofstock","12":"taxable","13":"shipping-taxable","14":"purchasable","15":"product-type-simple"},"brands":[{"id":3247,"name":"Maxace","slug":"maxace-2"}],"_links":{"self":[{"href":"https:\/\/www.moskito.cz\/it\/wp-json\/wp\/v2\/product\/241574","targetHints":{"allow":["GET"]}}],"collection":[{"href":"https:\/\/www.moskito.cz\/it\/wp-json\/wp\/v2\/product"}],"about":[{"href":"https:\/\/www.moskito.cz\/it\/wp-json\/wp\/v2\/types\/product"}],"replies":[{"embeddable":true,"href":"https:\/\/www.moskito.cz\/it\/wp-json\/wp\/v2\/comments?post=241574"}],"wp:featuredmedia":[{"embeddable":true,"href":"https:\/\/www.moskito.cz\/it\/wp-json\/wp\/v2\/media\/241579"}],"wp:attachment":[{"href":"https:\/\/www.moskito.cz\/it\/wp-json\/wp\/v2\/media?parent=241574"}],"wp:term":[{"taxonomy":"pwb-brand","embeddable":true,"href":"https:\/\/www.moskito.cz\/it\/wp-json\/wp\/v2\/pwb-brand?post=241574"},{"taxonomy":"product_brand","embeddable":true,"href":"https:\/\/www.moskito.cz\/it\/wp-json\/wp\/v2\/product_brand?post=241574"},{"taxonomy":"product_cat","embeddable":true,"href":"https:\/\/www.moskito.cz\/it\/wp-json\/wp\/v2\/product_cat?post=241574"},{"taxonomy":"product_tag","embeddable":true,"href":"https:\/\/www.moskito.cz\/it\/wp-json\/wp\/v2\/product_tag?post=241574"}],"curies":[{"name":"wp","href":"https:\/\/api.w.org\/{rel}","templated":true}]}}