{"id":241952,"date":"2023-03-05T13:50:16","date_gmt":"2023-03-05T12:50:16","guid":{"rendered":"https:\/\/www.moskito.cz\/?post_type=product&#038;p=241952"},"modified":"2025-05-07T10:47:02","modified_gmt":"2025-05-07T09:47:02","slug":"pevny-nuz-sog-rapid-rescue-concrete-dust","status":"publish","type":"product","link":"https:\/\/www.moskito.cz\/it\/produkt\/pevny-nuz-sog-rapid-rescue-concrete-dust\/","title":{"rendered":"Pevn\u00fd N\u016f\u017e SOG RAPID RESCUE CONCRETE DUST"},"content":{"rendered":"<p>Pevn\u00fd N\u016f\u017e <strong>SOG<\/strong> RAPID RESCUE CONCRETE DUST<\/p>\n<p><strong>Rapid Rescue obsahuje \u0159eza\u010d bezpe\u010dnostn\u00edch p\u00e1s\u016f a rozb\u00edje\u010d skla.<\/strong> Rapid, ulo\u017een\u00fd na kl\u00ed\u010dence nebo smy\u010dce na \u0161\u0148\u016frce, lze rychle a snadno nasadit a l\u00e9t\u00e1 pod radarem, kdy\u017e se nepou\u017e\u00edv\u00e1. Konstrukce rukojeti intuitivn\u011b vede va\u0161e prsty do optim\u00e1ln\u00ed polohy p\u0159i nasazen\u00ed a poskytuje bezpe\u010dn\u00e9 uchopen\u00ed p\u0159i pr\u00e1ci. Rapid se rychle nasazuje z pouzdra jednoduch\u00fdm zata\u017een\u00edm a snadno se ovl\u00e1d\u00e1 jedn\u00edm prstem p\u0159es otvor pro ukazov\u00e1\u010dek. Vyrobeno s designem n\u00e1stroje full tang, hlin\u00edkov\u00fdm stahovac\u00edm krou\u017ekem a texturovanou rukojet\u00ed a pl\u00e1\u0161t\u011bm GRN.<\/p>\n<p>TLOU\u0160\u0164KA \u010cEPELE: 3 mm<br \/>\nOCEL: 2Cr13<br \/>\nMATERI\u00c1L POUZDRA: 30% GRN<br \/>\nBARVA: \u0160ed\u00e1<br \/>\nMATERI\u00c1L RUKOJETI: GRN<br \/>\nCELKOV\u00c1 VELIKOST: 7 cm<\/p>\n<p>&nbsp;<\/p>\n","protected":false},"excerpt":{"rendered":"<p><strong>Rapid Rescue je pohotovostn\u00ed \u0159eza\u010d bezpe\u010dnostn\u00edch p\u00e1s\u016f a rozb\u00edje\u010d skla.<\/strong><\/p>\n","protected":false},"featured_media":241953,"comment_status":"open","ping_status":"closed","template":"","meta":[],"pwb-brand":[591],"product_brand":[],"product_cat":[23,17],"product_tag":[3667],"class_list":{"0":"post-241952","1":"product","2":"type-product","3":"status-publish","4":"has-post-thumbnail","6":"pwb-brand-sog","7":"product_cat-pevne-noze","8":"product_cat-noze","9":"product_tag-b2b","11":"first","12":"instock","13":"taxable","14":"shipping-taxable","15":"purchasable","16":"product-type-simple"},"brands":[{"id":591,"name":"SOG","slug":"sog"}],"_links":{"self":[{"href":"https:\/\/www.moskito.cz\/it\/wp-json\/wp\/v2\/product\/241952","targetHints":{"allow":["GET"]}}],"collection":[{"href":"https:\/\/www.moskito.cz\/it\/wp-json\/wp\/v2\/product"}],"about":[{"href":"https:\/\/www.moskito.cz\/it\/wp-json\/wp\/v2\/types\/product"}],"replies":[{"embeddable":true,"href":"https:\/\/www.moskito.cz\/it\/wp-json\/wp\/v2\/comments?post=241952"}],"wp:featuredmedia":[{"embeddable":true,"href":"https:\/\/www.moskito.cz\/it\/wp-json\/wp\/v2\/media\/241953"}],"wp:attachment":[{"href":"https:\/\/www.moskito.cz\/it\/wp-json\/wp\/v2\/media?parent=241952"}],"wp:term":[{"taxonomy":"pwb-brand","embeddable":true,"href":"https:\/\/www.moskito.cz\/it\/wp-json\/wp\/v2\/pwb-brand?post=241952"},{"taxonomy":"product_brand","embeddable":true,"href":"https:\/\/www.moskito.cz\/it\/wp-json\/wp\/v2\/product_brand?post=241952"},{"taxonomy":"product_cat","embeddable":true,"href":"https:\/\/www.moskito.cz\/it\/wp-json\/wp\/v2\/product_cat?post=241952"},{"taxonomy":"product_tag","embeddable":true,"href":"https:\/\/www.moskito.cz\/it\/wp-json\/wp\/v2\/product_tag?post=241952"}],"curies":[{"name":"wp","href":"https:\/\/api.w.org\/{rel}","templated":true}]}}