{"id":242010,"date":"2023-03-05T16:34:50","date_gmt":"2023-03-05T15:34:50","guid":{"rendered":"https:\/\/www.moskito.cz\/?post_type=product&#038;p=242010"},"modified":"2025-05-07T10:47:03","modified_gmt":"2025-05-07T09:47:03","slug":"pevny-nuz-sog-altair-fx-squid-ink","status":"publish","type":"product","link":"https:\/\/www.moskito.cz\/it\/produkt\/pevny-nuz-sog-altair-fx-squid-ink\/","title":{"rendered":"Pevn\u00fd N\u016f\u017e SOG ALTAIR FX SQUID INK"},"content":{"rendered":"<p>Pevn\u00fd N\u016f\u017e<strong> SOG<\/strong> ALTAIR FX SQUID INK<\/p>\n<p><strong>Altair FX<\/strong>\u00a0je lehk\u00fd, kompaktn\u00ed ocelov\u00fd n\u016f\u017e s pevnou \u010depel\u00ed CRYO 154CM nabit\u00fd inovacemi, vybaven\u00fd pohodlnou, texturovanou rukojet\u00ed GRN bez pou\u017eit\u00ed upev\u0148ovac\u00edch prvk\u016f a \u0159adou mo\u017enost\u00ed no\u0161en\u00ed d\u00edky kompatibiln\u00edmu pouzdru SOG s konfigurovateln\u00fdm univerz\u00e1ln\u00edm mont\u00e1\u017en\u00edm syst\u00e9mem.<\/p>\n<p><strong>MODERN\u00cd A V\u0160ESTRANN\u00dd N\u016e\u017d S PEVNOU \u010cEPEL\u00cd PRO ODOLN\u00c9 VENKOVN\u00cd POU\u017dIT\u00cd<\/strong><br \/>\nPln\u011b vybaven\u00fd nerezovou ocel\u00ed CRYO 154CM, odn\u00edmatelnou rukojet\u00ed GRN, skeletonizovanou p\u0159\u00edchytkou a syst\u00e9mem pochvy SOG UMS.<\/p>\n<p><strong>CRYO OCEL 154CM<\/strong><br \/>\nCRYO 154CM je sm\u011bs s vysok\u00fdm obsahem uhl\u00edku, chr\u00f3mu a molybdenu, kter\u00e1 vytv\u00e1\u0159\u00ed nerezovou ocel s vynikaj\u00edc\u00edm zachov\u00e1n\u00edm hran a vysokou odolnost\u00ed proti opot\u0159eben\u00ed a korozi.<\/p>\n<p><strong>ODN\u00cdMATELN\u00c1 RUKOJE\u0164<\/strong><br \/>\nOdn\u00edmateln\u00e9 rukojeti GRN v designu bez upev\u0148ovac\u00edch prvk\u016f odhaluj\u00ed skeletonizovan\u00fd p\u0159\u00edv\u011bsek pro je\u0161t\u011b leh\u010d\u00ed balen\u00ed a p\u0159en\u00e1\u0161en\u00ed.<\/p>\n<p>Cel\u00fd popis produktu<br \/>\nMateri\u00e1l \u010depele: CPM154<br \/>\nMateri\u00e1l rukojeti: GRN<br \/>\nMateri\u00e1l pouzdra: GRN<br \/>\nD\u00e9lka \u010depele: 8.6 cm<br \/>\nCelkov\u00e1 d\u00e9lka: 19.2 cm<br \/>\nD\u00e9lka rukojeti: 10.6 cm<br \/>\nHmotnost: 74 g<br \/>\nTyp \u010depele: Drop Point<\/p>\n<p>&nbsp;<\/p>\n<p>&nbsp;<\/p>\n","protected":false},"excerpt":{"rendered":"<p><strong>Altair FX je lehk\u00fd, kompaktn\u00ed ocelov\u00fd n\u016f\u017e s pevnou \u010depel\u00ed CRYO 154CM nabit\u00fd inovacemi.<\/strong><\/p>\n","protected":false},"featured_media":242011,"comment_status":"open","ping_status":"closed","template":"","meta":[],"pwb-brand":[591],"product_brand":[],"product_cat":[23,17],"product_tag":[3667],"class_list":{"0":"post-242010","1":"product","2":"type-product","3":"status-publish","4":"has-post-thumbnail","6":"pwb-brand-sog","7":"product_cat-pevne-noze","8":"product_cat-noze","9":"product_tag-b2b","11":"first","12":"instock","13":"taxable","14":"shipping-taxable","15":"purchasable","16":"product-type-simple"},"brands":[{"id":591,"name":"SOG","slug":"sog"}],"_links":{"self":[{"href":"https:\/\/www.moskito.cz\/it\/wp-json\/wp\/v2\/product\/242010","targetHints":{"allow":["GET"]}}],"collection":[{"href":"https:\/\/www.moskito.cz\/it\/wp-json\/wp\/v2\/product"}],"about":[{"href":"https:\/\/www.moskito.cz\/it\/wp-json\/wp\/v2\/types\/product"}],"replies":[{"embeddable":true,"href":"https:\/\/www.moskito.cz\/it\/wp-json\/wp\/v2\/comments?post=242010"}],"wp:featuredmedia":[{"embeddable":true,"href":"https:\/\/www.moskito.cz\/it\/wp-json\/wp\/v2\/media\/242011"}],"wp:attachment":[{"href":"https:\/\/www.moskito.cz\/it\/wp-json\/wp\/v2\/media?parent=242010"}],"wp:term":[{"taxonomy":"pwb-brand","embeddable":true,"href":"https:\/\/www.moskito.cz\/it\/wp-json\/wp\/v2\/pwb-brand?post=242010"},{"taxonomy":"product_brand","embeddable":true,"href":"https:\/\/www.moskito.cz\/it\/wp-json\/wp\/v2\/product_brand?post=242010"},{"taxonomy":"product_cat","embeddable":true,"href":"https:\/\/www.moskito.cz\/it\/wp-json\/wp\/v2\/product_cat?post=242010"},{"taxonomy":"product_tag","embeddable":true,"href":"https:\/\/www.moskito.cz\/it\/wp-json\/wp\/v2\/product_tag?post=242010"}],"curies":[{"name":"wp","href":"https:\/\/api.w.org\/{rel}","templated":true}]}}