{"id":242031,"date":"2023-03-05T20:27:57","date_gmt":"2023-03-05T19:27:57","guid":{"rendered":"https:\/\/www.moskito.cz\/?post_type=product&#038;p=242031"},"modified":"2025-05-07T10:47:03","modified_gmt":"2025-05-07T09:47:03","slug":"zaviraci-nuz-sog-flash-at-satin-urban-gray","status":"publish","type":"product","link":"https:\/\/www.moskito.cz\/it\/produkt\/zaviraci-nuz-sog-flash-at-satin-urban-gray\/","title":{"rendered":"Zav\u00edrac\u00ed N\u016f\u017e SOG FLASH AT SATIN URBAN GRAY"},"content":{"rendered":"<p>Zav\u00edrac\u00ed N\u016f\u017e <strong>SOG<\/strong> FLASH AT SATIN URBAN GRAY<\/p>\n<p><strong>Zav\u00edrac\u00ed n\u016f\u017e<\/strong> s asistovan\u00fdm otev\u00edr\u00e1n\u00edm Flash AT, navr\u017een\u00fd pro ka\u017edodenn\u00ed u\u017eivatele, nab\u00edz\u00ed rychl\u00e9 asistovan\u00e9 otev\u00edr\u00e1n\u00ed s inovativn\u00edm oboustrann\u00fdm z\u00e1mkem SOG AT-XR Lock a zjednodu\u0161en\u00fdm ergonomick\u00fdm designem rukojeti pro lep\u0161\u00ed uchopen\u00ed a pohodl\u00ed. Flash AT je kompaktn\u00ed a snadno se p\u0159en\u00e1\u0161\u00ed, s vysoce funk\u010dn\u00ed 3,5&#8243; kryogenicky tepeln\u011b zpracovanou \u010depel\u00ed z nerezov\u00e9 oceli D2. Jej\u00ed v\u00fdkonn\u00fd XR uzamykac\u00ed mechanismus se tak\u00e9 vyzna\u010duje spolehlivou vestav\u011bnou bezpe\u010dnostn\u00ed pojistkou \u010depele a bezpe\u010dnostn\u00edm syst\u00e9mem namontovan\u00fdm na p\u00e1te\u0159i. Dal\u0161\u00ed evoluce \u010depele obl\u00edben\u00fd kapesn\u00ed n\u016f\u017e Flash.<\/p>\n<p><strong>AT-XR Z\u00c1MEK<\/strong><br \/>\nPatentovan\u00e1 technologie Assisted Technology (AT) spole\u010dnosti SOG XR Lock poskytuje rychl\u00e9 otev\u0159en\u00ed jednou rukou a pevn\u00e9 uzam\u010den\u00ed po otev\u0159en\u00ed. Spolehliv\u00fd a v\u00fdkonn\u00fd, schopn\u00fd odolat s\u00edle 1500 liber, AT-XR Lock poskytuje maxim\u00e1ln\u00ed vestav\u011bn\u00e9 zabezpe\u010den\u00ed \u010depele p\u0159i otev\u0159en\u00ed a zaji\u0161\u0165uje, \u017ee se otev\u0159e pouze tehdy, kdy\u017e je zam\u00fd\u0161leno.<\/p>\n<p><strong>BEZPE\u010cNOST\u00a0<\/strong><br \/>\nSpole\u010dnost SOG spolupracovala s u\u017eivateli na v\u00fdvoji oboustrann\u00e9ho zabezpe\u010den\u00ed, kter\u00e9 je stejn\u011b snadn\u00e9 jako rychl\u00e9 pou\u017eit\u00ed. Navr\u017eeno tak, aby bylo intuitivn\u00ed a vyu\u017e\u00edvalo p\u0159irozen\u00e9 pohyby rukou, znamen\u00e1 to, \u017ee p\u0159i ovl\u00e1d\u00e1n\u00ed nemus\u00edte zlomit sev\u0159en\u00ed. Po otev\u0159en\u00ed se uzamkne na m\u00edst\u011b jako zadn\u00ed zar\u00e1\u017eka palce. V\u0161echno, co by bezpe\u010dnost m\u011bla b\u00fdt.<\/p>\n<p><strong>CRYO D2 OCELOV\u00c1 \u010cEPEL<\/strong><br \/>\nV\u0161estrann\u00e1 n\u00e1strojov\u00e1 ocel s vysok\u00fdm obsahem uhl\u00edku, kter\u00e1 je kryogenn\u011b tepeln\u011b zpracov\u00e1na podle jedine\u010dn\u00fdch v\u00fdkonnostn\u00edch specifikac\u00ed SOG. D2 poskytuje ide\u00e1ln\u00ed kombinaci zachov\u00e1n\u00ed hran a trvanlivosti pro dlouhodob\u00e9 pou\u017e\u00edv\u00e1n\u00ed se snadnou \u00fadr\u017ebou.<\/p>\n<p>CELKOV\u00c1 D\u00c9LKA: 21 cm<br \/>\nD\u00c9LKA \u010cEPELE: 9 cm<br \/>\nHMOTNOST: 130 g<br \/>\nTYP OCELOV\u00c9 \u010cEPELE: Cryo D2\u2033<br \/>\nMATERI\u00c1L RUKOJETI: GRN<br \/>\nBARVA RUKOJETI: \u0160ed\u00e1<br \/>\nDOKON\u010cENI: TiNi<br \/>\nZAMYKAC\u00cd MECHANISMUS: AT-XR<br \/>\nBEZPE\u010cNOST: Oboustrann\u00e1 bezpe\u010dnost na p\u00e1te\u0159i<br \/>\nOTEV\u00cdRAC\u00cd MECHANISMUS: Asistovan\u00fd Thumb Stud<\/p>\n<p><iframe title=\"SOG Flash AT\" width=\"800\" height=\"450\" src=\"https:\/\/www.youtube.com\/embed\/P5fVKx7j3eY?feature=oembed\" frameborder=\"0\" allow=\"accelerometer; autoplay; clipboard-write; encrypted-media; gyroscope; picture-in-picture; web-share\" allowfullscreen><\/iframe><\/p>\n<p>&nbsp;<\/p>\n","protected":false},"excerpt":{"rendered":"<p><strong>SOG Flash AT s oboustrann\u00fdm rychl\u00fdm otev\u00edr\u00e1n\u00edm AT-XR Lock\u00ae, \u010depel\u00ed z oceli CRYO D2 a ergonomickou rukojet\u00ed pro lep\u0161\u00ed \u00fachop a pohodl\u00ed.<\/strong><\/p>\n","protected":false},"featured_media":242032,"comment_status":"open","ping_status":"closed","template":"","meta":[],"pwb-brand":[591],"product_brand":[],"product_cat":[22,17],"product_tag":[3667],"class_list":{"0":"post-242031","1":"product","2":"type-product","3":"status-publish","4":"has-post-thumbnail","6":"pwb-brand-sog","7":"product_cat-zaviraci-noze","8":"product_cat-noze","9":"product_tag-b2b","11":"first","12":"instock","13":"taxable","14":"shipping-taxable","15":"purchasable","16":"product-type-simple"},"brands":[{"id":591,"name":"SOG","slug":"sog"}],"_links":{"self":[{"href":"https:\/\/www.moskito.cz\/it\/wp-json\/wp\/v2\/product\/242031","targetHints":{"allow":["GET"]}}],"collection":[{"href":"https:\/\/www.moskito.cz\/it\/wp-json\/wp\/v2\/product"}],"about":[{"href":"https:\/\/www.moskito.cz\/it\/wp-json\/wp\/v2\/types\/product"}],"replies":[{"embeddable":true,"href":"https:\/\/www.moskito.cz\/it\/wp-json\/wp\/v2\/comments?post=242031"}],"wp:featuredmedia":[{"embeddable":true,"href":"https:\/\/www.moskito.cz\/it\/wp-json\/wp\/v2\/media\/242032"}],"wp:attachment":[{"href":"https:\/\/www.moskito.cz\/it\/wp-json\/wp\/v2\/media?parent=242031"}],"wp:term":[{"taxonomy":"pwb-brand","embeddable":true,"href":"https:\/\/www.moskito.cz\/it\/wp-json\/wp\/v2\/pwb-brand?post=242031"},{"taxonomy":"product_brand","embeddable":true,"href":"https:\/\/www.moskito.cz\/it\/wp-json\/wp\/v2\/product_brand?post=242031"},{"taxonomy":"product_cat","embeddable":true,"href":"https:\/\/www.moskito.cz\/it\/wp-json\/wp\/v2\/product_cat?post=242031"},{"taxonomy":"product_tag","embeddable":true,"href":"https:\/\/www.moskito.cz\/it\/wp-json\/wp\/v2\/product_tag?post=242031"}],"curies":[{"name":"wp","href":"https:\/\/api.w.org\/{rel}","templated":true}]}}