{"id":242522,"date":"2023-03-08T20:26:04","date_gmt":"2023-03-08T19:26:04","guid":{"rendered":"https:\/\/www.moskito.cz\/?post_type=product&#038;p=242522"},"modified":"2025-11-04T15:29:44","modified_gmt":"2025-11-04T14:29:44","slug":"zaviraci-nuz-sog-tellus-flk-blaze","status":"publish","type":"product","link":"https:\/\/www.moskito.cz\/it\/produkt\/zaviraci-nuz-sog-tellus-flk-blaze\/","title":{"rendered":"Zav\u00edrac\u00ed N\u016f\u017e SOG TELLUS FLK BLAZE"},"content":{"rendered":"<p>Zav\u00edrac\u00ed N\u016f\u017e <strong>SOG<\/strong> TELLUS FLK BLAZE.<\/p>\n<p><strong>\u010cepel<\/strong> z nerezov\u00e9 oceli CYRO 440C s \u0161irok\u00fdm ramenem a 3,65\u201d poskytuje tomuto outdoorov\u00e9mu pracantovi spoustu p\u00e1te\u0159e. S rukojet\u00ed GRN se snadno manipuluje p\u0159i prov\u00e1d\u011bn\u00ed \u0161irok\u00e9 \u0161k\u00e1ly \u00fakol\u016f, zat\u00edmco mechanismus r\u00e1mov\u00e9ho z\u00e1mku SOG byl navr\u017een tak, aby zm\u00edrnil \u00fa\u010dinky ne\u010distot, bl\u00e1ta a jin\u00fdch ne\u010distot, kter\u00e9 mohou zan\u00e9st mechanismus.<\/p>\n<p><strong>CRYO 440C OCEL<\/strong><br \/>\nNerezov\u00e1 ocel CRYO 440C m\u00e1 dokonalou kombinaci vynikaj\u00edc\u00ed odolnosti proti korozi a opot\u0159eben\u00ed, kter\u00e1 je vy\u017eadov\u00e1na pro n\u016f\u017e, kter\u00fd je ur\u010den pro n\u00e1ro\u010dn\u00e9 venkovn\u00ed pou\u017eit\u00ed. Povrchov\u00e1 \u00faprava Stonewashed nab\u00edz\u00ed zv\u00fd\u0161enou odolnost proti korozi a skr\u00fdv\u00e1 \u0161kr\u00e1bance, aby v\u00e1\u0161 n\u016f\u017e st\u00e1le vypadal skv\u011ble.<\/p>\n<p><strong>RUKOJE\u0164 GRN<\/strong><br \/>\nNylon je obl\u00edben\u00fdm materi\u00e1lem pro rukojeti no\u017e\u016f pro svou pevnost, odolnost proti n\u00e1razu, chemickou inertnost a stabilitu p\u0159i vysok\u00fdch teplot\u00e1ch. V\u0161echny tyto vlastnosti jsou vylep\u0161eny p\u0159id\u00e1n\u00edm sklen\u011bn\u00fdch vl\u00e1ken do nylonu, aby se vytvo\u0159il nov\u00fd materi\u00e1l, sklolamin\u00e1tov\u00fd nylon (GRN).<\/p>\n<p><strong>Z\u00c1MEK R\u00c1MU<\/strong><br \/>\nJednoduch\u00fd design z\u00e1mku r\u00e1mu nab\u00edz\u00ed rychl\u00e9 a bezpe\u010dn\u00e9 otev\u00edr\u00e1n\u00ed pomoc\u00ed palcov\u00e9ho kol\u00edku nebo otv\u00edr\u00e1ku. \u00da\u010deln\u011b navr\u017een\u00fd pro provoz v hl\u00edn\u011b, bl\u00e1t\u011b a bahn\u011b.<\/p>\n<p>MATERI\u00c1L RUKOJETI: GRN<br \/>\nOCEL: CRYO 440 (9Cr18MoV)<br \/>\nDRUH POJISTKY: N\/A<br \/>\nHMOTNOST: 163 g<br \/>\nBARVA: oran\u017eov\u00e1<br \/>\nTLOU\u0160\u0164KA \u010cEPELE: 3,8 mm<br \/>\nD\u00c9LKA \u010cEPELE: 9 cm<br \/>\nCELKOV\u00c1 VELIKOST: 21 cm<\/p>\n<p>&nbsp;<\/p>\n","protected":false},"excerpt":{"rendered":"<p><strong>Tellus FLK je p\u0159edev\u0161\u00edm outdoorov\u00fd pracovn\u00ed zav\u00edrac\u00ed n\u016f\u017e s hladk\u00fdm ost\u0159\u00edm.<\/strong><\/p>\n","protected":false},"featured_media":242523,"comment_status":"open","ping_status":"closed","template":"","meta":[],"pwb-brand":[591],"product_brand":[],"product_cat":[22,17],"product_tag":[3667],"class_list":{"0":"post-242522","1":"product","2":"type-product","3":"status-publish","4":"has-post-thumbnail","6":"pwb-brand-sog","7":"product_cat-zaviraci-noze","8":"product_cat-noze","9":"product_tag-b2b","11":"first","12":"instock","13":"taxable","14":"shipping-taxable","15":"purchasable","16":"product-type-simple"},"brands":[{"id":591,"name":"SOG","slug":"sog"}],"_links":{"self":[{"href":"https:\/\/www.moskito.cz\/it\/wp-json\/wp\/v2\/product\/242522","targetHints":{"allow":["GET"]}}],"collection":[{"href":"https:\/\/www.moskito.cz\/it\/wp-json\/wp\/v2\/product"}],"about":[{"href":"https:\/\/www.moskito.cz\/it\/wp-json\/wp\/v2\/types\/product"}],"replies":[{"embeddable":true,"href":"https:\/\/www.moskito.cz\/it\/wp-json\/wp\/v2\/comments?post=242522"}],"wp:featuredmedia":[{"embeddable":true,"href":"https:\/\/www.moskito.cz\/it\/wp-json\/wp\/v2\/media\/242523"}],"wp:attachment":[{"href":"https:\/\/www.moskito.cz\/it\/wp-json\/wp\/v2\/media?parent=242522"}],"wp:term":[{"taxonomy":"pwb-brand","embeddable":true,"href":"https:\/\/www.moskito.cz\/it\/wp-json\/wp\/v2\/pwb-brand?post=242522"},{"taxonomy":"product_brand","embeddable":true,"href":"https:\/\/www.moskito.cz\/it\/wp-json\/wp\/v2\/product_brand?post=242522"},{"taxonomy":"product_cat","embeddable":true,"href":"https:\/\/www.moskito.cz\/it\/wp-json\/wp\/v2\/product_cat?post=242522"},{"taxonomy":"product_tag","embeddable":true,"href":"https:\/\/www.moskito.cz\/it\/wp-json\/wp\/v2\/product_tag?post=242522"}],"curies":[{"name":"wp","href":"https:\/\/api.w.org\/{rel}","templated":true}]}}