{"id":243018,"date":"2023-03-13T23:13:09","date_gmt":"2023-03-13T22:13:09","guid":{"rendered":"https:\/\/www.moskito.cz\/?post_type=product&#038;p=243018"},"modified":"2025-05-07T10:47:28","modified_gmt":"2025-05-07T09:47:28","slug":"multifunkcni-kleste-sog-powerlock-nylon-sheath","status":"publish","type":"product","link":"https:\/\/www.moskito.cz\/it\/produkt\/multifunkcni-kleste-sog-powerlock-nylon-sheath\/","title":{"rendered":"Multifunk\u010dn\u00ed Kle\u0161t\u011b SOG POWERLOCK NYLON SHEATH"},"content":{"rendered":"<p>Multifunk\u010dn\u00ed Kle\u0161t\u011b <strong>SOG<\/strong> POWERLOCK NYLON SHEATH<\/p>\n<p>Jako jeden z p\u016fvodn\u00edch v\u00fdrobc\u016f multifunk\u010dn\u00edho n\u00e1\u0159ad\u00ed jsme se za ta l\u00e9ta nau\u010dili docela dost. V\u010detn\u011b tohoto multifunk\u010dn\u00edho n\u00e1stroje s 18 n\u00e1stroji postaven\u00e9ho na mechanismu Compound Leverage spole\u010dnosti <strong>SOG<\/strong>. Dali jste n\u00e1m v\u011bd\u011bt, \u017ee rychl\u00fd p\u0159\u00edstup je nutnost\u00ed. Jednodu\u0161e jednou rukou vyklopte na\u0161e n\u00e1stroje a uvid\u00edte sami, jak dob\u0159e jsme poslouchali. V\u0161estrannost v ter\u00e9nu je nutnost\u00ed a robustn\u00ed konstrukce umo\u017e\u0148uje p\u0159\u00edstup. Existuje tak\u00e9 nes\u010detn\u00e9 mno\u017estv\u00ed funkc\u00ed, kter\u00e9 mo\u017en\u00e1 neuvid\u00edte, nap\u0159\u00edklad na\u0161e pily \u0159e\u017eou rychleji a na\u0161e piln\u00edky se l\u00e9pe ohol\u00ed. A kdy\u017e u\u017e jste u toho, pod\u00edvejte se na jedny z nejlep\u0161\u00edch n\u016f\u017eek v oboru. M\u00e1 tohle v\u0161echno smysl? Vsad\u00edte se, \u017ee to je d\u016fvod, pro\u010d vedouc\u00ed vojensk\u00e9 s\u00edly vol\u00ed <strong>SOG<\/strong>!<\/p>\n<p><strong>18 n\u00e1stroj\u016f na dosah ruky<\/strong><br \/>\nObsahuje chapa\u010d, n\u016f\u017e na tvrd\u00fd dr\u00e1t, krimpova\u010d dr\u00e1tu, krimpova\u010d trysek, dvouzubou pilku na d\u0159evo, \u010d\u00e1ste\u010dn\u011b zoubkovanou \u010depel, 3strann\u00fd piln\u00edk, velk\u00fd \u0161roubov\u00e1k, k\u0159\u00ed\u017eov\u00fd \u0161roubov\u00e1k, 1\/4\u201d pohon, \u0161\u00eddlo, otv\u00edr\u00e1k na konzervy, mal\u00fd \u0161roubov\u00e1k, l\u00e1hev otv\u00edr\u00e1k, st\u0159edn\u00ed \u0161roubov\u00e1k, n\u016f\u017eky a prav\u00edtka.<\/p>\n<p><strong>420 NEREZ<\/strong><br \/>\nNerezov\u00e1 ocel 420 poskytuje odolnost proti korozi a zv\u00fd\u0161enou pevnost a tvrdost.<\/p>\n<p>Patentovan\u00e1 technologie Compound Leverage spole\u010dnosti SOG vyu\u017e\u00edv\u00e1 v\u00edce oto\u010dn\u00fdch bod\u016f, kter\u00e9 generuj\u00ed v\u011bt\u0161\u00ed zdvih rukojeti ve vztahu k pohybu kle\u0161t\u00ed. V\u00fdsledkem je v\u00fdhoda p\u00e1kov\u00e9ho efektu p\u0159ibli\u017en\u011b dvojn\u00e1sobku v\u00fdkonu b\u011b\u017en\u00e9ho multifunk\u010dn\u00edho n\u00e1\u0159ad\u00ed, d\u00edky \u010demu\u017e je ka\u017ed\u00fd \u0159ez hlad\u0161\u00ed a snaz\u0161\u00ed.<\/p>\n<p>ZA\u0158\u00cdZEN\u00cd EOD CRIMPER<br \/>\nUm\u00edst\u011bn uvnit\u0159 rukojeti, aby se minimalizovalo vedlej\u0161\u00ed po\u0161kozen\u00ed krimpovac\u00edho za\u0159\u00edzen\u00ed a umo\u017enilo pln\u00e9 vyu\u017eit\u00ed nep\u0159eru\u0161ovan\u00e9ho povrchu kle\u0161t\u00ed. Krimpovac\u00ed krimpovac\u00ed za\u0159\u00edzen\u00ed vytv\u00e1\u0159\u00ed nezvln\u011bn\u00e9 krimpy s vysokou pevnost\u00ed v vytahov\u00e1n\u00ed, kter\u00e9 spl\u0148uj\u00ed vl\u00e1dn\u00ed specifikace pojistek.<\/p>\n<p>D\u00c9LKA RUKOJETI: 11.7 cm<br \/>\nBARVA: Silver<br \/>\nOCEL: 420 Stainless<br \/>\nTLOU\u0160\u0164KA \u010cEPELE: 2 mm<br \/>\nD\u00c9LKA \u010cEPELE: 7 cm<br \/>\nHMOTNOST: 272 g<br \/>\nMATERI\u00c1L POUZDRA: Synthetic Fabric<br \/>\nMATERI\u00c1L RUKOJETI: 420 Stainless Steel<\/p>\n<p>&nbsp;<\/p>\n<p>&nbsp;<\/p>\n<p>&nbsp;<\/p>\n<p>&nbsp;<\/p>\n","protected":false},"excerpt":{"rendered":"<p><strong>Odoln\u00fd multifunk\u010dn\u00ed n\u00e1stroj postaven\u00fd na patentovan\u00e9m syst\u00e9mu SOG Compound Leverage, kter\u00fd poskytuje dvojn\u00e1sobnou s\u00edlu \u00fachopu a \u0159ezu.<\/strong><\/p>\n","protected":false},"featured_media":243019,"comment_status":"open","ping_status":"closed","template":"","meta":[],"pwb-brand":[591],"product_brand":[],"product_cat":[50],"product_tag":[3667],"class_list":{"0":"post-243018","1":"product","2":"type-product","3":"status-publish","4":"has-post-thumbnail","6":"pwb-brand-sog","7":"product_cat-multi-tool","8":"product_tag-b2b","10":"first","11":"instock","12":"taxable","13":"shipping-taxable","14":"purchasable","15":"product-type-simple"},"brands":[{"id":591,"name":"SOG","slug":"sog"}],"_links":{"self":[{"href":"https:\/\/www.moskito.cz\/it\/wp-json\/wp\/v2\/product\/243018","targetHints":{"allow":["GET"]}}],"collection":[{"href":"https:\/\/www.moskito.cz\/it\/wp-json\/wp\/v2\/product"}],"about":[{"href":"https:\/\/www.moskito.cz\/it\/wp-json\/wp\/v2\/types\/product"}],"replies":[{"embeddable":true,"href":"https:\/\/www.moskito.cz\/it\/wp-json\/wp\/v2\/comments?post=243018"}],"wp:featuredmedia":[{"embeddable":true,"href":"https:\/\/www.moskito.cz\/it\/wp-json\/wp\/v2\/media\/243019"}],"wp:attachment":[{"href":"https:\/\/www.moskito.cz\/it\/wp-json\/wp\/v2\/media?parent=243018"}],"wp:term":[{"taxonomy":"pwb-brand","embeddable":true,"href":"https:\/\/www.moskito.cz\/it\/wp-json\/wp\/v2\/pwb-brand?post=243018"},{"taxonomy":"product_brand","embeddable":true,"href":"https:\/\/www.moskito.cz\/it\/wp-json\/wp\/v2\/product_brand?post=243018"},{"taxonomy":"product_cat","embeddable":true,"href":"https:\/\/www.moskito.cz\/it\/wp-json\/wp\/v2\/product_cat?post=243018"},{"taxonomy":"product_tag","embeddable":true,"href":"https:\/\/www.moskito.cz\/it\/wp-json\/wp\/v2\/product_tag?post=243018"}],"curies":[{"name":"wp","href":"https:\/\/api.w.org\/{rel}","templated":true}]}}