{"id":244726,"date":"2023-03-24T18:38:46","date_gmt":"2023-03-24T17:38:46","guid":{"rendered":"https:\/\/www.moskito.cz\/?post_type=product&#038;p=244726"},"modified":"2025-06-28T12:00:33","modified_gmt":"2025-06-28T11:00:33","slug":"zaviraci-nuz-cold-steel-bush-ranger-lite-21a","status":"publish","type":"product","link":"https:\/\/www.moskito.cz\/it\/produkt\/zaviraci-nuz-cold-steel-bush-ranger-lite-21a\/","title":{"rendered":"Zav\u00edrac\u00ed N\u016f\u017e Cold Steel BUSH RANGER LITE 21A"},"content":{"rendered":"<p>Zav\u00edrac\u00ed N\u016f\u017e <strong>Cold Steel<\/strong> BUSH RANGER LITE 21A<\/p>\n<p>Pro ty, kter\u00e9 zaujal <strong>Bush Ranger<\/strong>, ale hledaj\u00ed cenov\u011b v\u00fdhodn\u00fd skl\u00e1dac\u00ed poln\u00ed n\u016f\u017e, vyvinul Mike Wallace Bush Ranger Lite. S t\u00e9m\u011b\u0159 identickou \u010depel\u00ed Sheffield clip point, Lite verze Bush Ranger vyu\u017e\u00edv\u00e1 odolnou ocel 8Cr13MoV a palcov\u00fd kol\u00edk pro snadn\u00e9 otev\u00edr\u00e1n\u00ed. Pohodl\u00ed p\u0159i pou\u017e\u00edv\u00e1n\u00ed je kl\u00ed\u010dem, rukoje\u0165 Bush Ranger Lite se skl\u00e1d\u00e1 z odborn\u011b tvarovan\u00fd nylon pln\u011bn\u00fd sklem (GFN), kter\u00fd v\u00e1m padne do ruky jako rukavice. D\u00edky mo\u017enostem oboustrann\u00e9ho no\u0161en\u00ed, kter\u00e9 nab\u00edz\u00ed vym\u011bniteln\u00e1 spona na kapsu, a hmotnosti pouh\u00fdch 4,8 unce je no\u0161en\u00ed s Bush Ranger Lite hra\u010dkou. Jako v\u017edy z\u016fst\u00e1v\u00e1 bezpe\u010dnost a zabezpe\u010den\u00ed prioritou \u010d\u00edslo jedna pro Cold Steel, proto jsme Bush Ranger Lite dodali s nejmodern\u011bj\u0161\u00edm kol\u00e9bkov\u00fdm z\u00e1mkem se sekund\u00e1rn\u00ed pojistkou, kter\u00e1 je p\u0159i aktivaci extr\u00e9mn\u011b odoln\u00e1 proti n\u00e1razu a n\u00e1razu. Jsme si jisti, \u017ee budete souhlasit, Bush Ranger Lite je vynikaj\u00edc\u00ed prvn\u00ed zav\u00edrac\u00ed n\u016f\u017e nebo cenov\u011b dostupn\u00fd, spolehliv\u00fd u\u017eitkov\u00fd n\u016f\u017e pro ka\u017edodenn\u00ed no\u0161en\u00ed (EDC).<\/p>\n<p>Popis:<\/p>\n<p>Ocel: 8Cr13MoV Stainless<br \/>\nD\u00e9lka \u010depele: 8.9 cm<br \/>\nMateri\u00e1l rukojeti: Long GFN<br \/>\nHmotnost: 135 g<br \/>\nCelkov\u00e1 velikost: 21.3 cm<br \/>\nTlou\u0161\u0165ka \u010depele: O.38 cm<br \/>\nD\u00e9lka rukojeti: 12.4 cm<br \/>\nDruh pojistky: h\u0159betn\u00ed pojistka + sekund\u00e1rn\u00ed z\u00e1mek<br \/>\nBarva: Zelen\u00e1\/St\u0159\u00edbrn\u00e1<\/p>\n<p>&nbsp;<\/p>\n<p>&nbsp;<\/p>\n","protected":false},"excerpt":{"rendered":"<p><strong>Bush Ranger Lite od firmy COLD STEEL je st\u0159edn\u011b velk\u00fd zav\u00edrac\u00ed n\u016f\u017e s hladk\u00fdm ost\u0159\u00edm pro ka\u017edodenn\u00ed no\u0161en\u00ed. Lite verze je cenov\u011b dostupn\u011bj\u0161\u00ed variantou bushcraft no\u017ee pro p\u0159e\u017eit\u00ed Bush Ranger.<\/strong><\/p>\n","protected":false},"featured_media":244727,"comment_status":"open","ping_status":"closed","template":"","meta":[],"pwb-brand":[211],"product_brand":[],"product_cat":[22,17],"product_tag":[3667],"class_list":{"0":"post-244726","1":"product","2":"type-product","3":"status-publish","4":"has-post-thumbnail","6":"pwb-brand-cold-steel","7":"product_cat-zaviraci-noze","8":"product_cat-noze","9":"product_tag-b2b","11":"first","12":"instock","13":"taxable","14":"shipping-taxable","15":"purchasable","16":"product-type-simple"},"brands":[{"id":211,"name":"Cold Steel","slug":"cold-steel"}],"_links":{"self":[{"href":"https:\/\/www.moskito.cz\/it\/wp-json\/wp\/v2\/product\/244726","targetHints":{"allow":["GET"]}}],"collection":[{"href":"https:\/\/www.moskito.cz\/it\/wp-json\/wp\/v2\/product"}],"about":[{"href":"https:\/\/www.moskito.cz\/it\/wp-json\/wp\/v2\/types\/product"}],"replies":[{"embeddable":true,"href":"https:\/\/www.moskito.cz\/it\/wp-json\/wp\/v2\/comments?post=244726"}],"wp:featuredmedia":[{"embeddable":true,"href":"https:\/\/www.moskito.cz\/it\/wp-json\/wp\/v2\/media\/244727"}],"wp:attachment":[{"href":"https:\/\/www.moskito.cz\/it\/wp-json\/wp\/v2\/media?parent=244726"}],"wp:term":[{"taxonomy":"pwb-brand","embeddable":true,"href":"https:\/\/www.moskito.cz\/it\/wp-json\/wp\/v2\/pwb-brand?post=244726"},{"taxonomy":"product_brand","embeddable":true,"href":"https:\/\/www.moskito.cz\/it\/wp-json\/wp\/v2\/product_brand?post=244726"},{"taxonomy":"product_cat","embeddable":true,"href":"https:\/\/www.moskito.cz\/it\/wp-json\/wp\/v2\/product_cat?post=244726"},{"taxonomy":"product_tag","embeddable":true,"href":"https:\/\/www.moskito.cz\/it\/wp-json\/wp\/v2\/product_tag?post=244726"}],"curies":[{"name":"wp","href":"https:\/\/api.w.org\/{rel}","templated":true}]}}