{"id":244755,"date":"2023-03-24T21:15:57","date_gmt":"2023-03-24T20:15:57","guid":{"rendered":"https:\/\/www.moskito.cz\/?post_type=product&#038;p=244755"},"modified":"2025-05-07T10:48:32","modified_gmt":"2025-05-07T09:48:32","slug":"zaviraci-nuz-cold-steel-verdict-tanto-point","status":"publish","type":"product","link":"https:\/\/www.moskito.cz\/it\/produkt\/zaviraci-nuz-cold-steel-verdict-tanto-point\/","title":{"rendered":"Zav\u00edrac\u00ed N\u016f\u017e Cold Steel VERDICT TANTO POINT"},"content":{"rendered":"<p>Zav\u00edrac\u00ed N\u016f\u017e <strong>Cold Steel<\/strong> VERDICT TANTO POINT<\/p>\n<p>Zav\u00edrac\u00ed no\u017ee ze s\u00e9rie Verdict jsou navr\u017eeny tak, aby dopl\u0148ovaly no\u017ee s\u00e9rie Code 4. Stejn\u011b jako Code 4 jsou dostate\u010dn\u011b tenk\u00e9 a lehk\u00e9 pro ka\u017edodenn\u00ed no\u0161en\u00ed a maj\u00ed patentovan\u00fd uzamykac\u00ed mechanismus Tri-Ad lock. P\u0159ich\u00e1zej\u00ed v r\u016fzn\u00fdch stylech \u010depele a tak\u00e9 v barv\u00e1ch rukojeti! V\u0161echny maj\u00ed 3palcov\u00e9 \u010depele ve t\u0159ech r\u016fzn\u00fdch stylech \u010depele: Tanto, Spear Point a Clip Point. Existuj\u00ed dv\u011b r\u016fzn\u00e9 oceli \u010depele: AUS 10A s \u010depelemi s \u010dern\u00fdm povrchem a 4116SS s povrchovou \u00fapravou Stonewashed. K dispozici jsou tak\u00e9 dva materi\u00e1ly rukojeti: GFN a G10. Krom\u011b standardn\u00edch \u010dern\u00fdch rukojet\u00ed jsou n\u011bkter\u00e9 modely dostupn\u00e9 v barv\u00e1ch Flat Dark Earth nebo OD Green. Sponu na no\u0161en\u00ed v kapse je mo\u017en\u00e9 p\u0159ehodit na druhou stranu, aby n\u016f\u017e mohli pohodln\u011b nosit i lev\u00e1ci.<\/p>\n<p>Materi\u00e1l \u010depele: 4116<br \/>\nMateri\u00e1l rukojeti: GFN<br \/>\nPojistka: Tri-Ad lock<br \/>\nD\u00e9lka \u010depele: 7.6 cm<br \/>\nTyp \u010depele: Tanto<br \/>\nVyu\u017eit\u00ed: EDC &#8211; ka\u017edodenn\u00ed no\u0161en\u00ed<br \/>\nJednoru\u010dn\u00ed otv\u00edr\u00e1n\u00ed: ano<br \/>\nTyp no\u017ee: Zav\u00edrac\u00ed<\/p>\n<p><iframe title=\"COLD STEEL VERDICT LINE OF KNIVES\" width=\"800\" height=\"450\" src=\"https:\/\/www.youtube.com\/embed\/6vn_iWyLzhQ?feature=oembed\" frameborder=\"0\" allow=\"accelerometer; autoplay; clipboard-write; encrypted-media; gyroscope; picture-in-picture; web-share\" allowfullscreen><\/iframe><\/p>\n<p>&nbsp;<\/p>\n","protected":false},"excerpt":{"rendered":"<p><strong>Zav\u00edrac\u00ed no\u017ee ze s\u00e9rie Verdict jsou navr\u017eeny tak, aby dopl\u0148ovaly no\u017ee s\u00e9rie Code 4. Stejn\u011b jako Code 4 jsou dostate\u010dn\u011b tenk\u00e9 a lehk\u00e9 pro ka\u017edodenn\u00ed no\u0161en\u00ed.<\/strong><\/p>\n","protected":false},"featured_media":244756,"comment_status":"open","ping_status":"closed","template":"","meta":[],"pwb-brand":[211],"product_brand":[],"product_cat":[22,17],"product_tag":[3667],"class_list":{"0":"post-244755","1":"product","2":"type-product","3":"status-publish","4":"has-post-thumbnail","6":"pwb-brand-cold-steel","7":"product_cat-zaviraci-noze","8":"product_cat-noze","9":"product_tag-b2b","11":"first","12":"instock","13":"taxable","14":"shipping-taxable","15":"purchasable","16":"product-type-simple"},"brands":[{"id":211,"name":"Cold Steel","slug":"cold-steel"}],"_links":{"self":[{"href":"https:\/\/www.moskito.cz\/it\/wp-json\/wp\/v2\/product\/244755","targetHints":{"allow":["GET"]}}],"collection":[{"href":"https:\/\/www.moskito.cz\/it\/wp-json\/wp\/v2\/product"}],"about":[{"href":"https:\/\/www.moskito.cz\/it\/wp-json\/wp\/v2\/types\/product"}],"replies":[{"embeddable":true,"href":"https:\/\/www.moskito.cz\/it\/wp-json\/wp\/v2\/comments?post=244755"}],"wp:featuredmedia":[{"embeddable":true,"href":"https:\/\/www.moskito.cz\/it\/wp-json\/wp\/v2\/media\/244756"}],"wp:attachment":[{"href":"https:\/\/www.moskito.cz\/it\/wp-json\/wp\/v2\/media?parent=244755"}],"wp:term":[{"taxonomy":"pwb-brand","embeddable":true,"href":"https:\/\/www.moskito.cz\/it\/wp-json\/wp\/v2\/pwb-brand?post=244755"},{"taxonomy":"product_brand","embeddable":true,"href":"https:\/\/www.moskito.cz\/it\/wp-json\/wp\/v2\/product_brand?post=244755"},{"taxonomy":"product_cat","embeddable":true,"href":"https:\/\/www.moskito.cz\/it\/wp-json\/wp\/v2\/product_cat?post=244755"},{"taxonomy":"product_tag","embeddable":true,"href":"https:\/\/www.moskito.cz\/it\/wp-json\/wp\/v2\/product_tag?post=244755"}],"curies":[{"name":"wp","href":"https:\/\/api.w.org\/{rel}","templated":true}]}}