{"id":245210,"date":"2023-03-31T15:44:05","date_gmt":"2023-03-31T14:44:05","guid":{"rendered":"https:\/\/www.moskito.cz\/?post_type=product&#038;p=245210"},"modified":"2025-05-07T10:49:01","modified_gmt":"2025-05-07T09:49:01","slug":"pevny-nuz-cold-steel-ak-47-field-knife","status":"publish","type":"product","link":"https:\/\/www.moskito.cz\/it\/produkt\/pevny-nuz-cold-steel-ak-47-field-knife\/","title":{"rendered":"Pevn\u00fd N\u016f\u017e COLD STEEL AK-47 FIELD KNIFE"},"content":{"rendered":"<p>Pevn\u00fd N\u016f\u017e <strong>COLD STEEL<\/strong> AK-47 FIELD KNIFE<\/p>\n<p>Na\u0161e \u0159ada no\u017e\u016f AK-47 nastavila standard pro tvrd\u00e9 taktick\u00e9 poln\u00ed no\u017ee. Tyto robustn\u00ed no\u017ee, pevn\u00e9 obl\u00edben\u00e9 u vojensk\u00e9ho person\u00e1lu a speci\u00e1ln\u00edch jednotek, byly pou\u017eity po cel\u00e9m sv\u011bt\u011b a v n\u011bkolika konfliktn\u00edch z\u00f3n\u00e1ch. Kdy\u017e jsme se rozhodli prozkoumat n\u00e1vrhy v\u00edce\u00fa\u010delov\u00e9ho poln\u00edho no\u017ee s pevnou \u010depel\u00ed, kter\u00fd by byl vhodn\u00fd pro vojensk\u00e9 pou\u017eit\u00ed, st\u00e1le jsme se vraceli k na\u0161emu klasick\u00e9mu designu AK-47. Poln\u00ed n\u016f\u017e AK-47, navr\u017een\u00fd Andrewem Demkem, je extr\u00e9mn\u011b robustn\u00ed. Odborn\u011b vyroben\u00fd z oceli CPM3-V, poln\u00ed n\u016f\u017e AK-47 s kamennou povrchovou \u00fapravou od \u0161pi\u010dky jeho masivn\u00ed \u0161avle brou\u0161en\u00e9 \u010depele se zachycovac\u00edm hrotem p\u0159es celou \u010depel a integr\u00e1ln\u00ed ocelovou hlavici zaji\u0161\u0165uj\u00edc\u00ed a odoln\u00fd, super pevn\u00fd povrch. Dod\u00e1v\u00e1 se s v\u0161estrann\u00fdm Pochva Secure-Ex, AK-47 Field Knife je dokonal\u00fdm spole\u010dn\u00edkem pro dne\u0161n\u00ed modern\u00ed vojensk\u00fd person\u00e1l.<\/p>\n<p>Popis:<\/p>\n<p>Materi\u00e1l rukojeti: G-10<br \/>\nD\u00e9lka \u010depele: 14 cm<br \/>\nCelkov\u00e1 d\u00e9lka: 26.35 cm<br \/>\nD\u00e9lka rukojeti: 12.35 cm<br \/>\nTlou\u0161\u0165ka \u010depele: 5 mm<br \/>\nHmotnost: 314 g<br \/>\nTyp \u010depele: Drop Point<\/p>\n<p>&nbsp;<\/p>\n","protected":false},"excerpt":{"rendered":"<p><strong>Taktick\u00fd poln\u00ed n\u016f\u017e AK-47 od firmy Cold Steel je pevn\u00fd n\u016f\u017e vyvynut\u00fd pro pou\u017eit\u00ed ve v\u00fdzbroji ozbrojen\u00fdch slo\u017eek. Jeho design p\u0159\u00edmo navazuje na \u0159adu zav\u00edrac\u00edch no\u017e\u016f AK-47.<\/strong><\/p>\n","protected":false},"featured_media":245211,"comment_status":"open","ping_status":"closed","template":"","meta":[],"pwb-brand":[211],"product_brand":[],"product_cat":[23,17],"product_tag":[3667],"class_list":{"0":"post-245210","1":"product","2":"type-product","3":"status-publish","4":"has-post-thumbnail","6":"pwb-brand-cold-steel","7":"product_cat-pevne-noze","8":"product_cat-noze","9":"product_tag-b2b","11":"first","12":"instock","13":"taxable","14":"shipping-taxable","15":"purchasable","16":"product-type-simple"},"brands":[{"id":211,"name":"Cold Steel","slug":"cold-steel"}],"_links":{"self":[{"href":"https:\/\/www.moskito.cz\/it\/wp-json\/wp\/v2\/product\/245210","targetHints":{"allow":["GET"]}}],"collection":[{"href":"https:\/\/www.moskito.cz\/it\/wp-json\/wp\/v2\/product"}],"about":[{"href":"https:\/\/www.moskito.cz\/it\/wp-json\/wp\/v2\/types\/product"}],"replies":[{"embeddable":true,"href":"https:\/\/www.moskito.cz\/it\/wp-json\/wp\/v2\/comments?post=245210"}],"wp:featuredmedia":[{"embeddable":true,"href":"https:\/\/www.moskito.cz\/it\/wp-json\/wp\/v2\/media\/245211"}],"wp:attachment":[{"href":"https:\/\/www.moskito.cz\/it\/wp-json\/wp\/v2\/media?parent=245210"}],"wp:term":[{"taxonomy":"pwb-brand","embeddable":true,"href":"https:\/\/www.moskito.cz\/it\/wp-json\/wp\/v2\/pwb-brand?post=245210"},{"taxonomy":"product_brand","embeddable":true,"href":"https:\/\/www.moskito.cz\/it\/wp-json\/wp\/v2\/product_brand?post=245210"},{"taxonomy":"product_cat","embeddable":true,"href":"https:\/\/www.moskito.cz\/it\/wp-json\/wp\/v2\/product_cat?post=245210"},{"taxonomy":"product_tag","embeddable":true,"href":"https:\/\/www.moskito.cz\/it\/wp-json\/wp\/v2\/product_tag?post=245210"}],"curies":[{"name":"wp","href":"https:\/\/api.w.org\/{rel}","templated":true}]}}