{"id":245336,"date":"2023-04-03T12:33:47","date_gmt":"2023-04-03T11:33:47","guid":{"rendered":"https:\/\/www.moskito.cz\/?post_type=product&#038;p=245336"},"modified":"2025-05-07T10:49:10","modified_gmt":"2025-05-07T09:49:10","slug":"pevny-nuz-cold-steel-black-bear-classic-san-mai","status":"publish","type":"product","link":"https:\/\/www.moskito.cz\/it\/produkt\/pevny-nuz-cold-steel-black-bear-classic-san-mai\/","title":{"rendered":"Pevn\u00fd N\u016f\u017e Cold Steel BLACK BEAR CLASSIC (SAN MAI)"},"content":{"rendered":"<p>Pevn\u00fd N\u016f\u017e <strong>Cold Steel<\/strong> BLACK BEAR CLASSIC (SAN MAI)<\/p>\n<p>\u010cepel VG-10 San Mai III\u00ae je dokonale tepeln\u011b zpracov\u00e1na a je odborn\u011b aplikov\u00e1no dvojit\u00e9 brou\u0161en\u00ed. Pot\u00e9 je povrch \u010depele vyle\u0161t\u011bn do kr\u00e1sn\u00e9ho sat\u00e9nov\u00e9ho vzhledu a hrany jsou brou\u0161eny a le\u0161t\u011bny do ostrosti p\u0159i holen\u00ed chloupk\u016f! \u010cern\u00e9 stupnice G10 jsou p\u0159ipevn\u011bny k \u010depeli pomoc\u00ed 6 nerezov\u00fdch kol\u00edk\u016f a jsou odborn\u011b ru\u010dn\u011b tvarov\u00e1ny a tvarov\u00e1ny.&lt;br&gt;&lt;br&gt;Tuto st\u00edha\u010dku klasick\u00e9ho designu pod j\u00edlcem poprv\u00e9 vyvinul Bob Loveless, jeden ze zakl\u00e1daj\u00edc\u00edch \u010dlen\u016f cechu no\u017e\u00ed\u0159\u016f. . Je to mo\u017en\u00e1 typick\u00fd bojov\u00fd n\u016f\u017e. Jeho 8\u201d \u010depel nab\u00edz\u00ed vynikaj\u00edc\u00ed dosah a neuv\u011b\u0159itelnou pr\u016fraznost s velmi malou fyzickou n\u00e1mahou. Spodn\u00ed j\u00edlec prakticky eliminuje mo\u017enost uvoln\u011bn\u00ed ruky nebo kontaktu s \u010depel\u00ed. Nav\u00edc spodn\u00ed rukoje\u0165 usnad\u0148uje rychl\u00e9 a snadn\u00e9 vyta\u017een\u00ed po vlo\u017een\u00ed. \u010cepel VG-10 San Mai III\u00ae je dokonale tepeln\u011b zpracov\u00e1na a je odborn\u011b aplikov\u00e1no dvojit\u00e9 brou\u0161en\u00ed. Pot\u00e9 je povrch \u010depele vyle\u0161t\u011bn do kr\u00e1sn\u00e9ho sat\u00e9nov\u00e9ho vzhledu a hrany jsou brou\u0161eny a le\u0161t\u011bny do ostrosti p\u0159i holen\u00ed chloupk\u016f! \u010cern\u00e9 G10 jsou p\u0159ipevn\u011bny k \u010depeli pomoc\u00ed 6 nerezov\u00fdch kol\u00edk\u016f a odborn\u011b ru\u010dn\u011b tvarov\u00e1ny a tvarov\u00e1ny.<\/p>\n<p>Popis:<\/p>\n<p>Materi\u00e1l \u010depele: VG-10<br \/>\nMateri\u00e1l rukojeti: G-10, Nerezov\u00e1 ocel<br \/>\nMateri\u00e1l pouzdra: Secure-Ex<br \/>\nD\u00e9lka \u010depele: 21 cm<br \/>\nCelkov\u00e1 d\u00e9lka: 33.7 cm<br \/>\nD\u00e9lka rukojeti: 12.7 cm<br \/>\nTlou\u0161\u0165ka \u010depele: 5 mm<br \/>\nHmotnost: 395 g<br \/>\nTyp \u010depele: Clip Point<\/p>\n<p>&nbsp;<\/p>\n<p>&nbsp;<\/p>\n","protected":false},"excerpt":{"rendered":"<p>Tento klasick\u00fd \u00fato\u010dn\u00fd n\u016f\u017e byl poprv\u00e9 p\u0159edstaven Bobem Lovelessem, jedn\u00edm ze zakl\u00e1daj\u00edc\u00edch \u010dlen\u016f cechu americk\u00fdch no\u017e\u00ed\u0159\u016f.<\/p>\n","protected":false},"featured_media":245337,"comment_status":"open","ping_status":"closed","template":"","meta":[],"pwb-brand":[211],"product_brand":[],"product_cat":[23,17],"product_tag":[3667],"class_list":{"0":"post-245336","1":"product","2":"type-product","3":"status-publish","4":"has-post-thumbnail","6":"pwb-brand-cold-steel","7":"product_cat-pevne-noze","8":"product_cat-noze","9":"product_tag-b2b","11":"first","12":"instock","13":"taxable","14":"shipping-taxable","15":"purchasable","16":"product-type-simple"},"brands":[{"id":211,"name":"Cold Steel","slug":"cold-steel"}],"_links":{"self":[{"href":"https:\/\/www.moskito.cz\/it\/wp-json\/wp\/v2\/product\/245336","targetHints":{"allow":["GET"]}}],"collection":[{"href":"https:\/\/www.moskito.cz\/it\/wp-json\/wp\/v2\/product"}],"about":[{"href":"https:\/\/www.moskito.cz\/it\/wp-json\/wp\/v2\/types\/product"}],"replies":[{"embeddable":true,"href":"https:\/\/www.moskito.cz\/it\/wp-json\/wp\/v2\/comments?post=245336"}],"wp:featuredmedia":[{"embeddable":true,"href":"https:\/\/www.moskito.cz\/it\/wp-json\/wp\/v2\/media\/245337"}],"wp:attachment":[{"href":"https:\/\/www.moskito.cz\/it\/wp-json\/wp\/v2\/media?parent=245336"}],"wp:term":[{"taxonomy":"pwb-brand","embeddable":true,"href":"https:\/\/www.moskito.cz\/it\/wp-json\/wp\/v2\/pwb-brand?post=245336"},{"taxonomy":"product_brand","embeddable":true,"href":"https:\/\/www.moskito.cz\/it\/wp-json\/wp\/v2\/product_brand?post=245336"},{"taxonomy":"product_cat","embeddable":true,"href":"https:\/\/www.moskito.cz\/it\/wp-json\/wp\/v2\/product_cat?post=245336"},{"taxonomy":"product_tag","embeddable":true,"href":"https:\/\/www.moskito.cz\/it\/wp-json\/wp\/v2\/product_tag?post=245336"}],"curies":[{"name":"wp","href":"https:\/\/api.w.org\/{rel}","templated":true}]}}