{"id":245372,"date":"2023-04-03T15:06:13","date_gmt":"2023-04-03T14:06:13","guid":{"rendered":"https:\/\/www.moskito.cz\/?post_type=product&#038;p=245372"},"modified":"2025-05-07T10:49:11","modified_gmt":"2025-05-07T09:49:11","slug":"brousek-cold-steel-benchtop-knife-sharpener","status":"publish","type":"product","link":"https:\/\/www.moskito.cz\/it\/produkt\/brousek-cold-steel-benchtop-knife-sharpener\/","title":{"rendered":"Brousek Cold Steel BENCHTOP KNIFE SHARPENER"},"content":{"rendered":"<p>Brousek <strong>Cold Steel<\/strong> BENCHTOP KNIFE SHARPENER<\/p>\n<p>Stoln\u00ed brousek je nastaviteln\u00fd v \u00fahlu od 15 do 30 stup\u0148\u016f a je dod\u00e1v\u00e1n se 4 diamantov\u00fdmi brusn\u00fdmi zrny (300, 600, 800 a 1000). Dok\u00e1\u017ee rychle obnovit ostrou hranu prakticky ka\u017ed\u00e9ho no\u017ee, kter\u00fd vlastn\u00edte. M\u00e1 oboustrannou sv\u011brku s nekaz\u00edc\u00ed se rukojet\u00ed a rotac\u00ed o 180 stup\u0148\u016f pro brou\u0161en\u00ed dvou hran bez vyjmut\u00ed no\u017ee ze sv\u011brky. Z\u00e1kladna je zat\u00ed\u017eena protiskluzov\u00fdmi no\u017ei\u010dkami, kter\u00e9 poskytuj\u00ed stabiln\u00ed podstavec pro stoln\u00ed ost\u0159en\u00ed. Obsahuje pevn\u00e9 pouzdro na p\u0159en\u00e1\u0161en\u00ed.<\/p>\n<p>Popis:<\/p>\n<p>Materi\u00e1l: Diamant<br \/>\nMateri\u00e1l rukojeti: Plast<\/p>\n","protected":false},"excerpt":{"rendered":"<p><strong>Stoln\u00ed diamantov\u00fd brousek.<\/strong><\/p>\n","protected":false},"featured_media":245410,"comment_status":"open","ping_status":"closed","template":"","meta":[],"pwb-brand":[211],"product_brand":[],"product_cat":[26],"product_tag":[3667],"class_list":{"0":"post-245372","1":"product","2":"type-product","3":"status-publish","4":"has-post-thumbnail","6":"pwb-brand-cold-steel","7":"product_cat-brousky-a-ocilky","8":"product_tag-b2b","10":"first","11":"outofstock","12":"taxable","13":"shipping-taxable","14":"purchasable","15":"product-type-simple"},"brands":[{"id":211,"name":"Cold Steel","slug":"cold-steel"}],"_links":{"self":[{"href":"https:\/\/www.moskito.cz\/it\/wp-json\/wp\/v2\/product\/245372","targetHints":{"allow":["GET"]}}],"collection":[{"href":"https:\/\/www.moskito.cz\/it\/wp-json\/wp\/v2\/product"}],"about":[{"href":"https:\/\/www.moskito.cz\/it\/wp-json\/wp\/v2\/types\/product"}],"replies":[{"embeddable":true,"href":"https:\/\/www.moskito.cz\/it\/wp-json\/wp\/v2\/comments?post=245372"}],"wp:featuredmedia":[{"embeddable":true,"href":"https:\/\/www.moskito.cz\/it\/wp-json\/wp\/v2\/media\/245410"}],"wp:attachment":[{"href":"https:\/\/www.moskito.cz\/it\/wp-json\/wp\/v2\/media?parent=245372"}],"wp:term":[{"taxonomy":"pwb-brand","embeddable":true,"href":"https:\/\/www.moskito.cz\/it\/wp-json\/wp\/v2\/pwb-brand?post=245372"},{"taxonomy":"product_brand","embeddable":true,"href":"https:\/\/www.moskito.cz\/it\/wp-json\/wp\/v2\/product_brand?post=245372"},{"taxonomy":"product_cat","embeddable":true,"href":"https:\/\/www.moskito.cz\/it\/wp-json\/wp\/v2\/product_cat?post=245372"},{"taxonomy":"product_tag","embeddable":true,"href":"https:\/\/www.moskito.cz\/it\/wp-json\/wp\/v2\/product_tag?post=245372"}],"curies":[{"name":"wp","href":"https:\/\/api.w.org\/{rel}","templated":true}]}}