{"id":246225,"date":"2023-04-16T20:54:07","date_gmt":"2023-04-16T19:54:07","guid":{"rendered":"https:\/\/www.moskito.cz\/?post_type=product&#038;p=246225"},"modified":"2025-05-07T10:49:39","modified_gmt":"2025-05-07T09:49:39","slug":"pevny-nuz-microtech-socom-alpha-apocalyptic-kydex-sheath-113-10ap","status":"publish","type":"product","link":"https:\/\/www.moskito.cz\/it\/produkt\/pevny-nuz-microtech-socom-alpha-apocalyptic-kydex-sheath-113-10ap\/","title":{"rendered":"Pevn\u00fd N\u016f\u017e Microtech Socom Alpha Apocalyptic Kydex Sheath 113-10AP"},"content":{"rendered":"<p>Pevn\u00fd N\u016f\u017e <strong>Microtech Socom Alpha<\/strong> Apocalyptic Kydex Sheath 113-10AP<\/p>\n<p>Socom Alpha je elitn\u00ed pevn\u00e1 \u010depel zalo\u017een\u00e1 na obl\u00edben\u00e9 skl\u00e1da\u010dce Socom. Rukoje\u0165 je zhruba stejn\u011b velk\u00e1, ale pevn\u00e1 \u010depel Socom Alpha m\u00e1 o n\u011bco del\u0161\u00ed \u010depel a vytv\u00e1\u0159\u00ed tak dokonale vyv\u00e1\u017een\u00fd n\u016f\u017e. Je navr\u017eena pro taktick\u00e9 u\u017eivatele, sb\u011bratele a kohokoli, kdo ocen\u00ed \u010depel nejvy\u0161\u0161\u00ed kvality.<\/p>\n<p>Tento celoplo\u0161n\u00fd design se vyzna\u010duje lemov\u00e1n\u00edm po cel\u00e9 rukojeti, aby v\u00e1m poskytl nejbezpe\u010dn\u011bj\u0161\u00ed mo\u017enou manipulaci s touto taktickou pevnou \u010depel\u00ed. Fr\u00e9zovan\u00e9 stupnice G10 maj\u00ed tvarovan\u00fd tvar pro maxim\u00e1ln\u011b ergonomick\u00fd \u00fachop a vytv\u00e1\u0159ej\u00ed dokonalou harmonii mezi u\u017eivatelem a n\u00e1strojem. \u010cepel Clip Point je ploch\u00e9 brou\u0161en\u00e9 se zaoblen\u00fdm h\u0159betem a robustn\u00edm apokalyptick\u00fdm povrchem. Socom Alpha vyza\u0159uje auru u\u017eivatele nejvy\u0161\u0161\u00ed \u00farovn\u011b jako taktick\u00e1 a u\u017eitkov\u00e1 pevn\u00e1 \u010depel. Vyr\u00e1b\u00ed se s dokonale t\u011bsn\u00fdmi tolerancemi, tak\u017ee v\u00edte, \u017ee zvl\u00e1dne v\u0161e, co na n\u011bj m\u016f\u017eete hodit. Dod\u00e1v\u00e1 se s kydexov\u00fdm pouzdrem z uhl\u00edkov\u00fdch vl\u00e1ken s Blade-Tech MOLLE LOKs pro v\u00edce mo\u017enost\u00ed no\u0161en\u00ed, aby vyhovovaly jejich specifick\u00fdm preferenc\u00edm.<\/p>\n<p>Specifikace<br \/>\nD\u00e9lka \u010depele: 13.62 cm<br \/>\n\u0158ezn\u00e1 hrana: 12.81 cm<br \/>\nD\u00e9lka rukojeti: 12.5 cm<br \/>\nCelkov\u00e1 d\u00e9lka: 26.25 cm<br \/>\nOcel: M390<br \/>\nTlou\u0161\u0165ka \u010depele: 0.42 cm<br \/>\nStyl \u010depele: Clip Point<br \/>\nBrou\u0161en\u00ed \u010depele: Ploch\u00e9<br \/>\nPovrchov\u00e1 \u00faprava \u010depele: Apokalyptick\u00e1<br \/>\nMateri\u00e1l rukojeti: \u010dern\u00e1 G10<br \/>\nTlou\u0161\u0165ka rukojeti: 1.87 cm<br \/>\nMateri\u00e1l pl\u00e1\u0161t\u011b: Carbon Fiber Finish Kydex<br \/>\nHmotnost: 8,0 oz.<br \/>\nHmotnost s pouzdrem: 12,2 oz.<br \/>\nDesign\u00e9r: Tony Marfione<br \/>\nVyrobeno v USA<\/p>\n","protected":false},"excerpt":{"rendered":"<p>V pr\u016fb\u011bhu let\u00a0<strong>Microtech\u00ae Knives<\/strong>\u00a0naplnil v\u00e1\u0161n\u00ed a dovednost\u00ed v\u00fdrobu no\u017e\u016f, a\u017e z nich vytvo\u0159il t\u00e9m\u011b\u0159 um\u011bleck\u00e1 d\u00edla,kter\u00e9 jsou vrcholem funk\u010dnosti.V\u0161echny d\u00edly jsou vyrobeny v USA.<br \/>\n<strong>Na v\u0161echny no\u017ee Microtech je do\u017eivotn\u00ed z\u00e1ruka.<\/strong><\/p>\n<p><strong>Doprava zdarma.<\/strong><\/p>\n","protected":false},"featured_media":246226,"comment_status":"open","ping_status":"closed","template":"","meta":[],"pwb-brand":[431],"product_brand":[],"product_cat":[23,17],"product_tag":[3667],"class_list":{"0":"post-246225","1":"product","2":"type-product","3":"status-publish","4":"has-post-thumbnail","6":"pwb-brand-microtech","7":"product_cat-pevne-noze","8":"product_cat-noze","9":"product_tag-b2b","11":"first","12":"outofstock","13":"taxable","14":"shipping-taxable","15":"purchasable","16":"product-type-simple"},"brands":[{"id":431,"name":"Microtech","slug":"microtech"}],"_links":{"self":[{"href":"https:\/\/www.moskito.cz\/it\/wp-json\/wp\/v2\/product\/246225","targetHints":{"allow":["GET"]}}],"collection":[{"href":"https:\/\/www.moskito.cz\/it\/wp-json\/wp\/v2\/product"}],"about":[{"href":"https:\/\/www.moskito.cz\/it\/wp-json\/wp\/v2\/types\/product"}],"replies":[{"embeddable":true,"href":"https:\/\/www.moskito.cz\/it\/wp-json\/wp\/v2\/comments?post=246225"}],"wp:featuredmedia":[{"embeddable":true,"href":"https:\/\/www.moskito.cz\/it\/wp-json\/wp\/v2\/media\/246226"}],"wp:attachment":[{"href":"https:\/\/www.moskito.cz\/it\/wp-json\/wp\/v2\/media?parent=246225"}],"wp:term":[{"taxonomy":"pwb-brand","embeddable":true,"href":"https:\/\/www.moskito.cz\/it\/wp-json\/wp\/v2\/pwb-brand?post=246225"},{"taxonomy":"product_brand","embeddable":true,"href":"https:\/\/www.moskito.cz\/it\/wp-json\/wp\/v2\/product_brand?post=246225"},{"taxonomy":"product_cat","embeddable":true,"href":"https:\/\/www.moskito.cz\/it\/wp-json\/wp\/v2\/product_cat?post=246225"},{"taxonomy":"product_tag","embeddable":true,"href":"https:\/\/www.moskito.cz\/it\/wp-json\/wp\/v2\/product_tag?post=246225"}],"curies":[{"name":"wp","href":"https:\/\/api.w.org\/{rel}","templated":true}]}}