{"id":247212,"date":"2023-04-23T15:04:29","date_gmt":"2023-04-23T14:04:29","guid":{"rendered":"https:\/\/www.moskito.cz\/?post_type=product&#038;p=247212"},"modified":"2025-05-07T10:50:05","modified_gmt":"2025-05-07T09:50:05","slug":"zaviraci-nuz-qsp-knife-legatus-qs136-a","status":"publish","type":"product","link":"https:\/\/www.moskito.cz\/it\/produkt\/zaviraci-nuz-qsp-knife-legatus-qs136-a\/","title":{"rendered":"Zav\u00edrac\u00ed N\u016f\u017e QSP Knife LEGATUS QS136-A"},"content":{"rendered":"<p>Zav\u00edrac\u00ed N\u016f\u017e <strong>QSP Knife<\/strong> LEGATUS QS136-A<\/p>\n<p><strong>QSP<\/strong>\u00a0je zkratka pro Quality, Service, Price.<\/p>\n<p><strong>QSP<\/strong>\u00a0vyr\u00e1b\u00ed no\u017ee BUDGET FRIENDLY a PREMIUM SERRIES pomoc\u00ed p\u0159esn\u00fdch pracovn\u00edch postup\u016f, jako je vodn\u00ed trysk\u00e1n\u00ed, vakuov\u00e9 tepeln\u00e9 zpracov\u00e1n\u00ed, po\u010d\u00edta\u010dov\u00e9 CNC obr\u00e1b\u011bn\u00ed a CNC brou\u0161en\u00ed. Ka\u017ed\u00fd n\u016f\u017e QSP je p\u0159ed odesl\u00e1n\u00edm pe\u010dliv\u011b zkontrolov\u00e1n.<\/p>\n<p>Mechanismus: Keramick\u00e9 kuli\u010dkov\u00e9 lo\u017eisko<\/p>\n<p>Jm\u00e9no: Legatus<\/p>\n<p>\u010c\u00edslo polo\u017eky: QS136-A<\/p>\n<p>\u010cepel: B\u00f6hler M390, sat\u00e9nov\u00fd povrch<\/p>\n<p>Rukoje\u0165: Otryskan\u00fd titan s vlo\u017ekou z uhl\u00edkov\u00fdch vl\u00e1ken<\/p>\n<p>Z\u00e1mek: Z\u00e1mek r\u00e1mu<\/p>\n<p>Mechanismus: Keramick\u00e1 kuli\u010dkov\u00e1 lo\u017eiska<\/p>\n<p>Celkov\u00e1: 20.6 cm<br \/>\nUzav\u0159en\u00fd: 12 cm<\/p>\n<p>\u010cepel: 8.6 cm<\/p>\n<p>Tlou\u0161\u0165ka \u010depele: +\/-3,8mm<\/p>\n<p>HRC: 59-61<\/p>\n<p>\u010cist\u00e1 hmotnost: +\/-148g (5,22oz)<\/p>\n<p>Dod\u00e1v\u00e1no s nylonov\u00fdm pouzdrem na zip<\/p>\n<p>Designed by Dutch Blade Works<\/p>\n","protected":false},"excerpt":{"rendered":"<p><strong>Motto QSP je Keeping move, to better!!! QSP Knife bude i nad\u00e1le prezentovat na trhu st\u00e1le v\u00edce praktick\u00fdch no\u017e\u016f v dobr\u00e9 kvalit\u011b a za dobrou cenu.<\/strong><\/p>\n<p><strong>Doprava zdarma.<\/strong><\/p>\n","protected":false},"featured_media":247213,"comment_status":"open","ping_status":"closed","template":"","meta":[],"pwb-brand":[3253],"product_brand":[],"product_cat":[22,17],"product_tag":[],"class_list":{"0":"post-247212","1":"product","2":"type-product","3":"status-publish","4":"has-post-thumbnail","6":"pwb-brand-qsp-knife","7":"product_cat-zaviraci-noze","8":"product_cat-noze","10":"first","11":"instock","12":"taxable","13":"shipping-taxable","14":"purchasable","15":"product-type-simple"},"brands":[{"id":3253,"name":"QSP Knife","slug":"qsp-knife"}],"_links":{"self":[{"href":"https:\/\/www.moskito.cz\/it\/wp-json\/wp\/v2\/product\/247212","targetHints":{"allow":["GET"]}}],"collection":[{"href":"https:\/\/www.moskito.cz\/it\/wp-json\/wp\/v2\/product"}],"about":[{"href":"https:\/\/www.moskito.cz\/it\/wp-json\/wp\/v2\/types\/product"}],"replies":[{"embeddable":true,"href":"https:\/\/www.moskito.cz\/it\/wp-json\/wp\/v2\/comments?post=247212"}],"wp:featuredmedia":[{"embeddable":true,"href":"https:\/\/www.moskito.cz\/it\/wp-json\/wp\/v2\/media\/247213"}],"wp:attachment":[{"href":"https:\/\/www.moskito.cz\/it\/wp-json\/wp\/v2\/media?parent=247212"}],"wp:term":[{"taxonomy":"pwb-brand","embeddable":true,"href":"https:\/\/www.moskito.cz\/it\/wp-json\/wp\/v2\/pwb-brand?post=247212"},{"taxonomy":"product_brand","embeddable":true,"href":"https:\/\/www.moskito.cz\/it\/wp-json\/wp\/v2\/product_brand?post=247212"},{"taxonomy":"product_cat","embeddable":true,"href":"https:\/\/www.moskito.cz\/it\/wp-json\/wp\/v2\/product_cat?post=247212"},{"taxonomy":"product_tag","embeddable":true,"href":"https:\/\/www.moskito.cz\/it\/wp-json\/wp\/v2\/product_tag?post=247212"}],"curies":[{"name":"wp","href":"https:\/\/api.w.org\/{rel}","templated":true}]}}