{"id":248181,"date":"2023-05-02T17:44:29","date_gmt":"2023-05-02T16:44:29","guid":{"rendered":"https:\/\/www.moskito.cz\/?post_type=product&#038;p=248181"},"modified":"2025-05-07T10:50:30","modified_gmt":"2025-05-07T09:50:30","slug":"zaviraci-nuz-kansept-knives-steller-stonewashed-titanium-k2021a1","status":"publish","type":"product","link":"https:\/\/www.moskito.cz\/it\/produkt\/zaviraci-nuz-kansept-knives-steller-stonewashed-titanium-k2021a1\/","title":{"rendered":"Zav\u00edrac\u00ed N\u016f\u017e Kansept Knives Steller Stonewashed Titanium K2021A1"},"content":{"rendered":"<p>Zav\u00edrac\u00ed N\u016f\u017e <strong>Kansept Knives<\/strong> Steller Stonewashed Titanium K2021A1<\/p>\n<p>Matt Degnan navrhl <strong>Steller<\/strong> pro Kansept jako pohled na \u0159eza\u010dku krabic. Ud\u011blal z n\u011bj r\u00e1mov\u00fd z\u00e1mek ploutve s minimalistick\u00fdm ploutvov\u00fdm poutkem. Steller je vybaven \u010depel\u00ed Wharncliffe vyrobenou z nerezov\u00e9 oceli CPM-S35VN a pohodln\u00fdmi, ale pevn\u00fdmi titanov\u00fdmi rukoje\u0165mi.<\/p>\n<p>Matt se narodil a vyr\u016fstal v ji\u017en\u00ed Kalifornii a sv\u00e1 l\u00e9ta rozd\u011blil mezi pl\u00e1\u017ee Orange County a hory Yosemite. Bylo to tam (v Yosemite) b\u011bhem ryb\u00e1\u0159sk\u00e9ho v\u00fdletu se sv\u00fdm otcem, dostal sv\u016fj prvn\u00ed kapesn\u00ed n\u016f\u017e. O mnoho let pozd\u011bji objevil sv\u011bt zak\u00e1zkov\u00fdch no\u017e\u016f a za\u010dal ve sv\u00e9 gar\u00e1\u017ei navrhovat a vyr\u00e1b\u011bt ru\u010dn\u011b vyr\u00e1b\u011bn\u00e9 no\u017ee.<\/p>\n<p>Specifikace<br \/>\nD\u00e9lka \u010depele: 7.3<br \/>\nCelkov\u00e1 d\u00e9lka: 17.5 cm<br \/>\nMateri\u00e1l \u010depele: CPM-S35VN Nerezov\u00e1 ocel<br \/>\nTlou\u0161\u0165ka \u010depele: 0.3 cm<br \/>\nStyl \u010depele: Wharncliffe<br \/>\nPovrchov\u00e1 \u00faprava \u010depele: Stonewash<br \/>\nMateri\u00e1l rukojeti: Titan<br \/>\nUzamykac\u00ed mechanismus: R\u00e1m<br \/>\nKapesn\u00ed klip: Vykl\u00e1p\u011bc\u00ed, prav\u00e9 no\u0161en\u00ed<br \/>\nHmotnost: 3,53 oz.<br \/>\nDesign\u00e9r: Matt Degnan<\/p>\n","protected":false},"excerpt":{"rendered":"<p><strong>\u201eKansept\u201c je p\u0159elo\u017een\u00edm v\u00fdznamu \u201ekoncepce\u201c. To, co n\u00e1s odli\u0161uje od davu, je na\u0161e schopnost inovovat. Stejn\u011b jako design na\u0161eho loga, kter\u00e9 vych\u00e1z\u00ed z obrazu UFO, kter\u00e1 cestuj\u00ed z vesm\u00edru do vesm\u00edru a sk\u00e1\u010dou do budoucnosti.\u00a0<\/strong><\/p>\n<p><strong>Doprava zdarma.<\/strong><\/p>\n","protected":false},"featured_media":248182,"comment_status":"open","ping_status":"closed","template":"","meta":[],"pwb-brand":[3256],"product_brand":[],"product_cat":[22,17],"product_tag":[],"class_list":{"0":"post-248181","1":"product","2":"type-product","3":"status-publish","4":"has-post-thumbnail","6":"pwb-brand-kansept-knives","7":"product_cat-zaviraci-noze","8":"product_cat-noze","10":"first","11":"instock","12":"taxable","13":"shipping-taxable","14":"purchasable","15":"product-type-simple"},"brands":[{"id":3256,"name":"Kansept Knives","slug":"kansept-knives"}],"_links":{"self":[{"href":"https:\/\/www.moskito.cz\/it\/wp-json\/wp\/v2\/product\/248181","targetHints":{"allow":["GET"]}}],"collection":[{"href":"https:\/\/www.moskito.cz\/it\/wp-json\/wp\/v2\/product"}],"about":[{"href":"https:\/\/www.moskito.cz\/it\/wp-json\/wp\/v2\/types\/product"}],"replies":[{"embeddable":true,"href":"https:\/\/www.moskito.cz\/it\/wp-json\/wp\/v2\/comments?post=248181"}],"wp:featuredmedia":[{"embeddable":true,"href":"https:\/\/www.moskito.cz\/it\/wp-json\/wp\/v2\/media\/248182"}],"wp:attachment":[{"href":"https:\/\/www.moskito.cz\/it\/wp-json\/wp\/v2\/media?parent=248181"}],"wp:term":[{"taxonomy":"pwb-brand","embeddable":true,"href":"https:\/\/www.moskito.cz\/it\/wp-json\/wp\/v2\/pwb-brand?post=248181"},{"taxonomy":"product_brand","embeddable":true,"href":"https:\/\/www.moskito.cz\/it\/wp-json\/wp\/v2\/product_brand?post=248181"},{"taxonomy":"product_cat","embeddable":true,"href":"https:\/\/www.moskito.cz\/it\/wp-json\/wp\/v2\/product_cat?post=248181"},{"taxonomy":"product_tag","embeddable":true,"href":"https:\/\/www.moskito.cz\/it\/wp-json\/wp\/v2\/product_tag?post=248181"}],"curies":[{"name":"wp","href":"https:\/\/api.w.org\/{rel}","templated":true}]}}