{"id":248211,"date":"2023-05-03T13:29:42","date_gmt":"2023-05-03T12:29:42","guid":{"rendered":"https:\/\/www.moskito.cz\/?post_type=product&#038;p=248211"},"modified":"2026-03-16T15:14:32","modified_gmt":"2026-03-16T14:14:32","slug":"microtech-marfione-dagger-patches","status":"publish","type":"product","link":"https:\/\/www.moskito.cz\/it\/produkt\/microtech-marfione-dagger-patches\/","title":{"rendered":"Microtech Marfione Dagger Patches"},"content":{"rendered":"<p>Microtech Marfione Dagger Patches<\/p>\n<p>Tyto vy\u0161\u00edvan\u00e9 n\u00e1\u0161ivky Marfione Custom Knives maj\u00ed klasick\u00e9 logo d\u00fdky Marfione p\u0159i\u0161it\u00e9 na kvalitn\u00ed n\u00e1\u0161ivku s h\u00e1\u010dky na zadn\u00ed stran\u011b. K dispozici v OD zelen\u00e9 a \u0161ed\u00e9.<\/p>\n<p>Rozm\u011bry: 5 cm x 10 cm<\/p>\n<p>Materi\u00e1ly: Keprov\u00fd podklad, A&amp;E poly nit a nylonov\u00fd such\u00fd zip<\/p>\n<p>Vyrobeno v USA.<\/p>\n<p><iframe title=\"Microtech Combat Troodon Torture Test\" width=\"800\" height=\"450\" src=\"https:\/\/www.youtube.com\/embed\/xE9TeOFYEjg?feature=oembed\" frameborder=\"0\" allow=\"accelerometer; autoplay; clipboard-write; encrypted-media; gyroscope; picture-in-picture; web-share\" allowfullscreen><\/iframe><\/p>\n<p>&nbsp;<\/p>\n","protected":false},"excerpt":{"rendered":"<p>Logo <strong>MICROTECH<\/strong> na\u00a0such\u00fd zip.<\/p>\n","protected":false},"featured_media":248213,"comment_status":"open","ping_status":"closed","template":"","meta":[],"pwb-brand":[431],"product_brand":[],"product_cat":[22,17],"product_tag":[3667],"class_list":{"0":"post-248211","1":"product","2":"type-product","3":"status-publish","4":"has-post-thumbnail","6":"pwb-brand-microtech","7":"product_cat-zaviraci-noze","8":"product_cat-noze","9":"product_tag-b2b","11":"first","12":"instock","13":"taxable","14":"shipping-taxable","15":"purchasable","16":"product-type-simple"},"brands":[{"id":431,"name":"Microtech","slug":"microtech"}],"_links":{"self":[{"href":"https:\/\/www.moskito.cz\/it\/wp-json\/wp\/v2\/product\/248211","targetHints":{"allow":["GET"]}}],"collection":[{"href":"https:\/\/www.moskito.cz\/it\/wp-json\/wp\/v2\/product"}],"about":[{"href":"https:\/\/www.moskito.cz\/it\/wp-json\/wp\/v2\/types\/product"}],"replies":[{"embeddable":true,"href":"https:\/\/www.moskito.cz\/it\/wp-json\/wp\/v2\/comments?post=248211"}],"wp:featuredmedia":[{"embeddable":true,"href":"https:\/\/www.moskito.cz\/it\/wp-json\/wp\/v2\/media\/248213"}],"wp:attachment":[{"href":"https:\/\/www.moskito.cz\/it\/wp-json\/wp\/v2\/media?parent=248211"}],"wp:term":[{"taxonomy":"pwb-brand","embeddable":true,"href":"https:\/\/www.moskito.cz\/it\/wp-json\/wp\/v2\/pwb-brand?post=248211"},{"taxonomy":"product_brand","embeddable":true,"href":"https:\/\/www.moskito.cz\/it\/wp-json\/wp\/v2\/product_brand?post=248211"},{"taxonomy":"product_cat","embeddable":true,"href":"https:\/\/www.moskito.cz\/it\/wp-json\/wp\/v2\/product_cat?post=248211"},{"taxonomy":"product_tag","embeddable":true,"href":"https:\/\/www.moskito.cz\/it\/wp-json\/wp\/v2\/product_tag?post=248211"}],"curies":[{"name":"wp","href":"https:\/\/api.w.org\/{rel}","templated":true}]}}