{"id":248329,"date":"2023-05-03T20:25:24","date_gmt":"2023-05-03T19:25:24","guid":{"rendered":"https:\/\/www.moskito.cz\/?post_type=product&#038;p=248329"},"modified":"2025-05-07T10:50:34","modified_gmt":"2025-05-07T09:50:34","slug":"vystrelovaci-nuz-microtech-combat-troodon-tactical-hellhound-signature-series-219-1ts","status":"publish","type":"product","link":"https:\/\/www.moskito.cz\/it\/produkt\/vystrelovaci-nuz-microtech-combat-troodon-tactical-hellhound-signature-series-219-1ts\/","title":{"rendered":"Vyst\u0159elovac\u00ed N\u016f\u017e Microtech Combat Troodon Tactical Hellhound Signature Series 219-1TS"},"content":{"rendered":"<p>Vyst\u0159elovac\u00ed N\u016f\u017e <strong>Microtech<\/strong> Combat Troodon Tactical Hellhound Signature Series 219-1TS<\/p>\n<p>Combat Troodon\u00ae, zkonstruovan\u00fd pro r\u016fzn\u00e9 situace jako bojov\u00e9 situace na bl\u00edzko, je obl\u00edben\u00fd mezi donucovac\u00edmi org\u00e1ny, arm\u00e1dou a slo\u017ekou prvn\u00ed reakce. D\u00edky zna\u010dn\u00e9 velikosti je vhodn\u00fd pro n\u00e1ro\u010dn\u00e9 pou\u017eit\u00ed, zat\u00edmco v\u00fdhody automatick\u00e9ho OTF z n\u011bj d\u011blaj\u00ed skv\u011blou volbu pro ka\u017edodenn\u00ed no\u0161en\u00ed. Hlin\u00edkov\u00e9 rukojeti maj\u00ed velmi cool logo Dagger a podpis Tonyho Marfiona na kapesn\u00ed spon\u011b.<\/p>\n<p>D\u00e9lka \u010depele: 9.52 cm<\/p>\n<p>Celkov\u00e1 d\u00e9lka: 24 cm<\/p>\n<p>Ocel \u010depele: M390<\/p>\n<p>Materi\u00e1l rukojeti: 6061 T6<\/p>\n<p>Hmotnost: 5,3 oz<\/p>\n<p><iframe title=\"Microtech Combat Troodon Torture Test\" width=\"800\" height=\"450\" src=\"https:\/\/www.youtube.com\/embed\/xE9TeOFYEjg?feature=oembed\" frameborder=\"0\" allow=\"accelerometer; autoplay; clipboard-write; encrypted-media; gyroscope; picture-in-picture; web-share\" referrerpolicy=\"strict-origin-when-cross-origin\" allowfullscreen><\/iframe><\/p>\n<p>&nbsp;<\/p>\n","protected":false},"excerpt":{"rendered":"<p>V pr\u016fb\u011bhu let\u00a0<strong>Microtech\u00ae\u00a0<\/strong>Knives naplnil v\u00e1\u0161n\u00ed a dovednost\u00ed v\u00fdrobu no\u017e\u016f, a\u017e z nich vytvo\u0159il t\u00e9m\u011b\u0159 um\u011bleck\u00e1 d\u00edla,kter\u00e9 jsou vrcholem funk\u010dnosti.V\u0161echny d\u00edly jsou vyrobeny v USA.<br \/>\n<strong>Na v\u0161echny no\u017ee Microtech je do\u017eivotn\u00ed z\u00e1ruka ( min. 80 000 cykl\u016f, otev\u0159en\u00ed a zav\u0159en\u00ed)<\/strong><\/p>\n<p><strong>Doprava zdarma.<\/strong><\/p>\n","protected":false},"featured_media":248338,"comment_status":"open","ping_status":"closed","template":"","meta":[],"pwb-brand":[431],"product_brand":[],"product_cat":[2019,17],"product_tag":[3667],"class_list":{"0":"post-248329","1":"product","2":"type-product","3":"status-publish","4":"has-post-thumbnail","6":"pwb-brand-microtech","7":"product_cat-vystrelovaci-noze","8":"product_cat-noze","9":"product_tag-b2b","11":"first","12":"outofstock","13":"taxable","14":"shipping-taxable","15":"purchasable","16":"product-type-simple"},"brands":[{"id":431,"name":"Microtech","slug":"microtech"}],"_links":{"self":[{"href":"https:\/\/www.moskito.cz\/it\/wp-json\/wp\/v2\/product\/248329","targetHints":{"allow":["GET"]}}],"collection":[{"href":"https:\/\/www.moskito.cz\/it\/wp-json\/wp\/v2\/product"}],"about":[{"href":"https:\/\/www.moskito.cz\/it\/wp-json\/wp\/v2\/types\/product"}],"replies":[{"embeddable":true,"href":"https:\/\/www.moskito.cz\/it\/wp-json\/wp\/v2\/comments?post=248329"}],"wp:featuredmedia":[{"embeddable":true,"href":"https:\/\/www.moskito.cz\/it\/wp-json\/wp\/v2\/media\/248338"}],"wp:attachment":[{"href":"https:\/\/www.moskito.cz\/it\/wp-json\/wp\/v2\/media?parent=248329"}],"wp:term":[{"taxonomy":"pwb-brand","embeddable":true,"href":"https:\/\/www.moskito.cz\/it\/wp-json\/wp\/v2\/pwb-brand?post=248329"},{"taxonomy":"product_brand","embeddable":true,"href":"https:\/\/www.moskito.cz\/it\/wp-json\/wp\/v2\/product_brand?post=248329"},{"taxonomy":"product_cat","embeddable":true,"href":"https:\/\/www.moskito.cz\/it\/wp-json\/wp\/v2\/product_cat?post=248329"},{"taxonomy":"product_tag","embeddable":true,"href":"https:\/\/www.moskito.cz\/it\/wp-json\/wp\/v2\/product_tag?post=248329"}],"curies":[{"name":"wp","href":"https:\/\/api.w.org\/{rel}","templated":true}]}}