{"id":248380,"date":"2023-05-04T19:46:26","date_gmt":"2023-05-04T18:46:26","guid":{"rendered":"https:\/\/www.moskito.cz\/?post_type=product&#038;p=248380"},"modified":"2025-05-07T10:50:34","modified_gmt":"2025-05-07T09:50:34","slug":"vystrelovaci-nuz-microtech-signature-ultratech-bronze-apocalyptic-left-death-card-123-13dcs","status":"publish","type":"product","link":"https:\/\/www.moskito.cz\/it\/produkt\/vystrelovaci-nuz-microtech-signature-ultratech-bronze-apocalyptic-left-death-card-123-13dcs\/","title":{"rendered":"Vyst\u0159elovac\u00ed N\u016f\u017e Microtech Signature Ultratech Bronze Apocalyptic Left Death Card 123-13DCS"},"content":{"rendered":"<p>Vyst\u0159elovac\u00ed N\u016f\u017e <strong>Microtech<\/strong> Signature Ultratech Bronze Apocalyptic Left Death Card 123-13DCS<\/p>\n<p><strong>Ultratech<\/strong> nav\u017edy nastav\u00ed standard pro v\u0161echny p\u0159edn\u00ed no\u017ee. <strong>Ultratech<\/strong> je origin\u00e1ln\u00ed dvou\u010dinn\u00fd n\u016f\u017e <strong>Microtech<\/strong> a byl z\u00e1kladem cel\u00e9 jejich \u0159ady OTF. V pr\u016fb\u011bhu let pro\u0161el n\u011bkolika \u00fapravami, poka\u017ed\u00e9 se stal \u00fa\u010dinn\u011bj\u0161\u00edm a spolehliv\u011bj\u0161\u00edm. Tato verze m\u00e1 vylep\u0161enou texturu tri-grip a apokalyptick\u00fd hardware pro p\u011bkn\u00fd kontrast. Hlin\u00edkov\u00e1 rukoje\u0165 m\u00e1 levou polovinu pikov\u00e9ho esa a zk\u0159\u00ed\u017een\u00e9 hn\u00e1ty s latinsk\u00fdm cit\u00e1tem \u201eMemento Mori\u201c, kter\u00fd je p\u0159ipom\u00ednkou mor\u00e1lky poch\u00e1zej\u00edc\u00ed ze starov\u011bk\u00e9 \u0159\u00edmsk\u00e9 praxe na bronzov\u00e9 apokalyptick\u00e9 standardn\u00ed \u010depeli tanto. B\u011bhem v\u00edt\u011bzn\u00e9 p\u0159ehl\u00eddky, jakmile se \u0159\u00edm\u0161t\u00ed gener\u00e1lov\u00e9 vr\u00e1t\u00ed z bitvy, otrok chodil za n\u00edm a mumlal verzi tohoto v\u00fdrazu, aby mu p\u0159ipomn\u011bl, \u017ee je jen mu\u017e, a aby se nestal ob\u011bt\u00ed pov\u00fd\u0161enosti a klamu vzne\u0161enosti. Pru\u017eina Ultratechu z\u016fst\u00e1v\u00e1 v \u201eklidov\u00e9\u201c poloze po celou dobu, s v\u00fdjimkou vyst\u0159elen\u00ed. T\u00edm je zaji\u0161t\u011bno, \u017ee se stla\u010den\u00e1 pru\u017eina neunav\u00ed, co\u017e u\u017eivatel\u016fm zaji\u0161\u0165uje, \u017ee kdy\u017e je n\u016f\u017e vyst\u0159elen, bude fungovat efektivn\u011b.\u00a0 Tento n\u016f\u017e znovu a znovu prok\u00e1zal, \u017ee odol\u00e1 jak\u00e9koli p\u0159ek\u00e1\u017ece a ji\u017e brzy bude hledat druhou polovinu t\u00e9to dvou\u010depelov\u00e9 sady.<\/p>\n<p>Specifikace:<br \/>\nAutomatick\u00e9 otev\u00edr\u00e1n\u00ed\/zav\u00edr\u00e1n\u00ed &#8211; p\u0159edn\u00ed otv\u00edr\u00e1k<br \/>\nAkce: Dvoj\u00ed akce &#8211; Automatick\u00fd v\u00fdst\u0159el\/zata\u017een\u00ed<br \/>\nD\u00e9lka \u010depele: 8.65 cm<br \/>\nStyl \u010depele: Bronzov\u00e9 apokalyptick\u00e9 tanto<br \/>\nTlou\u0161\u0165ka rukojeti: 1.6 cm<br \/>\nMateri\u00e1l rukojeti: hlin\u00edk 6061-T6 s \u010dern\u00fdm eloxovan\u00fdm tvrd\u00fdm povlakem Mil-Spec<br \/>\nD\u00e9lka v otev\u0159en\u00e9m stavu: 21 cm<\/p>\n<p>Ocel: M390<br \/>\nMateri\u00e1l kapesn\u00ed spony: 301 Stainless<br \/>\nStandardn\u00ed horn\u00ed: 6061-T6 AL slitina<br \/>\nSpou\u0161\u0165: 303 Nerez<br \/>\nRozb\u00edje\u010d oken<br \/>\nVyrobeno v USA<\/p>\n","protected":false},"excerpt":{"rendered":"<p>V pr\u016fb\u011bhu let\u00a0<strong>Microtech\u00ae\u00a0<\/strong>Knives naplnil v\u00e1\u0161n\u00ed a dovednost\u00ed v\u00fdrobu no\u017e\u016f, a\u017e z nich vytvo\u0159il t\u00e9m\u011b\u0159 um\u011bleck\u00e1 d\u00edla,kter\u00e9 jsou vrcholem funk\u010dnosti.V\u0161echny d\u00edly jsou vyrobeny v USA.<br \/>\n<strong>Na v\u0161echny no\u017ee Microtech je do\u017eivotn\u00ed z\u00e1ruka ( min. 80 000 cykl\u016f, otev\u0159en\u00ed a zav\u0159en\u00ed)<\/strong><\/p>\n<p><strong>Doprava zdarma.<\/strong><\/p>\n","protected":false},"featured_media":248381,"comment_status":"open","ping_status":"closed","template":"","meta":[],"pwb-brand":[431],"product_brand":[],"product_cat":[2019,17],"product_tag":[3667],"class_list":{"0":"post-248380","1":"product","2":"type-product","3":"status-publish","4":"has-post-thumbnail","6":"pwb-brand-microtech","7":"product_cat-vystrelovaci-noze","8":"product_cat-noze","9":"product_tag-b2b","11":"first","12":"outofstock","13":"taxable","14":"shipping-taxable","15":"purchasable","16":"product-type-simple"},"brands":[{"id":431,"name":"Microtech","slug":"microtech"}],"_links":{"self":[{"href":"https:\/\/www.moskito.cz\/it\/wp-json\/wp\/v2\/product\/248380","targetHints":{"allow":["GET"]}}],"collection":[{"href":"https:\/\/www.moskito.cz\/it\/wp-json\/wp\/v2\/product"}],"about":[{"href":"https:\/\/www.moskito.cz\/it\/wp-json\/wp\/v2\/types\/product"}],"replies":[{"embeddable":true,"href":"https:\/\/www.moskito.cz\/it\/wp-json\/wp\/v2\/comments?post=248380"}],"wp:featuredmedia":[{"embeddable":true,"href":"https:\/\/www.moskito.cz\/it\/wp-json\/wp\/v2\/media\/248381"}],"wp:attachment":[{"href":"https:\/\/www.moskito.cz\/it\/wp-json\/wp\/v2\/media?parent=248380"}],"wp:term":[{"taxonomy":"pwb-brand","embeddable":true,"href":"https:\/\/www.moskito.cz\/it\/wp-json\/wp\/v2\/pwb-brand?post=248380"},{"taxonomy":"product_brand","embeddable":true,"href":"https:\/\/www.moskito.cz\/it\/wp-json\/wp\/v2\/product_brand?post=248380"},{"taxonomy":"product_cat","embeddable":true,"href":"https:\/\/www.moskito.cz\/it\/wp-json\/wp\/v2\/product_cat?post=248380"},{"taxonomy":"product_tag","embeddable":true,"href":"https:\/\/www.moskito.cz\/it\/wp-json\/wp\/v2\/product_tag?post=248380"}],"curies":[{"name":"wp","href":"https:\/\/api.w.org\/{rel}","templated":true}]}}