{"id":249223,"date":"2023-05-19T22:33:27","date_gmt":"2023-05-19T21:33:27","guid":{"rendered":"https:\/\/www.moskito.cz\/?post_type=product&#038;p=249223"},"modified":"2026-02-09T19:18:09","modified_gmt":"2026-02-09T18:18:09","slug":"zaviraci-nuz-spyderco-paramilitary-3-c223gpbk","status":"publish","type":"product","link":"https:\/\/www.moskito.cz\/it\/produkt\/zaviraci-nuz-spyderco-paramilitary-3-c223gpbk\/","title":{"rendered":"Zav\u00edrac\u00ed N\u016f\u017e Spyderco Paramilitary 3 C223GPBK"},"content":{"rendered":"<div class=\"flex flex-col text-sm pb-25\">\n<article class=\"text-token-text-primary w-full focus:outline-none [--shadow-height:45px] has-data-writing-block:pointer-events-none has-data-writing-block:-mt-(--shadow-height) has-data-writing-block:pt-(--shadow-height) [&amp;:has([data-writing-block])&gt;*]:pointer-events-auto scroll-mt-[calc(var(--header-height)+min(200px,max(70px,20svh)))]\" dir=\"auto\" tabindex=\"-1\" data-turn-id=\"request-WEB:a32a4206-734b-4a83-b1e2-42833545ac64-7\" data-testid=\"conversation-turn-16\" data-scroll-anchor=\"true\" data-turn=\"assistant\">\n<div class=\"text-base my-auto mx-auto pb-10 [--thread-content-margin:--spacing(4)] @w-sm\/main:[--thread-content-margin:--spacing(6)] @w-lg\/main:[--thread-content-margin:--spacing(16)] px-(--thread-content-margin)\">\n<div class=\"[--thread-content-max-width:40rem] @w-lg\/main:[--thread-content-max-width:48rem] mx-auto max-w-(--thread-content-max-width) flex-1 group\/turn-messages focus-visible:outline-hidden relative flex w-full min-w-0 flex-col agent-turn\" tabindex=\"-1\">\n<div class=\"flex max-w-full flex-col grow\">\n<div class=\"min-h-8 text-message relative flex w-full flex-col items-end gap-2 text-start break-words whitespace-normal [.text-message+&amp;]:mt-1\" dir=\"auto\" data-message-author-role=\"assistant\" data-message-id=\"cb0750ee-ee38-4a22-afff-8ccd608b23d5\" data-message-model-slug=\"gpt-5-2\">\n<div class=\"flex w-full flex-col gap-1 empty:hidden first:pt-[1px]\">\n<div class=\"markdown prose dark:prose-invert w-full wrap-break-word light markdown-new-styling\">\n<p data-start=\"107\" data-end=\"514\">Jakmile uchop\u00ed\u0161 Spyderco Paramilitary 3 s precizn\u011b utv\u00e1\u0159enou \u010dernou rukojet\u00ed z G-10 a matn\u011b \u010dernou \u010depel\u00ed, poc\u00edt\u00ed\u0161 ten okam\u017eit\u00fd dojem d\u016fv\u011bry, kterou m\u016f\u017ee nab\u00eddnout \u0161pi\u010dkov\u011b navr\u017een\u00fd zav\u00edrac\u00ed n\u016f\u017e. Paramilitary 3 reprezentuje dal\u0161\u00ed evoluci legend\u00e1rn\u00edho konceptu \u0159ady Paramilitary \u2013 kombinaci modern\u00edch materi\u00e1l\u016f, ergonomie a univerz\u00e1ln\u00edho v\u00fdkonu, kter\u00fd zvl\u00e1dne n\u00e1ro\u010dn\u00e9 \u00fakoly v ter\u00e9nu i p\u0159i ka\u017edodenn\u00edm no\u0161en\u00ed.<\/p>\n<p data-start=\"516\" data-end=\"734\">Tento model je ur\u010den pro u\u017eivatele, kte\u0159\u00ed vy\u017eaduj\u00ed n\u00e1stroj spojuj\u00edc\u00ed maxim\u00e1ln\u00ed ergonomii, spolehlivost a precizn\u00ed \u0159eznou schopnost bez kompromis\u016f \u2013 a to v\u0161e v proveden\u00ed, kter\u00e9 je p\u0159ipraven\u00e9 k pou\u017eit\u00ed ihned po vybalen\u00ed.<\/p>\n<hr data-start=\"736\" data-end=\"739\" \/>\n<h2 data-start=\"741\" data-end=\"765\">Charakter a filozofie<\/h2>\n<p data-start=\"766\" data-end=\"1029\">Spyderco Paramilitary 3 byl navr\u017een s jasnou viz\u00ed \u2013 <strong data-start=\"818\" data-end=\"910\">vytvo\u0159it zav\u00edrac\u00ed n\u016f\u017e, kter\u00fd je stejn\u011b pohodln\u00fd p\u0159i del\u0161\u00edm no\u0161en\u00ed jako p\u0159i n\u00e1ro\u010dn\u00e9 pr\u00e1ci<\/strong>. Tento model nep\u016fsob\u00ed nen\u00e1padn\u011b; naopak jeho promy\u0161len\u00e9 tvary a robustn\u00ed proveden\u00ed dokazuj\u00ed, \u017ee byl stvo\u0159en pro v\u00fdkon.<\/p>\n<p data-start=\"1031\" data-end=\"1342\">\u010cepel s \u010dern\u00fdm povrchem je vyrobena z pr\u00e9miov\u00e9 nerezov\u00e9 oceli <strong data-start=\"1093\" data-end=\"1105\">CPM S30V<\/strong>, kter\u00e1 nab\u00edz\u00ed excelentn\u00ed dr\u017een\u00ed ost\u0159\u00ed, odolnost v\u016f\u010di opot\u0159eben\u00ed a dobrou celkovou odolnost. Tato ocel se osv\u011bd\u010dila jako zlat\u00fd standard u pr\u00e9miov\u00fdch zav\u00edrac\u00edch no\u017e\u016f a poskytuje jistotu i p\u0159i \u010dast\u00e9m pou\u017e\u00edv\u00e1n\u00ed bez pot\u0159eby \u010dast\u00e9ho brou\u0161en\u00ed.<\/p>\n<p data-start=\"1344\" data-end=\"1637\">Tvar \u010depele ve stylu <strong data-start=\"1365\" data-end=\"1379\">Drop Point<\/strong> poskytuje vynikaj\u00edc\u00ed v\u0161estrannost \u2013 od precizn\u00edch tahov\u00fdch \u0159ez\u016f a\u017e po silov\u00e9 \u00falohy, kter\u00e9 vy\u017eaduj\u00ed stabiln\u00ed a pevn\u00fd \u0159ezn\u00fd v\u00fdkon. Dlouh\u00e1 \u0159ezn\u00e1 hrana a promy\u0161len\u00fd \u00fahel v\u00fdbrusu zaji\u0161\u0165uj\u00ed, \u017ee se n\u016f\u017e Paramilitary 3 snadno vypo\u0159\u00e1d\u00e1 s \u0161irokou paletou \u0159ezn\u00fdch \u00faloh.<\/p>\n<p data-start=\"1639\" data-end=\"1877\">Ergonomick\u00e1 rukoje\u0165 z <strong data-start=\"1661\" data-end=\"1688\">G-10 v \u010dern\u00e9m proveden\u00ed<\/strong> poskytuje pevn\u00fd a jist\u00fd \u00fachop, a to i za mokra nebo v rukavic\u00edch. Jej\u00ed texturovan\u00fd povrch a kontury dopl\u0148uj\u00ed vysokou \u00farove\u0148 komfortu, a p\u0159itom minimalizuj\u00ed \u00fanavu ruky p\u0159i del\u0161\u00edm pou\u017e\u00edv\u00e1n\u00ed.<\/p>\n<p data-start=\"1879\" data-end=\"2142\">Spolehliv\u00fd <strong data-start=\"1890\" data-end=\"1910\">Compression Lock<\/strong> je srdcem mechaniky no\u017ee \u2013 jeden z nejbezpe\u010dn\u011bj\u0161\u00edch a nejpohodln\u011bj\u0161\u00edch z\u00e1mkov\u00fdch syst\u00e9m\u016f pro zav\u00edrac\u00ed no\u017ee. Otev\u00edr\u00e1n\u00ed pomoc\u00ed klasick\u00e9ho <strong data-start=\"2047\" data-end=\"2070\">Spyderco Round Hole<\/strong> je plynul\u00e9, rychl\u00e9 a intuitivn\u00ed, co\u017e zvy\u0161uje celkov\u00fd komfort pou\u017e\u00edv\u00e1n\u00ed.<\/p>\n<hr data-start=\"2144\" data-end=\"2147\" \/>\n<h2 data-start=\"2149\" data-end=\"2164\">\ud83c\udfed O v\u00fdrobci<\/h2>\n<p data-start=\"2165\" data-end=\"2480\">Spyderco je zna\u010dka s dlouholetou reputac\u00ed inovac\u00ed v oblasti no\u017e\u016f. Jejich produkty jsou navr\u017eeny pro skute\u010dn\u00e9 pou\u017eit\u00ed, kde ergonomie, v\u00fdkon a prakti\u010dnost nejsou pouh\u00fdmi pojmy, ale ka\u017edodenn\u00ed realitou. \u0158ada Paramilitary se b\u011bhem let stala ikonou mezi zav\u00edrac\u00edmi no\u017ei d\u00edky spojen\u00ed vysok\u00e9ho v\u00fdkonu a pohodl\u00ed p\u0159i no\u0161en\u00ed.<\/p>\n<hr data-start=\"2482\" data-end=\"2485\" \/>\n<h2 data-start=\"2487\" data-end=\"2514\">\u2699\ufe0f Technick\u00e9 specifikace<\/h2>\n<div class=\"TyagGW_tableContainer\">\n<div class=\"group TyagGW_tableWrapper flex flex-col-reverse w-fit\" tabindex=\"-1\">\n<table class=\"w-fit min-w-(--thread-content-width)\" data-start=\"2516\" data-end=\"3083\">\n<thead data-start=\"2516\" data-end=\"2538\">\n<tr data-start=\"2516\" data-end=\"2538\">\n<th class=\"\" data-start=\"2516\" data-end=\"2527\" data-col-size=\"sm\">Parametr<\/th>\n<th class=\"\" data-start=\"2527\" data-end=\"2538\" data-col-size=\"md\">Hodnota<\/th>\n<\/tr>\n<\/thead>\n<tbody data-start=\"2562\" data-end=\"3083\">\n<tr data-start=\"2562\" data-end=\"2634\">\n<td data-start=\"2562\" data-end=\"2570\" data-col-size=\"sm\">Model<\/td>\n<td data-start=\"2570\" data-end=\"2634\" data-col-size=\"md\">Spyderco Paramilitary 3 \u2013 \u010dern\u00e1 G-10, \u010dern\u00e1 \u010depel (C223GPBK)<\/td>\n<\/tr>\n<tr data-start=\"2635\" data-end=\"2657\">\n<td data-start=\"2635\" data-end=\"2641\" data-col-size=\"sm\">Typ<\/td>\n<td data-start=\"2641\" data-end=\"2657\" data-col-size=\"md\">Zav\u00edrac\u00ed n\u016f\u017e<\/td>\n<\/tr>\n<tr data-start=\"2658\" data-end=\"2689\">\n<td data-start=\"2658\" data-end=\"2674\" data-col-size=\"sm\">Celkov\u00e1 d\u00e9lka<\/td>\n<td data-start=\"2674\" data-end=\"2689\" data-col-size=\"md\">cca 18.5 cm<\/td>\n<\/tr>\n<tr data-start=\"2690\" data-end=\"2719\">\n<td data-start=\"2690\" data-end=\"2705\" data-col-size=\"sm\">D\u00e9lka \u010depele<\/td>\n<td data-start=\"2705\" data-end=\"2719\" data-col-size=\"md\">cca 7.6 cm<\/td>\n<\/tr>\n<tr data-start=\"2720\" data-end=\"2752\">\n<td data-start=\"2720\" data-end=\"2738\" data-col-size=\"sm\">Tlou\u0161\u0165ka \u010depele<\/td>\n<td data-start=\"2738\" data-end=\"2752\" data-col-size=\"md\">cca 4,0 mm<\/td>\n<\/tr>\n<tr data-start=\"2753\" data-end=\"2783\">\n<td data-start=\"2753\" data-end=\"2771\" data-col-size=\"sm\">Materi\u00e1l \u010depele<\/td>\n<td data-start=\"2771\" data-end=\"2783\" data-col-size=\"md\">CPM S30V<\/td>\n<\/tr>\n<tr data-start=\"2784\" data-end=\"2812\">\n<td data-start=\"2784\" data-end=\"2798\" data-col-size=\"sm\">Tvar \u010depele<\/td>\n<td data-start=\"2798\" data-end=\"2812\" data-col-size=\"md\">Drop Point<\/td>\n<\/tr>\n<tr data-start=\"2813\" data-end=\"2841\">\n<td data-start=\"2813\" data-end=\"2822\" data-col-size=\"sm\">V\u00fdbrus<\/td>\n<td data-start=\"2822\" data-end=\"2841\" data-col-size=\"md\">Full Flat Grind<\/td>\n<\/tr>\n<tr data-start=\"2842\" data-end=\"2871\">\n<td data-start=\"2842\" data-end=\"2858\" data-col-size=\"sm\">Povrch \u010depele<\/td>\n<td data-start=\"2858\" data-end=\"2871\" data-col-size=\"md\">Black DLC<\/td>\n<\/tr>\n<tr data-start=\"2872\" data-end=\"2890\">\n<td data-start=\"2872\" data-end=\"2880\" data-col-size=\"sm\">Hrana<\/td>\n<td data-start=\"2880\" data-end=\"2890\" data-col-size=\"md\">Hladk\u00e1<\/td>\n<\/tr>\n<tr data-start=\"2891\" data-end=\"2917\">\n<td data-start=\"2891\" data-end=\"2901\" data-col-size=\"sm\">Rukoje\u0165<\/td>\n<td data-start=\"2901\" data-end=\"2917\" data-col-size=\"md\">G-10 \u2013 \u010dern\u00e1<\/td>\n<\/tr>\n<tr data-start=\"2918\" data-end=\"2946\">\n<td data-start=\"2918\" data-end=\"2926\" data-col-size=\"sm\">Z\u00e1mek<\/td>\n<td data-start=\"2926\" data-end=\"2946\" data-col-size=\"md\">Compression Lock<\/td>\n<\/tr>\n<tr data-start=\"2947\" data-end=\"2982\">\n<td data-start=\"2947\" data-end=\"2959\" data-col-size=\"sm\">Otev\u00edr\u00e1n\u00ed<\/td>\n<td data-start=\"2959\" data-end=\"2982\" data-col-size=\"md\">Spyderco Round Hole<\/td>\n<\/tr>\n<tr data-start=\"2983\" data-end=\"3007\">\n<td data-start=\"2983\" data-end=\"2990\" data-col-size=\"sm\">Klip<\/td>\n<td data-start=\"2990\" data-end=\"3007\" data-col-size=\"md\">Tip-up, prav\u00fd<\/td>\n<\/tr>\n<tr data-start=\"3008\" data-end=\"3031\">\n<td data-start=\"3008\" data-end=\"3019\" data-col-size=\"sm\">Hmotnost<\/td>\n<td data-start=\"3019\" data-end=\"3031\" data-col-size=\"md\">cca 95 g<\/td>\n<\/tr>\n<tr data-start=\"3032\" data-end=\"3083\">\n<td data-start=\"3032\" data-end=\"3044\" data-col-size=\"sm\">Kategorie<\/td>\n<td data-start=\"3044\" data-end=\"3083\" data-col-size=\"md\">Pr\u00e9miov\u00fd EDC \/ outdoor zav\u00edrac\u00ed n\u016f\u017e<\/td>\n<\/tr>\n<\/tbody>\n<\/table>\n<\/div>\n<\/div>\n<hr data-start=\"3085\" data-end=\"3088\" \/>\n<h2 data-start=\"3090\" data-end=\"3108\">\u2705 Hlavn\u00ed v\u00fdhody<\/h2>\n<ul data-start=\"3109\" data-end=\"3481\">\n<li data-start=\"3109\" data-end=\"3197\">\n<p data-start=\"3111\" data-end=\"3197\"><strong data-start=\"3111\" data-end=\"3137\">Pr\u00e9miov\u00e1 ocel CPM S30V<\/strong> \u2013 vynikaj\u00edc\u00ed rovnov\u00e1ha mezi ostrost\u00ed, odolnost\u00ed a \u00fadr\u017ebou<\/p>\n<\/li>\n<li data-start=\"3198\" data-end=\"3257\">\n<p data-start=\"3200\" data-end=\"3257\"><strong data-start=\"3200\" data-end=\"3220\">Compression Lock<\/strong> \u2013 extr\u00e9mn\u011b bezpe\u010dn\u00fd a hladk\u00fd z\u00e1mek<\/p>\n<\/li>\n<li data-start=\"3258\" data-end=\"3337\">\n<p data-start=\"3260\" data-end=\"3337\"><strong data-start=\"3260\" data-end=\"3288\">Ergonomick\u00e1 rukoje\u0165 G-10<\/strong> \u2013 jist\u00fd \u00fachop a pohodl\u00ed i p\u0159i del\u0161\u00edm pou\u017e\u00edv\u00e1n\u00ed<\/p>\n<\/li>\n<li data-start=\"3338\" data-end=\"3420\">\n<p data-start=\"3340\" data-end=\"3420\"><strong data-start=\"3340\" data-end=\"3364\">V\u00fdborn\u00e1 v\u0161estrannost<\/strong> \u2013 od ka\u017edodenn\u00edho no\u0161en\u00ed a\u017e po n\u00e1ro\u010dn\u011bj\u0161\u00ed \u0159ezn\u00e9 \u00fakoly<\/p>\n<\/li>\n<li data-start=\"3421\" data-end=\"3481\">\n<p data-start=\"3423\" data-end=\"3481\"><strong data-start=\"3423\" data-end=\"3443\">Rychl\u00e9 otev\u00edr\u00e1n\u00ed<\/strong> \u2013 d\u00edky klasick\u00e9mu Spyderco Round Hole<\/p>\n<\/li>\n<\/ul>\n<hr data-start=\"3483\" data-end=\"3486\" \/>\n<h2 data-start=\"3488\" data-end=\"3507\">\u26a0\ufe0f Mo\u017en\u00e1 omezen\u00ed<\/h2>\n<ul data-start=\"3508\" data-end=\"3771\">\n<li data-start=\"3508\" data-end=\"3576\">\n<p data-start=\"3510\" data-end=\"3576\"><strong data-start=\"3510\" data-end=\"3524\">Vy\u0161\u0161\u00ed cena<\/strong> \u2013 pr\u00e9miov\u00e1 ocel a materi\u00e1ly si vy\u017eaduj\u00ed investici<\/p>\n<\/li>\n<li data-start=\"3577\" data-end=\"3684\">\n<p data-start=\"3579\" data-end=\"3684\"><strong data-start=\"3579\" data-end=\"3591\">Velikost<\/strong> \u2013 pro n\u011bkter\u00e9 u\u017eivatele m\u016f\u017ee b\u00fdt rozm\u011br no\u017ee c\u00edlen\u011b v\u011bt\u0161\u00ed ne\u017e klasick\u00e1 \u201eEDC mini\u201c varianta<\/p>\n<\/li>\n<li data-start=\"3685\" data-end=\"3771\">\n<p data-start=\"3687\" data-end=\"3771\"><strong data-start=\"3687\" data-end=\"3713\">\u010cern\u00e1 povrchov\u00e1 \u00faprava<\/strong> \u2013 DLC je skv\u011bl\u00e1, ale \u010dasem se m\u016f\u017ee opot\u0159ebovat na hran\u00e1ch<\/p>\n<\/li>\n<\/ul>\n<hr data-start=\"3773\" data-end=\"3776\" \/>\n<h2 data-start=\"3778\" data-end=\"3798\">\ud83d\udee0\ufe0f \u00dadr\u017eba a p\u00e9\u010de<\/h2>\n<ul data-start=\"3799\" data-end=\"4008\">\n<li data-start=\"3799\" data-end=\"3857\">\n<p data-start=\"3801\" data-end=\"3857\">Po pou\u017eit\u00ed osu\u0161i \u010depel, zejm\u00e9na po kontaktu s vlhkost\u00ed<\/p>\n<\/li>\n<li data-start=\"3858\" data-end=\"3925\">\n<p data-start=\"3860\" data-end=\"3925\">Pravideln\u011b kontroluj chod z\u00e1mku a funkci otev\u00edrac\u00edho mechanismu<\/p>\n<\/li>\n<li data-start=\"3926\" data-end=\"4008\">\n<p data-start=\"3928\" data-end=\"4008\">Ost\u0159\u00ed udr\u017euj pravideln\u00fdm brou\u0161en\u00edm, aby z\u016fstalo ostr\u00e9 i po dlouhodob\u00e9m pou\u017e\u00edv\u00e1n\u00ed<\/p>\n<\/li>\n<\/ul>\n<hr data-start=\"4010\" data-end=\"4013\" \/>\n<h2 data-start=\"4015\" data-end=\"4051\">\ud83d\udd2a Pro udr\u017een\u00ed ost\u0159\u00ed doporu\u010dujeme<\/h2>\n<p data-start=\"4052\" data-end=\"4200\"><strong data-start=\"4052\" data-end=\"4118\">Spyderco Tri-Angle Sharpmaker Complete Sharpening System 204MF<\/strong> \u2013 ide\u00e1ln\u00ed syst\u00e9m pro udr\u017een\u00ed precizn\u00edho \u00fahlu ost\u0159\u00ed.<br data-start=\"4170\" data-end=\"4173\" \/>\ud83d\uded2 Koup\u00ed\u0161 na <strong data-start=\"4186\" data-end=\"4200\">Moskito.cz<\/strong><\/p>\n<hr data-start=\"4202\" data-end=\"4205\" \/>\n<h2 data-start=\"4207\" data-end=\"4227\">\ud83c\udfaf Doporu\u010deno pro<\/h2>\n<ul data-start=\"4228\" data-end=\"4446\">\n<li data-start=\"4228\" data-end=\"4261\">\n<p data-start=\"4230\" data-end=\"4261\">milovn\u00edky pr\u00e9miov\u00fdch EDC no\u017e\u016f<\/p>\n<\/li>\n<li data-start=\"4262\" data-end=\"4303\">\n<p data-start=\"4264\" data-end=\"4303\">outdoorov\u00e9 aktivity a n\u00e1ro\u010dn\u011bj\u0161\u00ed \u0159ezy<\/p>\n<\/li>\n<li data-start=\"4304\" data-end=\"4358\">\n<p data-start=\"4306\" data-end=\"4358\">u\u017eivatele, kte\u0159\u00ed ocen\u00ed ergonomii a precizn\u00ed design<\/p>\n<\/li>\n<li data-start=\"4359\" data-end=\"4387\">\n<p data-start=\"4361\" data-end=\"4387\">fanou\u0161ky zna\u010dky Spyderco<\/p>\n<\/li>\n<li data-start=\"4388\" data-end=\"4446\">\n<p data-start=\"4390\" data-end=\"4446\">ty, kte\u0159\u00ed cht\u011bj\u00ed spolehliv\u00fd a vysokov\u00fdkonn\u00fd zav\u00edrac\u00ed n\u016f\u017e<\/p>\n<\/li>\n<\/ul>\n<hr data-start=\"4448\" data-end=\"4451\" \/>\n<h2 data-start=\"4453\" data-end=\"4477\">\u2b50 Z\u00e1v\u011bre\u010dn\u00e9 hodnocen\u00ed<\/h2>\n<p data-start=\"4478\" data-end=\"4801\">Spyderco Paramilitary 3 \u2013 \u010dern\u00e1 G-10, \u010dern\u00e1 \u010depel (C223GPBK) je excelentn\u00ed volbou pro ka\u017ed\u00e9ho, kdo hled\u00e1 <strong data-start=\"4583\" data-end=\"4634\">pr\u00e9miov\u00fd, ergonomick\u00fd a spolehliv\u00fd zav\u00edrac\u00ed n\u016f\u017e<\/strong>, kter\u00fd zvl\u00e1dne ka\u017edodenn\u00ed v\u00fdzvy i n\u00e1ro\u010dn\u011bj\u0161\u00ed \u00fakoly. D\u00edky pr\u00e9miov\u00e9 oceli, bezpe\u010dn\u00e9mu z\u00e1mku a promy\u0161len\u00e9mu designu nab\u00edz\u00ed Paramilitary 3 v\u00fdkon a komfort bez kompromis\u016f.<\/p>\n<p data-start=\"4803\" data-end=\"4874\">Paramilitary 3 \u2013 spolehlivost, preciznost a jistota v ka\u017ed\u00e9m tahu. \ud83d\udd2a\ud83d\udda4<\/p>\n<\/div>\n<\/div>\n<\/div>\n<\/div>\n<div class=\"z-0 flex min-h-[46px] justify-start\"><\/div>\n<\/div>\n<\/div>\n<\/article>\n<\/div>\n<div class=\"pointer-events-none h-px w-px absolute bottom-0\" aria-hidden=\"true\" data-edge=\"true\"><\/div>\n","protected":false},"excerpt":{"rendered":"<p><strong>Para 3, jeden z nejo\u010dek\u00e1van\u011bj\u0161\u00edch produkt\u016f v historii Spyderco, je nejnov\u011bj\u0161\u00ed generac\u00ed jejich nesm\u00edrn\u011b obl\u00edben\u00e9 polovojensk\u00e9 rodiny zav\u00edrac\u00edch no\u017e\u016f.<\/strong><\/p>\n<p><strong>Doprava zdarma.<\/strong><\/p>\n","protected":false},"featured_media":249224,"comment_status":"open","ping_status":"closed","template":"","meta":[],"pwb-brand":[567],"product_brand":[],"product_cat":[22,17],"product_tag":[3667],"class_list":{"0":"post-249223","1":"product","2":"type-product","3":"status-publish","4":"has-post-thumbnail","6":"pwb-brand-spyderco","7":"product_cat-zaviraci-noze","8":"product_cat-noze","9":"product_tag-b2b","11":"first","12":"instock","13":"taxable","14":"shipping-taxable","15":"purchasable","16":"product-type-simple"},"brands":[{"id":567,"name":"Spyderco","slug":"spyderco"}],"_links":{"self":[{"href":"https:\/\/www.moskito.cz\/it\/wp-json\/wp\/v2\/product\/249223","targetHints":{"allow":["GET"]}}],"collection":[{"href":"https:\/\/www.moskito.cz\/it\/wp-json\/wp\/v2\/product"}],"about":[{"href":"https:\/\/www.moskito.cz\/it\/wp-json\/wp\/v2\/types\/product"}],"replies":[{"embeddable":true,"href":"https:\/\/www.moskito.cz\/it\/wp-json\/wp\/v2\/comments?post=249223"}],"wp:featuredmedia":[{"embeddable":true,"href":"https:\/\/www.moskito.cz\/it\/wp-json\/wp\/v2\/media\/249224"}],"wp:attachment":[{"href":"https:\/\/www.moskito.cz\/it\/wp-json\/wp\/v2\/media?parent=249223"}],"wp:term":[{"taxonomy":"pwb-brand","embeddable":true,"href":"https:\/\/www.moskito.cz\/it\/wp-json\/wp\/v2\/pwb-brand?post=249223"},{"taxonomy":"product_brand","embeddable":true,"href":"https:\/\/www.moskito.cz\/it\/wp-json\/wp\/v2\/product_brand?post=249223"},{"taxonomy":"product_cat","embeddable":true,"href":"https:\/\/www.moskito.cz\/it\/wp-json\/wp\/v2\/product_cat?post=249223"},{"taxonomy":"product_tag","embeddable":true,"href":"https:\/\/www.moskito.cz\/it\/wp-json\/wp\/v2\/product_tag?post=249223"}],"curies":[{"name":"wp","href":"https:\/\/api.w.org\/{rel}","templated":true}]}}