{"id":249321,"date":"2023-05-20T21:43:00","date_gmt":"2023-05-20T20:43:00","guid":{"rendered":"https:\/\/www.moskito.cz\/?post_type=product&#038;p=249321"},"modified":"2026-01-23T19:55:32","modified_gmt":"2026-01-23T18:55:32","slug":"zaviraci-nuz-spyderco-tenacious-c122gbbkps","status":"publish","type":"product","link":"https:\/\/www.moskito.cz\/it\/produkt\/zaviraci-nuz-spyderco-tenacious-c122gbbkps\/","title":{"rendered":"Zav\u00edrac\u00ed N\u016f\u017e Spyderco Tenacious C122GBBKPS"},"content":{"rendered":"<p data-start=\"170\" data-end=\"557\">Jakmile \u010depel otev\u0159e\u0161 typick\u00fdm <strong data-start=\"201\" data-end=\"229\">kulat\u00fdm otvorem Spyderco<\/strong> a zajist\u00ed\u0161 ji spolehliv\u00fdm <strong data-start=\"256\" data-end=\"272\">liner lockem<\/strong>, okam\u017eit\u011b poc\u00edt\u00ed\u0161 <strong data-start=\"291\" data-end=\"330\">precizn\u00ed kontrolu a hladk\u00fd tah \u0159ezu<\/strong>, kter\u00fd nab\u00edz\u00ed <strong data-start=\"345\" data-end=\"378\">Spyderco Tenacious C122GBBKPS<\/strong>. Tento zav\u00edrac\u00ed n\u016f\u017e kombinuje robustn\u00ed stavbu s praktick\u00fdm designem, tak\u017ee je p\u0159ipraven na ka\u017edodenn\u00ed \u00fakoly i n\u00e1ro\u010dn\u011bj\u0161\u00ed situace, kdy je pot\u0159eba spolehliv\u00fd a univerz\u00e1ln\u00ed n\u00e1stroj.<\/p>\n<p data-start=\"559\" data-end=\"750\">Tento model je ur\u010den pro u\u017eivatele, kte\u0159\u00ed cht\u011bj\u00ed <strong data-start=\"608\" data-end=\"643\">v\u0161estrann\u00fd a spolehliv\u00fd EDC n\u016f\u017e<\/strong>, kter\u00fd zvl\u00e1dne \u0161irokou \u0161k\u00e1lu \u0159ezn\u00fdch \u00faloh \u2014 od otev\u00edr\u00e1n\u00ed bal\u00edk\u016f p\u0159es lehk\u00e9 pr\u00e1ce a\u017e po outdoorov\u00e9 vyu\u017eit\u00ed.<\/p>\n<hr data-start=\"752\" data-end=\"755\" \/>\n<h2 data-start=\"757\" data-end=\"783\">Charakter a filozofie<\/h2>\n<p data-start=\"784\" data-end=\"1114\"><strong data-start=\"784\" data-end=\"806\">Spyderco Tenacious<\/strong> p\u0159edstavuje filozofii n\u00e1stroje, kter\u00fd je <strong data-start=\"848\" data-end=\"876\">prakti\u010dt\u011bj\u0161\u00ed ne\u017e efektn\u00ed<\/strong>, a to se projevuje v ka\u017ed\u00e9m detailu jeho konstrukce. \u010cepel je navr\u017eena tak, aby poskytovala <strong data-start=\"969\" data-end=\"1034\">rovnov\u00e1hu mezi v\u00fddr\u017e\u00ed ost\u0159\u00ed, kontrolou \u0159ezu a snadnou \u00fadr\u017ebou<\/strong>, co\u017e z n\u011bj d\u011bl\u00e1 skv\u011blou volbu jak pro za\u010d\u00e1te\u010dn\u00edky, tak i pro zku\u0161en\u00e9 u\u017eivatele.<\/p>\n<p data-start=\"1116\" data-end=\"1391\">Rukoje\u0165 z odoln\u00e9ho materi\u00e1lu zaji\u0161\u0165uje jist\u00fd a pohodln\u00fd \u00fachop, i kdy\u017e pracuje\u0161 del\u0161\u00ed dobu nebo v n\u00e1ro\u010dn\u011bj\u0161\u00edch podm\u00ednk\u00e1ch. <strong data-start=\"1238\" data-end=\"1252\">Liner lock<\/strong> zaru\u010duje bezpe\u010dn\u00e9 zaji\u0161t\u011bn\u00ed \u010depele v otev\u0159en\u00e9 poloze, zat\u00edmco kulat\u00fd otvor Spyderco umo\u017e\u0148uje <strong data-start=\"1346\" data-end=\"1390\">rychl\u00e9 a pohodln\u00e9 otev\u00edr\u00e1n\u00ed jednou rukou<\/strong>.<\/p>\n<p data-start=\"1393\" data-end=\"1523\">D\u00edky vyv\u00e1\u017een\u00e9mu designu a prakti\u010dnosti je Tenacious ide\u00e1ln\u00edm n\u00e1strojem pro ka\u017edodenn\u00ed pou\u017eit\u00ed \u2014 v pr\u00e1ci, ve m\u011bst\u011b i p\u0159i cestov\u00e1n\u00ed.<\/p>\n<hr data-start=\"1525\" data-end=\"1528\" \/>\n<h2 data-start=\"1530\" data-end=\"1547\">\ud83c\udfed O v\u00fdrobci<\/h2>\n<p data-start=\"1548\" data-end=\"1791\"><strong data-start=\"1548\" data-end=\"1560\">Spyderco<\/strong> je zna\u010dka proslul\u00e1 sv\u00fdm d\u016frazem na ergonomii, inovace a re\u00e1ln\u00e9 vyu\u017eit\u00ed v praxi. Modely jako Tenacious reprezentuj\u00ed p\u0159\u00edstup, kter\u00fd stav\u00ed <strong data-start=\"1697\" data-end=\"1746\">praktickou funkci nad zbyte\u010dn\u00fdmi komplikacemi<\/strong> \u2014 \u0159e\u0161en\u00ed, kter\u00e1 funguj\u00ed, kdy\u017e je pot\u0159ebuje\u0161.<\/p>\n<hr data-start=\"1793\" data-end=\"1796\" \/>\n<h2 data-start=\"1798\" data-end=\"1825\">\u2699\ufe0f Technick\u00e9 specifikace<\/h2>\n<div class=\"TyagGW_tableContainer\">\n<div class=\"group TyagGW_tableWrapper flex flex-col-reverse w-fit\" tabindex=\"-1\">\n<table class=\"w-fit min-w-(--thread-content-width)\" data-start=\"1827\" data-end=\"2433\">\n<thead data-start=\"1827\" data-end=\"1849\">\n<tr data-start=\"1827\" data-end=\"1849\">\n<th data-start=\"1827\" data-end=\"1838\" data-col-size=\"sm\">Parametr<\/th>\n<th data-start=\"1838\" data-end=\"1849\" data-col-size=\"md\">Hodnota<\/th>\n<\/tr>\n<\/thead>\n<tbody data-start=\"1870\" data-end=\"2433\">\n<tr data-start=\"1870\" data-end=\"1911\">\n<td data-start=\"1870\" data-end=\"1878\" data-col-size=\"sm\">Model<\/td>\n<td data-start=\"1878\" data-end=\"1911\" data-col-size=\"md\">Spyderco Tenacious C122GBBKPS<\/td>\n<\/tr>\n<tr data-start=\"1912\" data-end=\"1934\">\n<td data-start=\"1912\" data-end=\"1918\" data-col-size=\"sm\">Typ<\/td>\n<td data-start=\"1918\" data-end=\"1934\" data-col-size=\"md\">Zav\u00edrac\u00ed n\u016f\u017e<\/td>\n<\/tr>\n<tr data-start=\"1935\" data-end=\"1964\">\n<td data-start=\"1935\" data-end=\"1951\" data-col-size=\"sm\">Celkov\u00e1 d\u00e9lka<\/td>\n<td data-start=\"1951\" data-end=\"1964\" data-col-size=\"md\">cca 20 cm<\/td>\n<\/tr>\n<tr data-start=\"1965\" data-end=\"1994\">\n<td data-start=\"1965\" data-end=\"1980\" data-col-size=\"sm\">D\u00e9lka \u010depele<\/td>\n<td data-start=\"1980\" data-end=\"1994\" data-col-size=\"md\">cca 8,5 cm<\/td>\n<\/tr>\n<tr data-start=\"1995\" data-end=\"2027\">\n<td data-start=\"1995\" data-end=\"2013\" data-col-size=\"sm\">Tlou\u0161\u0165ka \u010depele<\/td>\n<td data-start=\"2013\" data-end=\"2027\" data-col-size=\"md\">cca 3,4 mm<\/td>\n<\/tr>\n<tr data-start=\"2028\" data-end=\"2072\">\n<td data-start=\"2028\" data-end=\"2046\" data-col-size=\"sm\">Materi\u00e1l \u010depele<\/td>\n<td data-start=\"2046\" data-end=\"2072\" data-col-size=\"md\">kvalitn\u00ed nerezov\u00e1 ocel<\/td>\n<\/tr>\n<tr data-start=\"2073\" data-end=\"2146\">\n<td data-start=\"2073\" data-end=\"2089\" data-col-size=\"sm\">Tvrdost oceli<\/td>\n<td data-start=\"2089\" data-end=\"2146\" data-col-size=\"md\">st\u0159edn\u011b vysok\u00e1 \u2013 dobr\u00e1 kombinace ostrosti a odolnosti<\/td>\n<\/tr>\n<tr data-start=\"2147\" data-end=\"2184\">\n<td data-start=\"2147\" data-end=\"2161\" data-col-size=\"sm\">Tvar \u010depele<\/td>\n<td data-start=\"2161\" data-end=\"2184\" data-col-size=\"md\">klasick\u00fd Drop Point<\/td>\n<\/tr>\n<tr data-start=\"2185\" data-end=\"2213\">\n<td data-start=\"2185\" data-end=\"2194\" data-col-size=\"sm\">V\u00fdbrus<\/td>\n<td data-start=\"2194\" data-end=\"2213\" data-col-size=\"md\">Full Flat Grind<\/td>\n<\/tr>\n<tr data-start=\"2214\" data-end=\"2246\">\n<td data-start=\"2214\" data-end=\"2230\" data-col-size=\"sm\">Povrch \u010depele<\/td>\n<td data-start=\"2230\" data-end=\"2246\" data-col-size=\"md\">\u010dern\u00e1 \u00faprava<\/td>\n<\/tr>\n<tr data-start=\"2247\" data-end=\"2283\">\n<td data-start=\"2247\" data-end=\"2257\" data-col-size=\"sm\">Rukoje\u0165<\/td>\n<td data-start=\"2257\" data-end=\"2283\" data-col-size=\"md\">ergonomick\u00e1 konstrukce<\/td>\n<\/tr>\n<tr data-start=\"2284\" data-end=\"2306\">\n<td data-start=\"2284\" data-end=\"2292\" data-col-size=\"sm\">Z\u00e1mek<\/td>\n<td data-start=\"2292\" data-end=\"2306\" data-col-size=\"md\">Liner Lock<\/td>\n<\/tr>\n<tr data-start=\"2307\" data-end=\"2344\">\n<td data-start=\"2307\" data-end=\"2319\" data-col-size=\"sm\">Otev\u00edr\u00e1n\u00ed<\/td>\n<td data-start=\"2319\" data-end=\"2344\" data-col-size=\"md\">kulat\u00fd otvor Spyderco<\/td>\n<\/tr>\n<tr data-start=\"2345\" data-end=\"2377\">\n<td data-start=\"2345\" data-end=\"2352\" data-col-size=\"sm\">Klip<\/td>\n<td data-start=\"2352\" data-end=\"2377\" data-col-size=\"md\">reverzibiln\u00ed \u2013 tip\u2011up<\/td>\n<\/tr>\n<tr data-start=\"2378\" data-end=\"2400\">\n<td data-start=\"2378\" data-end=\"2389\" data-col-size=\"sm\">Hmotnost<\/td>\n<td data-start=\"2389\" data-end=\"2400\" data-col-size=\"md\">st\u0159edn\u00ed<\/td>\n<\/tr>\n<tr data-start=\"2401\" data-end=\"2433\">\n<td data-start=\"2401\" data-end=\"2410\" data-col-size=\"sm\">V\u00fdroba<\/td>\n<td data-start=\"2410\" data-end=\"2433\" data-col-size=\"md\">precizn\u00ed zpracov\u00e1n\u00ed<\/td>\n<\/tr>\n<\/tbody>\n<\/table>\n<\/div>\n<\/div>\n<hr data-start=\"2435\" data-end=\"2438\" \/>\n<h2 data-start=\"2440\" data-end=\"2458\">\u2705 Hlavn\u00ed v\u00fdhody<\/h2>\n<ul data-start=\"2459\" data-end=\"2739\">\n<li data-start=\"2459\" data-end=\"2515\">\n<p data-start=\"2461\" data-end=\"2515\"><strong data-start=\"2461\" data-end=\"2480\">Vyv\u00e1\u017een\u00fd design<\/strong> \u2013 ide\u00e1ln\u00ed pro ka\u017edodenn\u00ed pou\u017eit\u00ed<\/p>\n<\/li>\n<li data-start=\"2516\" data-end=\"2559\">\n<p data-start=\"2518\" data-end=\"2559\"><strong data-start=\"2518\" data-end=\"2532\">Liner Lock<\/strong> \u2013 pevn\u00fd a bezpe\u010dn\u00fd z\u00e1mek<\/p>\n<\/li>\n<li data-start=\"2560\" data-end=\"2619\">\n<p data-start=\"2562\" data-end=\"2619\"><strong data-start=\"2562\" data-end=\"2585\">Ergonomick\u00e1 rukoje\u0165<\/strong> \u2013 jist\u00fd \u00fachop i p\u0159i del\u0161\u00ed pr\u00e1ci<\/p>\n<\/li>\n<li data-start=\"2620\" data-end=\"2690\">\n<p data-start=\"2622\" data-end=\"2690\"><strong data-start=\"2622\" data-end=\"2643\">Univerz\u00e1ln\u00ed \u010depel<\/strong> \u2013 dob\u0159e funguje v \u0161irok\u00e9 \u0161k\u00e1le \u0159ezn\u00fdch \u00fakol\u016f<\/p>\n<\/li>\n<li data-start=\"2691\" data-end=\"2739\">\n<p data-start=\"2693\" data-end=\"2739\"><strong data-start=\"2693\" data-end=\"2713\">Snadn\u00e9 otev\u00edr\u00e1n\u00ed<\/strong> \u2013 kulat\u00fd otvor Spyderco<\/p>\n<\/li>\n<\/ul>\n<hr data-start=\"2741\" data-end=\"2744\" \/>\n<h2 data-start=\"2746\" data-end=\"2765\">\u26a0\ufe0f Mo\u017en\u00e1 omezen\u00ed<\/h2>\n<ul data-start=\"2766\" data-end=\"2961\">\n<li data-start=\"2766\" data-end=\"2821\">\n<p data-start=\"2768\" data-end=\"2821\"><strong data-start=\"2768\" data-end=\"2787\">Standardn\u00ed ocel<\/strong> nen\u00ed top\u2011end co do v\u00fddr\u017ee ost\u0159\u00ed<\/p>\n<\/li>\n<li data-start=\"2822\" data-end=\"2894\">\n<p data-start=\"2824\" data-end=\"2894\">V\u011bt\u0161\u00ed velikost nemus\u00ed vyhovovat t\u011bm, kte\u0159\u00ed cht\u011bj\u00ed minimalistick\u00fd EDC<\/p>\n<\/li>\n<li data-start=\"2895\" data-end=\"2961\">\n<p data-start=\"2897\" data-end=\"2961\">Black povrch se m\u016f\u017ee \u010dasem opot\u0159ebovat p\u0159i intenzivn\u00edm pou\u017eit\u00ed<\/p>\n<\/li>\n<\/ul>\n<hr data-start=\"2963\" data-end=\"2966\" \/>\n<h2 data-start=\"2968\" data-end=\"2988\">\ud83d\udee0\ufe0f \u00dadr\u017eba a p\u00e9\u010de<\/h2>\n<p data-start=\"2989\" data-end=\"3189\">Po pou\u017eit\u00ed \u010depel osu\u0161\u00ed a o\u010disti \u2014 zvl\u00e1\u0161t\u011b pokud byla v kontaktu s vlhkost\u00ed.<br data-start=\"3064\" data-end=\"3067\" \/>Pravideln\u011b kontroluj chod z\u00e1mku a mechaniku otev\u00edr\u00e1n\u00ed.<br data-start=\"3121\" data-end=\"3124\" \/>Ost\u0159\u00ed udr\u017euj jemn\u00fdm brou\u0161en\u00edm, aby bylo st\u00e1le ostr\u00e9 a spolehliv\u00e9.<\/p>\n<hr data-start=\"3191\" data-end=\"3194\" \/>\n<h2 data-start=\"3196\" data-end=\"3234\">\ud83d\udd2a Pro udr\u017een\u00ed ost\u0159\u00ed doporu\u010dujeme<\/h2>\n<p data-start=\"3235\" data-end=\"3598\">Pou\u017e\u00edvat kvalitn\u00ed brusn\u00e9 syst\u00e9my s p\u0159esn\u00fdm veden\u00edm \u00fahlu, <strong data-start=\"3292\" data-end=\"3389\">kter\u00e9 zajist\u00ed spr\u00e1vnou geometrii ost\u0159\u00ed a dlouhodobou ostrost bez zbyte\u010dn\u00e9ho ub\u00edr\u00e1n\u00ed materi\u00e1lu<\/strong>.<br data-start=\"3390\" data-end=\"3393\" \/>Pro tento \u00fa\u010del <strong data-start=\"3408\" data-end=\"3495\">doporu\u010dujeme brousek Spyderco Tri\u2011Angle Sharpmaker Complete Sharpening System 204MF<\/strong>, kter\u00fd umo\u017e\u0148uje bezpe\u010dn\u00e9 a velmi p\u0159esn\u00e9 brou\u0161en\u00ed i modern\u00edch ocel\u00ed. <strong data-start=\"3564\" data-end=\"3598\">Zakoup\u00edte na na\u0161ich str\u00e1nk\u00e1ch.<\/strong><\/p>\n<hr data-start=\"3600\" data-end=\"3603\" \/>\n<h2 data-start=\"3605\" data-end=\"3625\">\ud83c\udfaf Doporu\u010deno pro<\/h2>\n<ul data-start=\"3626\" data-end=\"3785\">\n<li data-start=\"3626\" data-end=\"3651\">\n<p data-start=\"3628\" data-end=\"3651\">ka\u017edodenn\u00ed EDC no\u0161en\u00ed<\/p>\n<\/li>\n<li data-start=\"3652\" data-end=\"3686\">\n<p data-start=\"3654\" data-end=\"3686\">outdoor a lehk\u00e9 pracovn\u00ed \u00fakoly<\/p>\n<\/li>\n<li data-start=\"3687\" data-end=\"3745\">\n<p data-start=\"3689\" data-end=\"3745\">u\u017eivatele hledaj\u00edc\u00ed <strong data-start=\"3709\" data-end=\"3743\">prakti\u010dt\u011bj\u0161\u00ed a univerz\u00e1ln\u00ed n\u016f\u017e<\/strong><\/p>\n<\/li>\n<li data-start=\"3746\" data-end=\"3785\">\n<p data-start=\"3748\" data-end=\"3785\">milovn\u00edky dob\u0159e vyv\u00e1\u017een\u00fdch EDC model\u016f<\/p>\n<\/li>\n<\/ul>\n<hr data-start=\"3787\" data-end=\"3790\" \/>\n<h2 data-start=\"3792\" data-end=\"3818\">\u2b50 Z\u00e1v\u011bre\u010dn\u00e9 hodnocen\u00ed<\/h2>\n<p data-start=\"3819\" data-end=\"4130\"><strong data-start=\"3819\" data-end=\"3852\">Spyderco Tenacious C122GBBKPS<\/strong> je <strong data-start=\"3856\" data-end=\"3892\">spolehliv\u00fd, vyv\u00e1\u017een\u00fd a praktick\u00fd<\/strong> zav\u00edrac\u00ed n\u016f\u017e, kter\u00fd ti poskytne v\u00fdkon a ovladatelnost p\u0159i ka\u017edodenn\u00edm pou\u017eit\u00ed i v r\u016fzn\u00fdch situac\u00edch. D\u00edky ergonomii, jednoduch\u00e9mu ovl\u00e1d\u00e1n\u00ed a jist\u00e9mu z\u00e1mku je to ide\u00e1ln\u00ed volba pro ka\u017ed\u00e9ho, kdo chce <strong data-start=\"4090\" data-end=\"4129\">funguj\u00edc\u00ed a univerz\u00e1ln\u00ed EDC n\u00e1stroj<\/strong>.<\/p>\n<p data-start=\"4132\" data-end=\"4180\"><strong data-start=\"4132\" data-end=\"4180\">Tenacious \u2013 v\u0161estrann\u00fd par\u0165\u00e1k pro ka\u017ed\u00fd den.<\/strong><\/p>\n","protected":false},"excerpt":{"rendered":"<p data-start=\"3819\" data-end=\"4130\"><strong>Spyderco Tenacious C122GBBKPS je spolehliv\u00fd, vyv\u00e1\u017een\u00fd a praktick\u00fd zav\u00edrac\u00ed n\u016f\u017e, kter\u00fd ti poskytne v\u00fdkon a ovladatelnost p\u0159i ka\u017edodenn\u00edm pou\u017eit\u00ed i v r\u016fzn\u00fdch situac\u00edch. D\u00edky ergonomii, jednoduch\u00e9mu ovl\u00e1d\u00e1n\u00ed a jist\u00e9mu z\u00e1mku je to ide\u00e1ln\u00ed volba pro ka\u017ed\u00e9ho, kdo chce funguj\u00edc\u00ed a univerz\u00e1ln\u00ed EDC n\u00e1stroj.<\/strong><\/p>\n<p data-start=\"4132\" data-end=\"4180\"><strong>Tenacious \u2013 v\u0161estrann\u00fd par\u0165\u00e1k pro ka\u017ed\u00fd den.<\/strong><\/p>\n","protected":false},"featured_media":249322,"comment_status":"open","ping_status":"closed","template":"","meta":[],"pwb-brand":[567],"product_brand":[],"product_cat":[22,17],"product_tag":[3667],"class_list":{"0":"post-249321","1":"product","2":"type-product","3":"status-publish","4":"has-post-thumbnail","6":"pwb-brand-spyderco","7":"product_cat-zaviraci-noze","8":"product_cat-noze","9":"product_tag-b2b","11":"first","12":"instock","13":"taxable","14":"shipping-taxable","15":"purchasable","16":"product-type-simple"},"brands":[{"id":567,"name":"Spyderco","slug":"spyderco"}],"_links":{"self":[{"href":"https:\/\/www.moskito.cz\/it\/wp-json\/wp\/v2\/product\/249321","targetHints":{"allow":["GET"]}}],"collection":[{"href":"https:\/\/www.moskito.cz\/it\/wp-json\/wp\/v2\/product"}],"about":[{"href":"https:\/\/www.moskito.cz\/it\/wp-json\/wp\/v2\/types\/product"}],"replies":[{"embeddable":true,"href":"https:\/\/www.moskito.cz\/it\/wp-json\/wp\/v2\/comments?post=249321"}],"wp:featuredmedia":[{"embeddable":true,"href":"https:\/\/www.moskito.cz\/it\/wp-json\/wp\/v2\/media\/249322"}],"wp:attachment":[{"href":"https:\/\/www.moskito.cz\/it\/wp-json\/wp\/v2\/media?parent=249321"}],"wp:term":[{"taxonomy":"pwb-brand","embeddable":true,"href":"https:\/\/www.moskito.cz\/it\/wp-json\/wp\/v2\/pwb-brand?post=249321"},{"taxonomy":"product_brand","embeddable":true,"href":"https:\/\/www.moskito.cz\/it\/wp-json\/wp\/v2\/product_brand?post=249321"},{"taxonomy":"product_cat","embeddable":true,"href":"https:\/\/www.moskito.cz\/it\/wp-json\/wp\/v2\/product_cat?post=249321"},{"taxonomy":"product_tag","embeddable":true,"href":"https:\/\/www.moskito.cz\/it\/wp-json\/wp\/v2\/product_tag?post=249321"}],"curies":[{"name":"wp","href":"https:\/\/api.w.org\/{rel}","templated":true}]}}