{"id":249351,"date":"2023-05-20T23:03:33","date_gmt":"2023-05-20T22:03:33","guid":{"rendered":"https:\/\/www.moskito.cz\/?post_type=product&#038;p=249351"},"modified":"2025-06-28T22:00:06","modified_gmt":"2025-06-28T21:00:06","slug":"zaviraci-nuz-spyderco-delica-4-wharncliffe-c11fpwcbk","status":"publish","type":"product","link":"https:\/\/www.moskito.cz\/it\/produkt\/zaviraci-nuz-spyderco-delica-4-wharncliffe-c11fpwcbk\/","title":{"rendered":"Zav\u00edrac\u00ed N\u016f\u017e Spyderco Delica 4 Wharncliffe C11FPWCBK"},"content":{"rendered":"<p>Zav\u00edrac\u00ed N\u016f\u017e <strong>Spyderco<\/strong> Delica 4 Wharncliffe C11FPWCBK<\/p>\n<p>Tato varianta, inspirovan\u00e1 po\u017eadavkem jednoho ze z\u00e1kazn\u00edk\u016f <strong>Spyderco<\/strong>, kter\u00fd p\u0159i sv\u00e9 pr\u00e1ci pou\u017e\u00edv\u00e1 Delica 4 Lightweight ka\u017ed\u00fd den, obsahuje ploch\u00e9 ost\u0159\u00ed ve stylu Wharncliffe vyroben\u00e9 z nerezov\u00e9 oceli VG10. Dokonale rovn\u00e1 \u0159ezn\u00e1 hrana tohoto profilu \u010depele poskytuje maxim\u00e1ln\u00ed p\u0159enos \u0159ezn\u00e9ho tlaku \u2013 a\u017e ke \u0161pi\u010dce \u2013 a poskytuje ostr\u00fd hrot, kter\u00fd vynik\u00e1 p\u0159i detailn\u00ed pr\u00e1ci. V\u0161echny ostatn\u00ed vlastnosti tohoto tahouna jsou v souladu se standardn\u00edm modelem Delica 4 Lightweight.<\/p>\n<p>Delica 4, rovnocenn\u00fd partner v historick\u00fdch \u00fasp\u011b\u0161\u00edch Endura, nab\u00edz\u00ed v\u0161echny stejn\u00e9 vynikaj\u00edc\u00ed kvality v kompaktn\u011bj\u0161\u00edm balen\u00ed. \u0158ada Delica 4 Lightweight zahrnuje celou \u0159adu barev rukojet\u00ed, brou\u0161en\u00ed \u010depel\u00ed a konfigurac\u00ed hran, stejn\u011b jako otupenou tr\u00e9ninkovou verzi a model s funkc\u00ed Emerson Opening Feature. V\u0161echny lehk\u00e9 modely maj\u00ed skeletonizovan\u00e9 vlo\u017eky z nerezov\u00e9 oceli pro pevnost a texturovan\u00e9 rukojeti vyroben\u00e9 z pevn\u00e9ho nylonu vyztu\u017een\u00e9ho skeln\u00fdmi vl\u00e1kny.<\/p>\n<p>Specifikace<br \/>\nD\u00e9lka \u010depele: 7.17 cm<br \/>\nD\u00e9lka v zav\u0159en\u00e9m stavu: 10.62 cm<br \/>\nCelkov\u00e1 d\u00e9lka: 18 cm<br \/>\nMateri\u00e1l \u010depele: VG10 Nerezov\u00e1 ocel<br \/>\nStyl \u010depele: Wharncliffe<br \/>\nBrou\u0161en\u00ed \u010depele: Pln\u011b ploch\u00e9<br \/>\nPovrchov\u00e1 \u00faprava \u010depele: sat\u00e9n<br \/>\nOst\u0159\u00ed \u010depele: Hladk\u00e9<br \/>\nMateri\u00e1l rukojeti: Nylon vyztu\u017een\u00fd skeln\u00fdmi vl\u00e1kny (FRN)<br \/>\nBarva rukojeti: \u010cern\u00e1<br \/>\nUzamykac\u00ed mechanismus: Lockback<br \/>\nKapesn\u00ed klip: Vykl\u00e1p\u011bn\u00ed, skl\u00e1p\u011bn\u00ed dol\u016f, no\u0161en\u00ed vlevo\/vpravo<br \/>\n\u010c\u00edslo modelu: C11FWCBK<br \/>\nN\u00e1zev modelu: Delica 4 Lightweight Wharncliffe<br \/>\nHmotnost: 2,4 oz.<br \/>\nVyrobeno v Japonsku<\/p>\n","protected":false},"excerpt":{"rendered":"<p><strong>Delica 4, rovnocenn\u00fd partner v historick\u00fdch \u00fasp\u011b\u0161\u00edch Endury, nab\u00edz\u00ed v\u0161echny stejn\u00e9 vynikaj\u00edc\u00ed kvality v kompaktn\u011bj\u0161\u00edm balen\u00ed.<\/strong><\/p>\n","protected":false},"featured_media":249352,"comment_status":"open","ping_status":"closed","template":"","meta":[],"pwb-brand":[567],"product_brand":[],"product_cat":[22,17],"product_tag":[3667],"class_list":{"0":"post-249351","1":"product","2":"type-product","3":"status-publish","4":"has-post-thumbnail","6":"pwb-brand-spyderco","7":"product_cat-zaviraci-noze","8":"product_cat-noze","9":"product_tag-b2b","11":"first","12":"instock","13":"sale","14":"taxable","15":"shipping-taxable","16":"purchasable","17":"product-type-simple"},"brands":[{"id":567,"name":"Spyderco","slug":"spyderco"}],"_links":{"self":[{"href":"https:\/\/www.moskito.cz\/it\/wp-json\/wp\/v2\/product\/249351","targetHints":{"allow":["GET"]}}],"collection":[{"href":"https:\/\/www.moskito.cz\/it\/wp-json\/wp\/v2\/product"}],"about":[{"href":"https:\/\/www.moskito.cz\/it\/wp-json\/wp\/v2\/types\/product"}],"replies":[{"embeddable":true,"href":"https:\/\/www.moskito.cz\/it\/wp-json\/wp\/v2\/comments?post=249351"}],"wp:featuredmedia":[{"embeddable":true,"href":"https:\/\/www.moskito.cz\/it\/wp-json\/wp\/v2\/media\/249352"}],"wp:attachment":[{"href":"https:\/\/www.moskito.cz\/it\/wp-json\/wp\/v2\/media?parent=249351"}],"wp:term":[{"taxonomy":"pwb-brand","embeddable":true,"href":"https:\/\/www.moskito.cz\/it\/wp-json\/wp\/v2\/pwb-brand?post=249351"},{"taxonomy":"product_brand","embeddable":true,"href":"https:\/\/www.moskito.cz\/it\/wp-json\/wp\/v2\/product_brand?post=249351"},{"taxonomy":"product_cat","embeddable":true,"href":"https:\/\/www.moskito.cz\/it\/wp-json\/wp\/v2\/product_cat?post=249351"},{"taxonomy":"product_tag","embeddable":true,"href":"https:\/\/www.moskito.cz\/it\/wp-json\/wp\/v2\/product_tag?post=249351"}],"curies":[{"name":"wp","href":"https:\/\/api.w.org\/{rel}","templated":true}]}}