{"id":249555,"date":"2023-05-25T19:22:49","date_gmt":"2023-05-25T18:22:49","guid":{"rendered":"https:\/\/www.moskito.cz\/?post_type=product&#038;p=249555"},"modified":"2025-06-28T21:15:18","modified_gmt":"2025-06-28T20:15:18","slug":"zaviraci-nuz-spyderco-delica-4-lightweight-frn-c11fppns30v","status":"publish","type":"product","link":"https:\/\/www.moskito.cz\/it\/produkt\/zaviraci-nuz-spyderco-delica-4-lightweight-frn-c11fppns30v\/","title":{"rendered":"Zav\u00edrac\u00ed N\u016f\u017e Spyderco Delica 4 Lightweight FRN C11FPPNS30V"},"content":{"rendered":"<p>Zav\u00edrac\u00ed N\u016f\u017e <strong>Spyderco<\/strong> Delica 4 Lightweight FRN C11FPPNS30V<\/p>\n<p>Od sv\u00e9ho p\u0159edstaven\u00ed p\u0159ed 30 lety je <strong>Delica<\/strong> platformou pro des\u00edtky r\u016fzn\u00fdch kombinac\u00ed ocel\u00ed \u010depel\u00ed, barev rukojet\u00ed a materi\u00e1l\u016f rukojet\u00ed. Toto pozoruhodn\u00e9 proveden\u00ed <strong>Delica<\/strong> 4 Lightweight v sob\u011b spojuje zcela ploch\u00e9 ost\u0159\u00ed vyroben\u00e9 z americk\u00e9 nerezov\u00e9 oceli CPM-S30V s brilantn\u011b r\u016f\u017eovou rukojet\u00ed. Vst\u0159ikovan\u00e1 rukoje\u0165 obsahuje typick\u00fd vzor Bi-Directional Texture spole\u010dnosti <strong>Spyderco<\/strong> pro neklouzav\u00fd \u00fachop a \u010dernou \u010dty\u0159polohovou kapesn\u00ed sponu konfigurovatelnou pro v\u0161echny polohy no\u0161en\u00ed.<\/p>\n<p>Specifikace<br \/>\nD\u00e9lka \u010depele: 7.4 cm<br \/>\n\u0158ezn\u00e1 hrana: 6.5 cm<br \/>\nD\u00e9lka v zav\u0159en\u00e9m stavu: 10.8 cm<br \/>\nCelkov\u00e1 d\u00e9lka: 18.2 cm<br \/>\nMateri\u00e1l \u010depele: CPM-S30V Nerezov\u00e1 ocel<br \/>\nTlou\u0161\u0165ka \u010depele: 0.25 cm<br \/>\nStyl \u010depele: Drop Point<br \/>\nBrou\u0161en\u00ed \u010depele: Pln\u011b ploch\u00e9<br \/>\nPovrchov\u00e1 \u00faprava \u010depele: sat\u00e9n<br \/>\nMateri\u00e1l rukojeti: r\u016f\u017eov\u00e1 FRN<br \/>\nMateri\u00e1l vlo\u017eky: Nerezov\u00e1 ocel<br \/>\nUzamykac\u00ed mechanismus: Lockback<br \/>\nKapesn\u00ed spona: \u010cern\u00e1 nerezov\u00e1 ocel (Tip-Up\/Down, Right\/Left carry)<br \/>\nHmotnost: 2,4 oz. (68 g)<br \/>\nVyrobeno v Japonsku<\/p>\n","protected":false},"excerpt":{"rendered":"<p><strong>Od sv\u00e9ho p\u0159edstaven\u00ed p\u0159ed 30 lety je Delica platformou pro des\u00edtky r\u016fzn\u00fdch kombinac\u00ed ocel\u00ed \u010depel\u00ed, barev rukojet\u00ed a materi\u00e1l\u016f<\/strong><\/p>\n","protected":false},"featured_media":249556,"comment_status":"open","ping_status":"closed","template":"","meta":[],"pwb-brand":[567],"product_brand":[],"product_cat":[22,17],"product_tag":[3667],"class_list":{"0":"post-249555","1":"product","2":"type-product","3":"status-publish","4":"has-post-thumbnail","6":"pwb-brand-spyderco","7":"product_cat-zaviraci-noze","8":"product_cat-noze","9":"product_tag-b2b","11":"first","12":"instock","13":"sale","14":"taxable","15":"shipping-taxable","16":"purchasable","17":"product-type-simple"},"brands":[{"id":567,"name":"Spyderco","slug":"spyderco"}],"_links":{"self":[{"href":"https:\/\/www.moskito.cz\/it\/wp-json\/wp\/v2\/product\/249555","targetHints":{"allow":["GET"]}}],"collection":[{"href":"https:\/\/www.moskito.cz\/it\/wp-json\/wp\/v2\/product"}],"about":[{"href":"https:\/\/www.moskito.cz\/it\/wp-json\/wp\/v2\/types\/product"}],"replies":[{"embeddable":true,"href":"https:\/\/www.moskito.cz\/it\/wp-json\/wp\/v2\/comments?post=249555"}],"wp:featuredmedia":[{"embeddable":true,"href":"https:\/\/www.moskito.cz\/it\/wp-json\/wp\/v2\/media\/249556"}],"wp:attachment":[{"href":"https:\/\/www.moskito.cz\/it\/wp-json\/wp\/v2\/media?parent=249555"}],"wp:term":[{"taxonomy":"pwb-brand","embeddable":true,"href":"https:\/\/www.moskito.cz\/it\/wp-json\/wp\/v2\/pwb-brand?post=249555"},{"taxonomy":"product_brand","embeddable":true,"href":"https:\/\/www.moskito.cz\/it\/wp-json\/wp\/v2\/product_brand?post=249555"},{"taxonomy":"product_cat","embeddable":true,"href":"https:\/\/www.moskito.cz\/it\/wp-json\/wp\/v2\/product_cat?post=249555"},{"taxonomy":"product_tag","embeddable":true,"href":"https:\/\/www.moskito.cz\/it\/wp-json\/wp\/v2\/product_tag?post=249555"}],"curies":[{"name":"wp","href":"https:\/\/api.w.org\/{rel}","templated":true}]}}