{"id":249800,"date":"2023-05-30T20:33:18","date_gmt":"2023-05-30T19:33:18","guid":{"rendered":"https:\/\/www.moskito.cz\/?post_type=product&#038;p=249800"},"modified":"2026-01-01T09:43:23","modified_gmt":"2026-01-01T08:43:23","slug":"zaviraci-nuz-spyderco-endura-flat-ground-c10fppr","status":"publish","type":"product","link":"https:\/\/www.moskito.cz\/it\/produkt\/zaviraci-nuz-spyderco-endura-flat-ground-c10fppr\/","title":{"rendered":"Zav\u00edrac\u00ed N\u016f\u017e Spyderco Endura 4 Flat Ground C10FPPR"},"content":{"rendered":"<h2 data-start=\"196\" data-end=\"257\">\ud83d\udde1\ufe0f Zav\u00edrac\u00ed n\u016f\u017e <strong data-start=\"216\" data-end=\"257\">Spyderco Endura 4 Flat Ground C10FPPR<\/strong><\/h2>\n<h3 data-start=\"259\" data-end=\"316\">Precizn\u00ed v\u00fdkon s jasnou viz\u00ed \u2013 kdy\u017e ka\u017ed\u00fd tah po\u010d\u00edt\u00e1.<\/h3>\n<p data-start=\"318\" data-end=\"716\">Spyderco Endura 4 Flat Ground v \u010derven\u00e9m proveden\u00ed je ide\u00e1ln\u00ed volbou pro ty, kte\u0159\u00ed hledaj\u00ed <strong data-start=\"409\" data-end=\"442\">spolehliv\u00fd a precizn\u00ed EDC n\u016f\u017e<\/strong> s v\u00fdrazn\u00fdm designem a vynikaj\u00edc\u00ed funk\u010dnost\u00ed.<br data-start=\"487\" data-end=\"490\" \/>D\u00edky ploch\u00e9mu v\u00fdbrusu \u010depele, pr\u00e9miov\u00e9 oceli a ergonomick\u00e9 rukojeti z texturovan\u00e9ho FRN se tento n\u016f\u017e st\u00e1v\u00e1 <strong data-start=\"597\" data-end=\"634\">komfortn\u00edm a efektivn\u00edm n\u00e1strojem<\/strong> pro ka\u017edodenn\u00ed \u00fakoly i n\u00e1ro\u010dn\u011bj\u0161\u00ed \u010dinnosti, kdy\u017e je pot\u0159eba preciznost a komfort.<\/p>\n<p data-start=\"718\" data-end=\"869\">Kdy\u017e otev\u0159e\u0161 \u010depel charakteristick\u00fdm kruhov\u00fdm otvorem Spyderco a zajist\u00ed\u0161 ji spolehliv\u00fdm <strong data-start=\"807\" data-end=\"822\">Back Lockem<\/strong>, z\u00edsk\u00e1\u0161 jistotu a hladk\u00fd chod p\u0159i ka\u017ed\u00e9m \u0159ezu.<\/p>\n<hr data-start=\"871\" data-end=\"874\" \/>\n<h3 data-start=\"876\" data-end=\"901\">Charakter a filozofie<\/h3>\n<p data-start=\"903\" data-end=\"1267\">Endura 4 Flat Ground je navr\u017eena tak, aby poskytovala <strong data-start=\"957\" data-end=\"994\">rovnov\u00e1hu mezi v\u00fdkonem a pohodl\u00edm<\/strong>.<br data-start=\"995\" data-end=\"998\" \/>Ploch\u00fd v\u00fdbrus \u010depele zaji\u0161\u0165uje hladk\u00fd a p\u0159esn\u00fd \u0159ez s minim\u00e1ln\u00edm odporem materi\u00e1lu, zat\u00edmco v\u00fdrazn\u00e1 \u010derven\u00e1 rukoje\u0165 FRN p\u0159id\u00e1v\u00e1 <strong data-start=\"1125\" data-end=\"1151\">v\u00fdrazn\u00fd vizu\u00e1ln\u00ed prvek<\/strong> a lep\u0161\u00ed viditelnost v ter\u00e9nu. Tento model je ur\u010den t\u011bm, kte\u0159\u00ed cht\u011bj\u00ed <strong data-start=\"1221\" data-end=\"1266\">spolehliv\u00fd n\u00e1stroj s osobit\u00fdm charakterem<\/strong>.<\/p>\n<p data-start=\"1269\" data-end=\"1387\">Endura je n\u016f\u017e, kter\u00fd <strong data-start=\"1290\" data-end=\"1316\">funguje bez kompromis\u016f<\/strong> \u2013 a\u0165 u\u017e jej pou\u017e\u00edv\u00e1\u0161 ka\u017ed\u00fd den, nebo p\u0159i outdoorov\u00fdch dobrodru\u017estv\u00edch.<\/p>\n<hr data-start=\"1389\" data-end=\"1392\" \/>\n<h2 data-start=\"1394\" data-end=\"1409\">\ud83c\udfed O v\u00fdrobci<\/h2>\n<p data-start=\"1411\" data-end=\"1657\">Spyderco je zna\u010dka, kter\u00e1 definuje modern\u00ed no\u017e\u00ed\u0159stv\u00ed kombinac\u00ed <strong data-start=\"1474\" data-end=\"1516\">ergonomie, inovac\u00ed a funk\u010dn\u00edho designu<\/strong>.<br data-start=\"1517\" data-end=\"1520\" \/>Endura je jedn\u00edm z nejuzn\u00e1van\u011bj\u0161\u00edch model\u016f t\u00e9to zna\u010dky \u2013 jeho \u010dtvrt\u00e1 generace s <strong data-start=\"1600\" data-end=\"1620\">plo\u0161n\u00fdm v\u00fdbrusem<\/strong> p\u0159in\u00e1\u0161\u00ed je\u0161t\u011b lep\u0161\u00ed v\u00fdkon a komfort.<\/p>\n<hr data-start=\"1659\" data-end=\"1662\" \/>\n<h2 data-start=\"1664\" data-end=\"1691\">\u2699\ufe0f Technick\u00e9 specifikace<\/h2>\n<div class=\"TyagGW_tableContainer\">\n<div class=\"group TyagGW_tableWrapper flex w-fit flex-col-reverse\" tabindex=\"-1\">\n<table class=\"w-fit min-w-(--thread-content-width)\" data-start=\"1693\" data-end=\"2264\">\n<thead data-start=\"1693\" data-end=\"1715\">\n<tr data-start=\"1693\" data-end=\"1715\">\n<th data-start=\"1693\" data-end=\"1704\" data-col-size=\"sm\">Parametr<\/th>\n<th data-start=\"1704\" data-end=\"1715\" data-col-size=\"md\">Hodnota<\/th>\n<\/tr>\n<\/thead>\n<tbody data-start=\"1739\" data-end=\"2264\">\n<tr data-start=\"1739\" data-end=\"1774\">\n<td data-start=\"1739\" data-end=\"1755\" data-col-size=\"sm\">Celkov\u00e1 d\u00e9lka<\/td>\n<td data-start=\"1755\" data-end=\"1774\" data-col-size=\"md\">cca <strong data-start=\"1761\" data-end=\"1772\">22,9 cm<\/strong><\/td>\n<\/tr>\n<tr data-start=\"1775\" data-end=\"1808\">\n<td data-start=\"1775\" data-end=\"1790\" data-col-size=\"sm\">D\u00e9lka \u010depele<\/td>\n<td data-col-size=\"md\" data-start=\"1790\" data-end=\"1808\">cca <strong data-start=\"1796\" data-end=\"1806\">9,2 cm<\/strong><\/td>\n<\/tr>\n<tr data-start=\"1809\" data-end=\"1845\">\n<td data-start=\"1809\" data-end=\"1827\" data-col-size=\"sm\">Tlou\u0161\u0165ka \u010depele<\/td>\n<td data-col-size=\"md\" data-start=\"1827\" data-end=\"1845\">cca <strong data-start=\"1833\" data-end=\"1843\">3,0 mm<\/strong><\/td>\n<\/tr>\n<tr data-start=\"1846\" data-end=\"1902\">\n<td data-start=\"1846\" data-end=\"1864\" data-col-size=\"sm\">Materi\u00e1l \u010depele<\/td>\n<td data-start=\"1864\" data-end=\"1902\" data-col-size=\"md\"><strong data-start=\"1866\" data-end=\"1875\">VG-10<\/strong> \u2013 pr\u00e9miov\u00e1 nerezov\u00e1 ocel<\/td>\n<\/tr>\n<tr data-start=\"1903\" data-end=\"1940\">\n<td data-start=\"1903\" data-end=\"1919\" data-col-size=\"sm\">Tvrdost oceli<\/td>\n<td data-col-size=\"md\" data-start=\"1919\" data-end=\"1940\">cca <strong data-start=\"1925\" data-end=\"1938\">59\u201361 HRC<\/strong><\/td>\n<\/tr>\n<tr data-start=\"1941\" data-end=\"1969\">\n<td data-start=\"1941\" data-end=\"1955\" data-col-size=\"sm\">Tvar \u010depele<\/td>\n<td data-start=\"1955\" data-end=\"1969\" data-col-size=\"md\">Drop-point<\/td>\n<\/tr>\n<tr data-start=\"1970\" data-end=\"2007\">\n<td data-start=\"1970\" data-end=\"1979\" data-col-size=\"sm\">V\u00fdbrus<\/td>\n<td data-start=\"1979\" data-end=\"2007\" data-col-size=\"md\"><strong data-start=\"1981\" data-end=\"2005\">Flat Ground (ploch\u00fd)<\/strong><\/td>\n<\/tr>\n<tr data-start=\"2008\" data-end=\"2033\">\n<td data-start=\"2008\" data-end=\"2024\" data-col-size=\"sm\">Povrch \u010depele<\/td>\n<td data-col-size=\"md\" data-start=\"2024\" data-end=\"2033\">Satin<\/td>\n<\/tr>\n<tr data-start=\"2034\" data-end=\"2078\">\n<td data-start=\"2034\" data-end=\"2044\" data-col-size=\"sm\">Rukoje\u0165<\/td>\n<td data-start=\"2044\" data-end=\"2078\" data-col-size=\"md\"><strong data-start=\"2046\" data-end=\"2076\">FRN (\u010derven\u00e1, texturovan\u00e1)<\/strong><\/td>\n<\/tr>\n<tr data-start=\"2079\" data-end=\"2104\">\n<td data-start=\"2079\" data-end=\"2087\" data-col-size=\"sm\">Z\u00e1mek<\/td>\n<td data-start=\"2087\" data-end=\"2104\" data-col-size=\"md\"><strong data-start=\"2089\" data-end=\"2102\">Back Lock<\/strong><\/td>\n<\/tr>\n<tr data-start=\"2105\" data-end=\"2143\">\n<td data-start=\"2105\" data-end=\"2117\" data-col-size=\"sm\">Otev\u00edr\u00e1n\u00ed<\/td>\n<td data-start=\"2117\" data-end=\"2143\" data-col-size=\"md\">Kruhov\u00fd otvor Spyderco<\/td>\n<\/tr>\n<tr data-start=\"2144\" data-end=\"2208\">\n<td data-start=\"2144\" data-end=\"2151\" data-col-size=\"sm\">Klip<\/td>\n<td data-start=\"2151\" data-end=\"2208\" data-col-size=\"md\">\u010cty\u0159polohov\u00fd \u2013 tip-up\/tip-down, prav\u00e1 i lev\u00e1 varianta<\/td>\n<\/tr>\n<tr data-start=\"2209\" data-end=\"2236\">\n<td data-start=\"2209\" data-end=\"2220\" data-col-size=\"sm\">Hmotnost<\/td>\n<td data-start=\"2220\" data-end=\"2236\" data-col-size=\"md\">cca <strong data-start=\"2226\" data-end=\"2234\">79 g<\/strong><\/td>\n<\/tr>\n<tr data-start=\"2237\" data-end=\"2264\">\n<td data-start=\"2237\" data-end=\"2246\" data-col-size=\"sm\">V\u00fdroba<\/td>\n<td data-start=\"2246\" data-end=\"2264\" data-col-size=\"md\">Japonsko \uff0f USA<\/td>\n<\/tr>\n<\/tbody>\n<\/table>\n<\/div>\n<\/div>\n<hr data-start=\"2266\" data-end=\"2269\" \/>\n<h2 data-start=\"2271\" data-end=\"2289\">\u2705 Hlavn\u00ed v\u00fdhody<\/h2>\n<ul data-start=\"2291\" data-end=\"2684\">\n<li data-start=\"2291\" data-end=\"2362\">\n<p data-start=\"2293\" data-end=\"2362\"><strong data-start=\"2293\" data-end=\"2317\">Ploch\u00fd v\u00fdbrus \u010depele<\/strong> \u2013 hladk\u00e9, p\u0159esn\u00e9 \u0159ezy s minim\u00e1ln\u00edm odporem<\/p>\n<\/li>\n<li data-start=\"2363\" data-end=\"2439\">\n<p data-start=\"2365\" data-end=\"2439\"><strong data-start=\"2365\" data-end=\"2388\">Pr\u00e9miov\u00e1 ocel VG-10<\/strong> \u2013 v\u00fdborn\u00e1 kombinace ostrosti, odolnosti a \u00fadr\u017eby<\/p>\n<\/li>\n<li data-start=\"2440\" data-end=\"2508\">\n<p data-start=\"2442\" data-end=\"2508\"><strong data-start=\"2442\" data-end=\"2469\">Ergonomick\u00e1 rukoje\u0165 FRN<\/strong> \u2013 jist\u00fd \u00fachop i p\u0159i del\u0161\u00edm pou\u017e\u00edv\u00e1n\u00ed<\/p>\n<\/li>\n<li data-start=\"2509\" data-end=\"2564\">\n<p data-start=\"2511\" data-end=\"2564\"><strong data-start=\"2511\" data-end=\"2524\">Back Lock<\/strong> \u2013 robustn\u00ed a bezpe\u010dn\u00fd syst\u00e9m uzam\u010den\u00ed<\/p>\n<\/li>\n<li data-start=\"2565\" data-end=\"2624\">\n<p data-start=\"2567\" data-end=\"2624\"><strong data-start=\"2567\" data-end=\"2588\">\u010cty\u0159polohov\u00fd klip<\/strong> \u2013 flexibiln\u00ed no\u0161en\u00ed podle pot\u0159eby<\/p>\n<\/li>\n<li data-start=\"2625\" data-end=\"2684\">\n<p data-start=\"2627\" data-end=\"2684\"><strong data-start=\"2627\" data-end=\"2653\">Kruhov\u00fd otvor Spyderco<\/strong> \u2013 rychl\u00e9 a intuitivn\u00ed otev\u0159en\u00ed<\/p>\n<\/li>\n<\/ul>\n<hr data-start=\"2686\" data-end=\"2689\" \/>\n<h2 data-start=\"2691\" data-end=\"2710\">\u26a0\ufe0f Mo\u017en\u00e1 omezen\u00ed<\/h2>\n<ul data-start=\"2712\" data-end=\"2893\">\n<li data-start=\"2712\" data-end=\"2764\">\n<p data-start=\"2714\" data-end=\"2764\">Lehk\u00e1 konstrukce nen\u00ed ur\u010dena pro extr\u00e9mn\u00ed p\u00e1\u010den\u00ed<\/p>\n<\/li>\n<li data-start=\"2765\" data-end=\"2821\">\n<p data-start=\"2767\" data-end=\"2821\">Bude vy\u017eadovat pravidelnou \u00fadr\u017ebu p\u0159i \u010dast\u00e9m pou\u017eit\u00ed<\/p>\n<\/li>\n<li data-start=\"2822\" data-end=\"2893\">\n<p data-start=\"2824\" data-end=\"2893\">\u010cerven\u00e1 rukoje\u0165 nemus\u00ed vyhovovat t\u011bm, kdo preferuj\u00ed nen\u00e1padn\u011bj\u0161\u00ed styl<\/p>\n<\/li>\n<\/ul>\n<hr data-start=\"2895\" data-end=\"2898\" \/>\n<h2 data-start=\"2900\" data-end=\"2920\">\ud83d\udee0\ufe0f \u00dadr\u017eba a p\u00e9\u010de<\/h2>\n<ul data-start=\"2922\" data-end=\"3158\">\n<li data-start=\"2922\" data-end=\"2973\">\n<p data-start=\"2924\" data-end=\"2973\">Po ka\u017ed\u00e9m pou\u017eit\u00ed \u010depel d\u016fkladn\u011b o\u010disti a osu\u0161\u00ed<\/p>\n<\/li>\n<li data-start=\"2974\" data-end=\"3022\">\n<p data-start=\"2976\" data-end=\"3022\">Vyh\u00fdbej se agresivn\u00edm abrazivn\u00edm prost\u0159edk\u016fm<\/p>\n<\/li>\n<li data-start=\"3023\" data-end=\"3060\">\n<p data-start=\"3025\" data-end=\"3060\">Rukoje\u0165 FRN \u010dist\u011b jemn\u00fdm had\u0159\u00edkem<\/p>\n<\/li>\n<li data-start=\"3061\" data-end=\"3116\">\n<p data-start=\"3063\" data-end=\"3116\">Pivot a Back Lock pravideln\u011b proma\u017e vhodn\u00fdm mazivem<\/p>\n<\/li>\n<li data-start=\"3117\" data-end=\"3158\">\n<p data-start=\"3119\" data-end=\"3158\">Skladuj v such\u00e9m prost\u0159ed\u00ed mimo vlhkost<\/p>\n<\/li>\n<\/ul>\n<hr data-start=\"3160\" data-end=\"3163\" \/>\n<h2 data-start=\"3165\" data-end=\"3201\">\ud83d\udd2a Pro udr\u017een\u00ed ost\u0159\u00ed doporu\u010dujeme<\/h2>\n<p data-start=\"3203\" data-end=\"3315\">Pro zachov\u00e1n\u00ed maxim\u00e1ln\u00ed ostrosti \u010depele <strong data-start=\"3243\" data-end=\"3252\">VG-10<\/strong> doporu\u010dujeme kvalitn\u00ed syst\u00e9m brou\u0161en\u00ed ur\u010den\u00fd pro hladk\u00e1 ost\u0159\u00ed.<\/p>\n<p data-start=\"3317\" data-end=\"3420\">Ide\u00e1ln\u00ed volbou je <strong data-start=\"3335\" data-end=\"3401\">Spyderco Tri-Angle Sharpmaker Complete Sharpening System 204MF<\/strong>, kter\u00fd umo\u017e\u0148uje:<\/p>\n<ul data-start=\"3421\" data-end=\"3558\">\n<li data-start=\"3421\" data-end=\"3460\">\n<p data-start=\"3423\" data-end=\"3460\">p\u0159esn\u00e9 a konzistentn\u00ed \u00fahly brou\u0161en\u00ed<\/p>\n<\/li>\n<li data-start=\"3461\" data-end=\"3510\">\n<p data-start=\"3463\" data-end=\"3510\">\u0161etrnou \u00fadr\u017ebu bez nadm\u011brn\u00e9ho \u00fab\u011bru materi\u00e1lu<\/p>\n<\/li>\n<li data-start=\"3511\" data-end=\"3558\">\n<p data-start=\"3513\" data-end=\"3558\">bezpe\u010dn\u00e9 pou\u017eit\u00ed i bez p\u0159edchoz\u00edch zku\u0161enost\u00ed<\/p>\n<\/li>\n<\/ul>\n<p data-start=\"3560\" data-end=\"3605\">\ud83d\uded2 <strong data-start=\"3563\" data-end=\"3605\">Zakoup\u00edte na na\u0161ich str\u00e1nk\u00e1ch Moskito.<\/strong><\/p>\n<hr data-start=\"3607\" data-end=\"3610\" \/>\n<h2 data-start=\"3612\" data-end=\"3632\">\ud83c\udfaf Doporu\u010deno pro<\/h2>\n<ul data-start=\"3634\" data-end=\"3805\">\n<li data-start=\"3634\" data-end=\"3657\">\n<p data-start=\"3636\" data-end=\"3657\">Outdoorov\u00e9 nad\u0161ence<\/p>\n<\/li>\n<li data-start=\"3658\" data-end=\"3685\">\n<p data-start=\"3660\" data-end=\"3685\">Ka\u017edodenn\u00ed no\u0161en\u00ed (EDC)<\/p>\n<\/li>\n<li data-start=\"3686\" data-end=\"3734\">\n<p data-start=\"3688\" data-end=\"3734\">U\u017eivatel\u00e9 preferuj\u00edc\u00ed p\u0159esnost a hladk\u00e9 \u0159ezy<\/p>\n<\/li>\n<li data-start=\"3735\" data-end=\"3805\">\n<p data-start=\"3737\" data-end=\"3805\">Ty, kte\u0159\u00ed cht\u011bj\u00ed <strong data-start=\"3754\" data-end=\"3805\">v\u00fdrazn\u00fd design kombinovan\u00fd s vysokou funk\u010dnost\u00ed<\/strong><\/p>\n<\/li>\n<\/ul>\n<hr data-start=\"3807\" data-end=\"3810\" \/>\n<h2 data-start=\"3812\" data-end=\"3836\">\u2b50 Z\u00e1v\u011bre\u010dn\u00e9 hodnocen\u00ed<\/h2>\n<p data-start=\"3838\" data-end=\"4050\">Spyderco Endura 4 Flat Ground C10FPPR je <strong data-start=\"3879\" data-end=\"3909\">d\u016fv\u011bryhodn\u00fd a precizn\u00ed n\u016f\u017e<\/strong>, kter\u00fd spojuje v\u00fdkon, styl a komfort.<br data-start=\"3947\" data-end=\"3950\" \/>Lehk\u00fd, snadno ovladateln\u00fd a p\u0159ipraven\u00fd na \u00fakoly v\u0161ech typ\u016f \u2013 od b\u011b\u017en\u00fdch \u00fakon\u016f a\u017e po n\u00e1ro\u010dn\u011bj\u0161\u00ed \u0159ezy.<\/p>\n<p data-start=\"4052\" data-end=\"4119\"><strong data-start=\"4052\" data-end=\"4119\">Endura 4 Flat Ground \u2013 v\u00fdkon, kter\u00fd si v\u0161imne\u0161 p\u0159i ka\u017ed\u00e9m tahu.<\/strong><\/p>\n","protected":false},"excerpt":{"rendered":"<p data-start=\"3838\" data-end=\"4050\">Spyderco Endura 4 Flat Ground C10FPPR je <strong data-start=\"3879\" data-end=\"3909\">d\u016fv\u011bryhodn\u00fd a precizn\u00ed n\u016f\u017e<\/strong>, kter\u00fd spojuje v\u00fdkon, styl a komfort.<br data-start=\"3947\" data-end=\"3950\" \/>Lehk\u00fd, snadno ovladateln\u00fd a p\u0159ipraven\u00fd na \u00fakoly v\u0161ech typ\u016f \u2013 od b\u011b\u017en\u00fdch \u00fakon\u016f a\u017e po n\u00e1ro\u010dn\u011bj\u0161\u00ed \u0159ezy.<\/p>\n<p data-start=\"4052\" data-end=\"4119\"><strong data-start=\"4052\" data-end=\"4119\">Endura 4 Flat Ground \u2013 v\u00fdkon, kter\u00fd si v\u0161imne\u0161 p\u0159i ka\u017ed\u00e9m tahu.<\/strong><\/p>\n<p>&nbsp;<\/p>\n","protected":false},"featured_media":249801,"comment_status":"open","ping_status":"closed","template":"","meta":[],"pwb-brand":[567],"product_brand":[],"product_cat":[22,17],"product_tag":[3667],"class_list":{"0":"post-249800","1":"product","2":"type-product","3":"status-publish","4":"has-post-thumbnail","6":"pwb-brand-spyderco","7":"product_cat-zaviraci-noze","8":"product_cat-noze","9":"product_tag-b2b","11":"first","12":"instock","13":"taxable","14":"shipping-taxable","15":"purchasable","16":"product-type-simple"},"brands":[{"id":567,"name":"Spyderco","slug":"spyderco"}],"_links":{"self":[{"href":"https:\/\/www.moskito.cz\/it\/wp-json\/wp\/v2\/product\/249800","targetHints":{"allow":["GET"]}}],"collection":[{"href":"https:\/\/www.moskito.cz\/it\/wp-json\/wp\/v2\/product"}],"about":[{"href":"https:\/\/www.moskito.cz\/it\/wp-json\/wp\/v2\/types\/product"}],"replies":[{"embeddable":true,"href":"https:\/\/www.moskito.cz\/it\/wp-json\/wp\/v2\/comments?post=249800"}],"wp:featuredmedia":[{"embeddable":true,"href":"https:\/\/www.moskito.cz\/it\/wp-json\/wp\/v2\/media\/249801"}],"wp:attachment":[{"href":"https:\/\/www.moskito.cz\/it\/wp-json\/wp\/v2\/media?parent=249800"}],"wp:term":[{"taxonomy":"pwb-brand","embeddable":true,"href":"https:\/\/www.moskito.cz\/it\/wp-json\/wp\/v2\/pwb-brand?post=249800"},{"taxonomy":"product_brand","embeddable":true,"href":"https:\/\/www.moskito.cz\/it\/wp-json\/wp\/v2\/product_brand?post=249800"},{"taxonomy":"product_cat","embeddable":true,"href":"https:\/\/www.moskito.cz\/it\/wp-json\/wp\/v2\/product_cat?post=249800"},{"taxonomy":"product_tag","embeddable":true,"href":"https:\/\/www.moskito.cz\/it\/wp-json\/wp\/v2\/product_tag?post=249800"}],"curies":[{"name":"wp","href":"https:\/\/api.w.org\/{rel}","templated":true}]}}