{"id":249949,"date":"2023-06-04T18:56:34","date_gmt":"2023-06-04T17:56:34","guid":{"rendered":"https:\/\/www.moskito.cz\/?post_type=product&#038;p=249949"},"modified":"2025-05-07T10:51:10","modified_gmt":"2025-05-07T09:51:10","slug":"brousek-spyderco-double-stuff-sharpening-pocket-stone-fine-and-medium-grits-303mf","status":"publish","type":"product","link":"https:\/\/www.moskito.cz\/it\/produkt\/brousek-spyderco-double-stuff-sharpening-pocket-stone-fine-and-medium-grits-303mf\/","title":{"rendered":"Brousek Spyderco Double Stuff Sharpening Pocket Stone Fine and Medium Grits 303MF"},"content":{"rendered":"<p>Brousek <strong>Spyderco<\/strong> Double Stuff Sharpening Pocket Stone Fine and Medium Grits 303MF<\/p>\n<p>Double Stuff je 303F a 303M spojen\u00fd dohromady v ko\u017een\u00e9m pouzd\u0159e, kter\u00fd nab\u00edz\u00ed r\u016fzn\u00e9 mo\u017enosti ost\u0159en\u00ed.<\/p>\n<p>Tento kapesn\u00ed k\u00e1men se vejde do dlan\u011b a m\u00e1 st\u0159edn\u00ed i jemnou zrnitost. Je bezpe\u010dn\u00fd v autokl\u00e1vu (ide\u00e1ln\u00ed pro ost\u0159en\u00ed zubn\u00edch n\u00e1stroj\u016f) nebo jej lze \u010distit plastovou dr\u00e1t\u011bnkou a pr\u00e1\u0161kov\u00fdm abrazivn\u00edm \u010distic\u00edm prost\u0159edkem.<\/p>\n","protected":false},"excerpt":{"rendered":"<p><strong>Double Stuff je 303F a 303M spojen\u00fd dohromady v ko\u017een\u00e9m pouzd\u0159e, kter\u00fd nab\u00edz\u00ed r\u016fzn\u00e9 mo\u017enosti ost\u0159en\u00ed.<\/strong><\/p>\n","protected":false},"featured_media":249950,"comment_status":"open","ping_status":"closed","template":"","meta":[],"pwb-brand":[567],"product_brand":[],"product_cat":[26],"product_tag":[3667],"class_list":{"0":"post-249949","1":"product","2":"type-product","3":"status-publish","4":"has-post-thumbnail","6":"pwb-brand-spyderco","7":"product_cat-brousky-a-ocilky","8":"product_tag-b2b","10":"first","11":"instock","12":"taxable","13":"shipping-taxable","14":"purchasable","15":"product-type-simple"},"brands":[{"id":567,"name":"Spyderco","slug":"spyderco"}],"_links":{"self":[{"href":"https:\/\/www.moskito.cz\/it\/wp-json\/wp\/v2\/product\/249949","targetHints":{"allow":["GET"]}}],"collection":[{"href":"https:\/\/www.moskito.cz\/it\/wp-json\/wp\/v2\/product"}],"about":[{"href":"https:\/\/www.moskito.cz\/it\/wp-json\/wp\/v2\/types\/product"}],"replies":[{"embeddable":true,"href":"https:\/\/www.moskito.cz\/it\/wp-json\/wp\/v2\/comments?post=249949"}],"wp:featuredmedia":[{"embeddable":true,"href":"https:\/\/www.moskito.cz\/it\/wp-json\/wp\/v2\/media\/249950"}],"wp:attachment":[{"href":"https:\/\/www.moskito.cz\/it\/wp-json\/wp\/v2\/media?parent=249949"}],"wp:term":[{"taxonomy":"pwb-brand","embeddable":true,"href":"https:\/\/www.moskito.cz\/it\/wp-json\/wp\/v2\/pwb-brand?post=249949"},{"taxonomy":"product_brand","embeddable":true,"href":"https:\/\/www.moskito.cz\/it\/wp-json\/wp\/v2\/product_brand?post=249949"},{"taxonomy":"product_cat","embeddable":true,"href":"https:\/\/www.moskito.cz\/it\/wp-json\/wp\/v2\/product_cat?post=249949"},{"taxonomy":"product_tag","embeddable":true,"href":"https:\/\/www.moskito.cz\/it\/wp-json\/wp\/v2\/product_tag?post=249949"}],"curies":[{"name":"wp","href":"https:\/\/api.w.org\/{rel}","templated":true}]}}