{"id":250363,"date":"2023-06-08T20:04:45","date_gmt":"2023-06-08T19:04:45","guid":{"rendered":"https:\/\/www.moskito.cz\/?post_type=product&#038;p=250363"},"modified":"2025-12-31T19:58:06","modified_gmt":"2025-12-31T18:58:06","slug":"zaviraci-nuz-spyderco-paramilitary-2-left-handed-c81gple2","status":"publish","type":"product","link":"https:\/\/www.moskito.cz\/it\/produkt\/zaviraci-nuz-spyderco-paramilitary-2-left-handed-c81gple2\/","title":{"rendered":"Zav\u00edrac\u00ed N\u016f\u017e Spyderco Paramilitary 2 Left Handed C81GPLE2"},"content":{"rendered":"<h2 data-start=\"198\" data-end=\"266\">Zav\u00edrac\u00ed n\u016f\u017e <strong data-start=\"218\" data-end=\"266\">Spyderco Paramilitary 2 Left Handed C81GPLE2<\/strong><\/h2>\n<h3 data-start=\"268\" data-end=\"317\">S\u00edla, preciznost a jistota \u2013 nyn\u00ed pro lev\u00e1ky.<\/h3>\n<p data-start=\"319\" data-end=\"692\">Spyderco Paramilitary 2 Left Handed je varianta legend\u00e1rn\u00edho modelu navr\u017een\u00e1 speci\u00e1ln\u011b pro <strong data-start=\"410\" data-end=\"420\">lev\u00e1ky<\/strong> a v\u0161echny, kdo cht\u011bj\u00ed <strong data-start=\"443\" data-end=\"477\">optim\u00e1ln\u00ed ovl\u00e1d\u00e1n\u00ed levou rukou<\/strong>.<br data-start=\"478\" data-end=\"481\" \/>Stejn\u011b jako origin\u00e1l kombinuje tento model <strong data-start=\"524\" data-end=\"551\">pr\u00e9miovou ocel CPM S30V<\/strong>, ergonomickou rukoje\u0165 a spolehliv\u00fd <strong data-start=\"587\" data-end=\"608\">Compression Lock\u00ae<\/strong> \u2013 jen ve verzi s p\u0159izp\u016fsobenou konfigurac\u00ed klipu a ovl\u00e1dac\u00edch prvk\u016f pro levou ruku.<\/p>\n<p data-start=\"694\" data-end=\"877\">Otev\u0159i \u010depel charakteristick\u00fdm kruhov\u00fdm otvorem Spyderco a poc\u00edt\u00ed\u0161 kontrolu, jistotu a v\u00fdkon, kter\u00e9 od Paramilitary 2 o\u010dek\u00e1v\u00e1\u0161 \u2013 nyn\u00ed p\u0159izp\u016fsoben\u00e9 pro maxim\u00e1ln\u00ed komfort lev\u00e9ho \u00fachopu.<\/p>\n<hr data-start=\"879\" data-end=\"882\" \/>\n<h3 data-start=\"884\" data-end=\"909\">Charakter a filozofie<\/h3>\n<p data-start=\"911\" data-end=\"1136\">Paramilitary 2 Left Handed je navr\u017een pro ty, kte\u0159\u00ed <strong data-start=\"963\" data-end=\"986\">necht\u011bj\u00ed kompromisy<\/strong>.<br data-start=\"987\" data-end=\"990\" \/>V\u00fdkonn\u00e1 \u010depel, dokonale padnouc\u00ed rukoje\u0165 a intuitivn\u00ed ovl\u00e1d\u00e1n\u00ed z n\u011bj d\u011blaj\u00ed n\u00e1stroj, kter\u00fd zvl\u00e1dne ka\u017edodenn\u00ed \u00fakoly i n\u00e1ro\u010dn\u00e9 situace s p\u0159ehledem.<\/p>\n<p data-start=\"1138\" data-end=\"1294\">Tento model je ide\u00e1ln\u00ed pro lev\u00e1ky, outdoorov\u00e9 nad\u0161ence, profesion\u00e1ly i v\u0161echny, kdo cht\u011bj\u00ed <strong data-start=\"1229\" data-end=\"1293\">spolehliv\u00fd a p\u0159esn\u00fd n\u016f\u017e bez ohledu na ruku, kterou pou\u017e\u00edvaj\u00ed<\/strong>.<\/p>\n<hr data-start=\"1296\" data-end=\"1299\" \/>\n<h2 data-start=\"1301\" data-end=\"1316\">\ud83c\udfed O v\u00fdrobci<\/h2>\n<p data-start=\"1318\" data-end=\"1607\">Spyderco pat\u0159\u00ed mezi nejrespektovan\u011bj\u0161\u00ed v\u00fdrobce no\u017e\u016f na sv\u011bt\u011b.<br data-start=\"1379\" data-end=\"1382\" \/>Zna\u010dka stav\u00ed na <strong data-start=\"1398\" data-end=\"1439\">ergonomii, inovac\u00edch a vysok\u00e9 kvalit\u011b<\/strong>, kter\u00e9 se odr\u00e1\u017eej\u00ed v ka\u017ed\u00e9m modelu.<br data-start=\"1475\" data-end=\"1478\" \/>Paramilitary 2 Left Handed je toho jasn\u00fdm d\u016fkazem \u2013 precizn\u00ed n\u00e1stroj, kter\u00fd nez\u016fst\u00e1v\u00e1 pozadu ani v detailech ur\u010den\u00fdch pro lev\u00e1ky.<\/p>\n<hr data-start=\"1609\" data-end=\"1612\" \/>\n<h2 data-start=\"1614\" data-end=\"1641\">\u2699\ufe0f Technick\u00e9 specifikace<\/h2>\n<div class=\"TyagGW_tableContainer\">\n<div class=\"group TyagGW_tableWrapper flex w-fit flex-col-reverse\" tabindex=\"-1\">\n<table class=\"w-fit min-w-(--thread-content-width)\" data-start=\"1643\" data-end=\"2112\">\n<thead data-start=\"1643\" data-end=\"1665\">\n<tr data-start=\"1643\" data-end=\"1665\">\n<th data-start=\"1643\" data-end=\"1654\" data-col-size=\"sm\">Parametr<\/th>\n<th data-start=\"1654\" data-end=\"1665\" data-col-size=\"sm\">Hodnota<\/th>\n<\/tr>\n<\/thead>\n<tbody data-start=\"1686\" data-end=\"2112\">\n<tr data-start=\"1686\" data-end=\"1717\">\n<td data-start=\"1686\" data-end=\"1702\" data-col-size=\"sm\">Celkov\u00e1 d\u00e9lka<\/td>\n<td data-start=\"1702\" data-end=\"1717\" data-col-size=\"sm\">cca 21,2 cm<\/td>\n<\/tr>\n<tr data-start=\"1718\" data-end=\"1747\">\n<td data-start=\"1718\" data-end=\"1733\" data-col-size=\"sm\">D\u00e9lka \u010depele<\/td>\n<td data-start=\"1733\" data-end=\"1747\" data-col-size=\"sm\">cca 8,9 cm<\/td>\n<\/tr>\n<tr data-start=\"1748\" data-end=\"1780\">\n<td data-start=\"1748\" data-end=\"1766\" data-col-size=\"sm\">Tlou\u0161\u0165ka \u010depele<\/td>\n<td data-start=\"1766\" data-end=\"1780\" data-col-size=\"sm\">cca 3,8 mm<\/td>\n<\/tr>\n<tr data-start=\"1781\" data-end=\"1836\">\n<td data-start=\"1781\" data-end=\"1799\" data-col-size=\"sm\">Materi\u00e1l \u010depele<\/td>\n<td data-start=\"1799\" data-end=\"1836\" data-col-size=\"sm\">CPM S30V \u2013 pr\u00e9miov\u00e1 nerezov\u00e1 ocel<\/td>\n<\/tr>\n<tr data-start=\"1837\" data-end=\"1870\">\n<td data-start=\"1837\" data-end=\"1853\" data-col-size=\"sm\">Tvrdost oceli<\/td>\n<td data-start=\"1853\" data-end=\"1870\" data-col-size=\"sm\">cca 58\u201360 HRC<\/td>\n<\/tr>\n<tr data-start=\"1871\" data-end=\"1899\">\n<td data-start=\"1871\" data-end=\"1885\" data-col-size=\"sm\">Tvar \u010depele<\/td>\n<td data-start=\"1885\" data-end=\"1899\" data-col-size=\"sm\">Leaf-shape<\/td>\n<\/tr>\n<tr data-start=\"1900\" data-end=\"1925\">\n<td data-start=\"1900\" data-end=\"1916\" data-col-size=\"sm\">Povrch \u010depele<\/td>\n<td data-start=\"1916\" data-end=\"1925\" data-col-size=\"sm\">Satin<\/td>\n<\/tr>\n<tr data-start=\"1926\" data-end=\"1965\">\n<td data-start=\"1926\" data-end=\"1936\" data-col-size=\"sm\">Rukoje\u0165<\/td>\n<td data-start=\"1936\" data-end=\"1965\" data-col-size=\"sm\">G-10 (\u010dern\u00e1, texturovan\u00e1)<\/td>\n<\/tr>\n<tr data-start=\"1966\" data-end=\"1995\">\n<td data-start=\"1966\" data-end=\"1974\" data-col-size=\"sm\">Z\u00e1mek<\/td>\n<td data-start=\"1974\" data-end=\"1995\" data-col-size=\"sm\">Compression Lock\u00ae<\/td>\n<\/tr>\n<tr data-start=\"1996\" data-end=\"2034\">\n<td data-start=\"1996\" data-end=\"2008\" data-col-size=\"sm\">Otev\u00edr\u00e1n\u00ed<\/td>\n<td data-start=\"2008\" data-end=\"2034\" data-col-size=\"sm\">Kruhov\u00fd otvor Spyderco<\/td>\n<\/tr>\n<tr data-start=\"2035\" data-end=\"2071\">\n<td data-start=\"2035\" data-end=\"2042\" data-col-size=\"sm\">Klip<\/td>\n<td data-start=\"2042\" data-end=\"2071\" data-col-size=\"sm\">Levostrann\u00fd, \u010dty\u0159polohov\u00fd<\/td>\n<\/tr>\n<tr data-start=\"2072\" data-end=\"2095\">\n<td data-start=\"2072\" data-end=\"2083\" data-col-size=\"sm\">Hmotnost<\/td>\n<td data-start=\"2083\" data-end=\"2095\" data-col-size=\"sm\">cca 99 g<\/td>\n<\/tr>\n<tr data-start=\"2096\" data-end=\"2112\">\n<td data-start=\"2096\" data-end=\"2105\" data-col-size=\"sm\">V\u00fdroba<\/td>\n<td data-start=\"2105\" data-end=\"2112\" data-col-size=\"sm\">USA<\/td>\n<\/tr>\n<\/tbody>\n<\/table>\n<\/div>\n<\/div>\n<hr data-start=\"2114\" data-end=\"2117\" \/>\n<h2 data-start=\"2119\" data-end=\"2137\">\u2705 Hlavn\u00ed v\u00fdhody<\/h2>\n<ul data-start=\"2139\" data-end=\"2508\">\n<li data-start=\"2139\" data-end=\"2212\">\n<p data-start=\"2141\" data-end=\"2212\"><strong data-start=\"2141\" data-end=\"2167\">Pr\u00e9miov\u00e1 ocel CPM S30V<\/strong> \u2013 vynikaj\u00edc\u00ed v\u00fddr\u017e ost\u0159\u00ed a korozivzdornost<\/p>\n<\/li>\n<li data-start=\"2213\" data-end=\"2270\">\n<p data-start=\"2215\" data-end=\"2270\">Ergonomick\u00e1 rukoje\u0165 G-10 \u2013 jist\u00fd \u00fachop bez kompromis\u016f<\/p>\n<\/li>\n<li data-start=\"2271\" data-end=\"2328\">\n<p data-start=\"2273\" data-end=\"2328\"><strong data-start=\"2273\" data-end=\"2294\">Compression Lock\u00ae<\/strong> \u2013 bezpe\u010dn\u00fd a rychl\u00fd mechanismus<\/p>\n<\/li>\n<li data-start=\"2329\" data-end=\"2384\">\n<p data-start=\"2331\" data-end=\"2384\">Levostrann\u00fd klip a konfigurace \u2013 ide\u00e1ln\u00ed pro lev\u00e1ky<\/p>\n<\/li>\n<li data-start=\"2385\" data-end=\"2444\">\n<p data-start=\"2387\" data-end=\"2444\">Kruhov\u00fd otvor Spyderco pro rychl\u00e9 a intuitivn\u00ed otev\u0159en\u00ed<\/p>\n<\/li>\n<li data-start=\"2445\" data-end=\"2508\">\n<p data-start=\"2447\" data-end=\"2508\">Robustn\u00ed a spolehliv\u00fd design pro ka\u017edodenn\u00ed i n\u00e1ro\u010dn\u00e9 pou\u017eit\u00ed<\/p>\n<\/li>\n<\/ul>\n<hr data-start=\"2510\" data-end=\"2513\" \/>\n<h2 data-start=\"2515\" data-end=\"2534\">\u26a0\ufe0f Mo\u017en\u00e1 omezen\u00ed<\/h2>\n<ul data-start=\"2536\" data-end=\"2715\">\n<li data-start=\"2536\" data-end=\"2587\">\n<p data-start=\"2538\" data-end=\"2587\">Vy\u0161\u0161\u00ed hmotnost oproti minimalistick\u00fdm EDC no\u017e\u016fm<\/p>\n<\/li>\n<li data-start=\"2588\" data-end=\"2648\">\n<p data-start=\"2590\" data-end=\"2648\">Cena odpov\u00edd\u00e1 pr\u00e9miov\u00fdm materi\u00e1l\u016fm a robustn\u00ed konstrukci<\/p>\n<\/li>\n<li data-start=\"2649\" data-end=\"2715\">\n<p data-start=\"2651\" data-end=\"2715\">Vy\u0161\u0161\u00ed tvrdost oceli m\u016f\u017ee vy\u017eadovat specifick\u00fd p\u0159\u00edstup k brou\u0161en\u00ed<\/p>\n<\/li>\n<\/ul>\n<hr data-start=\"2717\" data-end=\"2720\" \/>\n<h2 data-start=\"2722\" data-end=\"2742\">\ud83d\udee0\ufe0f \u00dadr\u017eba a p\u00e9\u010de<\/h2>\n<ul data-start=\"2744\" data-end=\"2946\">\n<li data-start=\"2744\" data-end=\"2779\">\n<p data-start=\"2746\" data-end=\"2779\">Po pou\u017eit\u00ed \u010depel o\u010disti a osu\u0161\u00ed<\/p>\n<\/li>\n<li data-start=\"2780\" data-end=\"2826\">\n<p data-start=\"2782\" data-end=\"2826\">Pravideln\u011b kontroluj \u010distotu z\u00e1mku a pivot<\/p>\n<\/li>\n<li data-start=\"2827\" data-end=\"2860\">\n<p data-start=\"2829\" data-end=\"2860\">Rukoje\u0165 \u010dist\u011b jemn\u00fdm had\u0159\u00edkem<\/p>\n<\/li>\n<li data-start=\"2861\" data-end=\"2904\">\n<p data-start=\"2863\" data-end=\"2904\">Pivot pravideln\u011b proma\u017e vhodn\u00fdm mazivem<\/p>\n<\/li>\n<li data-start=\"2905\" data-end=\"2946\">\n<p data-start=\"2907\" data-end=\"2946\">Skladuj v such\u00e9m prost\u0159ed\u00ed mimo vlhkost<\/p>\n<\/li>\n<\/ul>\n<hr data-start=\"2948\" data-end=\"2951\" \/>\n<h2 data-start=\"2953\" data-end=\"2989\">\ud83d\udd2a Pro udr\u017een\u00ed ost\u0159\u00ed doporu\u010dujeme<\/h2>\n<p data-start=\"2991\" data-end=\"3114\">Pro zachov\u00e1n\u00ed maxim\u00e1ln\u00ed ostrosti \u010depele <strong data-start=\"3031\" data-end=\"3043\">CPM S30V<\/strong> doporu\u010dujeme pou\u017e\u00edvat syst\u00e9m brou\u0161en\u00ed ur\u010den\u00fd pro tvrd\u00e1 a odoln\u00e1 ost\u0159\u00ed.<\/p>\n<p data-start=\"3116\" data-end=\"3215\">Ide\u00e1ln\u00ed volbou je <strong data-start=\"3134\" data-end=\"3200\">Spyderco Tri-Angle Sharpmaker Complete Sharpening System 204MF<\/strong>, kter\u00fd nab\u00edz\u00ed:<\/p>\n<ul data-start=\"3216\" data-end=\"3348\">\n<li data-start=\"3216\" data-end=\"3250\">\n<p data-start=\"3218\" data-end=\"3250\">p\u0159esn\u00e9 a konzistentn\u00ed brou\u0161en\u00ed<\/p>\n<\/li>\n<li data-start=\"3251\" data-end=\"3300\">\n<p data-start=\"3253\" data-end=\"3300\">\u0161etrnou \u00fadr\u017ebu bez nadm\u011brn\u00e9ho \u00fab\u011bru materi\u00e1lu<\/p>\n<\/li>\n<li data-start=\"3301\" data-end=\"3348\">\n<p data-start=\"3303\" data-end=\"3348\">bezpe\u010dn\u00e9 pou\u017eit\u00ed i bez p\u0159edchoz\u00edch zku\u0161enost\u00ed<\/p>\n<\/li>\n<\/ul>\n<p data-start=\"3350\" data-end=\"3395\">\ud83d\uded2 <strong data-start=\"3353\" data-end=\"3395\">Zakoup\u00edte na na\u0161ich str\u00e1nk\u00e1ch Moskito.<\/strong><\/p>\n<hr data-start=\"3397\" data-end=\"3400\" \/>\n<h2 data-start=\"3402\" data-end=\"3422\">\ud83c\udfaf Doporu\u010deno pro<\/h2>\n<ul data-start=\"3424\" data-end=\"3616\">\n<li data-start=\"3424\" data-end=\"3464\">\n<p data-start=\"3426\" data-end=\"3464\">Lev\u00e1ky vy\u017eaduj\u00edc\u00ed optim\u00e1ln\u00ed ovl\u00e1d\u00e1n\u00ed<\/p>\n<\/li>\n<li data-start=\"3465\" data-end=\"3514\">\n<p data-start=\"3467\" data-end=\"3514\">Outdoorov\u00e9 nad\u0161ence a profesion\u00e1ln\u00ed u\u017eivatele<\/p>\n<\/li>\n<li data-start=\"3515\" data-end=\"3552\">\n<p data-start=\"3517\" data-end=\"3552\">Ka\u017edodenn\u00ed no\u0161en\u00ed i n\u00e1ro\u010dn\u00e9 \u00fakoly<\/p>\n<\/li>\n<li data-start=\"3553\" data-end=\"3616\">\n<p data-start=\"3555\" data-end=\"3616\">U\u017eivatel\u00e9, kte\u0159\u00ed ocen\u00ed spolehliv\u00fd a p\u0159esn\u00fd n\u016f\u017e bez kompromis\u016f<\/p>\n<\/li>\n<\/ul>\n<hr data-start=\"3618\" data-end=\"3621\" \/>\n<h2 data-start=\"3623\" data-end=\"3647\">\u2b50 Z\u00e1v\u011bre\u010dn\u00e9 hodnocen\u00ed<\/h2>\n<p data-start=\"3649\" data-end=\"3832\">Spyderco Paramilitary 2 Left Handed C81GPLE2 je <strong data-start=\"3697\" data-end=\"3740\">precizn\u00ed, robustn\u00ed a vysoce funk\u010dn\u00ed n\u016f\u017e<\/strong>, kter\u00fd pot\u011b\u0161\u00ed nejen lev\u00e1ky, ale ka\u017ed\u00e9ho, kdo chce spolehliv\u00fd n\u00e1stroj s v\u00fdkonnou konstrukc\u00ed.<\/p>\n<p data-start=\"3834\" data-end=\"3893\"><strong data-start=\"3834\" data-end=\"3893\">Paramilitary 2 Left Handed \u2013 s\u00edla, kter\u00e1 padne do ruky.<\/strong><\/p>\n","protected":false},"excerpt":{"rendered":"<p data-start=\"3649\" data-end=\"3832\"><strong>Spyderco Paramilitary 2 Left Handed C81GPLE2 je precizn\u00ed, robustn\u00ed a vysoce funk\u010dn\u00ed n\u016f\u017e, kter\u00fd pot\u011b\u0161\u00ed nejen lev\u00e1ky, ale ka\u017ed\u00e9ho, kdo chce spolehliv\u00fd n\u00e1stroj s v\u00fdkonnou konstrukc\u00ed.<\/strong><\/p>\n<p data-start=\"3834\" data-end=\"3893\"><strong data-start=\"3834\" data-end=\"3893\">Paramilitary 2 Left Handed \u2013 s\u00edla, kter\u00e1 padne do ruky.<\/strong><\/p>\n<p data-start=\"3834\" data-end=\"3893\"><strong>Doprava zdarma.<\/strong><\/p>\n<p>&nbsp;<\/p>\n","protected":false},"featured_media":250370,"comment_status":"open","ping_status":"closed","template":"","meta":[],"pwb-brand":[567],"product_brand":[],"product_cat":[22,17],"product_tag":[3667],"class_list":{"0":"post-250363","1":"product","2":"type-product","3":"status-publish","4":"has-post-thumbnail","6":"pwb-brand-spyderco","7":"product_cat-zaviraci-noze","8":"product_cat-noze","9":"product_tag-b2b","11":"first","12":"instock","13":"taxable","14":"shipping-taxable","15":"purchasable","16":"product-type-simple"},"brands":[{"id":567,"name":"Spyderco","slug":"spyderco"}],"_links":{"self":[{"href":"https:\/\/www.moskito.cz\/it\/wp-json\/wp\/v2\/product\/250363","targetHints":{"allow":["GET"]}}],"collection":[{"href":"https:\/\/www.moskito.cz\/it\/wp-json\/wp\/v2\/product"}],"about":[{"href":"https:\/\/www.moskito.cz\/it\/wp-json\/wp\/v2\/types\/product"}],"replies":[{"embeddable":true,"href":"https:\/\/www.moskito.cz\/it\/wp-json\/wp\/v2\/comments?post=250363"}],"wp:featuredmedia":[{"embeddable":true,"href":"https:\/\/www.moskito.cz\/it\/wp-json\/wp\/v2\/media\/250370"}],"wp:attachment":[{"href":"https:\/\/www.moskito.cz\/it\/wp-json\/wp\/v2\/media?parent=250363"}],"wp:term":[{"taxonomy":"pwb-brand","embeddable":true,"href":"https:\/\/www.moskito.cz\/it\/wp-json\/wp\/v2\/pwb-brand?post=250363"},{"taxonomy":"product_brand","embeddable":true,"href":"https:\/\/www.moskito.cz\/it\/wp-json\/wp\/v2\/product_brand?post=250363"},{"taxonomy":"product_cat","embeddable":true,"href":"https:\/\/www.moskito.cz\/it\/wp-json\/wp\/v2\/product_cat?post=250363"},{"taxonomy":"product_tag","embeddable":true,"href":"https:\/\/www.moskito.cz\/it\/wp-json\/wp\/v2\/product_tag?post=250363"}],"curies":[{"name":"wp","href":"https:\/\/api.w.org\/{rel}","templated":true}]}}