{"id":250723,"date":"2023-06-11T19:30:08","date_gmt":"2023-06-11T18:30:08","guid":{"rendered":"https:\/\/www.moskito.cz\/?post_type=product&#038;p=250723"},"modified":"2025-06-28T21:09:30","modified_gmt":"2025-06-28T20:09:30","slug":"zaviraci-nuz-spyderco-military-blue-purpl-c36gpdbl","status":"publish","type":"product","link":"https:\/\/www.moskito.cz\/it\/produkt\/zaviraci-nuz-spyderco-military-blue-purpl-c36gpdbl\/","title":{"rendered":"Zav\u00edrac\u00ed N\u016f\u017e Spyderco Military Blue\/Purpl C36GPDBL"},"content":{"rendered":"<p>Zav\u00edrac\u00ed N\u016f\u017e <strong>Spyderco<\/strong> Military Blue\/Purpl C36GPDBL<\/p>\n<p>Tento model Military je v\u00e1\u017een\u00fdm \u010dlenem elitn\u00ed rodiny no\u017e\u016f <strong>Spyderco<\/strong> s pr\u00e9miovou ocel\u00ed \u010depele CPM S110V s texturovanou rukojet\u00ed G10 ve v\u00fdrazn\u00e9m tmav\u011b modr\u00e9m odst\u00ednu.<\/p>\n<p>Vojensk\u00fd model, z\u00e1kladn\u00ed k\u00e1men v \u0159ad\u011b <strong>Spyderco<\/strong> Save and Serve, vznikl pot\u00e9, co se n\u011bkdo zeptal majitele Spyderca Sala Glessera: &#8220;Kdyby v\u00e1\u0161 syn \u0161el do arm\u00e1dy, s jak\u00fdm zav\u00edrac\u00edm no\u017eem byste ho poslali?&#8221; S jistotou musel spl\u0148ovat po\u017eadavky na vysoce v\u00fdkonnou a lehkou skl\u00e1da\u010dku ur\u010denou pro n\u00e1ro\u010dn\u00e9 pou\u017eit\u00ed.<\/p>\n<p>\u201eMillie\u201c m\u00e1 upravenou \u010depel se zacvak\u00e1vac\u00ed \u010depel\u00ed \u0159ezanou laserem se 14 mm kulat\u00fdm otvorem Spyderco pro rychl\u00e9 nasazen\u00ed a pou\u017eit\u00ed v rukavic\u00edch. Textura nad otvorem udr\u017euje palec v kontaktu s h\u0159betem \u010depele b\u011bhem \u0159ez\u00e1n\u00ed pro jistou kontrolu nad nabrou\u0161en\u00fdm ost\u0159\u00edm. Stupnice rukojeti jsou G10 s vlo\u017ekou z\u00e1mku vno\u0159enou (vlo\u017eenou) p\u0159\u00edmo do v\u00e1hy, co\u017e zvy\u0161uje pevnost z\u00e1mku bez p\u0159id\u00e1n\u00ed objemn\u00fdch vlo\u017eek. Distan\u010dn\u00ed vlo\u017eky mezi stupnicemi vytv\u00e1\u0159ej\u00ed mezeru po cel\u00e9 d\u00e9lce rukojeti, kter\u00e1 odkr\u00fdv\u00e1 vnit\u0159n\u00ed fungov\u00e1n\u00ed pro kontrolu a \u010di\u0161t\u011bn\u00ed. Rukoje\u0165 se na p\u0159edn\u00edm konci m\u00edrn\u011b rozev\u0159e a vytv\u00e1\u0159\u00ed \u0161kub\u00e1n\u00ed prst\u016f a na zadn\u00edm konci, co\u017e zabra\u0148uje sklouznut\u00ed no\u017ee dop\u0159edu nebo dozadu v ruce p\u0159i \u0159ez\u00e1n\u00ed nebo prov\u00e1d\u011bn\u00ed tvrd\u00fdch nebo agresivn\u00edch \u0159ez\u016f. Tvarovan\u00e1 \u010dern\u00e1 kovov\u00e1 spona je nastavena pro no\u0161en\u00ed v prav\u00e9 ruce se \u0161pi\u010dkou dol\u016f.<\/p>\n<p>Specifikace<br \/>\nD\u00e9lka \u010depele: 10 cm<br \/>\nD\u00e9lka v zav\u0159en\u00e9m stavu: 14 cm<br \/>\nCelkov\u00e1 d\u00e9lka: 24 cm&#8221;<br \/>\nTlou\u0161\u0165ka \u010depele: 0.36 cm<br \/>\nMateri\u00e1l \u010depele: CPM S110V Nerezov\u00e1 ocel<br \/>\nBrou\u0161en\u00ed \u010depele: Pln\u011b ploch\u00e9<br \/>\nTyp z\u00e1mku: Linerlock<br \/>\nMateri\u00e1l rukojeti: G10<br \/>\nKlip: vpravo, \u0161pi\u010dka dol\u016f<br \/>\nHmotnost: 4,5 oz.<br \/>\nVyrobeno v USA<\/p>\n","protected":false},"excerpt":{"rendered":"<p><strong>Tento model Military je v\u00e1\u017een\u00fdm \u010dlenem elitn\u00ed rodiny no\u017e\u016f Spyderco s pr\u00e9miovou ocel\u00ed \u010depele CPM S110V s texturovanou rukojet\u00ed G10 ve v\u00fdrazn\u00e9m tmav\u011b modr\u00e9m odst\u00ednu.<\/strong><\/p>\n","protected":false},"featured_media":250724,"comment_status":"open","ping_status":"closed","template":"","meta":[],"pwb-brand":[567],"product_brand":[],"product_cat":[22,17],"product_tag":[3667],"class_list":{"0":"post-250723","1":"product","2":"type-product","3":"status-publish","4":"has-post-thumbnail","6":"pwb-brand-spyderco","7":"product_cat-zaviraci-noze","8":"product_cat-noze","9":"product_tag-b2b","11":"first","12":"instock","13":"sale","14":"taxable","15":"shipping-taxable","16":"purchasable","17":"product-type-simple"},"brands":[{"id":567,"name":"Spyderco","slug":"spyderco"}],"_links":{"self":[{"href":"https:\/\/www.moskito.cz\/it\/wp-json\/wp\/v2\/product\/250723","targetHints":{"allow":["GET"]}}],"collection":[{"href":"https:\/\/www.moskito.cz\/it\/wp-json\/wp\/v2\/product"}],"about":[{"href":"https:\/\/www.moskito.cz\/it\/wp-json\/wp\/v2\/types\/product"}],"replies":[{"embeddable":true,"href":"https:\/\/www.moskito.cz\/it\/wp-json\/wp\/v2\/comments?post=250723"}],"wp:featuredmedia":[{"embeddable":true,"href":"https:\/\/www.moskito.cz\/it\/wp-json\/wp\/v2\/media\/250724"}],"wp:attachment":[{"href":"https:\/\/www.moskito.cz\/it\/wp-json\/wp\/v2\/media?parent=250723"}],"wp:term":[{"taxonomy":"pwb-brand","embeddable":true,"href":"https:\/\/www.moskito.cz\/it\/wp-json\/wp\/v2\/pwb-brand?post=250723"},{"taxonomy":"product_brand","embeddable":true,"href":"https:\/\/www.moskito.cz\/it\/wp-json\/wp\/v2\/product_brand?post=250723"},{"taxonomy":"product_cat","embeddable":true,"href":"https:\/\/www.moskito.cz\/it\/wp-json\/wp\/v2\/product_cat?post=250723"},{"taxonomy":"product_tag","embeddable":true,"href":"https:\/\/www.moskito.cz\/it\/wp-json\/wp\/v2\/product_tag?post=250723"}],"curies":[{"name":"wp","href":"https:\/\/api.w.org\/{rel}","templated":true}]}}