{"id":250772,"date":"2023-06-11T20:22:23","date_gmt":"2023-06-11T19:22:23","guid":{"rendered":"https:\/\/www.moskito.cz\/?post_type=product&#038;p=250772"},"modified":"2025-05-07T10:51:26","modified_gmt":"2025-05-07T09:51:26","slug":"zaviraci-nuz-spyderco-delica-4-trainer-red-c11tr","status":"publish","type":"product","link":"https:\/\/www.moskito.cz\/it\/produkt\/zaviraci-nuz-spyderco-delica-4-trainer-red-c11tr\/","title":{"rendered":"Zav\u00edrac\u00ed N\u016f\u017e Spyderco Delica 4 Trainer Red C11TR"},"content":{"rendered":"<p>Zav\u00edrac\u00ed N\u016f\u017e <strong>Spyderco<\/strong> Delica 4 Trainer Red C11TR<\/p>\n<p>Um\u011blci bojov\u00fdch um\u011bn\u00ed a praktikuj\u00edc\u00ed MBC se v\u0161ichni \u0159\u00edd\u00ed jedn\u00edm z\u00e1kladn\u00edm pravidlem, bezpe\u010dn\u00fdm cvi\u010den\u00edm a tr\u00e9ninkem. U\u010den\u00ed drilu, akc\u00ed a reakc\u00ed s nenabrou\u0161enou cvi\u010dnou \u010depel\u00ed umo\u017e\u0148uje pohodln\u00e9 a realistick\u00e9 cvi\u010den\u00ed bez n\u00e1sledk\u016f setk\u00e1n\u00ed s nabrou\u0161enou hranou.<\/p>\n<p>Trena\u017e\u00e9r Spyderco Delica m\u00e1 stejn\u00e9 vlastnosti jako jeho \u017eiv\u00fd prot\u011bj\u0161ek &#8211; bez nabrou\u0161en\u00e9ho b\u0159itu. Otvory vyvrtan\u00e9 v \u010depeli a zahnut\u00fd hrot ub\u00edraj\u00ed mal\u00e9 mno\u017estv\u00ed hmotnosti a d\u011blaj\u00ed kus vyv\u00e1\u017een\u00fd v ruce. Rukoje\u0165 no\u017ee zamezuje klouz\u00e1n\u00ed a klouz\u00e1n\u00ed a m\u00e1 hlubokou texturu ve vzoru vulk\u00e1nov\u00e9 rukojeti Spyderco. T\u00edm, \u017ee je rukoje\u0165 FRN \u010derven\u00e1, je ur\u010dena a snadno rozpoznateln\u00e1 jako tr\u00e9ninkov\u00fd model. \u010cern\u00e1 kovov\u00e1 spona je oboustrann\u00e1 a um\u00eds\u0165uje n\u016f\u017e do \u0161pi\u010dky kapsy.<\/p>\n<p>Specifikace<br \/>\nD\u00e9lka \u010depele: 7 cm<br \/>\nD\u00e9lka v zav\u0159en\u00e9m stavu: 11 cm<br \/>\nCelkov\u00e1 d\u00e9lka: 18 cm<br \/>\nTlou\u0161\u0165ka \u010depele: 0.23 cm<br \/>\nMateri\u00e1l \u010depele: Nerezov\u00e1 ocel AUS-6<br \/>\nMateri\u00e1l rukojeti: Nylon zes\u00edlen\u00fd vl\u00e1kny (FRN)<br \/>\nHmotnost: 2,6 oz.<br \/>\nVyrobeno v Japonsku<\/p>\n","protected":false},"excerpt":{"rendered":"<p><strong>Um\u011blci bojov\u00fdch um\u011bn\u00ed a praktikuj\u00edc\u00ed MBC se v\u0161ichni \u0159\u00edd\u00ed jedn\u00edm z\u00e1kladn\u00edm pravidlem, bezpe\u010dn\u00fdm cvi\u010den\u00edm a tr\u00e9ninkem.<\/strong><\/p>\n","protected":false},"featured_media":250773,"comment_status":"open","ping_status":"closed","template":"","meta":[],"pwb-brand":[567],"product_brand":[],"product_cat":[22,17],"product_tag":[3667],"class_list":{"0":"post-250772","1":"product","2":"type-product","3":"status-publish","4":"has-post-thumbnail","6":"pwb-brand-spyderco","7":"product_cat-zaviraci-noze","8":"product_cat-noze","9":"product_tag-b2b","11":"first","12":"instock","13":"taxable","14":"shipping-taxable","15":"purchasable","16":"product-type-simple"},"brands":[{"id":567,"name":"Spyderco","slug":"spyderco"}],"_links":{"self":[{"href":"https:\/\/www.moskito.cz\/it\/wp-json\/wp\/v2\/product\/250772","targetHints":{"allow":["GET"]}}],"collection":[{"href":"https:\/\/www.moskito.cz\/it\/wp-json\/wp\/v2\/product"}],"about":[{"href":"https:\/\/www.moskito.cz\/it\/wp-json\/wp\/v2\/types\/product"}],"replies":[{"embeddable":true,"href":"https:\/\/www.moskito.cz\/it\/wp-json\/wp\/v2\/comments?post=250772"}],"wp:featuredmedia":[{"embeddable":true,"href":"https:\/\/www.moskito.cz\/it\/wp-json\/wp\/v2\/media\/250773"}],"wp:attachment":[{"href":"https:\/\/www.moskito.cz\/it\/wp-json\/wp\/v2\/media?parent=250772"}],"wp:term":[{"taxonomy":"pwb-brand","embeddable":true,"href":"https:\/\/www.moskito.cz\/it\/wp-json\/wp\/v2\/pwb-brand?post=250772"},{"taxonomy":"product_brand","embeddable":true,"href":"https:\/\/www.moskito.cz\/it\/wp-json\/wp\/v2\/product_brand?post=250772"},{"taxonomy":"product_cat","embeddable":true,"href":"https:\/\/www.moskito.cz\/it\/wp-json\/wp\/v2\/product_cat?post=250772"},{"taxonomy":"product_tag","embeddable":true,"href":"https:\/\/www.moskito.cz\/it\/wp-json\/wp\/v2\/product_tag?post=250772"}],"curies":[{"name":"wp","href":"https:\/\/api.w.org\/{rel}","templated":true}]}}