{"id":251143,"date":"2023-06-26T21:56:24","date_gmt":"2023-06-26T20:56:24","guid":{"rendered":"https:\/\/www.moskito.cz\/?post_type=product&#038;p=251143"},"modified":"2025-12-30T21:01:14","modified_gmt":"2025-12-30T20:01:14","slug":"zaviraci-nuz-spyderco-assist-salt-rescue-c79psyl","status":"publish","type":"product","link":"https:\/\/www.moskito.cz\/it\/produkt\/zaviraci-nuz-spyderco-assist-salt-rescue-c79psyl\/","title":{"rendered":"Zav\u00edrac\u00ed N\u016f\u017e Spyderco Assist Salt Rescue C79PSYL"},"content":{"rendered":"<h2 data-start=\"182\" data-end=\"241\">\ud83d\udde1\ufe0f Zav\u00edrac\u00ed n\u016f\u017e <strong data-start=\"202\" data-end=\"241\">Spyderco Assist Salt Rescue C79PSYL<\/strong><\/h2>\n<h3 data-start=\"243\" data-end=\"312\">P\u0159ipraven\u00fd zachra\u0148ovat. Odoln\u00fd, spolehliv\u00fd a jist\u00fd v ka\u017ed\u00e9m tahu.<\/h3>\n<p data-start=\"314\" data-end=\"555\">Spyderco Assist Salt Rescue je n\u016f\u017e navr\u017een\u00fd pro <strong data-start=\"362\" data-end=\"401\">z\u00e1chrann\u00e9 a extr\u00e9mn\u00ed vodn\u00ed podm\u00ednky<\/strong>.<br data-start=\"402\" data-end=\"405\" \/>S \u010depel\u00ed z <strong data-start=\"416\" data-end=\"441\">LC200N nerezov\u00e9 oceli<\/strong> odolnou v\u016f\u010di korozi a ergonomickou rukojet\u00ed z FRN, je ide\u00e1ln\u00ed pro pr\u00e1ci ve vlhk\u00e9m, slan\u00e9m a n\u00e1ro\u010dn\u00e9m prost\u0159ed\u00ed.<\/p>\n<p data-start=\"557\" data-end=\"696\">Otev\u0159en\u00ed kruhov\u00fdm otvorem Spyderco a spolehliv\u00fd <strong data-start=\"605\" data-end=\"626\">Compression Lock\u00ae<\/strong> zaji\u0161\u0165uj\u00ed okam\u017eitou p\u0159ipravenost a maxim\u00e1ln\u00ed kontrolu p\u0159i ka\u017ed\u00e9 akci.<\/p>\n<hr data-start=\"698\" data-end=\"701\" \/>\n<h3 data-start=\"703\" data-end=\"728\">Charakter a filozofie<\/h3>\n<p data-start=\"730\" data-end=\"956\">Assist Salt Rescue nen\u00ed b\u011b\u017en\u00fd n\u016f\u017e \u2013 je to <strong data-start=\"772\" data-end=\"808\">specializovan\u00fd z\u00e1chrann\u00fd n\u00e1stroj<\/strong>.<br data-start=\"809\" data-end=\"812\" \/>Zak\u0159iven\u00e1 \u010depel a precizn\u00ed geometrie umo\u017e\u0148uj\u00ed rychl\u00e9 a kontrolovan\u00e9 \u0159ezy p\u0159i z\u00e1chrann\u00fdch z\u00e1saz\u00edch, \u0159ez\u00e1n\u00ed lan, popruh\u016f \u010di bezpe\u010dnostn\u00edch p\u00e1s\u016f.<\/p>\n<p data-start=\"958\" data-end=\"1082\">Je navr\u017een pro profesion\u00e1ly i nad\u0161ence, kte\u0159\u00ed pot\u0159ebuj\u00ed <strong data-start=\"1014\" data-end=\"1081\">n\u00e1stroj, na kter\u00fd se mohou spolehnout i v kritick\u00fdch okam\u017eic\u00edch<\/strong>.<\/p>\n<hr data-start=\"1084\" data-end=\"1087\" \/>\n<h2 data-start=\"1089\" data-end=\"1104\">\ud83c\udfed O v\u00fdrobci<\/h2>\n<p data-start=\"1106\" data-end=\"1355\">Spyderco je pr\u016fkopn\u00edkem modern\u00edho no\u017e\u00ed\u0159stv\u00ed.<br data-start=\"1150\" data-end=\"1153\" \/>Zna\u010dka kombinuje <strong data-start=\"1170\" data-end=\"1202\">ergonomii, inovace a kvalitu<\/strong>, kter\u00e1 obstoj\u00ed v extr\u00e9mn\u00edch podm\u00ednk\u00e1ch.<br data-start=\"1242\" data-end=\"1245\" \/>Assist Salt Rescue je toho d\u016fkazem: <strong data-start=\"1281\" data-end=\"1354\">pr\u00e9miov\u00e1 nerezov\u00e1 ocel, odoln\u00fd design a funk\u010dnost pro n\u00e1ro\u010dn\u00e9 situace<\/strong>.<\/p>\n<hr data-start=\"1357\" data-end=\"1360\" \/>\n<h2 data-start=\"1362\" data-end=\"1389\">\u2699\ufe0f Technick\u00e9 specifikace<\/h2>\n<div class=\"TyagGW_tableContainer\">\n<div class=\"group TyagGW_tableWrapper flex w-fit flex-col-reverse\" tabindex=\"-1\">\n<table class=\"w-fit min-w-(--thread-content-width)\" data-start=\"1391\" data-end=\"1853\">\n<thead data-start=\"1391\" data-end=\"1413\">\n<tr data-start=\"1391\" data-end=\"1413\">\n<th data-start=\"1391\" data-end=\"1402\" data-col-size=\"sm\">Parametr<\/th>\n<th data-start=\"1402\" data-end=\"1413\" data-col-size=\"md\">Hodnota<\/th>\n<\/tr>\n<\/thead>\n<tbody data-start=\"1434\" data-end=\"1853\">\n<tr data-start=\"1434\" data-end=\"1465\">\n<td data-start=\"1434\" data-end=\"1450\" data-col-size=\"sm\">Celkov\u00e1 d\u00e9lka<\/td>\n<td data-start=\"1450\" data-end=\"1465\" data-col-size=\"md\">cca 21,0 cm<\/td>\n<\/tr>\n<tr data-start=\"1466\" data-end=\"1495\">\n<td data-start=\"1466\" data-end=\"1481\" data-col-size=\"sm\">D\u00e9lka \u010depele<\/td>\n<td data-start=\"1481\" data-end=\"1495\" data-col-size=\"md\">cca 8,4 cm<\/td>\n<\/tr>\n<tr data-start=\"1496\" data-end=\"1528\">\n<td data-start=\"1496\" data-end=\"1514\" data-col-size=\"sm\">Tlou\u0161\u0165ka \u010depele<\/td>\n<td data-start=\"1514\" data-end=\"1528\" data-col-size=\"md\">cca 3,7 mm<\/td>\n<\/tr>\n<tr data-start=\"1529\" data-end=\"1593\">\n<td data-start=\"1529\" data-end=\"1547\" data-col-size=\"sm\">Materi\u00e1l \u010depele<\/td>\n<td data-start=\"1547\" data-end=\"1593\" data-col-size=\"md\">LC200N \u2013 nerezov\u00e1 ocel odoln\u00e1 proti korozi<\/td>\n<\/tr>\n<tr data-start=\"1594\" data-end=\"1627\">\n<td data-start=\"1594\" data-end=\"1610\" data-col-size=\"sm\">Tvrdost oceli<\/td>\n<td data-start=\"1610\" data-end=\"1627\" data-col-size=\"md\">cca 58\u201360 HRC<\/td>\n<\/tr>\n<tr data-start=\"1628\" data-end=\"1663\">\n<td data-start=\"1628\" data-end=\"1642\" data-col-size=\"sm\">Tvar \u010depele<\/td>\n<td data-start=\"1642\" data-end=\"1663\" data-col-size=\"md\">Hawkbill \/ Rescue<\/td>\n<\/tr>\n<tr data-start=\"1664\" data-end=\"1689\">\n<td data-start=\"1664\" data-end=\"1680\" data-col-size=\"sm\">Povrch \u010depele<\/td>\n<td data-start=\"1680\" data-end=\"1689\" data-col-size=\"md\">Satin<\/td>\n<\/tr>\n<tr data-start=\"1690\" data-end=\"1728\">\n<td data-start=\"1690\" data-end=\"1700\" data-col-size=\"sm\">Rukoje\u0165<\/td>\n<td data-start=\"1700\" data-end=\"1728\" data-col-size=\"md\">FRN (\u017elut\u00e1, texturovan\u00e1)<\/td>\n<\/tr>\n<tr data-start=\"1729\" data-end=\"1758\">\n<td data-start=\"1729\" data-end=\"1737\" data-col-size=\"sm\">Z\u00e1mek<\/td>\n<td data-start=\"1737\" data-end=\"1758\" data-col-size=\"md\">Compression Lock\u00ae<\/td>\n<\/tr>\n<tr data-start=\"1759\" data-end=\"1788\">\n<td data-start=\"1759\" data-end=\"1771\" data-col-size=\"sm\">Otev\u00edr\u00e1n\u00ed<\/td>\n<td data-start=\"1771\" data-end=\"1788\" data-col-size=\"md\">Kruhov\u00fd otvor<\/td>\n<\/tr>\n<tr data-start=\"1789\" data-end=\"1812\">\n<td data-start=\"1789\" data-end=\"1796\" data-col-size=\"sm\">Klip<\/td>\n<td data-start=\"1796\" data-end=\"1812\" data-col-size=\"md\">\u010cty\u0159polohov\u00fd<\/td>\n<\/tr>\n<tr data-start=\"1813\" data-end=\"1836\">\n<td data-start=\"1813\" data-end=\"1824\" data-col-size=\"sm\">Hmotnost<\/td>\n<td data-start=\"1824\" data-end=\"1836\" data-col-size=\"md\">cca 95 g<\/td>\n<\/tr>\n<tr data-start=\"1837\" data-end=\"1853\">\n<td data-start=\"1837\" data-end=\"1846\" data-col-size=\"sm\">V\u00fdroba<\/td>\n<td data-start=\"1846\" data-end=\"1853\" data-col-size=\"md\">USA<\/td>\n<\/tr>\n<\/tbody>\n<\/table>\n<\/div>\n<\/div>\n<hr data-start=\"1855\" data-end=\"1858\" \/>\n<h2 data-start=\"1860\" data-end=\"1878\">\u2705 Hlavn\u00ed v\u00fdhody<\/h2>\n<ul data-start=\"1880\" data-end=\"2178\">\n<li data-start=\"1880\" data-end=\"1928\">\n<p data-start=\"1882\" data-end=\"1928\">\u010cepel LC200N \u2013 extr\u00e9mn\u00ed odolnost v\u016f\u010di korozi<\/p>\n<\/li>\n<li data-start=\"1929\" data-end=\"1976\">\n<p data-start=\"1931\" data-end=\"1976\">Compression Lock\u00ae \u2013 bezpe\u010dn\u00fd a rychl\u00fd z\u00e1mek<\/p>\n<\/li>\n<li data-start=\"1977\" data-end=\"2030\">\n<p data-start=\"1979\" data-end=\"2030\">Zak\u0159iven\u00e1 Rescue \u010depel ide\u00e1ln\u00ed pro lana a popruhy<\/p>\n<\/li>\n<li data-start=\"2031\" data-end=\"2085\">\n<p data-start=\"2033\" data-end=\"2085\">Ergonomick\u00e1 FRN rukoje\u0165 pro jist\u00fd \u00fachop i ve vlhku<\/p>\n<\/li>\n<li data-start=\"2086\" data-end=\"2129\">\n<p data-start=\"2088\" data-end=\"2129\">N\u00edzk\u00e1 hmotnost s vysokou funkcionalitou<\/p>\n<\/li>\n<li data-start=\"2130\" data-end=\"2178\">\n<p data-start=\"2132\" data-end=\"2178\">Spolehliv\u00fd kruhov\u00fd otvor pro okam\u017eit\u00e9 otev\u0159en\u00ed<\/p>\n<\/li>\n<\/ul>\n<hr data-start=\"2180\" data-end=\"2183\" \/>\n<h2 data-start=\"2185\" data-end=\"2204\">\u26a0\ufe0f Mo\u017en\u00e1 omezen\u00ed<\/h2>\n<ul data-start=\"2206\" data-end=\"2394\">\n<li data-start=\"2206\" data-end=\"2270\">\n<p data-start=\"2208\" data-end=\"2270\">Specifick\u00fd tvar \u010depele nen\u00ed ur\u010den pro jemn\u00e9 univerz\u00e1ln\u00ed \u0159ezy<\/p>\n<\/li>\n<li data-start=\"2271\" data-end=\"2342\">\n<p data-start=\"2273\" data-end=\"2342\">Vy\u0161\u0161\u00ed cena odpov\u00edd\u00e1 pr\u00e9miov\u00fdm materi\u00e1l\u016fm a profesion\u00e1ln\u00ed konstrukci<\/p>\n<\/li>\n<li data-start=\"2343\" data-end=\"2394\">\n<p data-start=\"2345\" data-end=\"2394\">FRN rukoje\u0165 je \u010dist\u011b funk\u010dn\u00ed, bez luxusn\u00edch prvk\u016f<\/p>\n<\/li>\n<\/ul>\n<hr data-start=\"2396\" data-end=\"2399\" \/>\n<h2 data-start=\"2401\" data-end=\"2421\">\ud83d\udee0\ufe0f \u00dadr\u017eba a p\u00e9\u010de<\/h2>\n<ul data-start=\"2423\" data-end=\"2637\">\n<li data-start=\"2423\" data-end=\"2458\">\n<p data-start=\"2425\" data-end=\"2458\">Po pou\u017eit\u00ed \u010depel o\u010disti a osu\u0161\u00ed<\/p>\n<\/li>\n<li data-start=\"2459\" data-end=\"2497\">\n<p data-start=\"2461\" data-end=\"2497\">Pravideln\u011b kontroluj \u010distotu z\u00e1mku<\/p>\n<\/li>\n<li data-start=\"2498\" data-end=\"2535\">\n<p data-start=\"2500\" data-end=\"2535\">FRN rukoje\u0165 \u010dist\u011b jemn\u00fdm had\u0159\u00edkem<\/p>\n<\/li>\n<li data-start=\"2536\" data-end=\"2595\">\n<p data-start=\"2538\" data-end=\"2595\">Pivot pravideln\u011b proma\u017e vhodn\u00fdm mazivem pro hladk\u00fd chod<\/p>\n<\/li>\n<li data-start=\"2596\" data-end=\"2637\">\n<p data-start=\"2598\" data-end=\"2637\">Skladuj v such\u00e9m prost\u0159ed\u00ed mimo vlhkost<\/p>\n<\/li>\n<\/ul>\n<hr data-start=\"2639\" data-end=\"2642\" \/>\n<h2 data-start=\"2644\" data-end=\"2680\">\ud83d\udd2a Pro udr\u017een\u00ed ost\u0159\u00ed doporu\u010dujeme<\/h2>\n<p data-start=\"2682\" data-end=\"2795\">Pro zachov\u00e1n\u00ed maxim\u00e1ln\u00ed ostrosti \u010depele <strong data-start=\"2722\" data-end=\"2732\">LC200N<\/strong> doporu\u010dujeme pou\u017e\u00edvat syst\u00e9m brou\u0161en\u00ed vhodn\u00fd pro hladk\u00e1 ost\u0159\u00ed.<\/p>\n<p data-start=\"2797\" data-end=\"2898\">Ide\u00e1ln\u00ed volbou je <strong data-start=\"2815\" data-end=\"2881\">Spyderco Tri-Angle Sharpmaker Complete Sharpening System 204MF<\/strong>, kter\u00fd umo\u017e\u0148uje:<\/p>\n<ul data-start=\"2899\" data-end=\"3035\">\n<li data-start=\"2899\" data-end=\"2933\">\n<p data-start=\"2901\" data-end=\"2933\">p\u0159esn\u00e9 a konzistentn\u00ed brou\u0161en\u00ed<\/p>\n<\/li>\n<li data-start=\"2934\" data-end=\"2983\">\n<p data-start=\"2936\" data-end=\"2983\">\u0161etrnou \u00fadr\u017ebu bez nadm\u011brn\u00e9ho \u00fab\u011bru materi\u00e1lu<\/p>\n<\/li>\n<li data-start=\"2984\" data-end=\"3035\">\n<p data-start=\"2986\" data-end=\"3035\">bezpe\u010dn\u00e9 a jednoduch\u00e9 pou\u017eit\u00ed i pro za\u010d\u00e1te\u010dn\u00edky<\/p>\n<\/li>\n<\/ul>\n<p data-start=\"3037\" data-end=\"3137\">Pravideln\u00e1 p\u00e9\u010de zajist\u00ed, \u017ee Assist Salt Rescue si dlouhodob\u011b zachov\u00e1 ostr\u00fd, p\u0159esn\u00fd a spolehliv\u00fd \u0159ez.<\/p>\n<p data-start=\"3139\" data-end=\"3184\">\ud83d\uded2 <strong data-start=\"3142\" data-end=\"3184\">Zakoup\u00edte na na\u0161ich str\u00e1nk\u00e1ch Moskito.<\/strong><\/p>\n<hr data-start=\"3186\" data-end=\"3189\" \/>\n<h2 data-start=\"3191\" data-end=\"3211\">\ud83c\udfaf Doporu\u010deno pro<\/h2>\n<ul data-start=\"3213\" data-end=\"3399\">\n<li data-start=\"3213\" data-end=\"3263\">\n<p data-start=\"3215\" data-end=\"3263\">Z\u00e1chran\u00e1\u0159e, profesion\u00e1ly a outdoorov\u00e9 nad\u0161ence<\/p>\n<\/li>\n<li data-start=\"3264\" data-end=\"3305\">\n<p data-start=\"3266\" data-end=\"3305\">Pr\u00e1ci ve vlhk\u00fdch a slan\u00fdch podm\u00ednk\u00e1ch<\/p>\n<\/li>\n<li data-start=\"3306\" data-end=\"3351\">\n<p data-start=\"3308\" data-end=\"3351\">\u0158ez\u00e1n\u00ed lan, popruh\u016f a bezpe\u010dnostn\u00edch p\u00e1s\u016f<\/p>\n<\/li>\n<li data-start=\"3352\" data-end=\"3399\">\n<p data-start=\"3354\" data-end=\"3399\">U\u017eivatele vy\u017eaduj\u00edc\u00ed spolehliv\u00fd z\u00e1chrann\u00fd n\u016f\u017e<\/p>\n<\/li>\n<\/ul>\n<hr data-start=\"3401\" data-end=\"3404\" \/>\n<h2 data-start=\"3406\" data-end=\"3430\">\u2b50 Z\u00e1v\u011bre\u010dn\u00e9 hodnocen\u00ed<\/h2>\n<p data-start=\"3432\" data-end=\"3590\">Spyderco Assist Salt Rescue C79PSYL je n\u016f\u017e, kter\u00fd <strong data-start=\"3482\" data-end=\"3517\">nezklame v extr\u00e9mn\u00edch situac\u00edch<\/strong>.<br data-start=\"3518\" data-end=\"3521\" \/>Robustn\u00ed, precizn\u00ed a odoln\u00fd \u2013 p\u0159ipraven\u00fd pom\u00e1hat, kdykoli je pot\u0159eba.<\/p>\n<p data-start=\"3592\" data-end=\"3651\"><strong data-start=\"3592\" data-end=\"3651\">Assist Salt Rescue \u2013 spolehliv\u00fd zachr\u00e1nce ve tv\u00e9 kapse.<\/strong><\/p>\n","protected":false},"excerpt":{"rendered":"<p data-start=\"3432\" data-end=\"3590\"><strong>Spyderco Assist Salt Rescue C79PSYL je n\u016f\u017e, kter\u00fd nezklame v extr\u00e9mn\u00edch situac\u00edch.<\/strong><br data-start=\"3518\" data-end=\"3521\" \/><strong>Robustn\u00ed, precizn\u00ed a odoln\u00fd \u2013 p\u0159ipraven\u00fd pom\u00e1hat, kdykoli je pot\u0159eba.<\/strong><\/p>\n<p data-start=\"3592\" data-end=\"3651\"><strong data-start=\"3592\" data-end=\"3651\">Assist Salt Rescue \u2013 spolehliv\u00fd zachr\u00e1nce ve tv\u00e9 kapse.<\/strong><\/p>\n<p data-start=\"3592\" data-end=\"3651\"><strong>Doprava zdarma.<\/strong><\/p>\n","protected":false},"featured_media":251144,"comment_status":"open","ping_status":"closed","template":"","meta":[],"pwb-brand":[567],"product_brand":[],"product_cat":[22,17],"product_tag":[3667],"class_list":{"0":"post-251143","1":"product","2":"type-product","3":"status-publish","4":"has-post-thumbnail","6":"pwb-brand-spyderco","7":"product_cat-zaviraci-noze","8":"product_cat-noze","9":"product_tag-b2b","11":"first","12":"instock","13":"taxable","14":"shipping-taxable","15":"purchasable","16":"product-type-simple"},"brands":[{"id":567,"name":"Spyderco","slug":"spyderco"}],"_links":{"self":[{"href":"https:\/\/www.moskito.cz\/it\/wp-json\/wp\/v2\/product\/251143","targetHints":{"allow":["GET"]}}],"collection":[{"href":"https:\/\/www.moskito.cz\/it\/wp-json\/wp\/v2\/product"}],"about":[{"href":"https:\/\/www.moskito.cz\/it\/wp-json\/wp\/v2\/types\/product"}],"replies":[{"embeddable":true,"href":"https:\/\/www.moskito.cz\/it\/wp-json\/wp\/v2\/comments?post=251143"}],"wp:featuredmedia":[{"embeddable":true,"href":"https:\/\/www.moskito.cz\/it\/wp-json\/wp\/v2\/media\/251144"}],"wp:attachment":[{"href":"https:\/\/www.moskito.cz\/it\/wp-json\/wp\/v2\/media?parent=251143"}],"wp:term":[{"taxonomy":"pwb-brand","embeddable":true,"href":"https:\/\/www.moskito.cz\/it\/wp-json\/wp\/v2\/pwb-brand?post=251143"},{"taxonomy":"product_brand","embeddable":true,"href":"https:\/\/www.moskito.cz\/it\/wp-json\/wp\/v2\/product_brand?post=251143"},{"taxonomy":"product_cat","embeddable":true,"href":"https:\/\/www.moskito.cz\/it\/wp-json\/wp\/v2\/product_cat?post=251143"},{"taxonomy":"product_tag","embeddable":true,"href":"https:\/\/www.moskito.cz\/it\/wp-json\/wp\/v2\/product_tag?post=251143"}],"curies":[{"name":"wp","href":"https:\/\/api.w.org\/{rel}","templated":true}]}}